{"id":84,"date":"2009-02-07T16:51:33","date_gmt":"2009-02-07T15:51:33","guid":{"rendered":"http:\/\/editionslightmotiv.apps-1and1.net\/?post_type=product&#038;p=84"},"modified":"2024-06-27T13:48:51","modified_gmt":"2024-06-27T11:48:51","slug":"roubaix-limaginaire-en-actes","status":"publish","type":"product","link":"https:\/\/editionslightmotiv.com\/en\/product\/roubaix-limaginaire-en-actes\/","title":{"rendered":"ROUBAIX, l&rsquo;imaginaire en actes"},"content":{"rendered":"<p>Photographies\u00a0: Jean-Pierre DUPLAN, Eric LE BRUN<br \/>\nTexte\u00a0: Herv\u00e9 LEROY<br \/>\nPr\u00e9face\u00a0:\u00a0Marie DESPLECHIN<br \/>\nFormat \u00e0 l\u2019italienne 26.5 x 23,5 cm<br \/>\nLivre de 112 pages quadrichromie sur papier Satimat green 170 gr certifi\u00e9 FSC.<br \/>\nCouverture reli\u00e9e, pelliculage brillant, dos carr\u00e9 coll\u00e9 cousu.<br \/>\n<span class=\"s1\">ISBN : <\/span>9782952471701<br \/>\nPrix public : 30 \u20ac<\/p>","protected":false},"excerpt":{"rendered":"<p style=\"text-align: left;\">Flux, lumi\u00e8res, reflux, Roubaix est un lieu de tous les passages. Les chemin\u00e9es d\u2019usines grattent le ciel et t\u00e9moignent d\u2019aventures humaines. N\u00e9e de la plaine, fa\u00e7onn\u00e9e par le travail, la cit\u00e9 des patrons et ouvriers du textile s\u2019invente de nouveaux projets. Roubaix est en pleine effervescence. Ancr\u00e9e dans le vingt-et-uni\u00e8me si\u00e8cle, la ville se retrouve au c\u0153ur des enjeux de la soci\u00e9t\u00e9 contemporaine. Les photographes r\u00e9v\u00e8lent les traces, \u00e9clairent les possibles. Herv\u00e9 Leroy d\u00e9voile l\u2019\u00e2me de la cit\u00e9 et de ses habitants. Marie Desplechin, qui pr\u00e9face l\u2019ouvrage, ravive les souvenirs d\u2019une enfance roubaisienne. La m\u00e9moire est invoqu\u00e9e, l\u2019avenir \u00e0 inventer. La beaut\u00e9 d\u2019une ville se construit s\u00fbrement sur l\u2019imaginaire en actes.<\/p>","protected":false},"featured_media":865,"template":"","meta":[],"product_brand":[],"product_cat":[135],"product_tag":[276,29,40,72,73,264,195,210,233,75,197,77,277,275],"class_list":{"0":"post-84","1":"product","2":"type-product","3":"status-publish","4":"has-post-thumbnail","6":"product_cat-livre","7":"product_tag-city","8":"product_tag-eric-le-brun","9":"product_tag-hauts-de-france","10":"product_tag-herve-leroy","11":"product_tag-jean-pierre-duplan","12":"product_tag-livre-photo","13":"product_tag-livre-photographique","14":"product_tag-nord","15":"product_tag-north","16":"product_tag-passages-en-ville","17":"product_tag-photobook","18":"product_tag-roubaix","19":"product_tag-town","20":"product_tag-ville","22":"first","23":"outofstock","24":"shipping-taxable","25":"purchasable","26":"product-type-simple"},"_links":{"self":[{"href":"https:\/\/editionslightmotiv.com\/en\/wp-json\/wp\/v2\/product\/84","targetHints":{"allow":["GET"]}}],"collection":[{"href":"https:\/\/editionslightmotiv.com\/en\/wp-json\/wp\/v2\/product"}],"about":[{"href":"https:\/\/editionslightmotiv.com\/en\/wp-json\/wp\/v2\/types\/product"}],"wp:featuredmedia":[{"embeddable":true,"href":"https:\/\/editionslightmotiv.com\/en\/wp-json\/wp\/v2\/media\/865"}],"wp:attachment":[{"href":"https:\/\/editionslightmotiv.com\/en\/wp-json\/wp\/v2\/media?parent=84"}],"wp:term":[{"taxonomy":"product_brand","embeddable":true,"href":"https:\/\/editionslightmotiv.com\/en\/wp-json\/wp\/v2\/product_brand?post=84"},{"taxonomy":"product_cat","embeddable":true,"href":"https:\/\/editionslightmotiv.com\/en\/wp-json\/wp\/v2\/product_cat?post=84"},{"taxonomy":"product_tag","embeddable":true,"href":"https:\/\/editionslightmotiv.com\/en\/wp-json\/wp\/v2\/product_tag?post=84"}],"curies":[{"name":"wp","href":"https:\/\/api.w.org\/{rel}","templated":true}]}}