{"id":83,"date":"2009-03-09T16:49:51","date_gmt":"2009-03-09T15:49:51","guid":{"rendered":"http:\/\/editionslightmotiv.apps-1and1.net\/?post_type=product&#038;p=83"},"modified":"2026-01-19T15:31:09","modified_gmt":"2026-01-19T14:31:09","slug":"arras-la-memoire-envoutee","status":"publish","type":"product","link":"https:\/\/editionslightmotiv.com\/en\/product\/arras-la-memoire-envoutee\/","title":{"rendered":"ARRAS, la m\u00e9moire envo\u00fbt\u00e9e"},"content":{"rendered":"<p class=\"p1\">La ville est riche de son pass\u00e9, fi\u00e8re de son pr\u00e9sent. Les places d\u2019Arras sont c\u00e9l\u00e8bres dans toute l\u2019Europe. Robespierre, d\u2019Artagnan, Vidocq, Verlaine\u2026 Au fil des rues et des pages, le lecteur et le passant croisent princes, manants, r\u00e9volutionnaires, po\u00e8tes&#8230; et cr\u00e9ateurs d\u2019aujourd\u2019hui.<br \/>\nLa m\u00e9moire se conjugue avec la vie. Les Arrageois eux-m\u00eames ne cessent de se r\u00e9approprier le pass\u00e9\u2026 entre v\u00e9rit\u00e9s et l\u00e9gendes.<br \/>\nHerv\u00e9 Leroy<span class=\"Apple-converted-space\">\u00a0 <\/span>interroge l\u2019inconscient d\u2019une ville o\u00f9 se superposent 2 000 ans d\u2019histoire.<br \/>\nLa pr\u00e9face pleine de tendresse et d\u2019humour est de Jean-Louis Fournier. Entre po\u00e9sie et myst\u00e8re, \u00ab\u2009Arras, la m\u00e9moire envo\u00fbt\u00e9e\u2009\u00bb pose un regard contemporain.<\/p>\n<p class=\"p1\"><i>L\u2019\u00e9dition bilingue au format \u00e0 l\u2019italienne 26 x 23,5 cm est \u00e9puis\u00e9e.<\/i><\/p>","protected":false},"excerpt":{"rendered":"<p class=\"p1\">Photographies : Jean-Pierre DUPLAN, Eric LE BRUN<br \/>\nTextes : Herv\u00e9 LEROY<br \/>\nPr\u00e9face : Jean-Louis FOURNIER<\/p>\n<p class=\"p1\">Disponible : le format poche (15,5 x 18,5 cm). Deux versions : Anglais ou Fran\u00e7ais.<br \/>\nCouverture reli\u00e9e, pelliculage mat, dos carr\u00e9 coll\u00e9 cousu.<br \/>\n52 pages sur papier Satimat green 170 gr certifi\u00e9 FSC.<br \/>\nFran\u00e7ais : ISBN 9782952471763<br \/>\nAnglais : ISBN 9782952471770<\/p>","protected":false},"featured_media":854,"template":"","meta":[],"product_brand":[],"product_cat":[135],"product_tag":[76,276,29,40,72,73,264,278,233,75,197,277,275],"class_list":{"0":"post-83","1":"product","2":"type-product","3":"status-publish","4":"has-post-thumbnail","6":"product_cat-livre","7":"product_tag-arras","8":"product_tag-city","9":"product_tag-eric-le-brun","10":"product_tag-hauts-de-france","11":"product_tag-herve-leroy","12":"product_tag-jean-pierre-duplan","13":"product_tag-livre-photo","14":"product_tag-nord-livre-photographique","15":"product_tag-north","16":"product_tag-passages-en-ville","17":"product_tag-photobook","18":"product_tag-town","19":"product_tag-ville","21":"first","22":"outofstock","23":"shipping-taxable","24":"purchasable","25":"product-type-simple"},"_links":{"self":[{"href":"https:\/\/editionslightmotiv.com\/en\/wp-json\/wp\/v2\/product\/83","targetHints":{"allow":["GET"]}}],"collection":[{"href":"https:\/\/editionslightmotiv.com\/en\/wp-json\/wp\/v2\/product"}],"about":[{"href":"https:\/\/editionslightmotiv.com\/en\/wp-json\/wp\/v2\/types\/product"}],"wp:featuredmedia":[{"embeddable":true,"href":"https:\/\/editionslightmotiv.com\/en\/wp-json\/wp\/v2\/media\/854"}],"wp:attachment":[{"href":"https:\/\/editionslightmotiv.com\/en\/wp-json\/wp\/v2\/media?parent=83"}],"wp:term":[{"taxonomy":"product_brand","embeddable":true,"href":"https:\/\/editionslightmotiv.com\/en\/wp-json\/wp\/v2\/product_brand?post=83"},{"taxonomy":"product_cat","embeddable":true,"href":"https:\/\/editionslightmotiv.com\/en\/wp-json\/wp\/v2\/product_cat?post=83"},{"taxonomy":"product_tag","embeddable":true,"href":"https:\/\/editionslightmotiv.com\/en\/wp-json\/wp\/v2\/product_tag?post=83"}],"curies":[{"name":"wp","href":"https:\/\/api.w.org\/{rel}","templated":true}]}}