{"id":82,"date":"2009-03-07T16:48:26","date_gmt":"2009-03-07T15:48:26","guid":{"rendered":"http:\/\/editionslightmotiv.apps-1and1.net\/?post_type=product&#038;p=82"},"modified":"2024-06-27T13:49:20","modified_gmt":"2024-06-27T11:49:20","slug":"saint-amand-les-eaux-lelan-des-reves","status":"publish","type":"product","link":"https:\/\/editionslightmotiv.com\/en\/product\/saint-amand-les-eaux-lelan-des-reves\/","title":{"rendered":"SAINT-AMAND, l&rsquo;\u00e9lan des r\u00eaves"},"content":{"rendered":"<p class=\"p1\">Photographies : Jean-Pierre DUPLAN, Delphine LERMITE, Eric LE BRUN<br \/>\nTextes : Herv\u00e9 LEROY<br \/>\nPr\u00e9face : Patrick BESSON<br \/>\nLivre de 136 pages, format \u00e0 l\u2019italienne 26 x 23,5 cm.<br \/>\nCouverture reli\u00e9e, pelliculage brillant, dos carr\u00e9 coll\u00e9 cousu.<br \/>\n136 pages quadrichromie sur papier Satimat green 170 gr certifi\u00e9 FSC.<br \/>\nprix public : 32 \u20ac<br \/>\nISBN : 9782953790832<\/p>","protected":false},"excerpt":{"rendered":"<p class=\"p1\">Pass\u00e9 glorieux d\u2019une abbaye qui rayonna au coeur de l\u2019Europe, \u00e0 la limite de la Flandre et du Hainaut, pass\u00e9 industriel, pass\u00e9 tiss\u00e9 par des \u00eatres d\u2019exception \u00e0 l\u2019image de Louise de Bettignies\u2026 Saint-Amand-les-Eaux a choisi de vivre son pass\u00e9 au pr\u00e9sent. Pour mieux inventer l\u2019avenir.<\/p>\n<p class=\"p1\">\u00ab\u2009C\u2019est le lieu d\u2019un apr\u00e8s-midi magique\u2009\u00bb entrevoit Patrick Besson dans sa pr\u00e9face fantaisiste et inspir\u00e9e. Un \u00e9lan des r\u00eaves qui permet aux artistes d\u2019aujourd\u2019hui, peintres, musiciens, po\u00e8tes ou sportifs, de vivre au diapason de leurs illustres a\u00een\u00e9s. Par-del\u00e0 les \u00ab\u2009incontournables\u2009\u00bb que sont la Tour abbatiale, l\u2019\u00e9chevinage, l\u2019eau, la for\u00eat, les thermes ou le casino, l\u2019\u00e9crivain Herv\u00e9 Leroy, les photographes Delphine Lermite, Jean-Pierre Duplan et \u00c9ric Le Brun, r\u00e9v\u00e8lent le portrait sensible d\u2019une ville o\u00f9 tout semble possible.<\/p>","protected":false},"featured_media":866,"template":"","meta":[],"product_brand":[],"product_cat":[135],"product_tag":[276,71,29,40,72,73,264,195,210,233,75,197,74,277,275],"class_list":{"0":"post-82","1":"product","2":"type-product","3":"status-publish","4":"has-post-thumbnail","6":"product_cat-livre","7":"product_tag-city","8":"product_tag-delphine-lermite","9":"product_tag-eric-le-brun","10":"product_tag-hauts-de-france","11":"product_tag-herve-leroy","12":"product_tag-jean-pierre-duplan","13":"product_tag-livre-photo","14":"product_tag-livre-photographique","15":"product_tag-nord","16":"product_tag-north","17":"product_tag-passages-en-ville","18":"product_tag-photobook","19":"product_tag-saint-amand-les-eaux","20":"product_tag-town","21":"product_tag-ville","23":"first","24":"outofstock","25":"shipping-taxable","26":"purchasable","27":"product-type-simple"},"_links":{"self":[{"href":"https:\/\/editionslightmotiv.com\/en\/wp-json\/wp\/v2\/product\/82","targetHints":{"allow":["GET"]}}],"collection":[{"href":"https:\/\/editionslightmotiv.com\/en\/wp-json\/wp\/v2\/product"}],"about":[{"href":"https:\/\/editionslightmotiv.com\/en\/wp-json\/wp\/v2\/types\/product"}],"wp:featuredmedia":[{"embeddable":true,"href":"https:\/\/editionslightmotiv.com\/en\/wp-json\/wp\/v2\/media\/866"}],"wp:attachment":[{"href":"https:\/\/editionslightmotiv.com\/en\/wp-json\/wp\/v2\/media?parent=82"}],"wp:term":[{"taxonomy":"product_brand","embeddable":true,"href":"https:\/\/editionslightmotiv.com\/en\/wp-json\/wp\/v2\/product_brand?post=82"},{"taxonomy":"product_cat","embeddable":true,"href":"https:\/\/editionslightmotiv.com\/en\/wp-json\/wp\/v2\/product_cat?post=82"},{"taxonomy":"product_tag","embeddable":true,"href":"https:\/\/editionslightmotiv.com\/en\/wp-json\/wp\/v2\/product_tag?post=82"}],"curies":[{"name":"wp","href":"https:\/\/api.w.org\/{rel}","templated":true}]}}