{"id":80,"date":"2010-02-08T16:47:00","date_gmt":"2010-02-08T15:47:00","guid":{"rendered":"http:\/\/editionslightmotiv.apps-1and1.net\/?post_type=product&#038;p=80"},"modified":"2026-01-19T15:31:09","modified_gmt":"2026-01-19T14:31:09","slug":"docker-yves-morfouace","status":"publish","type":"product","link":"https:\/\/editionslightmotiv.com\/en\/product\/docker-yves-morfouace\/","title":{"rendered":"DOCKER"},"content":{"rendered":"<p class=\"p1\">M\u00e9tier de la mer. Ancr\u00e9 \u00e0 terre. Docker \u00e0 Dunkerque.<\/p>\n<p class=\"p2\">\u00c7a sonne profond comme un appel du large sur le port.<\/p>\n<p class=\"p1\">Yves Morfouace, photographe des lieux en attente, conduit le lecteur dans ces intervalles portuaires o\u00f9 la lumi\u00e8re p\u00e2le pr\u00e9c\u00e8de le souvenir ou l\u2019action. Ses images sont accompagn\u00e9es par l\u2019\u00e9criture d\u2019Elizabeth Gueuret, sociologue, qui restitue des r\u00e9cits de m\u00e9moire collective autour du travail.<\/p>\n<p class=\"p1\"><b>La collection Long cours est \u00e0 la crois\u00e9e des regards sur les activit\u00e9s maritimes et portuaires. Chaque livre contient un lexique des mots et expressions du m\u00e9tier \u00e9tudi\u00e9.<\/b><\/p>","protected":false},"excerpt":{"rendered":"<p>1<sup>er<\/sup> volume de la collection Long cours<br \/>\nPhotographies : Yves MORFOUACE<br \/>\nTexte : Elizabeth GUEURET<br \/>\nLivre de 64 pages, format 22 x 22 cm.<br \/>\nCouverture souple broch\u00e9e avec rabats Satimat green 350 gr, pellicul\u00e9e mat.<br \/>\nImpression en quadrichromie + Pantone sur papier Satimat green 170 gr.<br \/>\nISBN : 9782952471725<\/p>","protected":false},"featured_media":81,"template":"","meta":[],"product_brand":[],"product_cat":[135],"product_tag":[70,57,58,40,264,195,60,64,197,265,62],"class_list":{"0":"post-80","1":"product","2":"type-product","3":"status-publish","4":"has-post-thumbnail","6":"product_cat-livre","7":"product_tag-docker","8":"product_tag-dunkerque","9":"product_tag-elizabeth-gueuret","10":"product_tag-hauts-de-france","11":"product_tag-livre-photo","12":"product_tag-livre-photographique","13":"product_tag-long-cours","14":"product_tag-mer","15":"product_tag-photobook","16":"product_tag-sea","17":"product_tag-yves-morfouace","19":"first","20":"instock","21":"shipping-taxable","22":"purchasable","23":"product-type-simple"},"_links":{"self":[{"href":"https:\/\/editionslightmotiv.com\/en\/wp-json\/wp\/v2\/product\/80","targetHints":{"allow":["GET"]}}],"collection":[{"href":"https:\/\/editionslightmotiv.com\/en\/wp-json\/wp\/v2\/product"}],"about":[{"href":"https:\/\/editionslightmotiv.com\/en\/wp-json\/wp\/v2\/types\/product"}],"wp:featuredmedia":[{"embeddable":true,"href":"https:\/\/editionslightmotiv.com\/en\/wp-json\/wp\/v2\/media\/81"}],"wp:attachment":[{"href":"https:\/\/editionslightmotiv.com\/en\/wp-json\/wp\/v2\/media?parent=80"}],"wp:term":[{"taxonomy":"product_brand","embeddable":true,"href":"https:\/\/editionslightmotiv.com\/en\/wp-json\/wp\/v2\/product_brand?post=80"},{"taxonomy":"product_cat","embeddable":true,"href":"https:\/\/editionslightmotiv.com\/en\/wp-json\/wp\/v2\/product_cat?post=80"},{"taxonomy":"product_tag","embeddable":true,"href":"https:\/\/editionslightmotiv.com\/en\/wp-json\/wp\/v2\/product_tag?post=80"}],"curies":[{"name":"wp","href":"https:\/\/api.w.org\/{rel}","templated":true}]}}