{"id":78,"date":"2010-02-07T16:45:37","date_gmt":"2010-02-07T15:45:37","guid":{"rendered":"http:\/\/editionslightmotiv.apps-1and1.net\/?post_type=product&#038;p=78"},"modified":"2026-01-19T15:31:09","modified_gmt":"2026-01-19T14:31:09","slug":"abord-nadege-fagoo","status":"publish","type":"product","link":"https:\/\/editionslightmotiv.com\/en\/product\/abord-nadege-fagoo\/","title":{"rendered":"ABORD"},"content":{"rendered":"<p class=\"p3\">Un navire aborde \u00e0 Dunkerque.<br \/>\nPilotes, remorqueurs et lamaneurs vont se relayer pour l\u2019amener \u00e0 bon port.<br \/>\nTrois m\u00e9tiers entre terre et mer, ou l\u2019inverse.<\/p>\n<p class=\"p4\">La photographie de Nad\u00e8ge Fagoo se pose sur les hommes, \u00e0 travers leur pratique, leur territoire et leurs gestes. Ses portraits, pris le temps d\u2019une parenth\u00e8se, restituent les regards tent\u00e9s par l\u2019horizon. Ils sont accompagn\u00e9s de la parole des pilotes, des \u00e9quipages de remorqueurs et des lamaneurs transmis par l\u2019\u00e9criture attentive d\u2019Elizabeth Gueuret, sociologue qui \u00e9tudie les m\u00e9moires du travail.<\/p>\n<p class=\"p1\"><b>La collection Long cours est \u00e0 la crois\u00e9e des regards sur les activit\u00e9s maritimes et portuaires. Chaque livre contient un lexique des mots et expressions du m\u00e9tier \u00e9tudi\u00e9.<\/b><\/p>","protected":false},"excerpt":{"rendered":"<p>2<sup>e<\/sup> volume de la collection Long cours<br \/>\nPhotographies : Nad\u00e8ge FAGOO<br \/>\nTexte : Elizabeth GUEURET<br \/>\nLivre de 72 pages, format 22 x 22 cm.<br \/>\nCouverture souple broch\u00e9e avec rabats Satimat green 350 gr, pellicul\u00e9e mat.<br \/>\nImpression en quadrichromie + Pantone sur papier Satimat green 170 gr.<br \/>\nISBN : 9782952471749<\/p>\n<p class=\"p1\">&nbsp;<\/p>","protected":false},"featured_media":79,"template":"","meta":[],"product_brand":[],"product_cat":[135],"product_tag":[69,57,58,40,264,195,64,59,210,233,197,265],"class_list":{"0":"post-78","1":"product","2":"type-product","3":"status-publish","4":"has-post-thumbnail","6":"product_cat-livre","7":"product_tag-abord","8":"product_tag-dunkerque","9":"product_tag-elizabeth-gueuret","10":"product_tag-hauts-de-france","11":"product_tag-livre-photo","12":"product_tag-livre-photographique","13":"product_tag-mer","14":"product_tag-nadege-fagoo","15":"product_tag-nord","16":"product_tag-north","17":"product_tag-photobook","18":"product_tag-sea","20":"first","21":"instock","22":"shipping-taxable","23":"purchasable","24":"product-type-simple"},"_links":{"self":[{"href":"https:\/\/editionslightmotiv.com\/en\/wp-json\/wp\/v2\/product\/78","targetHints":{"allow":["GET"]}}],"collection":[{"href":"https:\/\/editionslightmotiv.com\/en\/wp-json\/wp\/v2\/product"}],"about":[{"href":"https:\/\/editionslightmotiv.com\/en\/wp-json\/wp\/v2\/types\/product"}],"wp:featuredmedia":[{"embeddable":true,"href":"https:\/\/editionslightmotiv.com\/en\/wp-json\/wp\/v2\/media\/79"}],"wp:attachment":[{"href":"https:\/\/editionslightmotiv.com\/en\/wp-json\/wp\/v2\/media?parent=78"}],"wp:term":[{"taxonomy":"product_brand","embeddable":true,"href":"https:\/\/editionslightmotiv.com\/en\/wp-json\/wp\/v2\/product_brand?post=78"},{"taxonomy":"product_cat","embeddable":true,"href":"https:\/\/editionslightmotiv.com\/en\/wp-json\/wp\/v2\/product_cat?post=78"},{"taxonomy":"product_tag","embeddable":true,"href":"https:\/\/editionslightmotiv.com\/en\/wp-json\/wp\/v2\/product_tag?post=78"}],"curies":[{"name":"wp","href":"https:\/\/api.w.org\/{rel}","templated":true}]}}