{"id":76,"date":"2010-02-09T16:44:14","date_gmt":"2010-02-09T15:44:14","guid":{"rendered":"http:\/\/editionslightmotiv.apps-1and1.net\/?post_type=product&#038;p=76"},"modified":"2026-01-19T15:31:09","modified_gmt":"2026-01-19T14:31:09","slug":"balise-eric-le-brun","status":"publish","type":"product","link":"https:\/\/editionslightmotiv.com\/en\/product\/balise-eric-le-brun\/","title":{"rendered":"BALISE"},"content":{"rendered":"<p class=\"p1\">3<sup>e<\/sup> volume de la collection Long cours<\/p>\n<p class=\"p3\">En surface, chaque balise raconte une bribe d\u2019histoire des profondeurs de la mer. Les marins s\u2019y rep\u00e8rent, naviguent entre elles. \u00c0 terre, des hommes r\u00e9parent, fa\u00e7onnent les bou\u00e9es, les balises, et d\u2019autres les d\u00e9posent pr\u00e9cis\u00e9ment en mer. C\u2019est le r\u00e9cit de ces m\u00e9tiers en \u00e9volution, centr\u00e9 sur les Pharbal de Dunkerque, que trace ici Elizabeth Gueuret, sociologue qui \u00e9tudie les m\u00e9moires du travail.<\/p>\n<p class=\"p3\">Eric Le Brun, photographe, accompagne les gestes attentifs des baliseurs, glisse avec eux dans leur regard sur les choses, sur la mer&#8230;<br \/>\nSurvient en fin du livre Marie, la sir\u00e8ne du sculpteur L\u00e9opold Franckowiak, comme une apparition, un dernier mirage marin.<\/p>\n<p class=\"p1\"><b>La collection Long cours est \u00e0 la crois\u00e9e des regards sur les activit\u00e9s maritimes et portuaires. Chaque livre contient un lexique des mots et expressions du m\u00e9tier \u00e9tudi\u00e9.<\/b><\/p>","protected":false},"excerpt":{"rendered":"<p class=\"p1\">Photographies : Eric LE BRUN<br \/>\nTexte : Elizabeth GUEURET<br \/>\nLivre de 68 pages, format 22 x 22 cm.<br \/>\nCouverture souple broch\u00e9e avec rabats Satimat green 350 gr, pellicul\u00e9e mat.<br \/>\nImpression en quadrichromie + Pantone sur papier Satimat green 170 gr.<br \/>\nISBN : 9782952471794<\/p>","protected":false},"featured_media":77,"template":"","meta":[],"product_brand":[],"product_cat":[135],"product_tag":[68,266,57,58,29,40,264,195,64,197,265],"class_list":{"0":"post-76","1":"product","2":"type-product","3":"status-publish","4":"has-post-thumbnail","6":"product_cat-livre","7":"product_tag-balise","8":"product_tag-beacon","9":"product_tag-dunkerque","10":"product_tag-elizabeth-gueuret","11":"product_tag-eric-le-brun","12":"product_tag-hauts-de-france","13":"product_tag-livre-photo","14":"product_tag-livre-photographique","15":"product_tag-mer","16":"product_tag-photobook","17":"product_tag-sea","19":"first","20":"instock","21":"shipping-taxable","22":"purchasable","23":"product-type-simple"},"_links":{"self":[{"href":"https:\/\/editionslightmotiv.com\/en\/wp-json\/wp\/v2\/product\/76","targetHints":{"allow":["GET"]}}],"collection":[{"href":"https:\/\/editionslightmotiv.com\/en\/wp-json\/wp\/v2\/product"}],"about":[{"href":"https:\/\/editionslightmotiv.com\/en\/wp-json\/wp\/v2\/types\/product"}],"wp:featuredmedia":[{"embeddable":true,"href":"https:\/\/editionslightmotiv.com\/en\/wp-json\/wp\/v2\/media\/77"}],"wp:attachment":[{"href":"https:\/\/editionslightmotiv.com\/en\/wp-json\/wp\/v2\/media?parent=76"}],"wp:term":[{"taxonomy":"product_brand","embeddable":true,"href":"https:\/\/editionslightmotiv.com\/en\/wp-json\/wp\/v2\/product_brand?post=76"},{"taxonomy":"product_cat","embeddable":true,"href":"https:\/\/editionslightmotiv.com\/en\/wp-json\/wp\/v2\/product_cat?post=76"},{"taxonomy":"product_tag","embeddable":true,"href":"https:\/\/editionslightmotiv.com\/en\/wp-json\/wp\/v2\/product_tag?post=76"}],"curies":[{"name":"wp","href":"https:\/\/api.w.org\/{rel}","templated":true}]}}