{"id":74,"date":"2010-02-11T16:42:45","date_gmt":"2010-02-11T15:42:45","guid":{"rendered":"http:\/\/editionslightmotiv.apps-1and1.net\/?post_type=product&#038;p=74"},"modified":"2021-12-16T12:08:13","modified_gmt":"2021-12-16T11:08:13","slug":"marin-les-eleves-de-la-mer","status":"publish","type":"product","link":"https:\/\/editionslightmotiv.com\/en\/product\/marin-les-eleves-de-la-mer\/","title":{"rendered":"MARIN, les \u00e9l\u00e8ves de la mer"},"content":{"rendered":"<p>4<sup>e<\/sup> volume de la collection Long cours<br \/>\nPhotographies : Xavier VOIROL<br \/>\nTexte : Elizabeth GUEURET<br \/>\nLivre de 72 pages, format 22 x 22 cm.<br \/>\nCouverture souple broch\u00e9e avec rabats Satimat green 350 gr, pellicul\u00e9e mat.<br \/>\nImpression en trichromie (Noir et blanc + Pantone) sur papier Satimat green 170 gr.<br \/>\nISBN : 9782953790801<br \/>\nPublic price : 23 \u20ac<\/p>","protected":false},"excerpt":{"rendered":"<p class=\"p3\">Les yeux explorent, s\u2019attardent \u00e0 terre. Leur avenir est en mer.<br \/>\nIls ne trouveront pas plus d\u2019horaires que de salaires r\u00e9guliers, ils pratiqueront l\u2019un des m\u00e9tiers les plus astreignants et les plus dangereux\u2026et pourtant, ils sont toujours plus nombreux \u00e0 ressentir l\u2019appel du large. Ici, le lyc\u00e9e maritime de Boulogne-Le Portel est la porte vers la mer.<\/p>\n<p class=\"p4\">Elizabeth Gueuret, sociologue, explore les m\u00e9moires de la formation des marins. Au contact des \u00e9l\u00e8ves du lyc\u00e9e, elle transcrit, sensible, les aspirations de ces adolescents d\u00e9termin\u00e9s \u00e0 naviguer.<br \/>\nXavier Voirol, photographe, les suit, les devine pendant leurs cours, en stage. Avec son talent empathique, il nous donne \u00e0 voir leur si farouche volont\u00e9 d\u2019apprendre. \u00catre marin.<\/p>\n<p class=\"p1\"><b>La collection Long cours est \u00e0 la crois\u00e9e des regards sur les activit\u00e9s maritimes et portuaires. Chaque livre contient un lexique des mots et expressions du m\u00e9tier \u00e9tudi\u00e9.<\/b><\/p>","protected":false},"featured_media":75,"template":"","meta":[],"product_brand":[],"product_cat":[135],"product_tag":[216,58,40,272,264,195,66,67,269,64,197,211,270,271,265,61],"class_list":{"0":"post-74","1":"product","2":"type-product","3":"status-publish","4":"has-post-thumbnail","6":"product_cat-livre","7":"product_tag-documentary-photography","8":"product_tag-elizabeth-gueuret","9":"product_tag-hauts-de-france","10":"product_tag-highschool","11":"product_tag-livre-photo","12":"product_tag-livre-photographique","13":"product_tag-lycee-maritime-le-portel","14":"product_tag-marin","15":"product_tag-marine","16":"product_tag-mer","17":"product_tag-photobook","18":"product_tag-photographie-documentaire","19":"product_tag-pupils","20":"product_tag-school","21":"product_tag-sea","22":"product_tag-xavier-voirol","24":"first","25":"instock","26":"shipping-taxable","27":"purchasable","28":"product-type-simple"},"_links":{"self":[{"href":"https:\/\/editionslightmotiv.com\/en\/wp-json\/wp\/v2\/product\/74","targetHints":{"allow":["GET"]}}],"collection":[{"href":"https:\/\/editionslightmotiv.com\/en\/wp-json\/wp\/v2\/product"}],"about":[{"href":"https:\/\/editionslightmotiv.com\/en\/wp-json\/wp\/v2\/types\/product"}],"wp:featuredmedia":[{"embeddable":true,"href":"https:\/\/editionslightmotiv.com\/en\/wp-json\/wp\/v2\/media\/75"}],"wp:attachment":[{"href":"https:\/\/editionslightmotiv.com\/en\/wp-json\/wp\/v2\/media?parent=74"}],"wp:term":[{"taxonomy":"product_brand","embeddable":true,"href":"https:\/\/editionslightmotiv.com\/en\/wp-json\/wp\/v2\/product_brand?post=74"},{"taxonomy":"product_cat","embeddable":true,"href":"https:\/\/editionslightmotiv.com\/en\/wp-json\/wp\/v2\/product_cat?post=74"},{"taxonomy":"product_tag","embeddable":true,"href":"https:\/\/editionslightmotiv.com\/en\/wp-json\/wp\/v2\/product_tag?post=74"}],"curies":[{"name":"wp","href":"https:\/\/api.w.org\/{rel}","templated":true}]}}