{"id":72,"date":"2010-02-12T16:41:10","date_gmt":"2010-02-12T15:41:10","guid":{"rendered":"http:\/\/editionslightmotiv.apps-1and1.net\/?post_type=product&#038;p=72"},"modified":"2021-12-16T12:08:22","modified_gmt":"2021-12-16T11:08:22","slug":"escale-richard-baron","status":"publish","type":"product","link":"https:\/\/editionslightmotiv.com\/en\/product\/escale-richard-baron\/","title":{"rendered":"ESCALE"},"content":{"rendered":"<p class=\"p3\" style=\"text-align: left;\">\u00ab\u2009Echelle, escale. Dans la Marine, jusqu\u2019au milieu du XIX<sup>e<\/sup> si\u00e8cle, les deux termes \u00e9taient synonymes. Pour avoir la m\u00eame racine : <i>scala <\/i>en italien.<br \/>\nOn pouvait d\u00e9signer des ports m\u00e9diterran\u00e9ens comme des \u00e9chelles du Levant. Maintenant, on dit seulement escale. Une escale est un lieu o\u00f9 l\u2019on pousse une \u00e9chelle.\u2009\u00bb<br \/>\nRichard Baron, photographe, monte \u00e0 bord par l\u2019\u00e9chelle de coup\u00e9e, rencontre les marins de passage, approche leurs regards, leurs attitudes.<\/p>\n<p class=\"p3\" style=\"text-align: left;\">Elizabeth Gueuret, sociologue, poursuit son \u00e9tude de la transformation des m\u00e9tiers maritimes et portuaires. A travers les t\u00e9moignages des marins, des personnes vou\u00e9es \u00e0 leur accueil sur Dunkerque, elle nous parle ici de la transformation du temps de l\u2019escale, un temps de pause devenu progressivement un temps de travail intense.<\/p>\n<p class=\"p1\" style=\"text-align: left;\"><b>La collection Long cours est \u00e0 la crois\u00e9e des regards sur les activit\u00e9s maritimes et portuaires. Chaque livre contient un lexique des mots et expressions du m\u00e9tier \u00e9tudi\u00e9.<\/b><\/p>\n<p class=\"p1\" style=\"text-align: left;\">&nbsp;<\/p>","protected":false},"excerpt":{"rendered":"<p>Photographies : Richard BARON<br \/>\nTexte : Elizabeth GUEURET<br \/>\nLivre de 64 pages, format 22 x 22 cm.<br \/>\nCouverture souple broch\u00e9e avec rabats Satimat green 350 gr, pellicul\u00e9e mat.<br \/>\nISBN : 9782953790849<br \/>\n5<sup>e<\/sup> volume de la collection Long cours<\/p>","protected":false},"featured_media":73,"template":"","meta":[],"product_brand":[],"product_cat":[135],"product_tag":[57,58,63,268,40,264,195,64,197,65,54,265],"class_list":{"0":"post-72","1":"product","2":"type-product","3":"status-publish","4":"has-post-thumbnail","6":"product_cat-livre","7":"product_tag-dunkerque","8":"product_tag-elizabeth-gueuret","9":"product_tag-escale","10":"product_tag-harbour","11":"product_tag-hauts-de-france","12":"product_tag-livre-photo","13":"product_tag-livre-photographique","14":"product_tag-mer","15":"product_tag-photobook","16":"product_tag-port","17":"product_tag-richard-baron","18":"product_tag-sea","20":"first","21":"instock","22":"shipping-taxable","23":"purchasable","24":"product-type-simple"},"_links":{"self":[{"href":"https:\/\/editionslightmotiv.com\/en\/wp-json\/wp\/v2\/product\/72","targetHints":{"allow":["GET"]}}],"collection":[{"href":"https:\/\/editionslightmotiv.com\/en\/wp-json\/wp\/v2\/product"}],"about":[{"href":"https:\/\/editionslightmotiv.com\/en\/wp-json\/wp\/v2\/types\/product"}],"wp:featuredmedia":[{"embeddable":true,"href":"https:\/\/editionslightmotiv.com\/en\/wp-json\/wp\/v2\/media\/73"}],"wp:attachment":[{"href":"https:\/\/editionslightmotiv.com\/en\/wp-json\/wp\/v2\/media?parent=72"}],"wp:term":[{"taxonomy":"product_brand","embeddable":true,"href":"https:\/\/editionslightmotiv.com\/en\/wp-json\/wp\/v2\/product_brand?post=72"},{"taxonomy":"product_cat","embeddable":true,"href":"https:\/\/editionslightmotiv.com\/en\/wp-json\/wp\/v2\/product_cat?post=72"},{"taxonomy":"product_tag","embeddable":true,"href":"https:\/\/editionslightmotiv.com\/en\/wp-json\/wp\/v2\/product_tag?post=72"}],"curies":[{"name":"wp","href":"https:\/\/api.w.org\/{rel}","templated":true}]}}