{"id":70,"date":"2010-02-13T16:39:40","date_gmt":"2010-02-13T15:39:40","guid":{"rendered":"http:\/\/editionslightmotiv.apps-1and1.net\/?post_type=product&#038;p=70"},"modified":"2026-01-19T15:31:09","modified_gmt":"2026-01-19T14:31:09","slug":"coffret-long-cours-5-livres","status":"publish","type":"product","link":"https:\/\/editionslightmotiv.com\/en\/product\/coffret-long-cours-5-livres\/","title":{"rendered":"Coffret Long Cours (5 livres)"},"content":{"rendered":"<p class=\"p1\"><b>La collection Long Cours\u2009 <\/b>accompagne les travailleurs du port de Dunkerque dans leurs gestes quotidiens \u00e0 terre, en mer et sur les quais.<\/p>\n<p class=\"p1\">Elizabeth Gueuret, sociologue, nous fait d\u00e9couvrir et explorer le territoire par le filtre des m\u00e9moires du travail. Elle est l\u2019auteur de tous les volumes de la collection. Cinq photographes sont venus pour chacun des livres, mesurer leur vision \u00e0 ces grands espaces portuaires. En carte blanche, libres de leurs mouvements, et de leurs perspectives.<\/p>","protected":false},"excerpt":{"rendered":"<p class=\"p1\">Coffret de 5 livres, format 22 x 22 cm<br \/>\nEtui reli\u00e9 cartonn\u00e9 \u00e0 bords renforc\u00e9s.<br \/>\nImpression quadri sur carton 150g\/m2.<br \/>\nPelliculage soft touch. Tirage 500 exemplaires.<br \/>\nISBN 9782953790863<\/p>","protected":false},"featured_media":71,"template":"","meta":[],"product_brand":[],"product_cat":[145],"product_tag":[267,56,57,58,29,40,264,195,60,59,197,54,61,62],"class_list":{"0":"post-70","1":"product","2":"type-product","3":"status-publish","4":"has-post-thumbnail","6":"product_cat-coffret","7":"product_tag-case","8":"product_tag-coffret","9":"product_tag-dunkerque","10":"product_tag-elizabeth-gueuret","11":"product_tag-eric-le-brun","12":"product_tag-hauts-de-france","13":"product_tag-livre-photo","14":"product_tag-livre-photographique","15":"product_tag-long-cours","16":"product_tag-nadege-fagoo","17":"product_tag-photobook","18":"product_tag-richard-baron","19":"product_tag-xavier-voirol","20":"product_tag-yves-morfouace","22":"first","23":"instock","24":"shipping-taxable","25":"purchasable","26":"product-type-simple"},"_links":{"self":[{"href":"https:\/\/editionslightmotiv.com\/en\/wp-json\/wp\/v2\/product\/70","targetHints":{"allow":["GET"]}}],"collection":[{"href":"https:\/\/editionslightmotiv.com\/en\/wp-json\/wp\/v2\/product"}],"about":[{"href":"https:\/\/editionslightmotiv.com\/en\/wp-json\/wp\/v2\/types\/product"}],"wp:featuredmedia":[{"embeddable":true,"href":"https:\/\/editionslightmotiv.com\/en\/wp-json\/wp\/v2\/media\/71"}],"wp:attachment":[{"href":"https:\/\/editionslightmotiv.com\/en\/wp-json\/wp\/v2\/media?parent=70"}],"wp:term":[{"taxonomy":"product_brand","embeddable":true,"href":"https:\/\/editionslightmotiv.com\/en\/wp-json\/wp\/v2\/product_brand?post=70"},{"taxonomy":"product_cat","embeddable":true,"href":"https:\/\/editionslightmotiv.com\/en\/wp-json\/wp\/v2\/product_cat?post=70"},{"taxonomy":"product_tag","embeddable":true,"href":"https:\/\/editionslightmotiv.com\/en\/wp-json\/wp\/v2\/product_tag?post=70"}],"curies":[{"name":"wp","href":"https:\/\/api.w.org\/{rel}","templated":true}]}}