{"id":68,"date":"2009-11-07T16:37:54","date_gmt":"2009-11-07T15:37:54","guid":{"rendered":"http:\/\/editionslightmotiv.apps-1and1.net\/?post_type=product&#038;p=68"},"modified":"2021-12-16T12:06:00","modified_gmt":"2021-12-16T11:06:00","slug":"un-temps-de-passage-richard-baron","status":"publish","type":"product","link":"https:\/\/editionslightmotiv.com\/en\/product\/un-temps-de-passage-richard-baron\/","title":{"rendered":"UN TEMPS DE PASSAGE"},"content":{"rendered":"<p>Photographies : Richard BARON<br \/>\nTexte : Olivier DE SOLMINIHAC<br \/>\nLivre de 112 pages, format 25 x 25 cm. Couverture reli\u00e9e, dos carr\u00e9 coll\u00e9 cousu.<br \/>\n112 pages quadrichromie sur papier Satimat green 170 gr certifi\u00e9 FSC.<br \/>\nISBN : 9782952471787<br \/>\nPrix public : 30 \u20ac<br \/>\nParution : novembre 2009<\/p>","protected":false},"excerpt":{"rendered":"<p class=\"p1\"><span class=\"s1\">En m\u00e9tropole lilloise. Hem. Longchamp, Hauts champs. <\/span><\/p>\n<p class=\"p1\"><span class=\"s1\">Durant 4 ans de r\u00e9novation urbaine. La chronique du changement d\u2019un quartier stigmatis\u00e9.<\/span><\/p>\n<p class=\"p2\">Richard Baron, photographe, rencontre les habitants. Il s\u2019aventure dans leurs histoires singuli\u00e8res et leur m\u00e9moire collective.<\/p>\n<p class=\"p1\">L\u2019espace urbain se modifie, les rep\u00e8res \u00e9voluent, la g\u00e9ographie m\u00eame du quartier change. Les habitants suivent le mouvement, affrontent les doutes, d\u00e9tournent leurs habitudes\u2026<\/p>\n<p class=\"p2\">Olivier de Solminihac, \u00e9crivain, \u00e9voque ce moment de transition, o\u00f9 chacun s\u2019interroge, pris dans le courant. Son texte est au centre du livre, au point d\u2019\u00e9quilibre. Dans le dernier chapitre du livre, les habitants prennent l\u2019appareil photographique et r\u00e9alisent eux-m\u00eames leur autoportrait dans ce temps de la transformation. Un temps de passage.<\/p>","protected":false},"featured_media":69,"template":"","meta":[],"product_brand":[],"product_cat":[135],"product_tag":[276,40,281,264,195,210,233,51,197,55,54,279,280,277,282,283,275],"class_list":{"0":"post-68","1":"product","2":"type-product","3":"status-publish","4":"has-post-thumbnail","6":"product_cat-livre","7":"product_tag-city","8":"product_tag-hauts-de-france","9":"product_tag-lille","10":"product_tag-livre-photo","11":"product_tag-livre-photographique","12":"product_tag-nord","13":"product_tag-north","14":"product_tag-olivier-de-solminihac","15":"product_tag-photobook","16":"product_tag-renovation","17":"product_tag-richard-baron","18":"product_tag-temps","19":"product_tag-time","20":"product_tag-town","21":"product_tag-urbain","22":"product_tag-urban","23":"product_tag-ville","25":"first","26":"instock","27":"shipping-taxable","28":"purchasable","29":"product-type-simple"},"_links":{"self":[{"href":"https:\/\/editionslightmotiv.com\/en\/wp-json\/wp\/v2\/product\/68","targetHints":{"allow":["GET"]}}],"collection":[{"href":"https:\/\/editionslightmotiv.com\/en\/wp-json\/wp\/v2\/product"}],"about":[{"href":"https:\/\/editionslightmotiv.com\/en\/wp-json\/wp\/v2\/types\/product"}],"wp:featuredmedia":[{"embeddable":true,"href":"https:\/\/editionslightmotiv.com\/en\/wp-json\/wp\/v2\/media\/69"}],"wp:attachment":[{"href":"https:\/\/editionslightmotiv.com\/en\/wp-json\/wp\/v2\/media?parent=68"}],"wp:term":[{"taxonomy":"product_brand","embeddable":true,"href":"https:\/\/editionslightmotiv.com\/en\/wp-json\/wp\/v2\/product_brand?post=68"},{"taxonomy":"product_cat","embeddable":true,"href":"https:\/\/editionslightmotiv.com\/en\/wp-json\/wp\/v2\/product_cat?post=68"},{"taxonomy":"product_tag","embeddable":true,"href":"https:\/\/editionslightmotiv.com\/en\/wp-json\/wp\/v2\/product_tag?post=68"}],"curies":[{"name":"wp","href":"https:\/\/api.w.org\/{rel}","templated":true}]}}