{"id":64,"date":"2011-03-09T16:33:22","date_gmt":"2011-03-09T15:33:22","guid":{"rendered":"http:\/\/editionslightmotiv.apps-1and1.net\/?post_type=product&#038;p=64"},"modified":"2021-12-16T12:25:51","modified_gmt":"2021-12-16T11:25:51","slug":"traversee-des-murs-eric-le-brun","status":"publish","type":"product","link":"https:\/\/editionslightmotiv.com\/en\/product\/traversee-des-murs-eric-le-brun\/","title":{"rendered":"LA TRAVERS\u00c9E DES MURS"},"content":{"rendered":"<p>Photographies : Eric LE BRUN, Yves MORFOUACE<br \/>\nTextes : Olivier DE SOLMINIHAC<br \/>\nLivre de 110 pages, format 25 x 25 cm.<br \/>\nHardcover, bind, square spine<br \/>\nImpression quadrichromie sur papier Gardapat 13 Kiara 150 gr certifi\u00e9 FSC.<br \/>\nISBN : 9791095118008<br \/>\nParution : mars 2016<br \/>\nPrix public : 32 \u20ac<\/p>","protected":false},"excerpt":{"rendered":"<p class=\"p1\">STEIN. Le nom d\u2019une usine disparue. Marquante en m\u00e9tropole lilloise.<br \/>\nLe nom g\u00e9n\u00e9rique des salari\u00e9s. Les \u00ab\u2009STEIN\u2009\u00bb. Appr\u00e9ci\u00e9s pour la pr\u00e9cision de leur travail, et leur engagement solidaire. Pendant cinq ans, les photographes Yves Morfouace et Eric Le Brun ont accompagn\u00e9 la m\u00e9tamorphose du site \u00e0<br \/>\nLys-lez-Lannoy, depuis l\u2019impressionnante friche industrielle jusqu\u2019\u00e0 l\u2019\u00e9mergence du nouveau quartier.<\/p>\n<p class=\"p1\">En guide conducteur de l\u2019ouvrage, Olivier de Solminihac invente Lionel, personnage esquiss\u00e9 qui traverse les saisons et les \u00e2ges de la transformation, les murs du temps.<\/p>\n<p class=\"p1\">Dans la connexion intime entre images et textes, le lecteur discerne un parcours innovant entre bribes de fiction et \u00e9clats du r\u00e9el. Tour \u00e0 tour happ\u00e9 par le r\u00e9cit ou d\u00e9tourn\u00e9 par la po\u00e9sie photographique, le lecteur \u00e9coute son propre rythme pour accompagner l\u2019histoire.<\/p>","protected":false},"featured_media":66,"template":"","meta":[],"product_brand":[],"product_cat":[135],"product_tag":[238,29,49,195,50,51,197,52,239],"class_list":{"0":"post-64","1":"product","2":"type-product","3":"status-publish","4":"has-post-thumbnail","6":"product_cat-livre","7":"product_tag-brownfield-site","8":"product_tag-eric-le-brun","9":"product_tag-friche-industrielle","10":"product_tag-livre-photographique","11":"product_tag-lys-lez-lannoy","12":"product_tag-olivier-de-solminihac","13":"product_tag-photobook","14":"product_tag-stein","15":"product_tag-wasteland-site","17":"first","18":"instock","19":"shipping-taxable","20":"purchasable","21":"product-type-simple"},"_links":{"self":[{"href":"https:\/\/editionslightmotiv.com\/en\/wp-json\/wp\/v2\/product\/64","targetHints":{"allow":["GET"]}}],"collection":[{"href":"https:\/\/editionslightmotiv.com\/en\/wp-json\/wp\/v2\/product"}],"about":[{"href":"https:\/\/editionslightmotiv.com\/en\/wp-json\/wp\/v2\/types\/product"}],"wp:featuredmedia":[{"embeddable":true,"href":"https:\/\/editionslightmotiv.com\/en\/wp-json\/wp\/v2\/media\/66"}],"wp:attachment":[{"href":"https:\/\/editionslightmotiv.com\/en\/wp-json\/wp\/v2\/media?parent=64"}],"wp:term":[{"taxonomy":"product_brand","embeddable":true,"href":"https:\/\/editionslightmotiv.com\/en\/wp-json\/wp\/v2\/product_brand?post=64"},{"taxonomy":"product_cat","embeddable":true,"href":"https:\/\/editionslightmotiv.com\/en\/wp-json\/wp\/v2\/product_cat?post=64"},{"taxonomy":"product_tag","embeddable":true,"href":"https:\/\/editionslightmotiv.com\/en\/wp-json\/wp\/v2\/product_tag?post=64"}],"curies":[{"name":"wp","href":"https:\/\/api.w.org\/{rel}","templated":true}]}}