{"id":606,"date":"2018-10-26T14:07:41","date_gmt":"2018-10-26T12:07:41","guid":{"rendered":"http:\/\/editionslightmotiv.apps-1and1.net\/?post_type=product&#038;p=606"},"modified":"2025-12-27T10:00:33","modified_gmt":"2025-12-27T09:00:33","slug":"dust-jeremie-lenoir","status":"publish","type":"product","link":"https:\/\/editionslightmotiv.com\/en\/product\/dust-jeremie-lenoir\/","title":{"rendered":"DUST"},"content":{"rendered":"<h3><em><strong>DUST<\/strong><\/em><\/h3>\n<h3><em><strong>J\u00e9r\u00e9mie Lenoir<\/strong><\/em><\/h3>\n<p><span style=\"color: #bf9b17; font-size: 170%;\"><strong>PRIX HIP 2019 dans la cat\u00e9gorie <em>Nature et environnement<\/em><\/strong><\/span><\/p>\n<p>Dans le pr\u00e9c\u00e9dent ouvrage,\u00a0<em>NORD\u00a0<\/em>, publi\u00e9 en avril 2016 aux \u00e9ditions Light Motiv,\u00a0le photographe survolait\u00a0l\u2019axe de reconversion du patrimoine industriel entre Arras et Anvers.<\/p>\n<p>Avec cette nouvelle s\u00e9rie\u00a0<em>DUST<\/em>,\u00a0il parcourt la fronti\u00e8re entre l\u2019eau et la terre tout autour du\u00a0lac sal\u00e9 de l\u2019Utah (Salt Lake), l\u00e0 o\u00f9 s\u2019installent les exploitations humaines de sodium, magn\u00e9sium, potassium et p\u00e9trole. Les couleurs stup\u00e9fiantes r\u00e9sultent de la concentration de sel, d\u2019algues, de micro-organismes, ou\u00a0sont engendr\u00e9es artificiellement par des additifs acc\u00e9l\u00e9rateurs d\u2019\u00e9vaporation ou par quelques rejets des rares installations.<\/p>\n<p>Protocole de r\u00e9alisation\u00a0: au cours de plusieurs r\u00e9sidences r\u00e9parties sur 3 ans, J\u00e9r\u00e9mie Lenoir a photographi\u00e9 les contours du lac sal\u00e9, multipliant les vols au-dessus de chaque espace s\u00e9lectionn\u00e9 pour en suivre, en tracer et en comprendre la transformation.<\/p>\n<p>Le photographe r\u00e9alise ses prises de vues toujours \u00e0 la m\u00eame heure, vers midi, lorsque le soleil est au z\u00e9nith ; cette lumi\u00e8re qui \u00e9crase les reliefs et les couleurs offre une neutralit\u00e9 et une platitude essentielles pour obtenir cette confusion entre photographie et peinture. Toutes les images sont \u00e9galement captur\u00e9es \u00e0 la m\u00eame altitude, autour des 450m\u2009\/\u20091500ft, et avec une m\u00eame focale fixe pour obtenir une coh\u00e9rence d\u2019\u00e9chelle.<\/p>\n<p>En conjuguant point de vue a\u00e9rien et abstraction, l\u2019artiste poursuit son travail d\u2019anthropologie du paysage tout en exp\u00e9rimentant, encore plus intens\u00e9ment dans cette nouvelle s\u00e9rie, les limites du m\u00e9dium photographique ; un regard sensible et unique sur notre monde contemporain.<\/p>\n<p>&nbsp;<\/p>\n<hr \/>\n<h3><strong>Technical features\u00a0<\/strong><\/h3>\n<ul>\n<li>Parution : 26 Octobre 2018<\/li>\n<li>Format 30 x 33 cm<\/li>\n<li>Livre de 84 pages<\/li>\n<li>Impression sur Munken Polar Rough<\/li>\n<li>Couverture sur Munken Polar Rough<\/li>\n<li>Dos carr\u00e9 coll\u00e9 cousu<\/li>\n<li>Texte en fran\u00e7ais et anglais<\/li>\n<li>ISBN : 9791095118084<\/li>\n<li>Public price: 39 \u20ac<\/li>\n<li>Prix HIP<\/li>\n<\/ul>\n<p>&nbsp;<\/p>\n<hr \/>\n<h3><strong>Exhibitions<\/strong><\/h3>\n<p>Exposition \u00e0 la <strong>galerie Capazza<\/strong> du 6 octobre au 2 d\u00e9cembre 2018<br \/>\n<em>(Galerie Capazza, 1 rue des Faubourgs, 18330 NANCAY)<\/em><\/p>\n<p><a href=\"https:\/\/editionslightmotiv.com\/en\/2018\/10\/01\/6-octobre-vernissage-dust-jeremie-lenoir-capazza\/\">Voir l&rsquo;\u00e9v\u00e9nement sur le site<\/a><\/p>\n<p>&nbsp;<\/p>\n<hr \/>\n<h3><strong>Press<\/strong><\/h3>\n<p><a href=\"https:\/\/drive.google.com\/file\/d\/1RJxqVv1Dzf7r71A4K9wLuGEY_y-twZZh\/view?usp=sharing\" target=\"_blank\" rel=\"noopener\">Download the press release in english<\/a><\/p>\n<p><a href=\"https:\/\/www.prixhip.com\/Laureat-du-Prix-HiP-2019-categorie-Nature-et-environnement-Dust-de-Jeremie-Lenoir-Light-Motiv_a72.html\" target=\"_blank\" rel=\"noopener\">Article <em>Dust<\/em> et le prix HIP<\/a><\/p>\n<p><a href=\"https:\/\/www.facebook.com\/watch\/?v=472371830298777\" target=\"_blank\" rel=\"noopener\"><em>Dust<\/em> et l&rsquo;Institut pour la photographie\u00a0<\/a><\/p>\n<p>&nbsp;<\/p>\n<hr \/>\n<h3><strong>Entretien avec J\u00e9r\u00e9mie Lenoir par Lucie Baratte<\/strong><\/h3>\n<p><iframe loading=\"lazy\" title=\"Entretien avec Je\u0301re\u0301mie Lenoir\" width=\"1020\" height=\"574\" src=\"https:\/\/www.youtube.com\/embed\/emBwYEVgGeE?feature=oembed\" frameborder=\"0\" allow=\"accelerometer; autoplay; clipboard-write; encrypted-media; gyroscope; picture-in-picture; web-share\" referrerpolicy=\"strict-origin-when-cross-origin\" allowfullscreen><\/iframe><\/p>","protected":false},"excerpt":{"rendered":"<p>DUST J\u00e9r\u00e9mie Lenoir PRIX HIP 2019 dans la cat\u00e9gorie Nature et environnement Dans le pr\u00e9c\u00e9dent ouvrage,\u00a0NORD\u00a0, publi\u00e9 en avril 2016 aux \u00e9ditions Light Motiv,\u00a0le photographe survolait\u00a0l\u2019axe de reconversion du patrimoine industriel entre Arras et Anvers. Avec cette nouvelle s\u00e9rie\u00a0DUST,\u00a0il parcourt la fronti\u00e8re entre l\u2019eau et la terre tout autour du\u00a0lac sal\u00e9 de l\u2019Utah (Salt Lake),<\/p>","protected":false},"featured_media":1572,"template":"","meta":[],"product_brand":[],"product_cat":[135],"product_tag":[201,202,795,44,203,234,195,235,199,197,200,45,794,155,156],"class_list":{"0":"post-606","1":"product","2":"type-product","3":"status-publish","4":"has-post-thumbnail","6":"product_cat-livre","7":"product_tag-abstract-photography","8":"product_tag-aerial-photography","9":"product_tag-award-hip-2019","10":"product_tag-jeremie-lenoir","11":"product_tag-lac-sale","12":"product_tag-landscape","13":"product_tag-livre-photographique","14":"product_tag-paysage","15":"product_tag-peinture","16":"product_tag-photobook","17":"product_tag-photographie-abstraite","18":"product_tag-photographie-aerienne","19":"product_tag-prix-hip-2019","20":"product_tag-salt-lake","21":"product_tag-utah","23":"first","24":"instock","25":"shipping-taxable","26":"purchasable","27":"product-type-simple"},"_links":{"self":[{"href":"https:\/\/editionslightmotiv.com\/en\/wp-json\/wp\/v2\/product\/606","targetHints":{"allow":["GET"]}}],"collection":[{"href":"https:\/\/editionslightmotiv.com\/en\/wp-json\/wp\/v2\/product"}],"about":[{"href":"https:\/\/editionslightmotiv.com\/en\/wp-json\/wp\/v2\/types\/product"}],"wp:featuredmedia":[{"embeddable":true,"href":"https:\/\/editionslightmotiv.com\/en\/wp-json\/wp\/v2\/media\/1572"}],"wp:attachment":[{"href":"https:\/\/editionslightmotiv.com\/en\/wp-json\/wp\/v2\/media?parent=606"}],"wp:term":[{"taxonomy":"product_brand","embeddable":true,"href":"https:\/\/editionslightmotiv.com\/en\/wp-json\/wp\/v2\/product_brand?post=606"},{"taxonomy":"product_cat","embeddable":true,"href":"https:\/\/editionslightmotiv.com\/en\/wp-json\/wp\/v2\/product_cat?post=606"},{"taxonomy":"product_tag","embeddable":true,"href":"https:\/\/editionslightmotiv.com\/en\/wp-json\/wp\/v2\/product_tag?post=606"}],"curies":[{"name":"wp","href":"https:\/\/api.w.org\/{rel}","templated":true}]}}