{"id":595,"date":"2016-04-08T13:31:45","date_gmt":"2016-04-08T11:31:45","guid":{"rendered":"http:\/\/editionslightmotiv.apps-1and1.net\/?post_type=product&#038;p=595"},"modified":"2025-01-23T17:46:32","modified_gmt":"2025-01-23T16:46:32","slug":"nord-livre-avec-tirage","status":"publish","type":"product","link":"https:\/\/editionslightmotiv.com\/en\/product\/nord-livre-avec-tirage\/","title":{"rendered":"Nord &#8211; Livre avec tirage"},"content":{"rendered":"<h3><em><strong>NORD\u00a0<\/strong><\/em><\/h3>\n<h3><em><strong>J\u00e9r\u00e9mie Lenoir &amp; Bruce B\u00c9GOUT\u00a0<\/strong><\/em><\/h3>\n<p><a href=\"https:\/\/fr.calameo.com\/read\/001358984b2de25ca31c1\" target=\"_blank\" rel=\"noopener\">Read the book online<\/a><\/p>\n<p class=\"p1\">Les photographies de J\u00e9r\u00e9mie Lenoir construisent une anthropologie des paysages contemporains fran\u00e7ais. En observant leurs \u00e9volutions, le photographe nous livre un regard distanci\u00e9 et objectif sur nos territoires.<br \/>\nIl se focalise sur un espace g\u00e9ographique entre Nord-Pas-de-Calais et Flandres, le long d\u2019un axe Arras-Anvers. Ses vues a\u00e9riennes sont toujours r\u00e9alis\u00e9es \u00e0 la m\u00eame heure, \u00e0 la m\u00eame altitude (\u2009450 m\u00e8tres\u2009) et avec la m\u00eame focale.<\/p>\n<p class=\"p1\">L\u2019ouvrage est accompagn\u00e9 d\u2019un essai du philosophe et \u00e9crivain Bruce B\u00e9gout dont les recherches sur le paysage et l\u2019\u00e9volution des soci\u00e9t\u00e9s font \u00e9cho aux repr\u00e9sentations photographiques de J\u00e9r\u00e9mie Lenoir.<\/p>\n<p class=\"p3\"><i>J\u00e9r\u00e9mie Lenoir est plasticien photographe. Dipl\u00f4m\u00e9 de Polytech Tours et de l\u2019\u00e9cole Sup\u00e9rieure d\u2019Art et Design d\u2019Orl\u00e9ans. Il est notamment laur\u00e9at de la Bourse de la Fondation M\u00e9c\u00e8ne et Loire et du Prix de la SCAM.<\/i><\/p>\n<p>&nbsp;<\/p>\n<hr \/>\n<h3><strong>Technical features\u00a0<\/strong><\/h3>\n<ul>\n<li>Photographies : J\u00e9r\u00e9mie LENOIR<\/li>\n<li>Texte : Bruce B\u00c9GOUT<\/li>\n<li>Livre de 80 pages, format 25 x 30 cm.<\/li>\n<li>Couverture reli\u00e9e, marquage \u00e0 froid en creux, dos carr\u00e9 coll\u00e9 cousu.<\/li>\n<li>Impression quadrichromie sur papier Gardapat 13 Kiara 150 gr certifi\u00e9 FSC.<br \/>\n<b><\/b><\/li>\n<li class=\"translation-block\"><b>Bilingual edition <\/b>(French, English).<\/li>\n<li>ISBN : 9791095118015<\/li>\n<li>Parution : avril 2016<\/li>\n<li><strong><del>Prix du livre sans tirage : 26 euros<\/del> (LIVRE \u00c9PUIS\u00c9)<\/strong><\/li>\n<\/ul>\n<hr \/>\n<h3><strong>Tirage limit\u00e9 de<\/strong> <em><strong>J\u00e9r\u00e9mie Lenoir<\/strong><\/em><\/h3>\n<div class=\"column\">\n<p>Tirage limit\u00e9 au choix, num\u00e9rot\u00e9, sign\u00e9 par la photographe<br \/>\n5 mod\u00e8les (voir les visuels sur le produit)<br \/>\n10 exemplaires par mod\u00e8le<br \/>\nSur papier Hahnem\u00fclhe, au format 24x29cm<\/p>\n<p><strong>Prix du tirage (vendu SANS LIVRE &#8211; livre \u00e9puis\u00e9) : 180 euros<\/strong><\/p>\n<\/div>\n<div class=\"column\"><\/div>\n<hr \/>\n<h3><strong>Press<\/strong><\/h3>\n<p><a href=\"https:\/\/lintervalle.blog\/2016\/12\/20\/le-nord-vu-du-haut-par-le-photographe-jeremie-lenoir\/\" target=\"_blank\" rel=\"noopener\">Read the article on L'Intervalle, Fabien Ribery<\/a><br \/>\n<a href=\"http:\/\/www.slate.fr\/grand-format\/nord-photo-lenoir\" target=\"_blank\" rel=\"noopener\">Lire l&rsquo;article sur Slate<\/a><\/p>\n<p>&nbsp;<\/p>","protected":false},"excerpt":{"rendered":"<p>NORD\u00a0 J\u00e9r\u00e9mie Lenoir &amp; Bruce B\u00c9GOUT\u00a0 Consulter le livre en ligne Les photographies de J\u00e9r\u00e9mie Lenoir construisent une anthropologie des paysages contemporains fran\u00e7ais. En observant leurs \u00e9volutions, le photographe nous livre un regard distanci\u00e9 et objectif sur nos territoires. Il se focalise sur un espace g\u00e9ographique entre Nord-Pas-de-Calais et Flandres, le long d\u2019un axe Arras-Anvers.<\/p>","protected":false},"featured_media":1569,"template":"","meta":[],"product_brand":[],"product_cat":[144],"product_tag":[201,202,43,40,44,234,195,793,210,233,235,197,200,45,745],"class_list":{"0":"post-595","1":"product","2":"type-product","3":"status-publish","4":"has-post-thumbnail","6":"product_cat-livre-avec-tirage","7":"product_tag-abstract-photography","8":"product_tag-aerial-photography","9":"product_tag-bruce-begout","10":"product_tag-hauts-de-france","11":"product_tag-jeremie-lenoir","12":"product_tag-landscape","13":"product_tag-livre-photographique","14":"product_tag-low-stock","15":"product_tag-nord","16":"product_tag-north","17":"product_tag-paysage","18":"product_tag-photobook","19":"product_tag-photographie-abstraite","20":"product_tag-photographie-aerienne","21":"product_tag-stock-faible","23":"first","24":"instock","25":"shipping-taxable","26":"purchasable","27":"product-type-variable"},"_links":{"self":[{"href":"https:\/\/editionslightmotiv.com\/en\/wp-json\/wp\/v2\/product\/595","targetHints":{"allow":["GET"]}}],"collection":[{"href":"https:\/\/editionslightmotiv.com\/en\/wp-json\/wp\/v2\/product"}],"about":[{"href":"https:\/\/editionslightmotiv.com\/en\/wp-json\/wp\/v2\/types\/product"}],"wp:featuredmedia":[{"embeddable":true,"href":"https:\/\/editionslightmotiv.com\/en\/wp-json\/wp\/v2\/media\/1569"}],"wp:attachment":[{"href":"https:\/\/editionslightmotiv.com\/en\/wp-json\/wp\/v2\/media?parent=595"}],"wp:term":[{"taxonomy":"product_brand","embeddable":true,"href":"https:\/\/editionslightmotiv.com\/en\/wp-json\/wp\/v2\/product_brand?post=595"},{"taxonomy":"product_cat","embeddable":true,"href":"https:\/\/editionslightmotiv.com\/en\/wp-json\/wp\/v2\/product_cat?post=595"},{"taxonomy":"product_tag","embeddable":true,"href":"https:\/\/editionslightmotiv.com\/en\/wp-json\/wp\/v2\/product_tag?post=595"}],"curies":[{"name":"wp","href":"https:\/\/api.w.org\/{rel}","templated":true}]}}