{"id":58,"date":"2011-10-11T16:29:00","date_gmt":"2011-10-11T14:29:00","guid":{"rendered":"http:\/\/editionslightmotiv.apps-1and1.net\/?post_type=product&#038;p=58"},"modified":"2023-09-06T16:18:05","modified_gmt":"2023-09-06T14:18:05","slug":"terrils-naoya-hatakeyama","status":"publish","type":"product","link":"https:\/\/editionslightmotiv.com\/en\/product\/terrils-naoya-hatakeyama\/","title":{"rendered":"TERRILS"},"content":{"rendered":"<h2><strong><em>Terrils<br \/>\nNaoya Hatakeyama<\/em><\/strong><\/h2>\n<p class=\"p1\">L&rsquo;ouvrage <strong><em>Terrils<\/em><\/strong> est le premier livre, publi\u00e9 en fran\u00e7ais et par un \u00e9diteur fran\u00e7ais, de Naoya Hatakeyama. L\u2019origine du mot \u00ab\u2009<strong><em>terril<\/em><\/strong>\u2009\u00bb est assez myst\u00e9rieuse et divise les historiens. Sa force sonore figure bien la terre extraite, \u00e9lev\u00e9e. Comme des blocs de m\u00e9moire, leurs silhouettes scandent le paysage du bassin minier Nord-Pas-de-Calais.<\/p>\n<p class=\"p2\">Artiste sensible aux transformations g\u00e9ographiques et industrielles, <a href=\"https:\/\/editionslightmotiv.com\/en\/auteurs-photographes\/naoya_hatakeyama\/\" target=\"_blank\" rel=\"noopener\">Naoya Hatakeyama<\/a> a sillonn\u00e9 en 2009 ces grands espaces \u00e0 fleur de ciel. Photographe de la pr\u00e9cision, il accomplit un voyage sid\u00e9rant entre les montagnes noires. A sa suite, il nous entra\u00eene par la ma\u00eetrise des lumi\u00e8res, des cadrages, dans ses profondes images qui \u00e9voquent d\u2019autres mondes, le Canada, l\u2019Islande, la Camargue\u2026 Le <strong>terril<\/strong>, souvent ignor\u00e9 ou contourn\u00e9, reprend la place centrale dans les <strong>paysages<\/strong> transmis par <strong>Naoya Hatakeyama<\/strong>. Dress\u00e9 sur le plat pays, il agit comme un appel, un sursaut imaginaire.<\/p>\n<p>Le livre <strong><em>Terrils<\/em><\/strong> fait suite au s\u00e9jour de <strong>Naoya Hatekayama<\/strong> dans le bassin minier du Nord-pas-de-Calais en 2009-2010, \u00e0 l&rsquo;initiative du collectif <em>Les Lieux<\/em> qui a organis\u00e9 et financ\u00e9 la r\u00e9sidence artistique du photographe. Le <a href=\"https:\/\/www.chm-lewarde.com\/fr\/\" target=\"_blank\" rel=\"noopener\">Centre Historique Minier de Lewarde<\/a> a ensuite produit et cr\u00e9\u00e9 l&rsquo;exposition <strong><em>\u00ab\u00a0Les voici, Colosses, photographies de Naoya Hatakeyama\u00a0\u00bb<\/em> <\/strong>du 1er f\u00e9vrier au 21 mars 2010.<\/p>\n<blockquote><p><em>\u00ab Un peu essouffl\u00e9, si on regarde au loin, ici et l\u00e0, on aper\u00e7oit d&rsquo;autres terrils qui ont la m\u00eame forme que celui sur lequel on se trouve.\u00a0 On peut alors imaginer d&rsquo;autres humains, comme soi-m\u00eame, debout eux aussi sur chacun de ces sommets lointains. Les terrils semblent se dresser pour faire l&rsquo;\u00e9loge de tout ce qui a \u00e9t\u00e9 extrait de la terre, a \u00e9t\u00e9 br\u00fbl\u00e9, s&rsquo;est dispers\u00e9 dans l&rsquo;atmosph\u00e8re. Sur ces hauteurs, des hommes se tiennent debout. Tout petits, ils sont au sommet de cette grande histoire. N&rsquo;est-ce pas l\u00e0 justement une sc\u00e8ne mythique ? \u00bb<\/em><\/p>\n<p><span style=\"font-size: 80%;\"><em>Extrait du texte de Naoya Hatakeyama<\/em><\/span><\/p><\/blockquote>\n<p>D\u00e9couvrez une courte pr\u00e9sentation du travail de <strong>Naoya Hatakeyama<\/strong> et notamment de la gen\u00e8se de la maison d&rsquo;\u00e9dition <strong>Light Motiv<\/strong> avec l&rsquo;ouvrage <strong><em>Terrils<\/em><\/strong> publi\u00e9 en 2011 dans l&rsquo;interview d&rsquo;Eric Le Brun dans la rubrique \u00ab\u00a0La Photo aujourd&rsquo;hui\u00a0\u00bb sur <a href=\"https:\/\/apprendre-la-photo.fr\/\" target=\"_blank\" rel=\"noopener\">Apprendre La Photo<\/a> :<\/p>\n<p><iframe loading=\"lazy\" title=\"\ud83d\udcf7Faire un livre de photographie avec \u00c9ric Le Brun - \u00c9ditions Light Motiv - La Photo Aujourd&#039;hui #8\" width=\"1020\" height=\"574\" src=\"https:\/\/www.youtube.com\/embed\/HZTehXAkyfE?feature=oembed\" frameborder=\"0\" allow=\"accelerometer; autoplay; clipboard-write; encrypted-media; gyroscope; picture-in-picture; web-share\" allowfullscreen><\/iframe><\/p>\n<hr \/>\n<h2><strong>Technical features<\/strong><\/h2>\n<ul style=\"list-style-type: disc;\">\n<li>Date de parution : octobre 2011<\/li>\n<li>Photographies et texte : Naoya Hatakeyama<\/li>\n<li>Traduction fran\u00e7aise : Corinne Quentin<\/li>\n<li>Traduction anglaise : Gillian Kennedy<\/li>\n<li>Design graphique : Les produits de l&rsquo;\u00e9picerie (France)<\/li>\n<li>Photogravure : Atelier Philippe Guilvard (France)<\/li>\n<li>Mise en page de la version japonaise : Masakazu Ohnish (Japon)<\/li>\n<li>Edition trilingue : fran\u00e7ais, anglais, japonais<\/li>\n<li>Format 25 x 30 cm \/ Poids : 900 gr<\/li>\n<li>98 pages &#8211; 43 photographies<\/li>\n<li>Print run : 4000 copies<\/li>\n<li>Sewn, glued, square spine<\/li>\n<li>90 pages quadrichromie sur papier Magno Satin 170 gr certifi\u00e9 FSC<\/li>\n<li>Cahier central texte sur papier Old Mill 130 gr<\/li>\n<li>ISBN : 9782953790818<\/li>\n<li>Prix public (TTC) : 35 euros<\/li>\n<\/ul>\n<hr \/>\n<h2><strong>Press and booksellers' comments<\/strong><\/h2>\n<p><a href=\"https:\/\/fr.calameo.com\/read\/00135898422a3d18ccf04\" target=\"_blank\" rel=\"noopener\">Consulter la maquette compl\u00e8te.<\/a><\/p>\n<table style=\"border-collapse: collapse; width: 100%; height: 206px;\">\n<tbody>\n<tr>\n<td style=\"width: 599px; text-align: left;\">\n<blockquote><p><span style=\"color: #282828;\"><em>\u00ab En 2009-2010, ce grand photographe japonais s&rsquo;est install\u00e9 dans le bassin minier du Nord Pas-de-Calais, cherchant ce qu&rsquo;il restait, dans le paysage, d&rsquo;une histoire ouvri\u00e8re. Naoya Hatakeyama a trouv\u00e9 quelque chose du mont Fuji dans ces montagnes de d\u00e9chets d&rsquo;exploitation des mines. Son travail a donn\u00e9 lieu \u00e0 un livre, Terrils, (\u00e9d. Light Motiv). \u00bb<\/em><\/span><\/p><\/blockquote>\n<p style=\"text-align: right;\"><strong>D\u00e9couvrez le portfolio sur <a href=\"https:\/\/www.mediapart.fr\/studio\/portfolios\/les-montagnes-tombees-du-ciel\" target=\"_blank\" rel=\"noopener\">Mediapart<\/a>, d\u00e9cembre 2012<\/strong><\/p>\n<\/td>\n<td style=\"width: 599px;\">\n<blockquote>\n<h4><span style=\"color: #282828;\">\u00ab\u00a0<em>Photographier, c\u2019est une sorte de r\u00e9action au monde ext\u00e9rieur. Il se passe quelque chose et vous y r\u00e9agissez, c\u2019est de l\u00e0 que na\u00eet la photographie, d\u2019un rapport physique avec le monde ext\u00e9rieur. C\u2019est autre chose que de cr\u00e9er quelque chose qu\u2019on a d\u2019abord pens\u00e9<\/em>.\u00a0\u00bb<\/span><\/h4>\n<\/blockquote>\n<p style=\"text-align: right;\"><strong>Extrait de la carte blanche d&rsquo;Eric Le Brun \u00e0 propos de Naoya Hatakeyama sur <a href=\"https:\/\/www.9lives-magazine.com\/80670\/2021\/11\/24\/carte-blanche-a-eric-le-brun-une-eclaircie-naoya-hatakeyama\/\" target=\"_blank\" rel=\"noopener\">9lives<\/a>, novembre 2021<\/strong><\/p>\n<\/td>\n<\/tr>\n<tr>\n<td style=\"width: 599px;\"><\/td>\n<td style=\"width: 599px;\"><\/td>\n<\/tr>\n<\/tbody>\n<\/table>\n<figure id=\"attachment_3794\" aria-describedby=\"caption-attachment-3794\" style=\"width: 1000px\" class=\"wp-caption aligncenter\"><img loading=\"lazy\" decoding=\"async\" class=\"wp-image-3794 size-full\" title=\"livre photographique terrils\" src=\"https:\/\/editionslightmotiv.com\/wp-content\/uploads\/2011\/10\/naoyahatakeyama_terrils.jpeg\" alt=\"Photographie extraite du livre Terrils de Naoya HatekayamaPhotograph extracted from the photobook Terrils by Naoya Hatekayama\" width=\"1000\" height=\"797\" srcset=\"https:\/\/editionslightmotiv.com\/wp-content\/uploads\/2011\/10\/naoyahatakeyama_terrils.jpeg 1000w, https:\/\/editionslightmotiv.com\/wp-content\/uploads\/2011\/10\/naoyahatakeyama_terrils-900x717.jpeg 900w, https:\/\/editionslightmotiv.com\/wp-content\/uploads\/2011\/10\/naoyahatakeyama_terrils-502x400.jpeg 502w, https:\/\/editionslightmotiv.com\/wp-content\/uploads\/2011\/10\/naoyahatakeyama_terrils-768x612.jpeg 768w, https:\/\/editionslightmotiv.com\/wp-content\/uploads\/2011\/10\/naoyahatakeyama_terrils-15x12.jpeg 15w\" sizes=\"auto, (max-width: 1000px) 100vw, 1000px\" \/><figcaption id=\"caption-attachment-3794\" class=\"wp-caption-text\">\u00a9 Naoya Hatakeyama, Terrils, 2011<\/figcaption><\/figure>","protected":false},"excerpt":{"rendered":"<p>Terrils Naoya Hatakeyama L&rsquo;ouvrage Terrils est le premier livre, publi\u00e9 en fran\u00e7ais et par un \u00e9diteur fran\u00e7ais, de Naoya Hatakeyama. L\u2019origine du mot \u00ab\u2009terril\u2009\u00bb est assez myst\u00e9rieuse et divise les historiens. Sa force sonore figure bien la terre extraite, \u00e9lev\u00e9e. Comme des blocs de m\u00e9moire, leurs silhouettes scandent le paysage du bassin minier Nord-Pas-de-Calais. Artiste<\/p>","protected":false},"featured_media":851,"template":"","meta":[],"product_brand":[],"product_cat":[135],"product_tag":[48,237,919,914,40,232,231,36,234,920,913,195,679,922,38,210,923,233,917,235,197,696,921,697,915,42,918,916],"class_list":{"0":"post-58","1":"product","2":"type-product","3":"status-publish","4":"has-post-thumbnail","6":"product_cat-livre","7":"product_tag-bassin-minier","8":"product_tag-charbon","9":"product_tag-coal","10":"product_tag-editions-light-motiv","11":"product_tag-hauts-de-france","12":"product_tag-heaps","13":"product_tag-japan","14":"product_tag-japon","15":"product_tag-landscape","16":"product_tag-landscape-photography","17":"product_tag-light-motiv","18":"product_tag-livre-photographique","19":"product_tag-mine","20":"product_tag-mining-region","21":"product_tag-naoya-hatakeyama","22":"product_tag-nord","23":"product_tag-nord-pas-de-calais","24":"product_tag-north","25":"product_tag-northern-france","26":"product_tag-paysage","27":"product_tag-photobook","28":"product_tag-photographie","29":"product_tag-photographie-de-paysage","30":"product_tag-photography","31":"product_tag-slag-heap","32":"product_tag-terrils","33":"product_tag-unesco","34":"product_tag-waste-heap","36":"first","37":"outofstock","38":"sold-individually","39":"shipping-taxable","40":"purchasable","41":"product-type-simple"},"_links":{"self":[{"href":"https:\/\/editionslightmotiv.com\/en\/wp-json\/wp\/v2\/product\/58","targetHints":{"allow":["GET"]}}],"collection":[{"href":"https:\/\/editionslightmotiv.com\/en\/wp-json\/wp\/v2\/product"}],"about":[{"href":"https:\/\/editionslightmotiv.com\/en\/wp-json\/wp\/v2\/types\/product"}],"wp:featuredmedia":[{"embeddable":true,"href":"https:\/\/editionslightmotiv.com\/en\/wp-json\/wp\/v2\/media\/851"}],"wp:attachment":[{"href":"https:\/\/editionslightmotiv.com\/en\/wp-json\/wp\/v2\/media?parent=58"}],"wp:term":[{"taxonomy":"product_brand","embeddable":true,"href":"https:\/\/editionslightmotiv.com\/en\/wp-json\/wp\/v2\/product_brand?post=58"},{"taxonomy":"product_cat","embeddable":true,"href":"https:\/\/editionslightmotiv.com\/en\/wp-json\/wp\/v2\/product_cat?post=58"},{"taxonomy":"product_tag","embeddable":true,"href":"https:\/\/editionslightmotiv.com\/en\/wp-json\/wp\/v2\/product_tag?post=58"}],"curies":[{"name":"wp","href":"https:\/\/api.w.org\/{rel}","templated":true}]}}