{"id":55,"date":"2013-11-12T16:58:15","date_gmt":"2013-11-12T15:58:15","guid":{"rendered":"http:\/\/editionslightmotiv.apps-1and1.net\/?post_type=product&#038;p=55"},"modified":"2026-02-26T11:52:55","modified_gmt":"2026-02-26T10:52:55","slug":"kesengawa-naoya-hatakeyama","status":"publish","type":"product","link":"https:\/\/editionslightmotiv.com\/en\/product\/kesengawa-naoya-hatakeyama\/","title":{"rendered":"KESENGAWA"},"content":{"rendered":"<h3><em><strong>KESENGAWA<\/strong><\/em><\/h3>\n<h3><em><strong>Naoya Hatakeyama\u00a0<\/strong><\/em><\/h3>\n<p><a href=\"https:\/\/fr.calameo.com\/read\/0013589846ab49760e3b0\" target=\"_blank\" rel=\"noopener\">Read the book online<\/a><\/p>\n<p class=\"p1\">Naoya Hatakeyama writes his diary as he travels north to his hometown in Japan after the announcement of the tsunami that submerged the coast on 11 March 2011. He recalls peaceful moments before discovering the extent of the disaster.<\/p>\n<p class=\"p1 translation-block\"><i>Kesengawa<\/i> is composed of images taken before and after the disaster : it is an intimate documentary and a philosophical exploration of surviving memory at the same time.<\/p>\n<p class=\"p1 translation-block\">After <i>TERRILS<\/i>, <i>KESENGAWA<\/i> is Naoya Hatakeyama's second book published by Editions Light Motiv.<\/p>\n<p class=\"p3\">Naoya Hatakeyama is considered one of the most important photographers working on the relationship between humans and landscape. He is represented by the Taka Ishii Gallery in Tokyo. Since 2012, his work has been exhibited at the Museum of Photography in Tokyo, the Huis Marseille Museum in Amsterdam, the San Francisco Museum of Modern Art, and the Lieu Unique in Nantes.<\/p>\n<p>&nbsp;<\/p>\n<hr \/>\n<h3><strong>Technical features\u00a0<\/strong><\/h3>\n<ul>\n<li>Photographs and text : Naoya HATAKEYAMA<\/li>\n<li>French translation : Corinne QUENTIN \u2013 English translation : Marc FEUSTEL<\/li>\n<li>136 pages \/ book format : 19 x 30 cm<\/li>\n<li>Hardcover, bind, square spine, Soft Touch coating<\/li>\n<li>128 pages CMYK printed on Magno Satin 170 gr paper.<\/li>\n<li>Last signature on Old Mill 130 gr paper<br \/>\n<b><\/b><\/li>\n<li class=\"translation-block\"><b>Bilingual edition <\/b>(French, English).<\/li>\n<li>ISBN : 9782953790856<\/li>\n<li>Release date : November 2013<\/li>\n<\/ul>\n<p>&nbsp;<\/p>\n<hr \/>\n<h3><strong>Press<\/strong><\/h3>\n<p><a href=\"https:\/\/www.philomag.com\/les-livres\/notre-selection\/kesengawa-9931\" target=\"_blank\" rel=\"noopener\">Lire l&rsquo;article sur PhiloMag<\/a><br \/>\n<a href=\"https:\/\/blogs.mediapart.fr\/edition\/bookclub\/article\/061213\/naoya-hatakeyama-ma-premiere-photo-est-celle-que-je-n-ai-pas-prise\" target=\"_blank\" rel=\"noopener\">Lire l&rsquo;article sur le blog Mediapart de Christine Marcandier<\/a><\/p>\n<p><a href=\"https:\/\/diacritik.com\/2017\/02\/24\/naoya-hatekeyama-la-photographie-memoire-du-monde-rikuzentakata\/#more-20012\" target=\"_blank\" rel=\"noopener\">Lire l&rsquo;article Diacritik sur KESENGAWA<\/a><\/p>","protected":false},"excerpt":{"rendered":"<p>KESENGAWA Naoya Hatakeyama\u00a0 Consulter le livre en ligne Naoya Hatakeyama \u00e9crit son journal de bord, en route vers le Nord du Japon, vers sa ville natale, apr\u00e8s l\u2019annonce du tsunami qui a submerg\u00e9 la c\u00f4te le 11 Mars 2011. Il se souvient des moments paisibles, avant de d\u00e9couvrir l\u2019\u00e9tendue du d\u00e9sastre. Kesengawa, construit sur les<\/p>","protected":false},"featured_media":861,"template":"","meta":[],"product_brand":[],"product_cat":[135],"product_tag":[35,216,231,36,195,38,197,211,37],"class_list":{"0":"post-55","1":"product","2":"type-product","3":"status-publish","4":"has-post-thumbnail","6":"product_cat-livre","7":"product_tag-11-mars-2011","8":"product_tag-documentary-photography","9":"product_tag-japan","10":"product_tag-japon","11":"product_tag-livre-photographique","12":"product_tag-naoya-hatakeyama","13":"product_tag-photobook","14":"product_tag-photographie-documentaire","15":"product_tag-tsunami","17":"first","18":"instock","19":"shipping-taxable","20":"purchasable","21":"product-type-simple"},"_links":{"self":[{"href":"https:\/\/editionslightmotiv.com\/en\/wp-json\/wp\/v2\/product\/55","targetHints":{"allow":["GET"]}}],"collection":[{"href":"https:\/\/editionslightmotiv.com\/en\/wp-json\/wp\/v2\/product"}],"about":[{"href":"https:\/\/editionslightmotiv.com\/en\/wp-json\/wp\/v2\/types\/product"}],"wp:featuredmedia":[{"embeddable":true,"href":"https:\/\/editionslightmotiv.com\/en\/wp-json\/wp\/v2\/media\/861"}],"wp:attachment":[{"href":"https:\/\/editionslightmotiv.com\/en\/wp-json\/wp\/v2\/media?parent=55"}],"wp:term":[{"taxonomy":"product_brand","embeddable":true,"href":"https:\/\/editionslightmotiv.com\/en\/wp-json\/wp\/v2\/product_brand?post=55"},{"taxonomy":"product_cat","embeddable":true,"href":"https:\/\/editionslightmotiv.com\/en\/wp-json\/wp\/v2\/product_cat?post=55"},{"taxonomy":"product_tag","embeddable":true,"href":"https:\/\/editionslightmotiv.com\/en\/wp-json\/wp\/v2\/product_tag?post=55"}],"curies":[{"name":"wp","href":"https:\/\/api.w.org\/{rel}","templated":true}]}}