{"id":540,"date":"2018-11-17T14:47:27","date_gmt":"2018-11-17T13:47:27","guid":{"rendered":"http:\/\/editionslightmotiv.apps-1and1.net\/?post_type=product&#038;p=540"},"modified":"2026-01-19T15:31:09","modified_gmt":"2026-01-19T14:31:09","slug":"dans-la-gueule-du-ciel","status":"publish","type":"product","link":"https:\/\/editionslightmotiv.com\/en\/product\/dans-la-gueule-du-ciel\/","title":{"rendered":"DANS LA GUEULE DU CIEL"},"content":{"rendered":"<h3><em><strong>DANS LA GUEULE DU CIEL\u00a0<\/strong><\/em><\/h3>\n<h3><em><strong>Sandrine Cnudde &amp; Jo\u00eblle Robert-Lamblin\u00a0<\/strong><\/em><\/h3>\n<p>Dans la gueule du ciel\u00a0pr\u00e9sente une communaut\u00e9 inuite de la c\u00f4te orientale du Groenland. Adapt\u00e9e \u00e0 l\u2019un des milieux les plus hostiles de la plan\u00e8te, elle subit aujourd\u2019hui des bouleversements profonds qui vont de la dilution de sa culture \u00e0 la mutation du climat en passant par les enjeux g\u00e9ostrat\u00e9giques et l\u2019industrie touristique, qui s\u2019y implante.<br \/>\nTasiilaq, anciennement Ammassalik, 2018 habitants en 2016, est pass\u00e9e d\u2019un mode de vie n\u00e9olithique \u00e0 Internet en moins de cent ans.<\/p>\n<p>&nbsp;<\/p>\n<hr \/>\n<h3><strong>Mot de l&rsquo;auteur\u00a0<\/strong><\/h3>\n<p>Mon objectif d\u2019\u00e9criture est de rendre la vitalit\u00e9 des formes orales traditionnelles au Groenland, en y insufflant plus de r\u00e9cit, \u00e0 la mani\u00e8re de micro-nouvelles o\u00f9 les portraits ont une place pr\u00e9pond\u00e9rante. Il r\u00e9sonne avec mon propre v\u00e9cu. J\u2019ai imagin\u00e9 ainsi des sc\u00e8nes de rencontres et de dialogues \u00e9tranges, peint des d\u00e9cors, les chiens, le d\u00e9s\u0153uvrement, les enfants, les vieux\u2026 En m\u2019attachant \u00e0 concentrer la vie, j\u2019ai cherch\u00e9 ce qui nous touche en eux.<br \/>\nDe ces neuf longs po\u00e8mes, que j\u2019ai pens\u00e9s comme des glaciers, s\u2019\u00e9chappent des aphorismes, comme autant d\u2019icebergs issus de choses vues, entendues ou lues sur place.<\/p>\n<p>&nbsp;<\/p>\n<hr \/>\n<h3><strong>Technical features\u00a0<\/strong><\/h3>\n<ul>\n<li class=\"p1\">Photographie et texte : Sandrine CNUDDE<\/li>\n<li class=\"p1\">Postface :\u00a0 Jo\u00eblle ROBERT-LAMBLIN<\/li>\n<li class=\"p1\">Format 17 x 24 cm<\/li>\n<li class=\"p1\">Livre de 132 pages dont :<\/li>\n<li class=\"p1\">120 pages sur papier Arctic White 150\u2009gr<\/li>\n<li class=\"p1\">12 pages calque<\/li>\n<li class=\"p1\">Couverture reli\u00e9e cartonn\u00e9e, dos rond, tranchefile<\/li>\n<li class=\"p1\">Pelliculage textur\u00e9<\/li>\n<li class=\"p1\">ISBN : 9791095118077<\/li>\n<li class=\"p1\">Prix public : 32\u20ac<\/li>\n<li class=\"p1\">Parution : 25 Septembre 2018<\/li>\n<\/ul>\n<p>&nbsp;<\/p>\n<hr \/>\n<h3><strong>Exhibitions<\/strong><\/h3>\n<p><strong>Lectures, rencontres et d\u00e9dicaces avec Sandrine Cnudde :<\/strong><\/p>\n<ul>\n<li>8-11 novembre 2018 &#8211; Signature au stand du PhotoBook Social Club au <em>Fotofever Carrousel du Louvre<\/em><\/li>\n<li>9 novembre 2018 \u00e0 19h30 \u2013 D\u00e9crochage et lecture \u00e0 la <em>Galerie Insula<\/em>, Paris 6<sup>\u00e8me<\/sup><\/li>\n<\/ul>\n<p>&nbsp;<\/p>\n<hr \/>\n<h3><strong>Press\u00a0<\/strong><\/h3>\n<p><a href=\"https:\/\/editionslightmotiv.com\/wp-content\/uploads\/2018\/07\/DP_DGDC.pdf\" target=\"_blank\" rel=\"noopener\">Download the press release in english<\/a><\/p>\n<p><a href=\"https:\/\/lintervalle.blog\/2018\/09\/24\/groenland-un-paradis-se-mourant-par-sandrine-cnudde-ecrivain-photographe\/\" target=\"_blank\" rel=\"noopener\">Article sur l&rsquo;Intervalle, par Fabien Ribery<\/a><\/p>\n<p><a href=\"http:\/\/www.lacritique.org\/article-sandrine-cnudde-et-la-gueule-du-ciel\" target=\"_blank\" rel=\"noopener\">Article Sandrine Cnudde et DANS LA GUEULE DU CIEL par Fr\u00e9d\u00e9ric Martin<\/a><\/p>","protected":false},"excerpt":{"rendered":"<p>DANS LA GUEULE DU CIEL\u00a0 Sandrine Cnudde &amp; Jo\u00eblle Robert-Lamblin\u00a0 Dans la gueule du ciel\u00a0pr\u00e9sente une communaut\u00e9 inuite de la c\u00f4te orientale du Groenland. Adapt\u00e9e \u00e0 l\u2019un des milieux les plus hostiles de la plan\u00e8te, elle subit aujourd\u2019hui des bouleversements profonds qui vont de la dilution de sa culture \u00e0 la mutation du climat en<\/p>","protected":false},"featured_media":856,"template":"","meta":[],"product_brand":[],"product_cat":[135],"product_tag":[207,159,158,195,197,160,205,204,157,206],"class_list":{"0":"post-540","1":"product","2":"type-product","3":"status-publish","4":"has-post-thumbnail","6":"product_cat-livre","7":"product_tag-ammassalik","8":"product_tag-groenland","9":"product_tag-inuit","10":"product_tag-livre-photographique","11":"product_tag-photobook","12":"product_tag-poesie","13":"product_tag-poetry","14":"product_tag-randonnee","15":"product_tag-sandrine-cnudde","16":"product_tag-tasiilaq","18":"first","19":"instock","20":"shipping-taxable","21":"purchasable","22":"product-type-simple"},"_links":{"self":[{"href":"https:\/\/editionslightmotiv.com\/en\/wp-json\/wp\/v2\/product\/540","targetHints":{"allow":["GET"]}}],"collection":[{"href":"https:\/\/editionslightmotiv.com\/en\/wp-json\/wp\/v2\/product"}],"about":[{"href":"https:\/\/editionslightmotiv.com\/en\/wp-json\/wp\/v2\/types\/product"}],"wp:featuredmedia":[{"embeddable":true,"href":"https:\/\/editionslightmotiv.com\/en\/wp-json\/wp\/v2\/media\/856"}],"wp:attachment":[{"href":"https:\/\/editionslightmotiv.com\/en\/wp-json\/wp\/v2\/media?parent=540"}],"wp:term":[{"taxonomy":"product_brand","embeddable":true,"href":"https:\/\/editionslightmotiv.com\/en\/wp-json\/wp\/v2\/product_brand?post=540"},{"taxonomy":"product_cat","embeddable":true,"href":"https:\/\/editionslightmotiv.com\/en\/wp-json\/wp\/v2\/product_cat?post=540"},{"taxonomy":"product_tag","embeddable":true,"href":"https:\/\/editionslightmotiv.com\/en\/wp-json\/wp\/v2\/product_tag?post=540"}],"curies":[{"name":"wp","href":"https:\/\/api.w.org\/{rel}","templated":true}]}}