{"id":538,"date":"2017-11-17T14:46:38","date_gmt":"2017-11-17T13:46:38","guid":{"rendered":"http:\/\/editionslightmotiv.apps-1and1.net\/?post_type=product&#038;p=538"},"modified":"2024-04-09T15:10:09","modified_gmt":"2024-04-09T13:10:09","slug":"le-grand-detour-charles-delcourt","status":"publish","type":"product","link":"https:\/\/editionslightmotiv.com\/en\/product\/le-grand-detour-charles-delcourt\/","title":{"rendered":"LE GRAND D\u00c9TOUR"},"content":{"rendered":"<h3><em><strong>LE GRAND D\u00c9TOUR\u00a0<\/strong><\/em><\/h3>\n<h3><em><strong>Charles Delcourt &amp; Dominique Fabre<\/strong><\/em><\/h3>\n<p><a href=\"https:\/\/fr.calameo.com\/read\/001358984db7b1e78fca7\" target=\"_blank\" rel=\"noopener\">Read the book online<\/a><\/p>\n<p class=\"p1\">La petite ceinture est une\u00a0<strong>infrastructure ferr\u00e9e<\/strong>\u00a0implant\u00e9e \u00e0 Paris dans la deuxi\u00e8me moiti\u00e9 du XIX<sup>\u00e8me<\/sup>\u00a0si\u00e8cle pour le transport des voyageurs et des marchandises. Elle traverse\u00a0<strong>neuf arrondissements<\/strong>\u00a0p\u00e9riph\u00e9riques de la capitale et permet de d\u00e9couvrir Paris d\u2019un point de vue diff\u00e9rent.\u00a0 T\u00e9moignage du pass\u00e9 ferroviaire pour les uns, espace \u00e0 reconqu\u00e9rir pour d\u2019autres. Cet espace en friche, \u00e9nigmatique, est un lieu propice aux observations urbaines et \u00e0 la cr\u00e9ation artistique. En grande partie recouverte par la v\u00e9g\u00e9tation, progressivement r\u00e9habilit\u00e9e en jardin, elle est une pi\u00e8ce ma\u00eetresse d\u2019un nouveau paysage parisien.<\/p>\n<p class=\"p1\"><strong>\u00c0 l\u2019horizon 2020<\/strong>\u00a0ce seront dix kilom\u00e8tres ouverts au total (3,5\u2009km en 2017) au public.<\/p>\n<p class=\"p1\">\u00ab\u2009Comme les rois d\u2019un monde cach\u00e9\u2009\u00bb Charles Delcourt, photographe, et Dominique Fabre, \u00e9crivain, ont parcouru \u00e0 deux cette boucle de 32 km, rencontr\u00e9 les habitants et les passants qui occupent ou empruntent cet espace, et ont cr\u00e9\u00e9 ensemble un savoureux m\u00e9lange de photographies et de textes qui nous donne l&rsquo;impression de randonner \u00e0 leurs c\u00f4t\u00e9s.<\/p>\n<p class=\"p1\"><em>\u00ab\u00a0&#8211; Ah oui, la petite ceinture ? C&rsquo;est comme la vraie campagne, mais \u00e0 Paris !<br \/>\nMais encore ? fin de la conversation.<br \/>\nLa premi\u00e8re fois, Charles et moi, on s&rsquo;est regard\u00e9s d&rsquo;un dr\u00f4le d&rsquo;air. Lui conna\u00eet bien la campagne et moi j&rsquo;ai des allergies. C&rsquo;est quoi la campagne \u00e0 Paris ? Il nous fallait en avoir le coeur net.\u00a0\u00bb<\/em><\/p>\n<p style=\"text-align: right;\"><strong>Texte de Dominique Fabre<\/strong><\/p>\n<p>&nbsp;<\/p>\n<hr \/>\n<h3><strong>Technical features\u00a0<\/strong><\/h3>\n<ul>\n<li class=\"p1\">Photographies : Charles DELCOURT<\/li>\n<li class=\"p1\">Texte : Dominique FABRE<\/li>\n<li class=\"p1\">Parution : 17 Novembre 2017<\/li>\n<li class=\"p1\">Format 18 x 24 cm<\/li>\n<li class=\"p1\">Livre de 140 pages dont :<\/li>\n<li class=\"p1\">78 pages sur papier Arctic White 150\u2009gr<\/li>\n<li class=\"p1\">60 pages textes Munken pure rough 100\u2009gr<\/li>\n<li class=\"p1\">Couverture reli\u00e9e cartonn\u00e9e, dos rond, tranchefile<\/li>\n<li class=\"p1\">Pelliculage tiss\u00e9<\/li>\n<li class=\"p1\">ISBN : 9791095118060<\/li>\n<li class=\"p1\">Prix public : 32\u20ac<\/li>\n<\/ul>\n<p>&nbsp;<\/p>\n<hr \/>\n<h3><strong>Press<\/strong><\/h3>\n<p><a href=\"https:\/\/editionslightmotiv.com\/wp-content\/uploads\/2017\/11\/DP_granddetour.pdf\">Download the press release in english<\/a><\/p>\n<p><a href=\"https:\/\/lintervalle.blog\/2018\/06\/30\/la-petite-ceinture-parisienne-lutopie-des-mauvaises-herbes-par-charles-delcourt-et-dominique-fabre\/\" target=\"_blank\" rel=\"noopener\">Read the article on L'Intervalle, Fabien Ribery<\/a><\/p>\n<p>&nbsp;<\/p>\n<p>&nbsp;<\/p>","protected":false},"excerpt":{"rendered":"<p>LE GRAND D\u00c9TOUR\u00a0 Charles Delcourt &amp; Dominique Fabre Consulter le livre en ligne La petite ceinture est une\u00a0infrastructure ferr\u00e9e\u00a0implant\u00e9e \u00e0 Paris dans la deuxi\u00e8me moiti\u00e9 du XIX\u00e8me\u00a0si\u00e8cle pour le transport des voyageurs et des marchandises. Elle traverse\u00a0neuf arrondissements\u00a0p\u00e9riph\u00e9riques de la capitale et permet de d\u00e9couvrir Paris d\u2019un point de vue diff\u00e9rent.\u00a0 T\u00e9moignage du pass\u00e9 ferroviaire<\/p>","protected":false},"featured_media":855,"template":"","meta":[],"product_brand":[],"product_cat":[135],"product_tag":[47,216,153,195,152,154,197,211,217],"class_list":{"0":"post-538","1":"product","2":"type-product","3":"status-publish","4":"has-post-thumbnail","6":"product_cat-livre","7":"product_tag-charles-delcourt","8":"product_tag-documentary-photography","9":"product_tag-dominique-fabre","10":"product_tag-livre-photographique","11":"product_tag-paris","12":"product_tag-petite-ceinture","13":"product_tag-photobook","14":"product_tag-photographie-documentaire","15":"product_tag-train","17":"first","18":"instock","19":"shipping-taxable","20":"purchasable","21":"product-type-simple"},"_links":{"self":[{"href":"https:\/\/editionslightmotiv.com\/en\/wp-json\/wp\/v2\/product\/538","targetHints":{"allow":["GET"]}}],"collection":[{"href":"https:\/\/editionslightmotiv.com\/en\/wp-json\/wp\/v2\/product"}],"about":[{"href":"https:\/\/editionslightmotiv.com\/en\/wp-json\/wp\/v2\/types\/product"}],"wp:featuredmedia":[{"embeddable":true,"href":"https:\/\/editionslightmotiv.com\/en\/wp-json\/wp\/v2\/media\/855"}],"wp:attachment":[{"href":"https:\/\/editionslightmotiv.com\/en\/wp-json\/wp\/v2\/media?parent=538"}],"wp:term":[{"taxonomy":"product_brand","embeddable":true,"href":"https:\/\/editionslightmotiv.com\/en\/wp-json\/wp\/v2\/product_brand?post=538"},{"taxonomy":"product_cat","embeddable":true,"href":"https:\/\/editionslightmotiv.com\/en\/wp-json\/wp\/v2\/product_cat?post=538"},{"taxonomy":"product_tag","embeddable":true,"href":"https:\/\/editionslightmotiv.com\/en\/wp-json\/wp\/v2\/product_tag?post=538"}],"curies":[{"name":"wp","href":"https:\/\/api.w.org\/{rel}","templated":true}]}}