{"id":50,"date":"2014-11-01T16:52:59","date_gmt":"2014-11-01T15:52:59","guid":{"rendered":"http:\/\/editionslightmotiv.apps-1and1.net\/?post_type=product&#038;p=50"},"modified":"2025-04-09T15:32:00","modified_gmt":"2025-04-09T13:32:00","slug":"un-lion-derriere-la-vitre-avec-tirage","status":"publish","type":"product","link":"https:\/\/editionslightmotiv.com\/en\/product\/un-lion-derriere-la-vitre-avec-tirage\/","title":{"rendered":"Un lion derri\u00e8re la vitre &#8211; Livre avec tirage"},"content":{"rendered":"<h3><em><strong>UN LION DERRI\u00c8RE LA VITRE<\/strong><\/em><\/h3>\n<h3><em><strong>Eric Le Brun &amp; Anouar Benmalek\u00a0<\/strong><\/em><\/h3>\n<p><a href=\"https:\/\/fr.calameo.com\/read\/00135898460819cab6603\" target=\"blank\" rel=\"noopener\">Read the book online<\/a><\/p>\n<p class=\"p1\">De Venise \u00e0 Istanbul, puis J\u00e9rusalem, Alexandrie, Sarajevo et retour vers Cordoue, les textes d\u2019Eric Le Brun surgissent et circulent entre ses propres photographies. Dans la garde du livre, les chants anciens et les po\u00e8mes d\u2019Anouar Benmalek, choisis et interpr\u00e9t\u00e9s par Emmanuelle Bunel, rejoignent et pr\u00e9cisent la trame de l\u2019ensemble : dans le vaste pays de la mer, en M\u00e9diterran\u00e9e, les villes survivent aux hommes qui les cr\u00e9ent ou les malm\u00e8nent, comme des fl\u00e8ches lanc\u00e9es dans le passage du temps.<\/p>\n<p class=\"p3\"><i>La pr\u00e9face est \u00e9crite par Anouar Benmalek, \u00e9crivain alg\u00e9rien souvent qualifi\u00e9 de Faulkner m\u00e9diterran\u00e9en par la presse fran\u00e7aise. Emmanuelle Bunel, chanteuse et metteur en sc\u00e8ne de la compagnie La Morena, revisite \u00ab\u2009la mer blanche\u2009\u00bb \u00e0 partir des photographies et de chants anciens du pourtour m\u00e9diterran\u00e9en.<\/i><\/p>\n<p>&nbsp;<\/p>\n<hr \/>\n<h3><strong>Technical features\u00a0<\/strong><\/h3>\n<ul>\n<li class=\"p1\">Photographies et textes : Eric LE BRUN<\/li>\n<li class=\"p1\">Chants : Emmanuelle BUNEL &#8211; Pr\u00e9face : Anouar BENMALEK<\/li>\n<li class=\"p1\">Livre de 160 pages, format 18 x 24 cm.<\/li>\n<li class=\"p1\">Couverture reli\u00e9e, imprim\u00e9e sur toile, dos carr\u00e9 coll\u00e9 cousu.<\/li>\n<li class=\"p1\">Impression bichromie sur papier Condat 170 gr, CD inclus dans la garde.<\/li>\n<li class=\"p1\">Chaque texte en fran\u00e7ais est traduit en anglais et dans la langue de la ville.<\/li>\n<li class=\"p1\">Tirage 1 000 exemplaires.<\/li>\n<li class=\"p1\">ISBN : 9782953790887<\/li>\n<li class=\"p1\">Parution : novembre 2014<\/li>\n<li><strong>Prix du livre sans tirage : 38 euros<\/strong><\/li>\n<\/ul>\n<hr \/>\n<h3><strong>Tirage limit\u00e9 du photographe Eric Le Brun\u00a0<\/strong><\/h3>\n<p>Tirage limit\u00e9 au choix, num\u00e9rot\u00e9 (sur 20), sign\u00e9 par la photographe<br \/>\nSur papier Hahnem\u00fclhe Fine Art, au format <strong>17x23cm<br \/>\n<\/strong>Le tirage est la photographie apr\u00e8s l&rsquo;image de couverture dans la galerie photos du produit<br \/>\n<strong>Prix du livre avec tirage : 100 euros<\/strong><\/p>\n<hr \/>\n<h3><strong>Press<\/strong><\/h3>\n<p><a href=\"https:\/\/editionslightmotiv.com\/wp-content\/uploads\/2016\/01\/unlionderrierelavitre.pdf\" target=\"_blank\" rel=\"noopener\">Download the press release in english<\/a><\/p>\n<p class=\"p1\">","protected":false},"excerpt":{"rendered":"<p>UN LION DERRI\u00c8RE LA VITRE Eric Le Brun &amp; Anouar Benmalek\u00a0 Consulter le livre en ligne De Venise \u00e0 Istanbul, puis J\u00e9rusalem, Alexandrie, Sarajevo et retour vers Cordoue, les textes d\u2019Eric Le Brun surgissent et circulent entre ses propres photographies. Dans la garde du livre, les chants anciens et les po\u00e8mes d\u2019Anouar Benmalek, choisis et<\/p>","protected":false},"featured_media":862,"template":"","meta":[],"product_brand":[],"product_cat":[144],"product_tag":[27,143,216,28,29,195,227,30,197,211,273,274,226,225],"class_list":{"0":"post-50","1":"product","2":"type-product","3":"status-publish","4":"has-post-thumbnail","6":"product_cat-livre-avec-tirage","7":"product_tag-anouar-benmalek","8":"product_tag-chants","9":"product_tag-documentary-photography","10":"product_tag-emmanuelle-bunel","11":"product_tag-eric-le-brun","12":"product_tag-livre-photographique","13":"product_tag-mediterranean","14":"product_tag-mediterranee","15":"product_tag-photobook","16":"product_tag-photographie-documentaire","17":"product_tag-print","18":"product_tag-tirage","19":"product_tag-travel","20":"product_tag-voyage","22":"first","23":"instock","24":"shipping-taxable","25":"purchasable","26":"product-type-simple"},"_links":{"self":[{"href":"https:\/\/editionslightmotiv.com\/en\/wp-json\/wp\/v2\/product\/50","targetHints":{"allow":["GET"]}}],"collection":[{"href":"https:\/\/editionslightmotiv.com\/en\/wp-json\/wp\/v2\/product"}],"about":[{"href":"https:\/\/editionslightmotiv.com\/en\/wp-json\/wp\/v2\/types\/product"}],"wp:featuredmedia":[{"embeddable":true,"href":"https:\/\/editionslightmotiv.com\/en\/wp-json\/wp\/v2\/media\/862"}],"wp:attachment":[{"href":"https:\/\/editionslightmotiv.com\/en\/wp-json\/wp\/v2\/media?parent=50"}],"wp:term":[{"taxonomy":"product_brand","embeddable":true,"href":"https:\/\/editionslightmotiv.com\/en\/wp-json\/wp\/v2\/product_brand?post=50"},{"taxonomy":"product_cat","embeddable":true,"href":"https:\/\/editionslightmotiv.com\/en\/wp-json\/wp\/v2\/product_cat?post=50"},{"taxonomy":"product_tag","embeddable":true,"href":"https:\/\/editionslightmotiv.com\/en\/wp-json\/wp\/v2\/product_tag?post=50"}],"curies":[{"name":"wp","href":"https:\/\/api.w.org\/{rel}","templated":true}]}}