{"id":468,"date":"2017-12-10T12:53:51","date_gmt":"2017-12-10T11:53:51","guid":{"rendered":"http:\/\/editionslightmotiv.apps-1and1.net\/?post_type=product&#038;p=468"},"modified":"2024-08-12T18:07:05","modified_gmt":"2024-08-12T16:07:05","slug":"karnaval-jacmel-avec-tirage","status":"publish","type":"product","link":"https:\/\/editionslightmotiv.com\/en\/product\/karnaval-jacmel-avec-tirage\/","title":{"rendered":"Karnaval Jacmel &#8211; Livre avec tirage"},"content":{"rendered":"<h3><em><strong>KARNAVAL JACMEL<\/strong><\/em><\/h3>\n<h3><em><strong>Corentin Fohlen &amp; Ren\u00e9 Depestre\u00a0<\/strong><\/em><\/h3>\n<p><a href=\"https:\/\/fr.calameo.com\/read\/001358984b98ec2bb3366\" target=\"_blank\" rel=\"noopener\">Read the book online<\/a><\/p>\n<p>Chaque ann\u00e9e, dans la ville de Jacmel au sud d\u2019Ha\u00efti, a lieu le plus important carnaval du pays, durant les Gras. La plupart des habitants cr\u00e9ent et renouvellent leur costume, librement inspir\u00e9 de tout ce qui traverse la r\u00e9alit\u00e9 et l\u2019imaginaire ha\u00eftiens. Depuis 2014, fort de ce patrimoine immat\u00e9riel et artistique, Jacmel est reconnue ville cr\u00e9ative d\u2019artisanat et d\u2019arts populaires par l\u2019Unesco.<\/p>\n<p>Pour transmettre cette magie d\u00e9filante, Corentin Fohlen a choisi d\u2019isoler chaque personnage de la foule du carnaval en installant son studio en ext\u00e9rieur, et en composant \u00e0 chaque fois sa propre lumi\u00e8re. Son travail \u00e9tonnant et pr\u00e9cis r\u00e9v\u00e8le au-del\u00e0 de la beaut\u00e9 des costumes, le talent inventif d\u2019un peuple toujours debout.<\/p>\n<p>Ce travail a \u00e9t\u00e9 r\u00e9alis\u00e9 en 2016 et 2017 pendant le d\u00e9fil\u00e9 du carnaval de Jacmel, un studio photo de rue install\u00e9 pour l&rsquo;occasion ; il a \u00e9t\u00e9 publi\u00e9 dans les magazines G\u00c9O, LA VIE, NATIONAL GEOGRAPHIC.COM, RENDEZ-VOUS PHOTOS, LFI (Leica Fotografie International), la revue A\/R magazine voyageur.<\/p>\n<p>&nbsp;<\/p>\n<hr \/>\n<h3><strong>Caract\u00e9ristiques techniques de <\/strong><em><strong>KARNAVAL JACMEL<\/strong><\/em><\/h3>\n<ul>\n<li>Photographies : Corentin FOHLEN<\/li>\n<li>Textes : Ren\u00e9 DEPESTRE<\/li>\n<li>Face aux photographies : po\u00e8me \u00ab\u00a0Souvenir d&rsquo;adolescence\u00a0\u00bb En fin d&rsquo;ouvrage \u00ab\u00a0Parler de Jacmel\u00a0\u00bb extrait de l&rsquo;ouvrage <em>Ecrire le Pays<\/em><\/li>\n<li>Eclairage historique : Jean-Ellie Giles<\/li>\n<li>Parution : 10 Novembre 2017<\/li>\n<li>Livre de 96 pages &#8211; Format 20 x 30 cm<\/li>\n<li>Couverture reli\u00e9e cartonn\u00e9e, dos carr\u00e9 cousu<\/li>\n<li>Effet m\u00e9tallis\u00e9 sur la couverture (cold foil)<\/li>\n<li>Impression quadrichromie + Pantone bleu sur Condat P\u00e9rigord 170 gr<\/li>\n<li>Tranche imprim\u00e9e en couleur noire (jaspage)<\/li>\n<li>ISBN : 9791095118053<\/li>\n<li>Parution : 10 novembre 2017<\/li>\n<\/ul>\n<hr \/>\n<h3><strong>Tirage limit\u00e9 de Corentin Fohlen<br \/>\n<\/strong><\/h3>\n<p>Tirage de t\u00eate limit\u00e9 au choix, num\u00e9rot\u00e9, sign\u00e9 par le photographe<br \/>\n3 mod\u00e8les (voir les visuels sur le produit)<br \/>\n20 exemplaires par mod\u00e8le<br \/>\nSur papier Hahnem\u00fchle Photo Rag, 310 gr, au format 19x28cm<\/p>\n<p>&nbsp;<\/p>\n<hr \/>\n<h3><strong>Exhibitions<\/strong><\/h3>\n<ul>\n<li>Du 16 juin au 05 ao\u00fbt 2018 : exposition \u00e0 la Galerie L&rsquo;Angle Photographie \u00e0 Hendaye<\/li>\n<li>14 Septembre 2018 : exposition au Leica Store Beaumarchais, 52-54 Boulevard Beaumarchais 75011 \u00e0 Paris<\/li>\n<\/ul>\n<p>&nbsp;<\/p>\n<hr \/>\n<h3><strong>Press\u00a0<\/strong><\/h3>\n<p><a href=\"https:\/\/editionslightmotiv.com\/wp-content\/uploads\/2017\/12\/argumentaire_karnaval_lightmotiv.pdf\" target=\"_blank\" rel=\"noopener\">Download the press release in english<\/a><\/p>\n<p><a href=\"https:\/\/www.marianne.net\/culture\/le-photographe-corentin-fohlen-nous-livre-haiti-sans-fard\" target=\"_blank\" rel=\"noopener\">Lire l&rsquo;article sur Marianne<\/a><br \/>\n<a href=\"https:\/\/www.nationalgeographic.com\/photography\/proof\/2017\/02\/carnaval-haiti-mardi-gras\/\" target=\"_blank\" rel=\"noopener\">Lire l&rsquo;article sur National Geographic (english)<br \/>\n<\/a><a href=\"https:\/\/www.geo.fr\/voyage\/haiti-les-fortes-tetes-du-carnaval-de-jacmel-170742\" target=\"_blank\" rel=\"noopener\">Lire l&rsquo;article sur GEO<\/a><a href=\"https:\/\/www.nationalgeographic.com\/photography\/proof\/2017\/02\/carnaval-haiti-mardi-gras\/\" target=\"_blank\" rel=\"noopener\"><br \/>\n<\/a><a href=\"https:\/\/lintervalle.blog\/2017\/12\/16\/haiti-une-identite-carnavalesque-par-corentin-fohlen-photographe\/ target=\" target=\"_blank\" rel=\"noopener\">Read the article on L'Intervalle, Fabien Ribery<\/a><a href=\"https:\/\/www.nationalgeographic.com\/photography\/proof\/2017\/02\/carnaval-haiti-mardi-gras\/\" target=\"_blank\" rel=\"noopener\"><br \/>\n<\/a><a href=\"https:\/\/www.letelegramme.fr\/morbihan\/pontivy\/kenere-karnaval-jacmel-une-fete-haitienne-18-06-2018-11997872.php\" target=\"_blank\" rel=\"noopener\">Lire l&rsquo;article sur le T\u00e9l\u00e9gramme<\/a><\/p>\n<p>&nbsp;<\/p>\n<hr \/>\n<h3><strong>Entretien avec Corentin Fohlen<\/strong><\/h3>\n<p><iframe loading=\"lazy\" title=\"Entretien avec Corentin Fohlen\" width=\"1020\" height=\"574\" src=\"https:\/\/www.youtube.com\/embed\/RM87NZkOOeU?feature=oembed\" frameborder=\"0\" allow=\"accelerometer; autoplay; clipboard-write; encrypted-media; gyroscope; picture-in-picture; web-share\" referrerpolicy=\"strict-origin-when-cross-origin\" allowfullscreen><\/iframe><\/p>","protected":false},"excerpt":{"rendered":"<p>KARNAVAL JACMEL Corentin Fohlen &amp; Ren\u00e9 Depestre\u00a0 Consulter le livre en ligne Chaque ann\u00e9e, dans la ville de Jacmel au sud d\u2019Ha\u00efti, a lieu le plus important carnaval du pays, durant les Gras. La plupart des habitants cr\u00e9ent et renouvellent leur costume, librement inspir\u00e9 de tout ce qui traverse la r\u00e9alit\u00e9 et l\u2019imaginaire ha\u00eftiens. Depuis<\/p>","protected":false},"featured_media":860,"template":"","meta":[],"product_brand":[],"product_cat":[144],"product_tag":[78,208,16,216,17,79,264,195,197,211,273,80,274],"class_list":{"0":"post-468","1":"product","2":"type-product","3":"status-publish","4":"has-post-thumbnail","6":"product_cat-livre-avec-tirage","7":"product_tag-carnaval","8":"product_tag-carnival","9":"product_tag-corentin-fohlen","10":"product_tag-documentary-photography","11":"product_tag-haiti","12":"product_tag-jacmel","13":"product_tag-livre-photo","14":"product_tag-livre-photographique","15":"product_tag-photobook","16":"product_tag-photographie-documentaire","17":"product_tag-print","18":"product_tag-rene-depestre","19":"product_tag-tirage","21":"first","22":"instock","23":"shipping-taxable","24":"purchasable","25":"product-type-variable"},"_links":{"self":[{"href":"https:\/\/editionslightmotiv.com\/en\/wp-json\/wp\/v2\/product\/468","targetHints":{"allow":["GET"]}}],"collection":[{"href":"https:\/\/editionslightmotiv.com\/en\/wp-json\/wp\/v2\/product"}],"about":[{"href":"https:\/\/editionslightmotiv.com\/en\/wp-json\/wp\/v2\/types\/product"}],"wp:featuredmedia":[{"embeddable":true,"href":"https:\/\/editionslightmotiv.com\/en\/wp-json\/wp\/v2\/media\/860"}],"wp:attachment":[{"href":"https:\/\/editionslightmotiv.com\/en\/wp-json\/wp\/v2\/media?parent=468"}],"wp:term":[{"taxonomy":"product_brand","embeddable":true,"href":"https:\/\/editionslightmotiv.com\/en\/wp-json\/wp\/v2\/product_brand?post=468"},{"taxonomy":"product_cat","embeddable":true,"href":"https:\/\/editionslightmotiv.com\/en\/wp-json\/wp\/v2\/product_cat?post=468"},{"taxonomy":"product_tag","embeddable":true,"href":"https:\/\/editionslightmotiv.com\/en\/wp-json\/wp\/v2\/product_tag?post=468"}],"curies":[{"name":"wp","href":"https:\/\/api.w.org\/{rel}","templated":true}]}}