{"id":465,"date":"2016-12-12T12:48:02","date_gmt":"2016-12-12T11:48:02","guid":{"rendered":"http:\/\/editionslightmotiv.apps-1and1.net\/?post_type=product&#038;p=465"},"modified":"2024-04-18T14:29:40","modified_gmt":"2024-04-18T12:29:40","slug":"haiti-livre-avec-tirage","status":"publish","type":"product","link":"https:\/\/editionslightmotiv.com\/en\/product\/haiti-livre-avec-tirage\/","title":{"rendered":"Ha\u00efti &#8211; Livre avec tirage"},"content":{"rendered":"<h3><em><strong>HA\u00cfTI\u00a0<\/strong><\/em><\/h3>\n<h3><em><strong>Corentin Fohlen, James No\u00ebl, Jean-Marie Th\u00e9odat &amp; Marie-Piette Subtil<\/strong><\/em><\/h3>\n<p><span style=\"font-size: 170%; color: #f99b1c;\"><b><span style=\"color: #bf9b17;\"><strong>PRIX AFD\/Lib\u00e9ration 2016 &#8211; MEILLEUR REPORTAGER PHOTO<\/strong><\/span><\/b><\/span><\/p>\n<p><a href=\"https:\/\/fr.calameo.com\/read\/001358984e0920a30f228\" target=\"_blank\" rel=\"noopener\">Read the book online<\/a><\/p>\n<p>12 janvier 2010, un s\u00e9isme d\u00e9vaste Port-au-Prince en Ha\u00efti.<br \/>\nCorentin Fohlen rejoint l\u2019\u00eele et couvre l\u2019\u00e9v\u00e8nement pour la presse. Il y retourne \u00e0 plusieurs reprises pour suivre l\u2019actualit\u00e9 et les cons\u00e9quences du drame.<br \/>\nTomb\u00e9 litt\u00e9ralement amoureux de cette \u00eele, de sa culture et de ses habitants, en 2012 il d\u00e9cide de s\u2019engager dans un reportage au long cours. La reconstruction, le tourisme humanitaire, la bourgeoisie, l\u2019ing\u00e9rence \u00e9trang\u00e8re, sont autant de sujets que le photographe aborde avec un regard neuf&#8230; \u00ab\u2009Un livre qui fait de l\u2019ancienne Perle des Antilles la nouvelle \u00eele de tous les possibles. Aux yeux du monde. Et pour le bien des Ha\u00eftiens, enfin.\u2009\u00bb G\u00e9rald Vidamment, Comp\u00e9tence photo<\/p>\n<p>Corentin Fohlen travaille en commande pour la presse fran\u00e7aise et internationale.<br \/>\nEn 2016, il est laur\u00e9at du Prix AFD\u2009\/\u2009Lib\u00e9ration du Meilleur reportage photo pour son travail au long cours en Ha\u00efti. Il a re\u00e7u plusieurs prix internationaux dont deux World Press, en 2016 et 2011 dans la cat\u00e9gorie Spot News, un Visa d\u2019or Jeune Reporter en 2010<br \/>\net un Sony World Photography Award obtenu en 2015.<\/p>\n<p>&nbsp;<\/p>\n<hr \/>\n<h3><strong>Technical features\u00a0<\/strong><\/h3>\n<ul>\n<li class=\"p1\">Photographies et textes : Corentin FOHLEN<\/li>\n<li class=\"p1\">Pr\u00e9face : James NO\u00cbL &#8211; Postface : Jean-Marie TH\u00c9ODAT &#8211; Introduction : Marie-Pierre SUBTIL<\/li>\n<li class=\"p1\">Livre de 172 pages, format 18 x 24 cm.<\/li>\n<li class=\"p1\">Couverture reli\u00e9e, imprim\u00e9e sur toile, marquage \u00e0 chaud dor\u00e9 en creux, dos carr\u00e9 coll\u00e9 cousu.<\/li>\n<li class=\"p1\">Impression sur papier Arctic certifi\u00e9 FSC.<\/li>\n<li class=\"p1\">ISBN : 9791095118039<\/li>\n<li class=\"p1\">Parution : 12 d\u00e9cembre 2016<\/li>\n<li><strong>Prix du livre sans tirage : 35 euros<\/strong><\/li>\n<li class=\"p1\"><b style=\"color: #555555; font-size: 14.4px;\">PRIX AFD\/Lib\u00e9ration 2016 &#8211;\u00a0<\/b><b style=\"color: #555555; font-size: 14.4px;\">MEILLEUR REPORTAGE PHOTO<\/b><\/li>\n<\/ul>\n<hr \/>\n<h3><strong>Tirage limit\u00e9 de Corentin Fohlen\u00a0<\/strong><\/h3>\n<p>Tirage limit\u00e9 au choix, num\u00e9rot\u00e9, sign\u00e9 par le photographe<br \/>\n2 mod\u00e8les (voir les visuels sur le produit)<br \/>\nSur\u00a0papier Hahnem\u00fchle Photo Rag, au format 16x23cm<br \/>\n<strong>Prix du livre avec tirage : 120 euros<\/strong><\/p>\n<hr \/>\n<h3><strong>Press\u00a0<\/strong><\/h3>\n<p><a href=\"https:\/\/www.parismatch.com\/Culture\/Art\/Corentin-Fohlen-son-amour-pour-Haiti-en-photographies-1124441\" target=\"_blank\" rel=\"noopener\">Lire l&rsquo;article sur Paris-Match<\/a><br \/>\n<a href=\"https:\/\/www.liberation.fr\/planete\/2017\/01\/12\/corentin-fohlen-je-veux-temoigner-de-la-formidable-energie-d-haiti_1541003\" target=\"_blank\" rel=\"noopener\">Lire l&rsquo;article sur Lib\u00e9ration<\/a><br \/>\n<a href=\"http:\/\/www.polkamagazine.com\/corentin-fohlen-haiti-cote-vie\/\" target=\"_blank\" rel=\"noopener\">Lire l&rsquo;article sur Polka Magazine<\/a><br \/>\n<a href=\"http:\/\/www.nouvelobs.com\/galeries-photos\/photo\/20180305.OBS3072\/grand-format-haiti-la-ville-abandonnee.html\" target=\"_blank\" rel=\"noopener\">Lire l&rsquo;article sur L&rsquo;Obs<\/a><br \/>\n<a href=\"https:\/\/www.neonmag.fr\/reportage-en-haiti-le-surf-comme-planche-de-salut-503935.html\" target=\"_blank\" rel=\"noopener\">Lire l&rsquo;article sur NEON<\/a><br \/>\n<a href=\"https:\/\/www.vice.com\/fr\/article\/nzgkqm\/haiti-corentin-fohlen-v11n1\" target=\"_blank\" rel=\"noopener\">Lire l&rsquo;article sur VICE<\/a><br \/>\n<a href=\"http:\/\/www.slate.fr\/grand-format\/bourgeoisie-haiti-photos-135044\" target=\"_blank\" rel=\"noopener\">Lire l&rsquo;article sur Slate<\/a><br \/>\n<a href=\"https:\/\/lintervalle.blog\/2017\/02\/10\/le-reel-dhaiti-premiere-republique-negre-par-le-photographe-corentin-fohlen\/\" target=\"_blank\" rel=\"noopener\">Read the article on L'Intervalle, Fabien Ribery<\/a><br \/>\n<a href=\"https:\/\/www.franceinter.fr\/emissions\/regardez-voir\/regardez-voir-22-janvier-2017\" target=\"_blank\" rel=\"noopener\">Ecouter le podcast sur France Inter<\/a><\/p>\n<p>&nbsp;<\/p>\n<hr \/>\n<h3><strong>Entretien avec Corentin Fohlen\u00a0<\/strong><\/h3>\n<p><iframe loading=\"lazy\" src=\"\/\/www.youtube.com\/embed\/RM87NZkOOeU\" width=\"560\" height=\"314\" allowfullscreen=\"allowfullscreen\"><\/iframe><\/p>","protected":false},"excerpt":{"rendered":"<p>HA\u00cfTI\u00a0 Corentin Fohlen, James No\u00ebl, Jean-Marie Th\u00e9odat &amp; Marie-Piette Subtil PRIX AFD\/Lib\u00e9ration 2016 &#8211; MEILLEUR REPORTAGER PHOTO Consulter le livre en ligne 12 janvier 2010, un s\u00e9isme d\u00e9vaste Port-au-Prince en Ha\u00efti. Corentin Fohlen rejoint l\u2019\u00eele et couvre l\u2019\u00e9v\u00e8nement pour la presse. Il y retourne \u00e0 plusieurs reprises pour suivre l\u2019actualit\u00e9 et les cons\u00e9quences du drame.<\/p>","protected":false},"featured_media":859,"template":"","meta":[],"product_brand":[],"product_cat":[144],"product_tag":[16,216,224,17,18,264,195,197,211,273,19,274],"class_list":{"0":"post-465","1":"product","2":"type-product","3":"status-publish","4":"has-post-thumbnail","6":"product_cat-livre-avec-tirage","7":"product_tag-corentin-fohlen","8":"product_tag-documentary-photography","9":"product_tag-earthquake","10":"product_tag-haiti","11":"product_tag-james-noel","12":"product_tag-livre-photo","13":"product_tag-livre-photographique","14":"product_tag-photobook","15":"product_tag-photographie-documentaire","16":"product_tag-print","17":"product_tag-seisme","18":"product_tag-tirage","20":"first","21":"instock","22":"shipping-taxable","23":"purchasable","24":"product-type-variable"},"_links":{"self":[{"href":"https:\/\/editionslightmotiv.com\/en\/wp-json\/wp\/v2\/product\/465","targetHints":{"allow":["GET"]}}],"collection":[{"href":"https:\/\/editionslightmotiv.com\/en\/wp-json\/wp\/v2\/product"}],"about":[{"href":"https:\/\/editionslightmotiv.com\/en\/wp-json\/wp\/v2\/types\/product"}],"wp:featuredmedia":[{"embeddable":true,"href":"https:\/\/editionslightmotiv.com\/en\/wp-json\/wp\/v2\/media\/859"}],"wp:attachment":[{"href":"https:\/\/editionslightmotiv.com\/en\/wp-json\/wp\/v2\/media?parent=465"}],"wp:term":[{"taxonomy":"product_brand","embeddable":true,"href":"https:\/\/editionslightmotiv.com\/en\/wp-json\/wp\/v2\/product_brand?post=465"},{"taxonomy":"product_cat","embeddable":true,"href":"https:\/\/editionslightmotiv.com\/en\/wp-json\/wp\/v2\/product_cat?post=465"},{"taxonomy":"product_tag","embeddable":true,"href":"https:\/\/editionslightmotiv.com\/en\/wp-json\/wp\/v2\/product_tag?post=465"}],"curies":[{"name":"wp","href":"https:\/\/api.w.org\/{rel}","templated":true}]}}