{"id":4476,"date":"2025-01-08T09:49:40","date_gmt":"2025-01-08T08:49:40","guid":{"rendered":"https:\/\/editionslightmotiv.com\/?post_type=product&#038;p=4476"},"modified":"2025-02-13T10:33:49","modified_gmt":"2025-02-13T09:33:49","slug":"marges-avec-tirage","status":"publish","type":"product","link":"https:\/\/editionslightmotiv.com\/en\/product\/marges-avec-tirage\/","title":{"rendered":"MARGES avec tirage"},"content":{"rendered":"<div class=\"page\" title=\"Page 1\">\n<div class=\"layoutArea\">\n<div class=\"column\">\n<div class=\"page\" title=\"Page 1\">\n<div class=\"layoutArea\">\n<div class=\"column\">\n<div class=\"column\">\n<div class=\"page\" title=\"Page 1\">\n<div class=\"layoutArea\">\n<div class=\"column\">\n<h2><em><strong>MARGES avec tirage<br \/>\nJ\u00e9r\u00e9mie Lenoir<\/strong><\/em><\/h2>\n<h4><em><strong>Textes de Pierre Wat, et Fabien Rib\u00e9ry<\/strong><\/em><\/h4>\n<div class=\"page\" title=\"Page 2\">\n<div class=\"section\">\n<div class=\"layoutArea\">\n<div class=\"column\">\n<div class=\"column\">\n<p><strong><em>MARGES<\/em><\/strong> est un travail photographique r\u00e9alis\u00e9 entre 2012 et 2024 <strong>le long de la Seine<\/strong>, depuis sa confluence avec l\u2019Yonne jusqu\u2019\u00e0 son embouchure au Havre. Au sens propre, <strong>J\u00e9r\u00e9mie Lenoir<\/strong> survole ces territoires suivant un protocole de prises de vues bien pr\u00e9cis utilis\u00e9 dans toutes ses missions a\u00e9riennes. Toujours \u00e0 la m\u00eame altitude de 400 m\u00e8tres, toujours vers midi, quand le soleil au z\u00e9nith \u00e9crase les ombres sur les paysages, fait perdre les rep\u00e8res, fait confondre les \u00e9chelles.<\/p>\n<p>Dans ce projet, il poursuit son anthropologie des paysages en parcourant la fronti\u00e8re entre villes et campagnes, cette ligne de tension o\u00f9 s\u2019inscrit, dans la terre, la globalisation f\u00e9roce des formes, usages et fonctions de nos espaces de vies. <strong>Chantiers, friches, carri\u00e8res, toitures, stockages, prennent ici des traits abstraits et symboliques qui arr\u00eatent le regard<\/strong>, ouvrant \u00e0 une contemplation sensible, po\u00e9tique, plastique, et permettant \u00e0 Lenoir de parfaire sa s\u00e9miotique originale des territoires contemporains.<\/p>\n<p><strong><em>\u00ab On dirait\u2026 \u00bb<\/em><\/strong>, c\u2019est l\u2019expression qu\u2019on entend le plus devant ses photographies, touchant \u00e0 l\u2019abstrait souvent, prenant des airs de tableaux de peinture parfois. Des pluies de ciment, un mur ancien, des t\u00e2ches microscopiques, des stries de patins \u00e0 glace, des coul\u00e9es de peinture\u2026 tout notre imaginaire est convoqu\u00e9 parce que nous ne reconnaissons rien de tangible. C\u2019est un relev\u00e9 inattendu des traces contemporaines, un relev\u00e9 calligraphique qu\u2019il nous transmet, vu du ciel. Inqui\u00e9tant effacement, merveilleuse abstraction, qui oriente toute la recherche du photographe au coeur de l\u2019esth\u00e9tique de la disparition.<\/p>\n<p>Les photographies de <a href=\"https:\/\/editionslightmotiv.com\/auteurs-photographes\/jeremie_lenoir\/\">J\u00e9r\u00e9mie Lenoir<\/a> sont accompagn\u00e9es d\u2019un texte in\u00e9dit de <strong>Pierre Wat<\/strong>, historien de l\u2019art, qui amplifie la r\u00e9sonance du jeu d\u2019illusion pratiqu\u00e9 par J\u00e9r\u00e9mie Lenoir entre la photographie et la peinture.<\/p>\n<p><em>\u00ab Cette confusion se fait \u00e0 la fa\u00e7on d\u2019une lutte durant laquelle il s\u2019agit pour le photographe d\u2019user de la force du peintre, afin d\u2019affronter ensemble le r\u00e9el si aveuglant. \u00bb<\/em><\/p>\n<p>Le texte de <strong>Fabien Rib\u00e9ry<\/strong>, auteur et agr\u00e9g\u00e9 de lettres modernes, a \u00e9t\u00e9 repris de son blog \u2018L\u2019Intervalle\u2019 sur lequel il publie des critiques de nombreux livres de photographie contemporains. Son blog est aujourd\u2019hui reconnu comme archive officielle de la BNF.<\/p>\n<p><em>\u00ab Le sol est remu\u00e9, brass\u00e9, recompos\u00e9, dans le jeu s\u2019\u00e9laborant entre les \u00e9chelles de grandeur\u2026 Les photographies de J\u00e9r\u00e9mie Lenoir sont des parois gratt\u00e9es, griff\u00e9es, hachur\u00e9es [\u2026] Ce que nous devinons reste une \u00e9nigme de plis, de routes et de d\u00e9routes, telle une toile froiss\u00e9e de Simon Hanta\u00ef. Nous sommes au coeur d\u2019un \u00e9cheveau de poussi\u00e8res, d\u2019une g\u00e9om\u00e9trie follement minutieuse, de barricades du n\u00e9ant. Nous sommes dans du langage fondamental \u00bb.<\/em><\/p>\n<p>La s\u00e9rie <strong><em>MARGES<\/em><\/strong> de J\u00e9r\u00e9mie Lenoir est expos\u00e9 \u00e0 la Galerie Guillaume \u00e0 Paris, jusqu\u2019au 17 janvier 2025.<\/p>\n<\/div>\n<\/div>\n<\/div>\n<\/div>\n<\/div>\n<hr \/>\n<h3><strong>Caract\u00e9ristiques techniques<\/strong><\/h3>\n<div class=\"column\">\n<ul style=\"list-style-type: disc;\">\n<li><span style=\"font-size: 80%;\">Parution : 23 janvier 2025<\/span><\/li>\n<li><span style=\"font-size: 80%;\">Photographies : J\u00e9r\u00e9mie Lenoir<\/span><\/li>\n<li><span style=\"font-size: 80%;\">Textes : Pierre Wat, et Fabien Rib\u00e9ry<\/span><\/li>\n<li><span style=\"font-size: 80%;\">Design graphique : Lucie Baratte<\/span><\/li>\n<li><span style=\"font-size: 80%;\">Format : 29,5 x 31,5 cm\u00a0<\/span><\/li>\n<li><span style=\"font-size: 80%;\">86 pages \u2013 45 photographies<\/span><\/li>\n<li><span style=\"font-size: 80%;\">Tirage de 1200 exemplaires (600 pour Light Motiv)e<\/span><\/li>\n<li><span style=\"font-size: 80%;\">Co-production avec J\u00e9r\u00e9mie Lenoir (pour la Galerie Guillaume qui le repr\u00e9sente)<\/span><\/li>\n<li><span style=\"font-size: 80%;\">Papiers int\u00e9rieurs : Munken Polar Rough 150gr (photographies et textes) \/ Fedrigoni Sirio Black (gardes)<\/span><\/li>\n<li><span style=\"font-size: 80%;\">Dos cousu recouvert d\u2019une toile \u2013 Reliure bodonienne (ouverture \u00e0 plat)<\/span><\/li>\n<li><span style=\"font-size: 80%;\">Couverture et int\u00e9rieur : impression quadrichromie<\/span><\/li>\n<li><span style=\"font-size: 80%;\">Couverture en colourboard 1,25mm<\/span><\/li>\n<li><span style=\"font-size: 80%;\">Polices : Knockout d\u2019Hoefler &amp; Frere-Jones, FF DIN d\u2019A.-J. Pool<\/span><\/li>\n<li><span style=\"font-size: 80%;\">ISBN : 9791095118305 <\/span><\/li>\n<li><span style=\"font-size: 80%;\">Prix public du livre (seul) : 44 \u20ac<\/span><\/li>\n<\/ul>\n<\/div>\n<\/div>\n<\/div>\n<\/div>\n<\/div>\n<div class=\"column\">\n<hr \/>\n<h3><strong>MARGES avec tirage limit\u00e9 (par J\u00e9r\u00e9mie Lenoir)<\/strong><\/h3>\n<p>Tirage limit\u00e9, num\u00e9rot\u00e9, sign\u00e9 par le photographe<br \/>\n6 mod\u00e8les &#8211; 10 exemplaires chacun<br \/>\nSur papier Hahnem\u00fchle Fine Art, cadr\u00e9 dans un format 29 x 30,5 cm<\/p>\n<p><strong>Prix du livre MARGES avec tirage : 180 euros<\/strong><\/p>\n<\/div>\n<div class=\"column\">\n<hr \/>\n<div class=\"column\">\n<h3><strong>Presse et coups de coeur<\/strong><\/h3>\n<\/div>\n<p><strong>Vous pouvez consulter et t\u00e9l\u00e9charger le\u00a0<a href=\"https:\/\/drive.google.com\/drive\/folders\/1KIFTS0akjFpPQyKlpj5K4w8eXqbBEZgA?usp=sharing\" target=\"_blank\" rel=\"noopener\">kit de presse<\/a>\u00a0complet (visuels, couverture, maquette du livre et dossier de presse).<\/strong><\/p>\n<\/div>\n<\/div>\n<\/div>\n<\/div>\n<\/div>\n<\/div>\n<\/div>\n","protected":false},"excerpt":{"rendered":"<p><em>J\u00e9r\u00e9mie Lenoir<\/em><\/p>","protected":false},"featured_media":4449,"template":"","meta":[],"product_brand":[],"product_cat":[144],"product_tag":[1012,1011,813,1016,1017,116,198,1022,1023,1010,1019,1015,44,812,1008,210,1024,235,199,197,696,697,1014,273,825,824,1009,1018,1013,274,792,1020,1021],"class_list":{"0":"post-4476","1":"product","2":"type-product","3":"status-publish","4":"has-post-thumbnail","6":"product_cat-livre-avec-tirage","7":"product_tag-abstraction","8":"product_tag-aerien","9":"product_tag-book","10":"product_tag-carriere","11":"product_tag-chantier","12":"product_tag-classic","13":"product_tag-dust","14":"product_tag-field","15":"product_tag-fieldwork","16":"product_tag-fleuve","17":"product_tag-friche","18":"product_tag-industrie","19":"product_tag-jeremie-lenoir","20":"product_tag-livre","21":"product_tag-marges","22":"product_tag-nord","23":"product_tag-painting","24":"product_tag-paysage","25":"product_tag-peinture","26":"product_tag-photobook","27":"product_tag-photographie","28":"product_tag-photography","29":"product_tag-platitude","30":"product_tag-print","31":"product_tag-river","32":"product_tag-riviere","33":"product_tag-seine","34":"product_tag-stockage","35":"product_tag-symbole","36":"product_tag-tirage","37":"product_tag-tirage-limite","38":"product_tag-toiture","39":"product_tag-usine","41":"first","42":"instock","43":"shipping-taxable","44":"purchasable","45":"product-type-variable"},"_links":{"self":[{"href":"https:\/\/editionslightmotiv.com\/en\/wp-json\/wp\/v2\/product\/4476","targetHints":{"allow":["GET"]}}],"collection":[{"href":"https:\/\/editionslightmotiv.com\/en\/wp-json\/wp\/v2\/product"}],"about":[{"href":"https:\/\/editionslightmotiv.com\/en\/wp-json\/wp\/v2\/types\/product"}],"wp:featuredmedia":[{"embeddable":true,"href":"https:\/\/editionslightmotiv.com\/en\/wp-json\/wp\/v2\/media\/4449"}],"wp:attachment":[{"href":"https:\/\/editionslightmotiv.com\/en\/wp-json\/wp\/v2\/media?parent=4476"}],"wp:term":[{"taxonomy":"product_brand","embeddable":true,"href":"https:\/\/editionslightmotiv.com\/en\/wp-json\/wp\/v2\/product_brand?post=4476"},{"taxonomy":"product_cat","embeddable":true,"href":"https:\/\/editionslightmotiv.com\/en\/wp-json\/wp\/v2\/product_cat?post=4476"},{"taxonomy":"product_tag","embeddable":true,"href":"https:\/\/editionslightmotiv.com\/en\/wp-json\/wp\/v2\/product_tag?post=4476"}],"curies":[{"name":"wp","href":"https:\/\/api.w.org\/{rel}","templated":true}]}}