{"id":4448,"date":"2025-01-02T15:08:11","date_gmt":"2025-01-02T14:08:11","guid":{"rendered":"https:\/\/editionslightmotiv.com\/?post_type=product&#038;p=4448"},"modified":"2025-12-02T15:13:16","modified_gmt":"2025-12-02T14:13:16","slug":"marges","status":"publish","type":"product","link":"https:\/\/editionslightmotiv.com\/en\/product\/marges\/","title":{"rendered":"MARGES"},"content":{"rendered":"<div class=\"page\" title=\"Page 1\">\n<div class=\"layoutArea\">\n<div class=\"column\">\n<div class=\"page\" title=\"Page 1\">\n<div class=\"layoutArea\">\n<div class=\"column\">\n<h2><em><strong>MARGES<br \/>J\u00e9r\u00e9mie Lenoir<\/strong><\/em><\/h2>\n<p><em><strong><span style=\"color: #282828;\">Textes de Fabien Rib\u00e9ry et Pierre Wat<\/span><\/strong><\/em><\/p>\n<p class=\"cvGsUA direction-ltr align-justify para-style-body\"><strong><em><span class=\"OYPEnA font-feature-liga-off font-feature-clig-off font-feature-calt-off text-decoration-none text-strikethrough-none\">MARGES<\/span><\/em><\/strong><span class=\"OYPEnA font-feature-liga-off font-feature-clig-off font-feature-calt-off text-decoration-none text-strikethrough-none\"> est un travail photographique r\u00e9alis\u00e9 entre 2012 et 2024 <strong>le long de la Seine<\/strong>, depuis sa confluence avec l\u2019Yonne jusqu\u2019\u00e0 son embouchure au Havre. Au sens propre, <a href=\"https:\/\/editionslightmotiv.com\/auteurs-photographes\/jeremie_lenoir\/\"><strong>J\u00e9r\u00e9mie Lenoir<\/strong> <\/a>survole ces territoires suivant un protocole de prises de vues bien pr\u00e9cis utilis\u00e9 dans toutes ses missions a\u00e9riennes. Toujours \u00e0 la m\u00eame altitude de 400 m\u00e8tres, toujours vers midi, quand le soleil au z\u00e9nith \u00e9crase les ombres sur les paysages, fait perdre les rep\u00e8res, fait confondre les \u00e9chelles.<\/span><\/p>\n<p class=\"cvGsUA direction-ltr align-justify para-style-body\"><span class=\"OYPEnA font-feature-liga-off font-feature-clig-off font-feature-calt-off text-decoration-none text-strikethrough-none\">Dans ce projet, il poursuit son anthropologie des paysages en parcourant la fronti\u00e8re entre villes et campagnes, cette ligne de tension o\u00f9 s\u2019inscrit, dans la terre, la globalisation f\u00e9roce des formes, usages et fonctions de nos espaces de vies.<strong> Chantiers, friches, carri\u00e8res, toitures, stockages, prennent ici des traits abstraits et <\/strong><\/span><strong><span class=\"OYPEnA font-feature-liga-off font-feature-clig-off font-feature-calt-off text-decoration-none text-strikethrough-none\">symboliques<\/span> <span class=\"OYPEnA font-feature-liga-off font-feature-clig-off font-feature-calt-off text-decoration-none text-strikethrough-none\">qui<\/span> <span class=\"OYPEnA font-feature-liga-off font-feature-clig-off font-feature-calt-off text-decoration-none text-strikethrough-none\">arr\u00eatent<\/span> <span class=\"OYPEnA font-feature-liga-off font-feature-clig-off font-feature-calt-off text-decoration-none text-strikethrough-none\">le <\/span><\/strong><span class=\"OYPEnA font-feature-liga-off font-feature-clig-off font-feature-calt-off text-decoration-none text-strikethrough-none\"><strong>regard<\/strong>, <\/span><span class=\"OYPEnA font-feature-liga-off font-feature-clig-off font-feature-calt-off text-decoration-none text-strikethrough-none\">ouvrant \u00e0 une contemplation sensible, po\u00e9tique, plastique, et permettant \u00e0 Lenoir de parfaire sa s\u00e9miotique originale des territoires contemporains.<\/span><\/p>\n<p class=\"cvGsUA direction-ltr align-justify para-style-body\"><strong><em><span class=\"OYPEnA font-feature-liga-off font-feature-clig-off font-feature-calt-off text-decoration-none text-strikethrough-none\">\u00ab On dirait&#8230; \u00bb<\/span><\/em><\/strong><span class=\"OYPEnA font-feature-liga-off font-feature-clig-off font-feature-calt-off text-decoration-none text-strikethrough-none\">, c\u2019est l\u2019expression qu\u2019on entend le plus devant ses photographies, touchant \u00e0 l\u2019abstrait souvent, prenant des airs de tableaux de peinture parfois. Des pluies de ciment, un mur ancien, des t\u00e2ches microscopiques, des stries de patins \u00e0 glace, des coul\u00e9es de peinture&#8230; tout notre imaginaire est convoqu\u00e9 parce que nous ne reconnaissons rien de tangible. <\/span><span class=\"OYPEnA font-feature-liga-off font-feature-clig-off font-feature-calt-off text-decoration-none text-strikethrough-none\">C\u2019est un relev\u00e9 inattendu des traces contemporaines, un relev\u00e9 calligraphique qu\u2019il nous transmet, vu du ciel. Inqui\u00e9tant effacement, merveilleuse abstraction, qui oriente toute la recherche du photographe au coeur de l\u2019esth\u00e9tique de la disparition.<\/span><\/p>\n<p class=\"cvGsUA direction-ltr align-justify para-style-body\"><span class=\"OYPEnA font-feature-liga-off font-feature-clig-off font-feature-calt-off text-decoration-none text-strikethrough-none\">Les photographies de J\u00e9r\u00e9mie Lenoir sont accompagn\u00e9es d\u2019un texte in\u00e9dit de <strong>Pierre Wat<\/strong>, historien de l\u2019art, qui amplifie la r\u00e9sonance du jeu d\u2019illusion pratiqu\u00e9 par J\u00e9r\u00e9mie Lenoir entre la photographie et la peinture.<\/span><\/p>\n<p class=\"cvGsUA direction-ltr align-justify para-style-body\" style=\"padding-left: 40px;\"><em><span class=\"OYPEnA font-feature-liga-off font-feature-clig-off font-feature-calt-off text-decoration-none text-strikethrough-none\">\u00ab Cette confusion se fait \u00e0 la fa\u00e7on d\u2019une lutte durant laquelle il s\u2019agit pour le photographe d\u2019user de la force du peintre, afin d\u2019affronter, ensemble, le r\u00e9el si aveuglant. \u00bb<\/span><\/em><\/p>\n<p><span class=\"OYPEnA font-feature-liga-off font-feature-clig-off font-feature-calt-off text-decoration-none text-strikethrough-none\">Le texte de <strong>Fabien Rib\u00e9ry<\/strong>, auteur et agr\u00e9g\u00e9 de lettres modernes, chroniqueur de livres photographiques sur son blog <a href=\"https:\/\/lintervalle.blog\/\" target=\"_blank\" rel=\"noopener\">\u2018L\u2019Intervalle\u2019<\/a> compl\u00e8te l&rsquo;ensemble :<\/span><\/p>\n<p style=\"padding-left: 40px;\"><em><span class=\"OYPEnA font-feature-liga-off font-feature-clig-off font-feature-calt-off text-decoration-none text-strikethrough-none\">\u00ab Le sol est remu\u00e9, brass\u00e9, recompos\u00e9, dans le jeu s\u2019\u00e9laborant entre les \u00e9chelles de grandeur&#8230; Les photographies de J\u00e9r\u00e9mie Lenoir sont des parois gratt\u00e9es, griff\u00e9es, hachur\u00e9es [&#8230;] Ce que nous devinons reste une \u00e9nigme de plis, de routes et de d\u00e9routes, telle une toile froiss\u00e9e de Simon Hanta\u00ef. Nous sommes au coeur d\u2019un \u00e9cheveau de poussi\u00e8res, d\u2019une g\u00e9om\u00e9trie follement minutieuse, de barricades du n\u00e9ant. Nous sommes dans du langage fondamental \u00bb.<\/span><\/em><\/p>\n<\/div>\n<\/div>\n<p><strong>Le travail photographique de J\u00e9r\u00e9mie Lenoir, dont la s\u00e9rie <em>MARGES<\/em>, est repr\u00e9sent\u00e9 par la <a href=\"https:\/\/www.galerieguillaume.com\/\" target=\"_blank\" rel=\"noopener\">Galerie Guillaume<\/a> \u00e0 Paris.<\/strong><\/p>\n<\/div>\n<\/div>\n<\/div>\n<div class=\"column\">\u00a0<\/div>\n<div class=\"layoutArea\">\n<div class=\"column\">\n<div class=\"page\" title=\"Page 1\">\n<div class=\"layoutArea\">\n<div class=\"column\">\n<hr \/>\n<h3><strong>Caract\u00e9ristiques techniques<\/strong><\/h3>\n<div class=\"column\">\n<ul style=\"list-style-type: disc;\">\n<li style=\"list-style-type: none;\">\n<ul style=\"list-style-type: disc;\">\n<li><span style=\"font-size: 80%;\">Parution : 23 janvier 2025<\/span><\/li>\n<li><span style=\"font-size: 80%;\">Photographies : J\u00e9r\u00e9mie Lenoir<\/span><\/li>\n<li><span style=\"font-size: 80%;\">Commentaire : Fabien Rib\u00e9ry \/ Texte : Pierre Wat<\/span><\/li>\n<li><span style=\"font-size: 80%;\">Design graphique : Lucie Baratte<\/span><\/li>\n<li><span style=\"font-size: 80%;\">Format : 30 x 33 cm\u00a0<\/span><\/li>\n<li><span style=\"font-size: 80%;\">86 pages &#8211; 45 photographies<\/span><\/li>\n<li><span style=\"font-size: 80%;\">Tirage de 1200 exemplaires (600 pour Light Motiv)<\/span><\/li>\n<li><span style=\"font-size: 80%;\">Co-production avec J\u00e9r\u00e9mie Lenoir (pour la Galerie Guillaume qui le repr\u00e9sente)<\/span><\/li>\n<li><span style=\"font-size: 80%;\">Papiers int\u00e9rieurs : Munken Polar Rough 150gr (photographies et textes) \/ Fedrigoni Sirio Black (gardes)<\/span><\/li>\n<li><span style=\"font-size: 80%;\">Impression en quadrichromie<\/span><\/li>\n<li><span style=\"font-size: 80%;\">Polices : Knockout d\u2019Hoefler &amp; Frere-Jones, FF DIN d\u2019A.-J. Pool<\/span><\/li>\n<li><span style=\"font-size: 80%;\">ISBN : 9791095118305<\/span><\/li>\n<li><span style=\"font-size: 80%;\">Prix public : 44 \u20ac<\/span><\/li>\n<\/ul>\n<\/li>\n<\/ul>\n<\/div>\n<\/div>\n<\/div>\n<\/div>\n<\/div>\n<div class=\"column\">\n<div class=\"page\" title=\"Page 1\">\n<div class=\"layoutArea\">\n<div class=\"column\">\n<div class=\"column\">\n<hr \/>\n<h3><strong>Presse et coups de coeur<\/strong><\/h3>\n<\/div>\n<p><strong>Vous pouvez consulter et t\u00e9l\u00e9charger le <a href=\"https:\/\/drive.google.com\/drive\/folders\/1KIFTS0akjFpPQyKlpj5K4w8eXqbBEZgA?usp=sharing\" target=\"_blank\" rel=\"noopener\">kit de presse<\/a>\u00a0complet (visuels, couverture, maquette du livre et dossier de presse).<\/strong><\/p>\n<blockquote>\n<p><span style=\"font-size: 80%;\">\u00ab\u00a0Il faut y regarder de plus pr\u00e8s pour se rendre compte qu\u2019il s\u2019agit de photographies tellement elles fr\u00f4lent l\u2019abstraction. J\u00e9r\u00e9mie Lenoir cr\u00e9e une topographie le long de la Seine, depuis sa confluence avec l\u2019Yonne jusqu\u2019\u00e0 son embouchure au Havre en survolant les sites \u00e0 400 m. Avec un \u0153il neuf se dessinent de nouveaux territoires contemporains.\u00a0\u00bb<\/span><\/p>\n<p style=\"text-align: right;\"><span style=\"font-size: 80%;\">Ericka Weidmann, R\u00e9ponses Photo, avril 202<\/span><span style=\"font-size: 80%;\">5<\/span><\/p>\n<\/blockquote>\n<blockquote>\n<p><span style=\"font-size: 80%;\">\u00ab\u00a0J\u00e9r\u00e9mie Lenoir nous transporte une nouvelle fois au c\u0153ur de paysages au graphisme abstrait qui sont autant de compositions fascinantes. Les chantiers, les friches, les carri\u00e8res, les toitures, les zones de stockages deviennent par la magie de son \u0153il sagace des territoires \u00e0 la beaut\u00e9 renversante. Quelle la terre est belle vue d\u2019en haut par l\u2019entremise de ces images soigneusement construites.\u00a0\u00bb<\/span><\/p>\n<p style=\"text-align: right;\"><span style=\"font-size: 80%;\">Le Miroir de l&rsquo;Art, 2025<\/span><\/p>\n<\/blockquote>\n<hr \/>\n<\/div>\n<h3 style=\"text-align: left;\"><strong>Actualit\u00e9s<\/strong><\/h3>\n<ul>\n<li>Le livre est pr\u00e9sent\u00e9 pour la premi\u00e8re fois \u00e0 <a href=\"https:\/\/www.lachouettelibrairie.com\/\" target=\"_blank\" rel=\"noopener\">la Chouette Librairie<\/a> de Lille le vendredi 31 janvier 2025 (\u00e0 partir de 19h).<\/li>\n<li>Des tirages de <em>MARGES<\/em> sont expos\u00e9s \u00e0 la <a href=\"https:\/\/www.facebook.com\/groups\/lapluspetitegaleriedumondeOUPRESQUE\/?locale=fr_FR\" target=\"_blank\" rel=\"noopener\">Plus Petite Galerie du Monde (ou Presque)<\/a> \u00e0 Roubaix jusqu&rsquo;au 22 f\u00e9vrier 2025.<\/li>\n<li>Une rencontre &#8211; signature est organis\u00e9e avec J\u00e9r\u00e9mie Lenoir le 19 f\u00e9vrier 2025 (\u00e0 partir de 19h) \u00e0 la <a href=\"https:\/\/www.librairie-oeilcacodylate.com\/\" target=\"_blank\" rel=\"noopener\">librairie L&rsquo;oeil Cacodylate<\/a> \u00e0 Lyon.<\/li>\n<li>Le vernissage de l&rsquo;exposition \u00ab\u00a0Topologies\u00a0\u00bb de J\u00e9r\u00e9mie Lenoir (regroupant des images de NORD, DISTENSIONS et MARGES) a lieu le 20 f\u00e9vrier de 18h \u00e0 21h \u00e0 la <a href=\"https:\/\/lagalerievalerieeymeric.fr\/\" target=\"_blank\" rel=\"noopener\">galerie Val\u00e9rie Eymeric<\/a> \u00e0 Lyon.<\/li>\n<\/ul>\n<\/div>\n<\/div>\n<\/div>\n<\/div>\n<\/div>\n","protected":false},"excerpt":{"rendered":"<p><em>J\u00e9r\u00e9mie Lenoir<br \/>\n<\/em><\/p>\n<h4><\/h4>\n<p>&nbsp;<\/p>","protected":false},"featured_media":4449,"template":"","meta":[],"product_brand":[],"product_cat":[135],"product_tag":[1012,1011,813,1016,1017,116,198,1022,1023,1010,1019,1015,44,913,812,1008,1025,210,1024,235,199,197,696,697,1014,1009,1018,1020,1021],"class_list":{"0":"post-4448","1":"product","2":"type-product","3":"status-publish","4":"has-post-thumbnail","6":"product_cat-livre","7":"product_tag-abstraction","8":"product_tag-aerien","9":"product_tag-book","10":"product_tag-carriere","11":"product_tag-chantier","12":"product_tag-classic","13":"product_tag-dust","14":"product_tag-field","15":"product_tag-fieldwork","16":"product_tag-fleuve","17":"product_tag-friche","18":"product_tag-industrie","19":"product_tag-jeremie-lenoir","20":"product_tag-light-motiv","21":"product_tag-livre","22":"product_tag-marges","23":"product_tag-marges-jeremie-lenoir","24":"product_tag-nord","25":"product_tag-painting","26":"product_tag-paysage","27":"product_tag-peinture","28":"product_tag-photobook","29":"product_tag-photographie","30":"product_tag-photography","31":"product_tag-platitude","32":"product_tag-seine","33":"product_tag-stockage","34":"product_tag-toiture","35":"product_tag-usine","37":"first","38":"instock","39":"shipping-taxable","40":"purchasable","41":"product-type-simple"},"_links":{"self":[{"href":"https:\/\/editionslightmotiv.com\/en\/wp-json\/wp\/v2\/product\/4448","targetHints":{"allow":["GET"]}}],"collection":[{"href":"https:\/\/editionslightmotiv.com\/en\/wp-json\/wp\/v2\/product"}],"about":[{"href":"https:\/\/editionslightmotiv.com\/en\/wp-json\/wp\/v2\/types\/product"}],"wp:featuredmedia":[{"embeddable":true,"href":"https:\/\/editionslightmotiv.com\/en\/wp-json\/wp\/v2\/media\/4449"}],"wp:attachment":[{"href":"https:\/\/editionslightmotiv.com\/en\/wp-json\/wp\/v2\/media?parent=4448"}],"wp:term":[{"taxonomy":"product_brand","embeddable":true,"href":"https:\/\/editionslightmotiv.com\/en\/wp-json\/wp\/v2\/product_brand?post=4448"},{"taxonomy":"product_cat","embeddable":true,"href":"https:\/\/editionslightmotiv.com\/en\/wp-json\/wp\/v2\/product_cat?post=4448"},{"taxonomy":"product_tag","embeddable":true,"href":"https:\/\/editionslightmotiv.com\/en\/wp-json\/wp\/v2\/product_tag?post=4448"}],"curies":[{"name":"wp","href":"https:\/\/api.w.org\/{rel}","templated":true}]}}