{"id":4356,"date":"2024-11-13T15:35:55","date_gmt":"2024-11-13T14:35:55","guid":{"rendered":"https:\/\/editionslightmotiv.com\/?post_type=product&#038;p=4356"},"modified":"2025-01-20T16:02:39","modified_gmt":"2025-01-20T15:02:39","slug":"lux-avec-tirage","status":"publish","type":"product","link":"https:\/\/editionslightmotiv.com\/en\/product\/lux-avec-tirage\/","title":{"rendered":"LUX avec tirage"},"content":{"rendered":"<div class=\"page\" title=\"Page 1\">\n<div class=\"layoutArea\">\n<div class=\"column\">\n<div class=\"page\" title=\"Page 1\">\n<div class=\"layoutArea\">\n<div class=\"column\">\n<div class=\"column\">\n<div class=\"page\" title=\"Page 1\">\n<div class=\"layoutArea\">\n<div class=\"column\">\n<h2><em><strong>LUX<br \/>\nGuillaume Perret<\/strong><\/em><\/h2>\n<div class=\"page\" title=\"Page 2\">\n<div class=\"section\">\n<div class=\"layoutArea\">\n<div class=\"column\">\n<p class=\"p1\">Le camping o\u00f9 s\u2019est hasard\u00e9 Guillaume Perret pour la premi\u00e8re fois en 2022, \u00e0 l\u2019or\u00e9e d\u2019une for\u00eat au Nord de Lausanne en Suisse, ressemble \u00e0 un camping comme un autre. Pourtant, si l\u2019on s\u2019attarde apr\u00e8s la saison touristique, qu\u2019on laisse venir l\u2019hiver, on s\u2019engouffre dans un autre monde; celui des r\u00e9sident\u00b7e\u00b7s qui vivent \u00e0 l\u2019ann\u00e9e dans des caravanes et campings-cars (pour certains, de la marque B\u00fcrstner LUX) s\u2019\u00e9rodant au fil du temps et de la m\u00e9t\u00e9o, rude ou douce.<\/p>\n<p class=\"p1\">Le photographe s\u2019est immerg\u00e9 \u00e0 plusieurs reprises dans le quotidien de celles et ceux qui y habitent. Dans ce lieu retir\u00e9 se c\u00f4toient des travailleurs saisonniers, des \u00e9tudiants, des retrait\u00e9s, des ouvriers, parfois des cadres d\u2019entreprise\u2026 Les origines sociales et les situations de vie diff\u00e8rent. Page apr\u00e8s page, le livre LUX nous laisse apercevoir l\u2019intimit\u00e9 d\u2019une communaut\u00e9 qui redessine, par choix ou non, d\u2019autres mani\u00e8res de vivre o\u00f9 cohabitent frugalit\u00e9 consentie, r\u00e9elle pr\u00e9carit\u00e9, go\u00fbt \u00ab de luxe \u00bb pour la libert\u00e9.<\/p>\n<p class=\"p1\">With his simple approach, somewhere between ethnography and poetry, the photographer delivers pieces of life in tones as cold as they are warm, revealing souls and bodies sculpted by the elements. Skin becomes liquid, mineral, plant-like, wrinkled sheet metal set in fire and ice. Coupled with the fantasy of certain scenes, the abandon of poses and nudity, the light here seems to contain part of the enigmatic substance that defines humanity.<\/p>\n<p class=\"translation-block\">Guillaume Perret's LUX series won the <strong><em>Swiss Press Photo Award in the \u2018Everyday Life\u2019 category<\/strong><\/em>.<\/p>\n<\/div>\n<\/div>\n<\/div>\n<\/div>\n<hr \/>\n<h3><strong>Technical features<\/strong><\/h3>\n<div class=\"column\">\n<ul style=\"list-style-type: disc;\">\n<li><span style=\"font-size: 90%;\">Release date : 26 november 2024<\/span><\/li>\n<li><span style=\"font-size: 90%;\">Photographs : Guillaume Perret<\/span><\/li>\n<li><span style=\"font-size: 90%;\">Graphic design : Nolwen Lauzanne<\/span><\/li>\n<li><span style=\"font-size: 90%;\">Book format : 24,6 x 18,7 cm\u00a0<\/span><\/li>\n<li><span style=\"font-size: 90%;\">Italian format (horizontal)<\/span><\/li>\n<li><span style=\"font-size: 90%;\">104 pages \u2013 56 photographies<\/span><\/li>\n<li><span style=\"font-size: 90%;\">Tirage de 1200 exemplaires (600 exemplaires distribu\u00e9s en France \/ 600 exemplaires distribu\u00e9s en Suisse)<\/span><\/li>\n<li><span style=\"font-size: 90%;\">Co-production avec Guillaume Perret \u2013 Distribution en Suisse par les Editions du Griffon<\/span><\/li>\n<li><span style=\"font-size: 90%;\">Papers : Munken Polar 120gr (interior) \/ Fedrigoni Sirio Cacao 140gr (endpapers)<\/span><\/li>\n<li><span style=\"font-size: 90%;\">Cover paper : Fedrigoni Arancio E\/R65<\/span><\/li>\n<li><span style=\"font-size: 90%;\">Orange thread<\/span><\/li>\n<li><span style=\"font-size: 90%;\">ISBN : 9791095118299<\/span><\/li>\n<li><span style=\"font-size: 90%;\">Prix public du livre : 38 \u20ac<\/span><\/li>\n<\/ul>\n<hr \/>\n<\/div>\n<\/div>\n<\/div>\n<\/div>\n<\/div>\n<div class=\"column\">\n<h3><strong>Tirage limit\u00e9 de Guillaume Perret<\/strong><\/h3>\n<p>Tirage limit\u00e9 au choix, num\u00e9rot\u00e9, sign\u00e9 par la photographe<br \/>\n4 mod\u00e8les (voir les visuels sur le produit)<br \/>\n10 exemplaires par mod\u00e8le<br \/>\nSur papier Baryta au vernis mat, 310gr, cadr\u00e9 dans un format 15 x 20 cm<\/p>\n<p><strong>Prix livre avec tirage : 120 euros<\/strong><\/p>\n<\/div>\n<div class=\"column\">\n<hr \/>\n<div class=\"column\">\n<h3><strong>Press and booksellers' comments<\/strong><\/h3>\n<\/div>\n<p><strong>Vous pouvez consulter et t\u00e9l\u00e9charger le\u00a0<a href=\"https:\/\/drive.google.com\/drive\/folders\/15W0KkPtWMq3IXk1hkkpAnO-ENj0R2mFO?usp=sharing\" target=\"_blank\" rel=\"noopener\">kit de presse<\/a>\u00a0complet (visuels, couverture, maquette du livre et dossier de presse).<\/strong><\/p>\n<\/div>\n<\/div>\n<\/div>\n<\/div>\n<\/div>\n<\/div>\n<\/div>","protected":false},"excerpt":{"rendered":"<p><em>Guillaume Perret<\/em><\/p>","protected":false},"featured_media":4457,"template":"","meta":[],"product_brand":[],"product_cat":[144],"product_tag":[758,990,962,969,1005,993,994,992,998,1000,1006,728,812,991,1004,1002,957,995,996,696,697,1001,1003,970,999,1007],"class_list":{"0":"post-4356","1":"product","2":"type-product","3":"status-publish","4":"has-post-thumbnail","6":"product_cat-livre-avec-tirage","7":"product_tag-autonomie","8":"product_tag-camping","9":"product_tag-co-edition","10":"product_tag-documentaire","11":"product_tag-documentary","12":"product_tag-feu","13":"product_tag-fire","14":"product_tag-freedom","15":"product_tag-guillaume-perret","16":"product_tag-lausanne","17":"product_tag-lauzanne","18":"product_tag-liberte","19":"product_tag-livre","20":"product_tag-lux","21":"product_tag-luxe","22":"product_tag-marginal","23":"product_tag-ouvrage-dart","24":"product_tag-paix","25":"product_tag-peace","26":"product_tag-photographie","27":"product_tag-photography","28":"product_tag-pra-collet","29":"product_tag-precarite","30":"product_tag-societe","31":"product_tag-suisse","32":"product_tag-vaud","34":"first","35":"instock","36":"shipping-taxable","37":"purchasable","38":"product-type-variable"},"_links":{"self":[{"href":"https:\/\/editionslightmotiv.com\/en\/wp-json\/wp\/v2\/product\/4356","targetHints":{"allow":["GET"]}}],"collection":[{"href":"https:\/\/editionslightmotiv.com\/en\/wp-json\/wp\/v2\/product"}],"about":[{"href":"https:\/\/editionslightmotiv.com\/en\/wp-json\/wp\/v2\/types\/product"}],"wp:featuredmedia":[{"embeddable":true,"href":"https:\/\/editionslightmotiv.com\/en\/wp-json\/wp\/v2\/media\/4457"}],"wp:attachment":[{"href":"https:\/\/editionslightmotiv.com\/en\/wp-json\/wp\/v2\/media?parent=4356"}],"wp:term":[{"taxonomy":"product_brand","embeddable":true,"href":"https:\/\/editionslightmotiv.com\/en\/wp-json\/wp\/v2\/product_brand?post=4356"},{"taxonomy":"product_cat","embeddable":true,"href":"https:\/\/editionslightmotiv.com\/en\/wp-json\/wp\/v2\/product_cat?post=4356"},{"taxonomy":"product_tag","embeddable":true,"href":"https:\/\/editionslightmotiv.com\/en\/wp-json\/wp\/v2\/product_tag?post=4356"}],"curies":[{"name":"wp","href":"https:\/\/api.w.org\/{rel}","templated":true}]}}