{"id":4258,"date":"2024-08-27T17:26:56","date_gmt":"2024-08-27T15:26:56","guid":{"rendered":"https:\/\/editionslightmotiv.com\/?post_type=product&#038;p=4258"},"modified":"2025-10-08T10:43:04","modified_gmt":"2025-10-08T08:43:04","slug":"lux","status":"publish","type":"product","link":"https:\/\/editionslightmotiv.com\/en\/product\/lux\/","title":{"rendered":"LUX"},"content":{"rendered":"<div class=\"page\" title=\"Page 1\">\n<div class=\"layoutArea\">\n<div class=\"column\">\n<div class=\"page\" title=\"Page 1\">\n<div class=\"layoutArea\">\n<div class=\"column\">\n<h2><em><strong>LUX<br \/>Guillaume Perret<\/strong><\/em><\/h2>\n<p class=\"p1\"><span style=\"color: #282828;\">The campsite where Guillaume Perret first ventured in 2022, on the edge of a forest north of Lausanne in Switzerland, looks like just another campsite. However, if you linger on after the tourist season and let winter come, you enter another world: the world of year-round residents living in caravans and camper vans (some of them labelled B\u00fcrstner LUX) that erode with the passage of time and the weather, harsh or mild.<\/span><\/p>\n<p class=\"p1\"><span style=\"color: #282828;\">On several occasions, the photographer immersed himself in the daily lives of the inhabitants. Seasonal workers, students, pensioners, blue-collar workers, and sometimes company executives live side by side in this secluded place... Social origins and life situations differ. Page after page, the LUX book gives us a glimpse into the intimacy of a community that, whether by choice or not, redefines other ways of living, where consensual frugality, real precariousness and a \u2018luxury\u2019 taste for freedom coexist.<\/span><\/p>\n<p class=\"p1\"><span style=\"color: #282828;\">With his simple approach, somewhere between ethnography and poetry, the photographer delivers pieces of life in tones as cold as they are warm, revealing souls and bodies sculpted by the elements. Skin becomes liquid, mineral, plant-like, wrinkled sheet metal set in fire and ice. Coupled with the fantasy of certain scenes, the abandon of poses and nudity, the light here seems to contain part of the enigmatic substance that defines humanity.<\/span><\/p>\n<p class=\"translation-block\"><span style=\"color: #282828\">THe LUX series by Guillaume Perret was awarded with the <a href=\"https:\/\/swisspressaward.ch\/fr\/user\/c00028631\/showcase\/fss\/\" target=\"_blank\" rel=\"noopener\"><em><strong>Swiss Press Photo Award in the category \u00ab Daily Life \u00bb<\/strong><\/em><\/a>.<\/span><\/p>\n<\/div>\n<div class=\"column\">\n<hr \/>\n<h3><strong>Technical features<\/strong><\/h3>\n<div class=\"column\">\n<ul style=\"list-style-type: disc;\">\n<li><span style=\"font-size: 80%;\">Release date : 26 november 2024<\/span><\/li>\n<li><span style=\"font-size: 80%;\">Photographs : Guillaume Perret<\/span><\/li>\n<li><span style=\"font-size: 80%;\">Graphic design : Nolwen Lauzanne<\/span><\/li>\n<li><span style=\"font-size: 80%;\">Book format : 24,6 x 18,7 cm\u00a0<\/span><\/li>\n<li><span style=\"font-size: 80%;\">Italian format (horizontal)<\/span><\/li>\n<li><span style=\"font-size: 80%;\">104 pages - 56 photographs<\/span><\/li>\n<li><span style=\"font-size: 80%;\">Print run of 1200 copies (600 distribued in France \/ 600 in Switzerland)<\/span><\/li>\n<li><span style=\"font-size: 80%;\">Co-production with Guillaume Perret - Distribution in Switzerland by Editions du Griffon<\/span><\/li>\n<li><span style=\"font-size: 80%;\">Papers : Munken Polar 120gr (interior) \/ Fedrigoni Sirio Cacao 140gr (endpapers)<\/span><\/li>\n<li><span style=\"font-size: 80%;\">Cover paper : Fedrigoni Arancio E\/R65<\/span><\/li>\n<li><span style=\"font-size: 80%;\">Orange thread<\/span><\/li>\n<li><span style=\"font-size: 80%;\">ISBN : 9791095118299<\/span><\/li>\n<li><span style=\"font-size: 80%;\">Public price : 38 \u20ac<\/span><\/li>\n<\/ul>\n<\/div>\n<\/div>\n<\/div>\n<\/div>\n<\/div>\n<div class=\"column\">\n<div class=\"page\" title=\"Page 1\">\n<div class=\"layoutArea\">\n<div class=\"column\">\n<div class=\"column\">\n<hr \/>\n<h3><strong>Press and booksellers' comments<\/strong><\/h3>\n<\/div>\n<p class=\"translation-block\"><strong>You can view or download the <a href=\"https:\/\/drive.google.com\/drive\/folders\/1KIFTS0akjFpPQyKlpj5K4w8eXqbBEZgA?usp=sharing\" target=\"_blank\" rel=\"noopener\">press release kit<\/a> (visuals, book cover, book layout and press release PDF).<\/strong><\/p>\n<blockquote>\n<p class=\"p1\"><span style=\"font-size: 80%;\">\u00ab Travailleurs saisonniers, \u00e9tudiants, retrait\u00e9s ouvriers, on entre dans le quotidien \u00e0 la fois libre et pr\u00e9caire de ces personnes plus ou moins en marge de la soci\u00e9t\u00e9, \u00e0 travers des images qui naviguent entre documentaire et imaginaire. \u00bb<\/span><\/p>\n<p style=\"text-align: right;\"><span style=\"font-size: 80%;\">Julien Bolle, R\u00e9ponses Photo, novembre 2024<\/span><\/p>\n<\/blockquote>\n<\/div>\n<\/div>\n<p>\u00a0<\/p>\n<blockquote>\n<p class=\"p1\"><span style=\"font-size: 80%;\">\u00ab La s\u00e9rie \u201cLux\u201d b\u00e9n\u00e9ficie d\u2019un \u00e9crin \u00e0 sa juste mesure avec ce beau livre \u00e9dit\u00e9 par Light Motiv. Le titre, habile, \u00e9voque l\u2019unit\u00e9 de mesure de l\u2019\u00e9clairement lumineux mais aussi le logo d\u2019un mod\u00e8le de caravane. \u00bb<\/span><\/p>\n<p style=\"text-align: right;\"><span style=\"font-size: 80%;\">Pierre-Marie Salomez, Chassimages, 2025<\/span><\/p>\n<\/blockquote>\n<p>\u00a0<\/p>\n<blockquote>\n<p><span style=\"font-size: 80%;\">\u00ab Cette immersion photographique, \u00e0 la fois troublante et lumineuse, t\u00e9moigne avec une tr\u00e8s belle empathie d\u2019un lieu de vie pr\u00e9caire et d\u2019une population marginale, qui vit dans ses caravanes aussi pendant la p\u00e9riode froide. \u00bb<\/span><\/p>\n<p style=\"text-align: right;\"><span style=\"font-size: 80%;\">Boris Senff, <a href=\"https:\/\/www.24heures.ch\/photo-lumiere-nue-sur-un-camping-du-chalet-a-gobet-800461063034\" target=\"_blank\" rel=\"noopener\">24 heures<\/a>, novembre 2024<\/span><\/p>\n<\/blockquote>\n<p>\u00a0<\/p>\n<\/div>\n<blockquote>\n<p><span style=\"font-size: 80%;\">\u00ab L\u2019artiste neuch\u00e2telois a photographi\u00e9 les r\u00e9sidents d\u2019un camping, \u00e0 l\u2019or\u00e9e d\u2019un bois. Abandon dans la pose, nudit\u00e9 et lumi\u00e8re orange de fin d\u2019\u00e9t\u00e9 sur les corps et les choses. Cela donne un livre d\u2019images et de po\u00e9sie. \u00bb<\/span><\/p>\n<p style=\"text-align: right;\"><span style=\"font-size: 80%;\">Christian Lecomte, <a href=\"https:\/\/www.letemps.ch\/culture\/le-photographe-guillaume-perret-poete-du-nu-dans-un-camping\" target=\"_blank\" rel=\"noopener\">Le Temps<\/a>, d\u00e9cembre 2024<\/span><\/p>\n<\/blockquote>\n<\/div>\n<\/div>\n<\/div>\n<div class=\"video video-fit mb\" style=\"padding-top:56.25%;\"><p><iframe loading=\"lazy\" title=\"LUX - photographies de Guillaume Perret\" width=\"1020\" height=\"765\" src=\"https:\/\/www.youtube.com\/embed\/Cm9AM2qVHfs?feature=oembed\" frameborder=\"0\" allow=\"accelerometer; autoplay; clipboard-write; encrypted-media; gyroscope; picture-in-picture; web-share\" referrerpolicy=\"strict-origin-when-cross-origin\" allowfullscreen><\/iframe><\/p>\n<\/div>","protected":false},"excerpt":{"rendered":"<p><em>Guillaume Perret<\/em><\/p>","protected":false},"featured_media":4457,"template":"","meta":[],"product_brand":[],"product_cat":[135],"product_tag":[758,990,962,969,1005,993,994,992,998,1000,1006,728,812,991,1004,1002,957,995,996,696,697,1001,1003,970,999,1007],"class_list":{"0":"post-4258","1":"product","2":"type-product","3":"status-publish","4":"has-post-thumbnail","6":"product_cat-livre","7":"product_tag-autonomie","8":"product_tag-camping","9":"product_tag-co-edition","10":"product_tag-documentaire","11":"product_tag-documentary","12":"product_tag-feu","13":"product_tag-fire","14":"product_tag-freedom","15":"product_tag-guillaume-perret","16":"product_tag-lausanne","17":"product_tag-lauzanne","18":"product_tag-liberte","19":"product_tag-livre","20":"product_tag-lux","21":"product_tag-luxe","22":"product_tag-marginal","23":"product_tag-ouvrage-dart","24":"product_tag-paix","25":"product_tag-peace","26":"product_tag-photographie","27":"product_tag-photography","28":"product_tag-pra-collet","29":"product_tag-precarite","30":"product_tag-societe","31":"product_tag-suisse","32":"product_tag-vaud","34":"first","35":"instock","36":"shipping-taxable","37":"purchasable","38":"product-type-simple"},"_links":{"self":[{"href":"https:\/\/editionslightmotiv.com\/en\/wp-json\/wp\/v2\/product\/4258","targetHints":{"allow":["GET"]}}],"collection":[{"href":"https:\/\/editionslightmotiv.com\/en\/wp-json\/wp\/v2\/product"}],"about":[{"href":"https:\/\/editionslightmotiv.com\/en\/wp-json\/wp\/v2\/types\/product"}],"wp:featuredmedia":[{"embeddable":true,"href":"https:\/\/editionslightmotiv.com\/en\/wp-json\/wp\/v2\/media\/4457"}],"wp:attachment":[{"href":"https:\/\/editionslightmotiv.com\/en\/wp-json\/wp\/v2\/media?parent=4258"}],"wp:term":[{"taxonomy":"product_brand","embeddable":true,"href":"https:\/\/editionslightmotiv.com\/en\/wp-json\/wp\/v2\/product_brand?post=4258"},{"taxonomy":"product_cat","embeddable":true,"href":"https:\/\/editionslightmotiv.com\/en\/wp-json\/wp\/v2\/product_cat?post=4258"},{"taxonomy":"product_tag","embeddable":true,"href":"https:\/\/editionslightmotiv.com\/en\/wp-json\/wp\/v2\/product_tag?post=4258"}],"curies":[{"name":"wp","href":"https:\/\/api.w.org\/{rel}","templated":true}]}}