{"id":4240,"date":"2024-08-27T15:20:24","date_gmt":"2024-08-27T13:20:24","guid":{"rendered":"https:\/\/editionslightmotiv.com\/?post_type=product&#038;p=4240"},"modified":"2025-08-01T13:19:49","modified_gmt":"2025-08-01T11:19:49","slug":"our-son-my-moon","status":"publish","type":"product","link":"https:\/\/editionslightmotiv.com\/en\/product\/our-son-my-moon\/","title":{"rendered":"OUR SON, MY MOON"},"content":{"rendered":"<div class=\"page\" title=\"Page 1\">\n<div class=\"layoutArea\">\n<div class=\"column\">\n<div class=\"page\" title=\"Page 1\">\n<div class=\"layoutArea\">\n<div class=\"column\">\n<h2><em><strong>OUR SON, MY MOON<br \/>David Meskhi<\/strong><\/em><\/h2>\n<p><em><strong><span style=\"color: #282828;\">Entretien avec Aur\u00e9lie Voltz<\/span><\/strong><\/em><\/p>\n<p><span style=\"color: #282828;\">Mouvement. Couleurs. Figures. Les images de <a href=\"https:\/\/www.instagram.com\/datomeskhi_\/\" target=\"_blank\" rel=\"noopener\"><strong>David Meskhi<\/strong><\/a> se succ\u00e8dent comme autant de fragments extraits d\u2019un bond, d\u2019un effort, d\u2019une impulsion. \u00c0 vitesse tr\u00e8s rapide, entre hasard et intuition,<br \/><\/span><span style=\"color: #282828;\">le photographe saisit une extraordinaire variation de corps sculpt\u00e9s par la lumi\u00e8re et l\u2019apesanteur. Les athl\u00e8tes, immobilis\u00e9s dans leurs envol\u00e9es, sont captur\u00e9s dans un temps d\u2019arr\u00eat infini. Les bonds deviennent des pauses d\u2019astronautes, les ascensions des plong\u00e9es d\u00e9fiant la gravit\u00e9. Parfois, une valse de chevelure, une triangulaire de main et de pied qui chutent dans l\u2019eau bleue, une paire de jambes tendues ; tous semblent faire partie d\u2019un m\u00eame cosmos. Celui qui se refl\u00e8te dans les astres dispers\u00e9s sur quelques pages, la silhouette de la lune en chor\u00e9graphe absolue effilant les rythmiques.<\/span><\/p>\n<p><span style=\"color: #282828;\">Les photographies sportives de David Meskhi, fils d\u2019un ancien entra\u00eeneur sovi\u00e9tique de gymnastique, mettent \u00e0 l\u2019honneur le geste athl\u00e9tique \u00e9pur\u00e9 en cette ann\u00e9e olympique. Les Editions Light Motiv, aux c\u00f4t\u00e9s de la directrice artistique Nolwen Lauzanne et de l&rsquo;\u00e9quipe co-\u00e9ditrice du <strong>Mus\u00e9e d&rsquo;Art Moderne et Contemporain de Saint Etienne<\/strong>, les d\u00e9posent dans une maquette \u00e9l\u00e9gante, s\u2019ouvrant \u00e0 plat et laissant la place au mouvement. Ils s\u2019inspirent de la dynamique des bonds qui, page apr\u00e8s page, nous interrogent sur ce que nous voyons, un morceau de corps sous trait de lumi\u00e8re, les gymnastes en suspension. L\u2019entretien entre <strong>David Meskhi<\/strong> et la directrice du Mus\u00e9e <strong>Aur\u00e9lie Voltz<\/strong>, traduit en anglais et fran\u00e7ais, met en perspective les inspirations tout en angle g\u00e9om\u00e9trique et en mouvement qu\u2019il puise dans le travail constructiviste du russe Alexander Rodchenko. Cette interview r\u00e9v\u00e8le les cl\u00e9s de la vo\u00fbte picturale de Meskhi o\u00f9 les gestes n\u2019en finissent plus de s\u2019accomplir.<\/span><\/p>\n<\/div>\n<div class=\"column\">\n<p class=\"p1\"><strong>Labellis\u00e9e \u2018Paris 2024\u2019, l\u2019exposition \u201cOur Son, My Moon\u201d, pour laquelle le livre a \u00e9t\u00e9 con\u00e7u, sera visible au <a href=\"https:\/\/mamc.saint-etienne.fr\/fr\" target=\"_blank\" rel=\"noopener\">MAMC+ de Saint-Etienne<\/a> du 9 novembre 2024 au 16 mars 2025<\/strong>. Elle marque la r\u00e9ouverture du Mus\u00e9e apr\u00e8s ses travaux de r\u00e9novation.<\/p>\n<\/div>\n<div class=\"column\">\u00a0<\/div>\n<div class=\"column\">\n<hr \/>\n<h3><strong>Caract\u00e9ristiques techniques<\/strong><\/h3>\n<div class=\"column\">\n<ul style=\"list-style-type: disc;\">\n<li><span style=\"font-size: 80%;\">Parution : 7 novembre 2024<\/span><\/li>\n<li><span style=\"font-size: 80%;\">Photographies : David Meskhi<\/span><\/li>\n<li><span style=\"font-size: 80%;\">Design graphique : Nolwen Lauzanne<\/span><\/li>\n<li><span style=\"font-size: 80%;\">Format : 21,5 x 30 cm\u00a0<\/span><\/li>\n<li><span style=\"font-size: 80%;\">144 pages &#8211; 68 photographies<\/span><\/li>\n<li><span style=\"font-size: 80%;\">Tirage de 1000 exemplaires en France<\/span><\/li>\n<li><span style=\"font-size: 80%;\">Co-\u00e9dition avec le <a href=\"https:\/\/mamc.saint-etienne.fr\/fr\" target=\"_blank\" rel=\"noopener\">MAMC<\/a><\/span><\/li>\n<li><span style=\"font-size: 80%;\">Papier int\u00e9rieur : Condat Matt Perigord 150gr<\/span><\/li>\n<li><span style=\"font-size: 80%;\">Dos cousu recouvert d\u2019une toile &#8211; Reliure bodonienne (ouverture \u00e0 plat)<\/span><\/li>\n<li><span style=\"font-size: 80%;\">Couverture : impression quadrichromie &#8211; marquage \u00e0 froid (argent\u00e9) sur le dos<\/span><\/li>\n<li><span style=\"font-size: 80%;\">Couverture en colourboard 1,25mm<\/span><\/li>\n<li><span style=\"font-size: 80%;\">Impression quadrichomie et vernis s\u00e9lectif sur les photos <\/span><\/li>\n<li><span style=\"font-size: 80%;\">ISBN : 9791095118282<\/span><\/li>\n<li><span style=\"font-size: 80%;\">Prix public : 35 \u20ac<\/span><\/li>\n<\/ul>\n<\/div>\n<\/div>\n<\/div>\n<\/div>\n<\/div>\n<div class=\"column\">\n<div class=\"page\" title=\"Page 1\">\n<div class=\"layoutArea\">\n<div class=\"column\">\n<div class=\"column\">\n<hr \/>\n<h3><strong>Presse et coups de coeur<\/strong><\/h3>\n<\/div>\n<p><strong>Vous pouvez consulter et t\u00e9l\u00e9charger le <a href=\"file:\/\/\/Users\/elodie\/Downloads\/wetransfer_argumentaire_oursonmymoon_lightmotiv4-pdf_2024-08-27_1328\/Dossier%20de%20presse%20Our%20Son,%20My%20Moon.pdf\">kit de presse<\/a>\u00a0complet (visuels, couverture, maquette du livre et dossier de presse).<\/strong><\/p>\n<blockquote>\n<p><span style=\"font-size: 80%;\">\u00ab Ses angles de prise de vue paraissent tout aussi improbables que les positions de ses sujets, comme si David Meskhi, survolait lui aussi le monde. [&#8230;] \u00c0 travers son travail, il recherche \u00ab <em>une boucle \u00e9ternelle, des sc\u00e8nes sans d\u00e9but ni fin<\/em> \u00bb, une harmonie entre le mouvement du corps et la lumi\u00e8re. Dans une \u00e9poque pour le moins plombante, ses images procurent une salutaire l\u00e9g\u00e8ret\u00e9\u2026 \u00bb<\/span><\/p>\n<p style=\"text-align: right;\"><span style=\"font-size: 80%;\">Bathilde Fleuret, LM Magazine, janvier 2025<\/span><\/p>\n<\/blockquote>\n<\/div>\n<\/div>\n<\/div>\n<\/div>\n<\/div>\n<\/div>\n<p>\u00a0<\/p>\n<p>\u00a0<\/p>\n<div class=\"page\" title=\"Page 1\">\n<blockquote>\n<p class=\"p1\"><span style=\"font-size: 80%;\">\u00ab Les sportifs flottent dans les airs \u00e0 la mani\u00e8re des astronautes. D\u2019ailleurs, des images de la lune s\u2019intercalent comme des respirations. \u00bb<\/span><\/p>\n<p class=\"p1\" style=\"text-align: right;\"><span style=\"font-size: 80%;\">Gw\u00e9na\u00eblle Fliti, Fisheye, 2024<\/span><\/p>\n<\/blockquote>\n<\/div>\n<div class=\"video video-fit mb\" style=\"padding-top:56.25%;\"><p><iframe loading=\"lazy\" title=\"L&#039;exposition Our Son, My Moon au MAMC+ - Entretien avec David Meskhi et Aur\u00e9lie Voltz\" width=\"1020\" height=\"574\" src=\"https:\/\/www.youtube.com\/embed\/ypA_H08kqGg?feature=oembed\" frameborder=\"0\" allow=\"accelerometer; autoplay; clipboard-write; encrypted-media; gyroscope; picture-in-picture; web-share\" referrerpolicy=\"strict-origin-when-cross-origin\" allowfullscreen><\/iframe><\/p>\n<\/div>\n","protected":false},"excerpt":{"rendered":"<p><em>David Meskhi<br \/>\n<\/em><\/p>","protected":false},"featured_media":4319,"template":"","meta":[],"product_brand":[],"product_cat":[135],"product_tag":[989,962,969,988,987,812,985,986,957,696,697,970,984],"class_list":{"0":"post-4240","1":"product","2":"type-product","3":"status-publish","4":"has-post-thumbnail","6":"product_cat-livre","7":"product_tag-athletes","8":"product_tag-co-edition","9":"product_tag-documentaire","10":"product_tag-gym","11":"product_tag-gymnastique","12":"product_tag-livre","13":"product_tag-musee","14":"product_tag-museum","15":"product_tag-ouvrage-dart","16":"product_tag-photographie","17":"product_tag-photography","18":"product_tag-societe","19":"product_tag-sport","21":"first","22":"instock","23":"shipping-taxable","24":"purchasable","25":"product-type-simple"},"_links":{"self":[{"href":"https:\/\/editionslightmotiv.com\/en\/wp-json\/wp\/v2\/product\/4240","targetHints":{"allow":["GET"]}}],"collection":[{"href":"https:\/\/editionslightmotiv.com\/en\/wp-json\/wp\/v2\/product"}],"about":[{"href":"https:\/\/editionslightmotiv.com\/en\/wp-json\/wp\/v2\/types\/product"}],"wp:featuredmedia":[{"embeddable":true,"href":"https:\/\/editionslightmotiv.com\/en\/wp-json\/wp\/v2\/media\/4319"}],"wp:attachment":[{"href":"https:\/\/editionslightmotiv.com\/en\/wp-json\/wp\/v2\/media?parent=4240"}],"wp:term":[{"taxonomy":"product_brand","embeddable":true,"href":"https:\/\/editionslightmotiv.com\/en\/wp-json\/wp\/v2\/product_brand?post=4240"},{"taxonomy":"product_cat","embeddable":true,"href":"https:\/\/editionslightmotiv.com\/en\/wp-json\/wp\/v2\/product_cat?post=4240"},{"taxonomy":"product_tag","embeddable":true,"href":"https:\/\/editionslightmotiv.com\/en\/wp-json\/wp\/v2\/product_tag?post=4240"}],"curies":[{"name":"wp","href":"https:\/\/api.w.org\/{rel}","templated":true}]}}