{"id":4122,"date":"2024-04-26T09:41:12","date_gmt":"2024-04-26T07:41:12","guid":{"rendered":"https:\/\/editionslightmotiv.com\/?post_type=product&#038;p=4122"},"modified":"2026-03-11T16:06:38","modified_gmt":"2026-03-11T15:06:38","slug":"incompiuto","status":"publish","type":"product","link":"https:\/\/editionslightmotiv.com\/en\/product\/incompiuto\/","title":{"rendered":"INCOMPIUTO"},"content":{"rendered":"<div class=\"page\" title=\"Page 1\">\n<div class=\"layoutArea\">\n<div class=\"column\">\n<div class=\"page\" title=\"Page 1\">\n<div class=\"layoutArea\">\n<div class=\"column\">\n<h2><em><strong>INCOMPIUTO<br \/>\nRoberto Giangrande<\/strong><\/em><\/h2>\n<h4><em><strong>Postface de Roberto Ferrucci\u00a0<\/strong><\/em><\/h4>\n<div class=\"page\" title=\"Page 2\">\n<div class=\"section\">\n<div class=\"layoutArea\">\n<div class=\"column\">\n<p class=\"cvGsUA direction-ltr align-justify para-style-body\"><span class=\"OYPEnA text-decoration-none text-strikethrough-none\">Des squelettes d\u2019habitations, feuilles mortes de\u0301pose\u0301es a\u0300 flanc de colline, colorent de leurs tuiles rouges l\u2019un des plus beaux panoramas de la plage de Mondello. La <\/span><em><span class=\"OYPEnA text-decoration-none text-strikethrough-none\">collina del disonore<\/span><\/em><span class=\"OYPEnA text-decoration-none text-strikethrough-none\"> est connue en Sicile pour ses re\u0301sidences incomple\u0300tes, aux ouvertures sans fene\u0302tres et aux fac\u0327ades nues, inoccupe\u0301es depuis des anne\u0301es, existantes non vivantes. Cette<\/span> <span class=\"OYPEnA text-decoration-none text-strikethrough-none\">image n\u2019est pas rare en Italie. Le phe\u0301nome\u0300ne de l\u2019<\/span><strong><em><span class=\"OYPEnA text-decoration-none text-strikethrough-none\">incompiuto <\/span><\/em><\/strong><span class=\"OYPEnA text-decoration-none text-strikethrough-none\">(l\u2019inacheve\u0301) se\u0301vit dans toute la pe\u0301ninsule.<\/span><\/p>\n<p class=\"cvGsUA direction-ltr align-justify para-style-body\"><span class=\"OYPEnA text-decoration-none text-strikethrough-none\">Des formes vides, suspendues dans l\u2019espace et le temps, ponctuent le paysage de points d\u2019interrogation. Ce sont plus de 1000 projets d\u2019infrastructures qui sont abandonn\u00e9s en cours ou en fin de construction, jamais mis en fonction, en raison de malfa\u00e7ons, de montages financiers obscurs, de lourdeurs bureaucratiques ou de co\u00fbts de fonctionnement \u00e9lev\u00e9s. L\u2019h\u00f4pital gris\u00e2tre sans patients de Carmine, l\u2019autoroute pi\u00e9montaise qui tombe dans un champ, le complexe fant\u00f4me de La Maddalena qui n\u2019accueillera jamais le G8\u2026 Des \u0153uvres ambitieuses, laiss\u00e9es en l\u2019\u00e9tat, dessinant les contours d\u2019un pays invisible.<\/span><\/p>\n<p class=\"cvGsUA direction-ltr align-justify para-style-body\"><span class=\"OYPEnA text-decoration-none text-strikethrough-none\">L\u2019ouvrage rassemble plus d\u2019une cinquantaine d\u2019inachev\u00e9s photographi\u00e9s par <strong>Roberto Giangrande<\/strong>, sous une lumi\u00e8re blanche, sans pr\u00e9sence humaine, teint\u00e9e d\u2019un voile fan\u00e9. Ses images nous transportent dans une r\u00e9currence de l\u2019absurde o\u00f9 la m\u00e9moire des lieux ne se partage plus. Il s\u2019av\u00e8re impossible de construire des souvenirs avec les inachev\u00e9s saisis entre un pass\u00e9 sans but et un futur ind\u00e9finiment diff\u00e9r\u00e9.\u00a0<\/span><\/p>\n<p><span class=\"OYPEnA text-decoration-none text-strikethrough-none\">\u00c0 la fin de l\u2019ouvrage, le<\/span><span class=\"OYPEnA text-decoration-none text-strikethrough-none\"> texte de l\u2019\u00e9crivain italien <strong>Roberto Ferrucci<\/strong><\/span><span class=\"OYPEnA text-decoration-none text-strikethrough-none\"> apporte des cl\u00e9s de lecture sur le contexte politique et social inh\u00e9rent \u00e0 l\u2019<\/span><em><span class=\"OYPEnA text-decoration-none text-strikethrough-none\">incompiuto<\/span><\/em><span class=\"OYPEnA text-decoration-none text-strikethrough-none\">, mis en perspective avec le travail photographique minutieux de Giangrande.<\/span><\/p>\n<p><b><i>Incompiuto<\/i><\/b> est charg\u00e9 d\u2019indignation face \u00e0 ces <strong><i>\u00ab\u00a0infinies coul\u00e9es de b\u00e9ton inutiles \u00e0 la collectivit\u00e9, utiles \u00e0 ceux qui en ont tir\u00e9 profit\u00a0[\u2026] des\u00a0crimes contre la collectivit\u00e9, contre le bien commun\u00a0\u00bb<\/i> <\/strong>(extrait de la postface de l\u2019\u00e9crivain Roberto Ferrucci).<\/p>\n<\/div>\n<\/div>\n<\/div>\n<\/div>\n<hr \/>\n<h3><strong>Caract\u00e9ristiques techniques<\/strong><\/h3>\n<div class=\"column\">\n<ul style=\"list-style-type: disc;\">\n<li><span style=\"font-size: 80%;\">Parution : 14 ao\u00fbt 2024<\/span><\/li>\n<li><span style=\"font-size: 80%;\">Photographies : Roberto Giangrande<\/span><\/li>\n<li><span style=\"font-size: 80%;\">Postface : Roberto Ferruci\u00a0<\/span><\/li>\n<li><span style=\"font-size: 80%;\">Design graphique : Stefano Pallavisini<\/span><\/li>\n<li><span style=\"font-size: 80%;\">Format : 16,8 x 23,4 cm \/<\/span><\/li>\n<li><span style=\"font-size: 80%;\">128 pages &#8211; 50 photographies<\/span><\/li>\n<li><span style=\"font-size: 80%;\">Tirage de 500 exemplaires en France (+ 500 exemplaires en Italie)<\/span><\/li>\n<li><span style=\"font-size: 80%;\">Co-\u00e9dition avec <a href=\"https:\/\/emusebooks.com\/\" target=\"_blank\" rel=\"noopener\">emuse<\/a><\/span><\/li>\n<li><span style=\"font-size: 80%;\">Photographies sur Fedrigoni Symbol Tatami Ivory 115gr et texte sur Munken Print 120gr<\/span><\/li>\n<li><span style=\"font-size: 80%;\">Livre broch\u00e9 dos cousu fil visible (orange)<\/span><\/li>\n<li><span style=\"font-size: 80%;\">Cahier de d\u00e9but et de fin (4p) en Kraft<\/span><\/li>\n<li><span style=\"font-size: 80%;\">Jaquette simulation filet de balisage orange en papier cartonn\u00e9 brillant<\/span><\/li>\n<li><span style=\"font-size: 80%;\">ISBN : 9791095118275<\/span><\/li>\n<li><span style=\"font-size: 80%;\">Prix public : 40 \u20ac<\/span><\/li>\n<\/ul>\n<\/div>\n<\/div>\n<\/div>\n<\/div>\n<p>&nbsp;<\/p>\n<\/div>\n<div class=\"column\">\n<div class=\"page\" title=\"Page 1\">\n<div class=\"layoutArea\">\n<div class=\"column\">\n<div class=\"column\">\n<hr \/>\n<h3><strong>Presse et coups de coeur<\/strong><\/h3>\n<\/div>\n<p><strong>Vous pouvez consulter et t\u00e9l\u00e9charger le <a href=\"https:\/\/drive.google.com\/drive\/u\/0\/folders\/1fw4u_lIGCP1SFaOlSAv-YYElYGaEOaI7\" target=\"_blank\" rel=\"noopener\">kit de presse<\/a> complet (visuels, couverture, maquette du livre et dossier de presse).<\/strong><\/p>\n<blockquote><p><span style=\"font-size: 80%;\"><em>\u00ab Avec Incompiuto, Roberto Giangrande a con\u00e7u un livre tr\u00e8s beau, de couleurs p\u00e2les, peau du temps abord\u00e9 dans sa dimension sableuse, rendant compte d\u2019une cinquantaine de ces formes de ciment souvent monstrueuses encombrant le paysage. [&#8230;] Se pr\u00e9sentant sous couverture kraft \u00e9paisse et jaquette simulant un filet orange en papier cartonn\u00e9,\u00a0Incompiuto est un tr\u00e8s bel objet \u00e9ditorial, sorte de m\u00e9morial pr\u00e9caire pour des \u00e9quipements publics ou priv\u00e9s n\u2019ayant jamais vu le jour. \u00bb<\/em><\/span><\/p><\/blockquote>\n<p style=\"text-align: right;\"><strong>Fabien Ribery (chroniqueur) sur <a href=\"https:\/\/lintervalle.blog\/2024\/08\/01\/au-pays-de-laberration-par-roberto-giangrande-photographe\/\" target=\"_blank\" rel=\"noopener\">L&rsquo;Intervalle<\/a><\/strong><\/p>\n<blockquote><p><em><span style=\"font-size: 80%;\">\u00ab Avec [ Roberto Giangrande ] on parcourt la p\u00e9ninsule en des paysages aux ciels gris ou d&rsquo;un bleu \u00e9teint o\u00f9 se dessinent ces constructions de teinte claire. Des tons qui font penser \u00e0 ceux des anciennes photos Polaroid qui vieillissaient si mal. Un choix tellement symbolique en opposition avec l&rsquo;Italie des cartes postales. Chaque photo est accompagn\u00e9e d&rsquo;une l\u00e9gende en donnant le lieu, la localisation GPS, l&rsquo;ann\u00e9e de d\u00e9but et le pourcentage d&rsquo;ach\u00e8vement. Des ponts qui ne m\u00e8nent \u00e0 rien, des routes qui s&rsquo;arr\u00eatent sur le vide, les squelettes d&rsquo;une gare, d&rsquo;un plan\u00e9tarium, de b\u00e2timents administratifs, une vertigineuse tour vide, la structure d&rsquo;un parking, une piscine jamais remplie&#8230; Les \u00e9difices sont souvent gigantesques, ravageant d&rsquo;autant plus les paysages ou les environnements citadins. Les sites se suivent, suscitant l&rsquo;\u00e9tonnement et l&rsquo;incompr\u00e9hension. Chaque page appelle la suivante. Une lecture hautement addictive qui s&rsquo;ach\u00e8ve avec un splendide texte d&rsquo;analyse et de r\u00e9flexion de l&rsquo;\u00e9crivain et chroniqueur Roberto Ferrucci alors qu&rsquo;une carte pointe les lieux photographi\u00e9s. Quel travail utile, \u00e0 la fois artistique et journalistique que ce livre! Il offre des heures de lecture riche menant \u00e0 autant de r\u00e9flexion et d&rsquo;interrogation. D&#8217;empathie aussi. \u00bb<\/span><\/em><\/p><\/blockquote>\n<p style=\"text-align: right;\"><strong>Lucie Cauwe (journaliste ind\u00e9pendante) sur le blog <a href=\"https:\/\/lu-cieandco.blogspot.com\/2024\/09\/les-grands-travaux-inutiles-italiens.html\" target=\"_blank\" rel=\"noopener\">LuCie&amp;Co<\/a>\u00a0<\/strong><\/p>\n<\/div>\n<\/div>\n<\/div>\n<\/div>\n<\/div>\n<\/div>\n","protected":false},"excerpt":{"rendered":"<p><em>Roberto Giangrande<\/em><\/p>","protected":false},"featured_media":4458,"template":"","meta":[],"product_brand":[],"product_cat":[135],"product_tag":[953,975,892,967,955,956,276,962,716,973,972,969,963,898,974,968,951,950,952,954,899,958,959,977,234,965,885,971,812,957,235,696,697,961,960,970,976,277,283,964,966,275,225],"class_list":{"0":"post-4122","1":"product","2":"type-product","3":"status-publish","4":"has-post-thumbnail","6":"product_cat-livre","7":"product_tag-abandon","8":"product_tag-amenagement","9":"product_tag-architecture","10":"product_tag-aventure","11":"product_tag-batiment","12":"product_tag-building","13":"product_tag-city","14":"product_tag-co-edition","15":"product_tag-construction","16":"product_tag-contrebande","17":"product_tag-corruption","18":"product_tag-documentaire","19":"product_tag-emuse","20":"product_tag-enquete","21":"product_tag-espace","22":"product_tag-exploration","23":"product_tag-inacheve","24":"product_tag-incompiuto","25":"product_tag-incomplet","26":"product_tag-infrastructure","27":"product_tag-investigation","28":"product_tag-italie","29":"product_tag-italy","30":"product_tag-land","31":"product_tag-landscape","32":"product_tag-lieux","33":"product_tag-limited","34":"product_tag-litige","35":"product_tag-livre","36":"product_tag-ouvrage-dart","37":"product_tag-paysage","38":"product_tag-photographie","39":"product_tag-photography","40":"product_tag-roberto-ferrucci","41":"product_tag-roberto-giangrande","42":"product_tag-societe","43":"product_tag-territoire","44":"product_tag-town","45":"product_tag-urban","46":"product_tag-urbanisme","47":"product_tag-urbex","48":"product_tag-ville","49":"product_tag-voyage","51":"first","52":"instock","53":"shipping-taxable","54":"purchasable","55":"product-type-simple"},"_links":{"self":[{"href":"https:\/\/editionslightmotiv.com\/en\/wp-json\/wp\/v2\/product\/4122","targetHints":{"allow":["GET"]}}],"collection":[{"href":"https:\/\/editionslightmotiv.com\/en\/wp-json\/wp\/v2\/product"}],"about":[{"href":"https:\/\/editionslightmotiv.com\/en\/wp-json\/wp\/v2\/types\/product"}],"wp:featuredmedia":[{"embeddable":true,"href":"https:\/\/editionslightmotiv.com\/en\/wp-json\/wp\/v2\/media\/4458"}],"wp:attachment":[{"href":"https:\/\/editionslightmotiv.com\/en\/wp-json\/wp\/v2\/media?parent=4122"}],"wp:term":[{"taxonomy":"product_brand","embeddable":true,"href":"https:\/\/editionslightmotiv.com\/en\/wp-json\/wp\/v2\/product_brand?post=4122"},{"taxonomy":"product_cat","embeddable":true,"href":"https:\/\/editionslightmotiv.com\/en\/wp-json\/wp\/v2\/product_cat?post=4122"},{"taxonomy":"product_tag","embeddable":true,"href":"https:\/\/editionslightmotiv.com\/en\/wp-json\/wp\/v2\/product_tag?post=4122"}],"curies":[{"name":"wp","href":"https:\/\/api.w.org\/{rel}","templated":true}]}}