{"id":3769,"date":"2023-08-25T11:51:45","date_gmt":"2023-08-25T09:51:45","guid":{"rendered":"https:\/\/editionslightmotiv.com\/?post_type=product&#038;p=3769"},"modified":"2024-08-12T17:41:12","modified_gmt":"2024-08-12T15:41:12","slug":"la-maison-sans-toit-tirage","status":"publish","type":"product","link":"https:\/\/editionslightmotiv.com\/en\/product\/la-maison-sans-toit-tirage\/","title":{"rendered":"LA MAISON SANS TOIT avec tirage"},"content":{"rendered":"<div class=\"page\" title=\"Page 1\">\n<div class=\"layoutArea\">\n<div class=\"column\">\n<div class=\"page\" title=\"Page 1\">\n<div class=\"layoutArea\">\n<div class=\"column\">\n<h2><em><strong>LA MAISON SANS TOIT<br \/>\nLaure Samama &amp; H\u00e9l\u00e8ne Gestern<\/strong><\/em><\/h2>\n<div class=\"page\" title=\"Page 2\">\n<div class=\"section\">\n<div class=\"layoutArea\">\n<div class=\"column\">\n<p><em>\u00ab On ignore ce qui s\u2019est passe\u0301, l\u2019accident, la trage\u0301die, le concours de circonstances qui ont fait que ces murs se sont trouve\u0301s vide\u0301s de leurs habitants. Mais on pressent le de\u0301part force\u0301, la fuite, l\u2019abandon pre\u0301cipite\u0301. \u00bb<\/em><\/p>\n<p>Chalmita, Mexique. Que sont devenus ceux qui vivaient ici ? Qui e\u0301taient-ils ?<\/p>\n<p>Des souvenirs sont disse\u0301mine\u0301s dans cette maison envahie par la ve\u0301ge\u0301tation : un lit de\u0301fait, une boi\u0302te a\u0300 tre\u0301sors rouille\u0301e, des ex-votos de\u0301colore\u0301s&#8230; La photographe <strong>Laure Samama<\/strong> les recueille comme autant d\u2019indices au cours de trois voyages sur place. A son retour, elle contacte la romancie\u0300re <strong>He\u0301le\u0300ne Gestern<\/strong> qui, telle une de\u0301tective, se met au travail, fouille me\u0301thodiquement les images, en extrait le de\u0301cor, les personnages, le sce\u0301nario de la fuite. Un re\u0301cit comme une fiction entrevue aux confins du re\u0301el.<\/p>\n<p>Apre\u0300s <a href=\"https:\/\/editionslightmotiv.com\/en\/product\/lautre-fille\/\" target=\"_blank\" rel=\"noopener\"><strong><em>L\u2019autre fille<\/em><\/strong><\/a> by <a href=\"https:\/\/editionslightmotiv.com\/en\/auteurs-photographes\/nadege-fagoo\/\" target=\"_blank\" rel=\"noopener\">Nade\u0300ge Fagoo<\/a> et d\u2019<a href=\"https:\/\/editionslightmotiv.com\/en\/annie-ernaux\/\" target=\"_blank\" rel=\"noopener\">Annie Ernaux<\/a>, <em>La maison sans toit<\/em>, deuxie\u0300me ouvrage de la collection <strong><em>Singulie\u0300res<\/em><\/strong>, ouvre une autre forme de liaison entre litte\u0301rature et photographie.<\/p>\n<p>He\u0301le\u0300ne Gestern interroge la disparition des habitants a\u0300 travers les objets laisse\u0301s sur place. Elle rejoint les questions de Laure Samama ou\u0300 percent la de\u0301gradation des lieux, l\u2019envahissement de la ve\u0301ge\u0301tation, l\u2019e\u0301phe\u0301me\u0300re et le recouvrement. Chaque photographie est distille\u0301e entre les pages du texte, comme si l\u2019on de\u0301tissait les mailles d\u2019un myste\u0300re.<\/p>\n<p><strong><em>La maison sans toit<\/em><\/strong> devient ainsi <em>\u00ab un pan fragile de temps humain arrache\u0301 a\u0300 l\u2019oubli \u00bb<\/em>.<\/p>\n<\/div>\n<\/div>\n<\/div>\n<\/div>\n<hr \/>\n<h3><strong>Technical features<\/strong><\/h3>\n<div class=\"column\">\n<ul style=\"list-style-type: disc;\">\n<li><span style=\"font-size: 80%;\">Parution : 17 octobre 2023<\/span><\/li>\n<li><span style=\"font-size: 80%;\">Photographies : Laure Samama<\/span><\/li>\n<li><span style=\"font-size: 80%;\">Texte : H\u00e9l\u00e8ne Gestern<\/span><\/li>\n<li><span style=\"font-size: 80%;\">Graphic design : Nolwen Lauzanne<\/span><\/li>\n<li><span style=\"font-size: 80%;\">Graphic design : Bureau Kayser<\/span><\/li>\n<li><span style=\"font-size: 80%;\">Book format : 14,5 x 21 cm \/ Weight : 0,500 gr<\/span><\/li>\n<li><span style=\"font-size: 80%;\">128 pages &#8211; 45 photographies et texte de 72 000 signes<\/span><\/li>\n<li><span style=\"font-size: 80%;\">Tirage de 1500 exemplaires<\/span><\/li>\n<li><span style=\"font-size: 80%;\">Printed cover on ColorPlan Natural 270gr<\/span><\/li>\n<li><span style=\"font-size: 80%;\">Photographs (colourful and black and white) and texts on Munken Polar Rough 120gr<\/span><\/li>\n<li><span style=\"font-size: 80%;\">Softcover with  colourful endpapers<\/span><\/li>\n<li><span style=\"font-size: 80%;\">ISBN : 9791095118268<\/span><\/li>\n<li><span style=\"font-size: 80%;\">Prix public : 26 \u20ac<\/span><\/li>\n<\/ul>\n<hr \/>\n<h3><strong>Tirage limit\u00e9 de Laure Samama<\/strong><\/h3>\n<p>Tirage limit\u00e9 au choix, num\u00e9rot\u00e9, sign\u00e9 par la photographe<br \/>\n4 mod\u00e8les (voir les visuels sur le produit)<br \/>\n10 exemplaires par mod\u00e8le<br \/>\nSur papier FineArt (Hahnem\u00fchle ou Ilford), 310gr, au format 11 x 15,5 cm<br \/>\nGliss\u00e9 dans une pochette cristal \u00e0 la fin de l&rsquo;ouvrage<\/p>\n<p><strong>Prix livre avec tirage : 120 euros<\/strong><\/p>\n<\/div>\n<div class=\"column\">\n<hr \/>\n<h3><strong>Press and booksellers' comments<\/strong><\/h3>\n<\/div>\n<p class=\"translation-block\"><strong>You can view or upload the <a href=\"https:\/\/drive.google.com\/drive\/u\/0\/folders\/1fw4u_lIGCP1SFaOlSAv-YYElYGaEOaI7\" target=\"_blank\" rel=\"noopener\">press kit<\/a> (visuals, cover, book layout in PDF et press release).<\/strong><\/p>\n<\/div>\n<\/div>\n<\/div>\n<\/div>\n<\/div>\n<\/div>","protected":false},"excerpt":{"rendered":"<p>LA MAISON SANS TOIT Laure Samama &amp; H\u00e9l\u00e8ne Gestern \u00ab On ignore ce qui s\u2019est passe\u0301, l\u2019accident, la trage\u0301die, le concours de circonstances qui ont fait que ces murs se sont trouve\u0301s vide\u0301s de leurs habitants. Mais on pressent le de\u0301part force\u0301, la fuite, l\u2019abandon pre\u0301cipite\u0301. \u00bb Chalmita, Mexique. Que sont devenus ceux qui vivaient<\/p>","protected":false},"featured_media":4016,"template":"","meta":[],"product_brand":[],"product_cat":[144],"product_tag":[904,849,900,908,906,898,890,894,899,889,234,891,885,791,829,828,812,893,902,901,874,907,875,235,911,696,697,273,862,876,274,792],"class_list":{"0":"post-3769","1":"product","2":"type-product","3":"status-publish","4":"has-post-thumbnail","6":"product_cat-livre-avec-tirage","7":"product_tag-amerique-centrale","8":"product_tag-annie-ernaux","9":"product_tag-chalmita","10":"product_tag-disappearance","11":"product_tag-disparition","12":"product_tag-enquete","13":"product_tag-helene-gestern","14":"product_tag-house","15":"product_tag-investigation","16":"product_tag-la-maison-sans-toit","17":"product_tag-landscape","18":"product_tag-laure-samama","19":"product_tag-limited","20":"product_tag-limited-print","21":"product_tag-literature","22":"product_tag-litterature","23":"product_tag-livre","24":"product_tag-maison","25":"product_tag-mexico","26":"product_tag-mexique","27":"product_tag-mineral","28":"product_tag-missing","29":"product_tag-organique","30":"product_tag-paysage","31":"product_tag-photo-print","32":"product_tag-photographie","33":"product_tag-photography","34":"product_tag-print","35":"product_tag-singulieres","36":"product_tag-still-life","37":"product_tag-tirage","38":"product_tag-tirage-limite","40":"first","41":"instock","42":"shipping-taxable","43":"purchasable","44":"product-type-variable"},"_links":{"self":[{"href":"https:\/\/editionslightmotiv.com\/en\/wp-json\/wp\/v2\/product\/3769","targetHints":{"allow":["GET"]}}],"collection":[{"href":"https:\/\/editionslightmotiv.com\/en\/wp-json\/wp\/v2\/product"}],"about":[{"href":"https:\/\/editionslightmotiv.com\/en\/wp-json\/wp\/v2\/types\/product"}],"wp:featuredmedia":[{"embeddable":true,"href":"https:\/\/editionslightmotiv.com\/en\/wp-json\/wp\/v2\/media\/4016"}],"wp:attachment":[{"href":"https:\/\/editionslightmotiv.com\/en\/wp-json\/wp\/v2\/media?parent=3769"}],"wp:term":[{"taxonomy":"product_brand","embeddable":true,"href":"https:\/\/editionslightmotiv.com\/en\/wp-json\/wp\/v2\/product_brand?post=3769"},{"taxonomy":"product_cat","embeddable":true,"href":"https:\/\/editionslightmotiv.com\/en\/wp-json\/wp\/v2\/product_cat?post=3769"},{"taxonomy":"product_tag","embeddable":true,"href":"https:\/\/editionslightmotiv.com\/en\/wp-json\/wp\/v2\/product_tag?post=3769"}],"curies":[{"name":"wp","href":"https:\/\/api.w.org\/{rel}","templated":true}]}}