{"id":3610,"date":"2023-02-22T17:49:18","date_gmt":"2023-02-22T16:49:18","guid":{"rendered":"https:\/\/editionslightmotiv.com\/?post_type=product&#038;p=3610"},"modified":"2024-08-12T17:42:03","modified_gmt":"2024-08-12T15:42:03","slug":"staccato-avec-tirage","status":"publish","type":"product","link":"https:\/\/editionslightmotiv.com\/en\/product\/staccato-avec-tirage\/","title":{"rendered":"STACCATO avec tirage"},"content":{"rendered":"<div class=\"page\" title=\"Page 1\">\n<div class=\"layoutArea\">\n<div class=\"column\">\n<h3><em><strong>STACCATO\u00a0<\/strong><\/em><\/h3>\n<h3><em><strong>Maeva Benaiche<\/strong><\/em><\/h3>\n<p class=\"translation-block\"><strong><em>Staccato<\/em><\/strong> is a cry from the heart, a suspended testimony about to implode.<\/p>\n<p>Et cette de\u0301flagration, c\u2019est celle de Mae\u0308va Benaiche. Photographe et be\u0300gue, elle navigue entre les mots et les remous cherchant a\u0300 trouver sa place dans ce monde de la parole. Elle donne a\u0300 voir, a\u0300 entendre, a\u0300 sentir son expe\u0301rience de vie ballotte\u0301e par son trouble du langage. Dans ses interactions, son expression est inhibe\u0301e par le regard de l\u2019autre, par ses souvenirs qui l\u2019assaillent, par ses propres doutes. Sa parole peine a\u0300 suivre la course effre\u0301ne\u0301e de sa pense\u0301e. Et elle s\u2019e\u0301puise a\u0300 faire tomber les barrie\u0300res du langage.<\/p>\n<p><strong><em>Staccato<\/em><\/strong> est une respiration scande\u0301e, hache\u0301e, libe\u0301re\u0301e. Par la photographie, <strong>Mae\u0308va Benaiche<\/strong> se de\u0301leste de toutes les brides, les siennes et celles des autres. Elle laisse couler a\u0300 flots des images aux formes organiques, psychiques, e\u0301le\u0301mentaires. A l\u2019e\u0301tat brut. Cette esthe\u0301tique e\u0301pure\u0301e se forge dans le noir et blanc, dans les compositions centre\u0301es mais agite\u0301es, dans les jeux de mouvement et de flou. Parfois heurte\u0301es, enclines aux fe\u0302lures et aux e\u0301clats, parfois de\u0301livre\u0301es, apaise\u0301es, ses photographies suivent instinctivement le cours d\u2019un re\u0301cit fluide, puissamment introspectif. Nous sommes charrie\u0301s par ses mots et emporte\u0301s par ses visions.<\/p>\n<p class=\"translation-block\"><strong><em>Staccato<\/em><\/strong> infused as much with her delicacy as with her flame, and it draws, at the edge of what the photographer reveals to us : a call to openness, an invitation to let go and an acceptance.<\/p>\n<p class=\"translation-block\">Director of the <a href=\"https:\/\/galerievu.com\/\" target=\"_blank\" rel=\"noopener\">gallery VU'<\/a> <strong>Caroline B\u00e9nichou<\/strong>'s foreword gives depth to that<strong><em>\"expression of a desire and an all-consuming energy\"<\/em><\/strong> specific to Ma\u00ebva Benaiche's photography.<\/p>\n<div class=\"column\">\n<hr \/>\n<h3><strong>Technical features<\/strong><\/h3>\n<div class=\"column\">\n<ul style=\"list-style-type: disc;\">\n<li><span style=\"font-size: 90%;\">Release date : 23 mai 2023<\/span><\/li>\n<li><span style=\"font-size: 90%;\">Photographs and text : Ma\u00ebva Benaiche<\/span><\/li>\n<li><span style=\"font-size: 90%;\">Rewriting and proofreading : Laur\u00e8ne Becquart<\/span><\/li>\n<li><span style=\"font-size: 90%;\">Foreword : Caroline B\u00e9nichou<\/span><\/li>\n<li><span style=\"font-size: 90%;\">Graphic design : Bureau Kayser<\/span><\/li>\n<li><span style=\"font-size: 90%;\">Book format : 16,8 x 22x2 cm \/ Weight : 0,5 kg<\/span><\/li>\n<li><span style=\"font-size: 90%;\">88 pages - 44 photographs<\/span><\/li>\n<li><span style=\"font-size: 90%;\">Print run : 700 copies<\/span><\/li>\n<li><span style=\"font-size: 90%;\">Dust jacket, printed recto-verso on ColorPlan New Blue 170gr<\/span><\/li>\n<li><span style=\"font-size: 90%;\">Photographs (four-color) and texts printed on Munken Lynx Rough 120gr + 8-page folio (front\/back of the book) on Munken Lynx Rough 170gr<\/span><\/li>\n<li><span style=\"font-size: 90%;\">Soft bound book, square spine, sewn and glued, light grey thread<\/span><\/li>\n<li><span style=\"font-size: 90%;\">ISBN : 9791095118251<\/span><\/li>\n<li><span style=\"font-size: 90%;\"><strong>Prix du livre sans tirage : 35 \u20ac<\/strong><\/span><\/li>\n<\/ul>\n<hr \/>\n<h3><strong>Tirage limit\u00e9 de la photographe <em>Maeva Benaiche<\/em><\/strong><\/h3>\n<p>Tirage de t\u00eate limit\u00e9 au choix, num\u00e9rot\u00e9, sign\u00e9 par la photographe<br \/>\n4 mod\u00e8les (voir les visuels sur le produit)<br \/>\n20 exemplaires par mod\u00e8le<br \/>\nSur papier Hahnem\u00fchle Photo Rag Smooth 308gr, cadr\u00e9 dans un format <span data-offset-key=\"9r42l-0-3\">14,5x21cm, sur papier Fine Art, 310gr<br \/>\n<strong>Prix du livre avec tirage : 120 euros<\/strong><\/span><\/p>\n<\/div>\n<div class=\"column\">\n<hr \/>\n<h3><strong>Press and booksellers' comments<\/strong><\/h3>\n<\/div>\n<p class=\"translation-block\"><em><strong>Click to access the <a href=\"https:\/\/drive.google.com\/drive\/folders\/1IaujkB3fAynWp0sc_EJhF_zkT44yyXGP?usp=drive_link\" target=\"_blank\" rel=\"noopener\">press kit<\/a>.<\/strong><\/em><\/p>\n<p>Excerpts from newspaper articles and booksellers' comments<\/p>\n<div class=\"column\">\n<blockquote>\n<p class=\"has-text-align-justify translation-block\"><em><span style=\"font-size: 80%; color: #333333;\">Ma\u00ebva Benaiche cr\u00e9e en une images une vaste symphonie unissant le terrestre et le c\u00e9leste, le v\u00e9g\u00e9tal et l\u2019humain, l\u2019eau et l\u2019air.<br>\r\n<\/span><span style=\"font-size: 80%; color: #333333;\">Staccato&nbsp;proc\u00e8de par descentes et remont\u00e9es successives, dans les tr\u00e9fonds ou les hauteurs, comme un plongeur\/astronaute en apn\u00e9e essayant d\u2019accro\u00eetre son temps d\u2019immersion.<br>\r\n<\/span><span style=\"font-size: 80%; color: #333333;\">Un \u0153il s\u2019ouvre sur une croix, le sol craque, une belle envol\u00e9e se pr\u00e9pare.<\/span><\/em><\/p>\n<\/blockquote>\n<\/div>\n<\/div>\n<p style=\"text-align: right;\" class=\"translation-block\"><strong>Fabien Ribery on <a href=\"https:\/\/lintervalle.blog\/2023\/06\/13\/begaiement-explosante-fixe-par-maeva-benaiche-photographe\/\" target=\"_blank\" rel=\"noopener\">L\u2019Intervalle<\/a><\/strong><\/p>\n<blockquote class=\"wp-embedded-content\" data-secret=\"aKYEWqDkAJ\"><p><a href=\"https:\/\/lintervalle.blog\/2023\/06\/13\/begaiement-explosante-fixe-par-maeva-benaiche-photographe\/\" target=\"_blank\" rel=\"noopener\">B\u00e9gaiement, explosante fixe, par Ma\u00ebva Benaiche,&nbsp;photographe<\/a><\/p><\/blockquote>\n<p><iframe loading=\"lazy\" class=\"wp-embedded-content\" sandbox=\"allow-scripts\" security=\"restricted\" style=\"position: absolute; clip: rect(1px, 1px, 1px, 1px);\" title=\"&laquo;&nbsp;B\u00e9gaiement, explosante fixe, par Ma\u00ebva Benaiche,&nbsp;photographe&nbsp;&raquo; &#8212; Le blog de Fabien Ribery\" src=\"https:\/\/lintervalle.blog\/2023\/06\/13\/begaiement-explosante-fixe-par-maeva-benaiche-photographe\/embed\/#?secret=KI3AC9q3xD#?secret=aKYEWqDkAJ\" data-secret=\"aKYEWqDkAJ\" width=\"600\" height=\"338\" frameborder=\"0\" marginwidth=\"0\" marginheight=\"0\" scrolling=\"no\"><\/iframe><\/p>\n<h3><strong>Discover the trailer video about Maeva Benaiche's book :<\/strong><\/h3>\n<p><iframe loading=\"lazy\" src=\"\/\/www.youtube.com\/embed\/Oh-CYlkUSrc\" width=\"560\" height=\"314\" allowfullscreen=\"allowfullscreen\"><\/iframe><\/p>\n<\/div>\n<\/div>\n<\/div>","protected":false},"excerpt":{"rendered":"<p>STACCATO\u00a0 Ma\u00ebva Benaiche Staccato est un cri du coeur, un te\u0301moignage en suspens sur le point d\u2019imploser. Et cette de\u0301flagration, c\u2019est celle de Mae\u0308va Benaiche. Photographe et be\u0300gue, elle navigue entre les mots et les remous cherchant a\u0300 trouver sa place dans ce monde de la parole. Elle donne a\u0300 voir, a\u0300 entendre, a\u0300 sentir<\/p>","protected":false},"featured_media":3604,"template":"","meta":[],"product_brand":[],"product_cat":[144],"product_tag":[845,883,867,864,773,878,813,879,853,852,855,881,884,234,869,861,885,791,812,870,874,877,873,872,799,875,235,696,697,739,273,859,882,871,866,876,865,792,886,868,860,880,854],"class_list":{"0":"post-3610","1":"product","2":"type-product","3":"status-publish","4":"has-post-thumbnail","6":"product_cat-livre-avec-tirage","7":"product_tag-artistique","8":"product_tag-autoportrait","9":"product_tag-begaiement","10":"product_tag-begue","11":"product_tag-black-and-white","12":"product_tag-blurred","13":"product_tag-book","14":"product_tag-eau","15":"product_tag-femme","16":"product_tag-fille","17":"product_tag-girl","18":"product_tag-intimate","19":"product_tag-intime","20":"product_tag-landscape","21":"product_tag-langage","22":"product_tag-life","23":"product_tag-limited","24":"product_tag-limited-print","25":"product_tag-livre","26":"product_tag-maeva-benaiche","27":"product_tag-mineral","28":"product_tag-movement","29":"product_tag-music","30":"product_tag-musique","31":"product_tag-noir-et-blanc","32":"product_tag-organique","33":"product_tag-paysage","34":"product_tag-photographie","35":"product_tag-photography","36":"product_tag-portrait","37":"product_tag-print","38":"product_tag-recit-photographique","39":"product_tag-self-portrait","40":"product_tag-staccato","41":"product_tag-stammer","42":"product_tag-still-life","43":"product_tag-stutter","44":"product_tag-tirage-limite","45":"product_tag-tirgae","46":"product_tag-trouble","47":"product_tag-vie","48":"product_tag-water","49":"product_tag-woman","51":"first","52":"instock","53":"shipping-taxable","54":"purchasable","55":"product-type-variable"},"_links":{"self":[{"href":"https:\/\/editionslightmotiv.com\/en\/wp-json\/wp\/v2\/product\/3610","targetHints":{"allow":["GET"]}}],"collection":[{"href":"https:\/\/editionslightmotiv.com\/en\/wp-json\/wp\/v2\/product"}],"about":[{"href":"https:\/\/editionslightmotiv.com\/en\/wp-json\/wp\/v2\/types\/product"}],"wp:featuredmedia":[{"embeddable":true,"href":"https:\/\/editionslightmotiv.com\/en\/wp-json\/wp\/v2\/media\/3604"}],"wp:attachment":[{"href":"https:\/\/editionslightmotiv.com\/en\/wp-json\/wp\/v2\/media?parent=3610"}],"wp:term":[{"taxonomy":"product_brand","embeddable":true,"href":"https:\/\/editionslightmotiv.com\/en\/wp-json\/wp\/v2\/product_brand?post=3610"},{"taxonomy":"product_cat","embeddable":true,"href":"https:\/\/editionslightmotiv.com\/en\/wp-json\/wp\/v2\/product_cat?post=3610"},{"taxonomy":"product_tag","embeddable":true,"href":"https:\/\/editionslightmotiv.com\/en\/wp-json\/wp\/v2\/product_tag?post=3610"}],"curies":[{"name":"wp","href":"https:\/\/api.w.org\/{rel}","templated":true}]}}