{"id":3499,"date":"2023-01-31T11:45:27","date_gmt":"2023-01-31T10:45:27","guid":{"rendered":"https:\/\/editionslightmotiv.com\/?post_type=product&#038;p=3499"},"modified":"2024-08-12T17:42:48","modified_gmt":"2024-08-12T15:42:48","slug":"lautre-fille-avec-tirage","status":"publish","type":"product","link":"https:\/\/editionslightmotiv.com\/en\/product\/lautre-fille-avec-tirage\/","title":{"rendered":"L&rsquo;AUTRE FILLE avec tirage"},"content":{"rendered":"<div class=\"page\" title=\"Page 1\">\n<div class=\"layoutArea\">\n<div class=\"column\">\n<div class=\"page\" title=\"Page 2\">\n<div class=\"section\">\n<div class=\"layoutArea\">\n<div class=\"column\">\n<h3><strong><em>L\u2019AUTRE FILLE<br \/>\nNad\u00e8ge Fagoo &amp; Annie Ernaux<\/em><\/strong><\/h3>\n<p><em>\u201cWriting to you is nothing more than exploring all your absence. Describing the legacy of absence. You are an empty form impossible to fill with writing. \u00bb<\/em><\/p>\n<p>1950. Annie Ernaux, 10 ans, apprend l\u2019existence d\u2019une s\u0153ur, morte avant qu\u2019elle-me\u0302me ne soit ne\u0301e. 2011. Annie Ernaux adresse une lettre a\u0300 cette s\u0153ur qu\u2019elle n\u2019a jamais connue mais dont la disparition a marque\u0301 son histoire. La me\u0302me anne\u0301e,\u00a0<a href=\"https:\/\/editionslightmotiv.com\/en\/auteurs-photographes\/nadege-fagoo\/\">Nade\u0300ge Fagoo<\/a>, photographe, est saisie par la de\u0301licatesse de ce re\u0301cit et ressent une re\u0301sonance avec ses images. Elles s\u2019accordent comme une re\u0301ponse visuelle a\u0300 ce qui est indicible.<\/p>\n<p>Cette forme augmente\u0301e de<em><strong>\u00a0L\u2019autre fille<\/strong><\/em>\u00a0refle\u0300te la lutte des vivants\u00a0<em>\u00ab contre la longue vie des morts \u00bb<\/em>.<\/p>\n<p><em><strong>L\u2019autre fille<\/strong><\/em>\u00a0est le premier ouvrage de la collection\u00a0<strong><em>Singuli\u00e8res<\/em><\/strong>, port\u00e9e par les Editions Light Motiv, qui associe la litt\u00e9rature \u00e0 la photographie.<\/p>\n<p>Par un jeu de miroir entre e\u0301crivaine et photographe, la collection\u00a0<em>Singulie\u0300res<\/em>\u00a0explore les nouvelles manie\u0300res de dialoguer entre ces deux langages (texte et image) dans la fabrication me\u0302me du livre. En s\u2019appuyant sur les dernie\u0300res avance\u0301es techniques en impression concernant les couleurs, les contrastes, les nuances des photographies sur papier de cre\u0301ation, cette collection instaure une\u00a0<strong>forme nouvelle encore peu explore\u0301e, l\u2019e\u0301quilibre juste et percutant accorde\u0301 entre l\u2019univers de l\u2019e\u0301crit et celui du visuel.<\/strong><\/p>\n<hr \/>\n<h3><strong>Caract\u00e9ristiques techniques de\u00a0<em>L\u2019autre fille<\/em><\/strong><\/h3>\n<ul>\n<li>Release date : 20 april 2023<\/li>\n<li>Photographs : Nad\u00e8ge Fagoo<\/li>\n<li>Text (originally published in 2011 by Editions NiL) : Annie Ernaux<\/li>\n<li>Graphic design : Nolwen Lauzanne and Light Motiv<\/li>\n<li>Book format : 14,5 x 21 cm \/ Weight : 0,500 gr<\/li>\n<li>96 pages \u2013 33 photographies et 37 pages de texte<\/li>\n<li>Print run : 4000 copies<\/li>\n<li>Printed cover on ColorPlan Natural 270gr<\/li>\n<li>Photographs (colourful and black and white) and texts on Munken Polar Rough 120gr<\/li>\n<li>Softcover with  colourful endpapers<\/li>\n<li>ISBN : 9791095118244<\/li>\n<li>Public price : 23 \u20ac<\/li>\n<li><em><strong>VERSION TIRAGE LIMIT\u00c9 :<\/strong><\/em> Le livre<em> L&rsquo;autre fille<\/em> + un tirage de t\u00eate sur papier Hahnem\u00fchle Photo Rag Smooth 308gr cadr\u00e9 dans un format 11&#215;15,5 cm, sign\u00e9, num\u00e9rot\u00e9 \u2013 5 choix possibles, tirage limit\u00e9 \u00e0 30 exemplaires. Gliss\u00e9 dans une pochette cristal \u00e0 la fin du livre.<\/li>\n<\/ul>\n<hr \/>\n<h3><strong>Presse autour de\u00a0<em>L\u2019autre fille<\/em><\/strong><\/h3>\n<p><em><strong>Cliquez pour avoir acc\u00e8s au\u00a0<a href=\"https:\/\/drive.google.com\/drive\/folders\/1IaujkB3fAynWp0sc_EJhF_zkT44yyXGP?usp=drive_link\" target=\"_blank\" rel=\"noopener\">kit de presse<\/a>.<\/strong><\/em><\/p>\n<p>Extraits d\u2019articles en presse et de retours libraires :<\/p>\n<blockquote><p class=\"translation-block\"><span style=\"color: #333333; font-size: 80%;\">\u00ab&nbsp;D\u00e8s les premi\u00e8res pages du livre, une m\u00e9taphore photographique surgissait : \u00ab&nbsp;Je voudrais continuer \u00e0 d\u00e9crire ces vacances-l\u00e0, retarder. Faire le r\u00e9cit de ce r\u00e9cit, ce sera en finir avec le flou du v\u00e9cu, comme entreprendre de d\u00e9velopper une pellicule photo conserv\u00e9e dans un placard depuis soixante ans et jamais tir\u00e9e.&nbsp;\u00bb<\/span><br>\r\n<span style=\"color: #333333; font-size: 80%;\">Cette pellicule intime, c\u2019est la photographe Nad\u00e8ge Fagoo qui s\u2019est charg\u00e9e de la d\u00e9velopper, avec sa propre lumi\u00e8re, sa propre grammaire. Quelques photos documentaires ont \u00e9t\u00e9 prises \u00e0 Yvetot ; une longue s\u00e9rie d\u2019autres met en sc\u00e8ne deux enfants, comme des visages possibles de cette \u00ab autre fille \u00bb. Dans cette configuration, la photo, qui joue \u00e0 part \u00e9gale avec le texte qui la nourrit et qu\u2019elle irrigue en retour, consonne, propose ses contrepoints, ses \u00e9nigmes, le velout\u00e9 des peaux et les visages.&nbsp;\u00bb<\/span><\/p><\/blockquote>\n<p><strong>H\u00e9l\u00e8ne Gestern sur\u00a0<a href=\"https:\/\/autobiosphere.wordpress.com\/2023\/05\/05\/resurrection-annie-ernaux-nadege-fagoo-lautre-fille-lightmotiv-2023-h-gestern\/\" target=\"_blank\" rel=\"noopener\">Autobiosphere<\/a><\/strong><\/p>\n<p>&nbsp;<\/p>\n<div class=\"xdj266r x11i5rnm xat24cr x1mh8g0r x1vvkbs x126k92a\">\n<blockquote>\n<div dir=\"auto\"><em>\u00ab\u00a0Voil\u00e0 un livre n\u00e9 d\u2019une rencontre inattendue. En joignant l\u2019acuit\u00e9 et la sensibilit\u00e9 de son regard photographique au r\u00e9cit d\u00e9chirant mais d\u00e9nu\u00e9 de nostalgie d\u2019Annie Ernaux, Nad\u00e8ge Fagoo nous offre une interpr\u00e9tation de ce que la puissance de l\u2019image peut ajouter \u00e0 un texte d\u00e9j\u00e0 fort. Une oeuvre soign\u00e9e sur l\u2019enfance, la m\u00e9moire et la mort.\u00a0\u00bb<\/em><\/div>\n<\/blockquote>\n<div dir=\"auto\"><strong>Clarence \u2013 La Chouette Librairie sur\u00a0<a href=\"https:\/\/www.leslibraires.fr\/livre\/21989397-l-autre-fille-annie-ernaux-light-motiv\" target=\"_blank\" rel=\"noopener\">leslibraires.fr<\/a><\/strong><\/div>\n<\/div>\n<\/div>\n<\/div>\n<\/div>\n<\/div>\n<\/div>\n<\/div>\n<\/div>","protected":false},"excerpt":{"rendered":"<p>L\u2019AUTRE FILLE Nad\u00e8ge Fagoo &amp; Annie Ernaux \u00ab T\u2019e\u0301crire, ce n\u2019est rien d\u2019autre que faire le tour de ton absence. De\u0301crire l\u2019he\u0301ritage d\u2019absence. Tu es une forme vide impossible a\u0300 remplir d\u2019e\u0301criture. \u00bb 1950. Annie Ernaux, 10 ans, apprend l\u2019existence d\u2019une s\u0153ur, morte avant qu\u2019elle-me\u0302me ne soit ne\u0301e. 2011. Annie Ernaux adresse une lettre a\u0300<\/p>","protected":false},"featured_media":3678,"template":"","meta":[],"product_brand":[],"product_cat":[144],"product_tag":[848,849,845,850,844,847,856,853,809,852,855,851,861,829,828,846,696,697,739,858,859,857,862,860,854],"class_list":{"0":"post-3499","1":"product","2":"type-product","3":"status-publish","4":"has-post-thumbnail","6":"product_cat-livre-avec-tirage","7":"product_tag-absence","8":"product_tag-annie-ernaux","9":"product_tag-artistique","10":"product_tag-autobiographie","11":"product_tag-dcumentaire","12":"product_tag-death","13":"product_tag-famille","14":"product_tag-femme","15":"product_tag-fiction","16":"product_tag-fille","17":"product_tag-girl","18":"product_tag-lautre-fille","19":"product_tag-life","20":"product_tag-literature","21":"product_tag-litterature","22":"product_tag-mort","23":"product_tag-photographie","24":"product_tag-photography","25":"product_tag-portrait","26":"product_tag-presence","27":"product_tag-recit-photographique","28":"product_tag-relative","29":"product_tag-singulieres","30":"product_tag-vie","31":"product_tag-woman","33":"first","34":"instock","35":"shipping-taxable","36":"purchasable","37":"product-type-variable"},"_links":{"self":[{"href":"https:\/\/editionslightmotiv.com\/en\/wp-json\/wp\/v2\/product\/3499","targetHints":{"allow":["GET"]}}],"collection":[{"href":"https:\/\/editionslightmotiv.com\/en\/wp-json\/wp\/v2\/product"}],"about":[{"href":"https:\/\/editionslightmotiv.com\/en\/wp-json\/wp\/v2\/types\/product"}],"wp:featuredmedia":[{"embeddable":true,"href":"https:\/\/editionslightmotiv.com\/en\/wp-json\/wp\/v2\/media\/3678"}],"wp:attachment":[{"href":"https:\/\/editionslightmotiv.com\/en\/wp-json\/wp\/v2\/media?parent=3499"}],"wp:term":[{"taxonomy":"product_brand","embeddable":true,"href":"https:\/\/editionslightmotiv.com\/en\/wp-json\/wp\/v2\/product_brand?post=3499"},{"taxonomy":"product_cat","embeddable":true,"href":"https:\/\/editionslightmotiv.com\/en\/wp-json\/wp\/v2\/product_cat?post=3499"},{"taxonomy":"product_tag","embeddable":true,"href":"https:\/\/editionslightmotiv.com\/en\/wp-json\/wp\/v2\/product_tag?post=3499"}],"curies":[{"name":"wp","href":"https:\/\/api.w.org\/{rel}","templated":true}]}}