{"id":3450,"date":"2022-12-16T17:14:11","date_gmt":"2022-12-16T16:14:11","guid":{"rendered":"https:\/\/editionslightmotiv.com\/?post_type=product&#038;p=3450"},"modified":"2024-04-18T09:51:43","modified_gmt":"2024-04-18T07:51:43","slug":"polaroid-lifeline-tirage","status":"publish","type":"product","link":"https:\/\/editionslightmotiv.com\/en\/product\/polaroid-lifeline-tirage\/","title":{"rendered":"POLAROID LIFELINE tirage limit\u00e9"},"content":{"rendered":"<h3><em><strong>POLAROID LIFELINE tirage limit\u00e9<br \/>\nMarc Mounier-Kuhn\u00a0<\/strong><\/em><\/h3>\n<hr \/>\n<h3><strong>Technical features\u00a0<\/strong><\/h3>\n<ul>\n<li class=\"p1\"><span class=\"s1\">Photographs : <strong>Marc Mounier-Kuhn<br \/>\n<\/strong><\/span><\/li>\n<li class=\"p1\"><span class=\"s1\">Issues de la s\u00e9rie<strong><em> Polaroid Lifeline<\/em><br \/>\n<\/strong><\/span><\/li>\n<li class=\"p1\"><span class=\"s1\">Format : 20 x 20 cm cadr\u00e9 dans un format 21 x 29,5 cm<br \/>\n<\/span><\/li>\n<li class=\"p1\"><span class=\"s1\">Sur papier japonais Awagami Bamboo White 110gr<br \/>\n<\/span><\/li>\n<li class=\"p1\">Tirages limit\u00e9s : 10 exemplaires<\/li>\n<li class=\"p1\">Num\u00e9rot\u00e9s, sign\u00e9s par le photographe<\/li>\n<li class=\"p1\">2 mod\u00e8les au choix (voir les visuels sur le produit)<\/li>\n<\/ul>\n<p>Prix d&rsquo;un tirage :<strong> 120 \u20ac<\/strong><\/p>","protected":false},"excerpt":{"rendered":"<p>POLAROID LIFELINE tirage limit\u00e9 Marc Mounier-Kuhn\u00a0 Caract\u00e9ristiques techniques\u00a0 Photographies : Marc Mounier-Kuhn Issues de la s\u00e9rie Polaroid Lifeline Format : 20 x 20 cm cadr\u00e9 dans un format 21 x 29,5 cm Sur papier japonais Awagami Bamboo White 110gr Tirages limit\u00e9s : 10 exemplaires Num\u00e9rot\u00e9s, sign\u00e9s par le photographe 2 mod\u00e8les au choix (voir les<\/p>","protected":false},"featured_media":3458,"template":"","meta":[],"product_brand":[],"product_cat":[144],"product_tag":[833,838,747,746,840,839,72,836,234,791,829,828,781,210,831,841,830,235,696,697,739,273,835,837,825,824,827,832,826,274,814,792,226,834,225],"class_list":{"0":"post-3450","1":"product","2":"type-product","3":"status-publish","4":"has-post-thumbnail","6":"product_cat-livre-avec-tirage","7":"product_tag-canoe","8":"product_tag-dream","9":"product_tag-environment","10":"product_tag-environnement","11":"product_tag-fantastic","12":"product_tag-fantastique","13":"product_tag-herve-leroy","14":"product_tag-jean-philippe-mailliez","15":"product_tag-landscape","16":"product_tag-limited-print","17":"product_tag-literature","18":"product_tag-litterature","19":"product_tag-nature","20":"product_tag-nord","21":"product_tag-oise","22":"product_tag-pareidolie","23":"product_tag-pas-de-calais","24":"product_tag-paysage","25":"product_tag-photographie","26":"product_tag-photography","27":"product_tag-portrait","28":"product_tag-print","29":"product_tag-quentin-pruvost","30":"product_tag-reve","31":"product_tag-river","32":"product_tag-riviere","33":"product_tag-robert-louis-stevenson","34":"product_tag-sambre","35":"product_tag-stevenson","36":"product_tag-tirage","37":"product_tag-tirage-de-tete","38":"product_tag-tirage-limite","39":"product_tag-travel","40":"product_tag-travelogue","41":"product_tag-voyage","43":"first","44":"instock","45":"shipping-taxable","46":"purchasable","47":"product-type-variable"},"_links":{"self":[{"href":"https:\/\/editionslightmotiv.com\/en\/wp-json\/wp\/v2\/product\/3450","targetHints":{"allow":["GET"]}}],"collection":[{"href":"https:\/\/editionslightmotiv.com\/en\/wp-json\/wp\/v2\/product"}],"about":[{"href":"https:\/\/editionslightmotiv.com\/en\/wp-json\/wp\/v2\/types\/product"}],"wp:featuredmedia":[{"embeddable":true,"href":"https:\/\/editionslightmotiv.com\/en\/wp-json\/wp\/v2\/media\/3458"}],"wp:attachment":[{"href":"https:\/\/editionslightmotiv.com\/en\/wp-json\/wp\/v2\/media?parent=3450"}],"wp:term":[{"taxonomy":"product_brand","embeddable":true,"href":"https:\/\/editionslightmotiv.com\/en\/wp-json\/wp\/v2\/product_brand?post=3450"},{"taxonomy":"product_cat","embeddable":true,"href":"https:\/\/editionslightmotiv.com\/en\/wp-json\/wp\/v2\/product_cat?post=3450"},{"taxonomy":"product_tag","embeddable":true,"href":"https:\/\/editionslightmotiv.com\/en\/wp-json\/wp\/v2\/product_tag?post=3450"}],"curies":[{"name":"wp","href":"https:\/\/api.w.org\/{rel}","templated":true}]}}