{"id":3437,"date":"2022-12-15T14:52:27","date_gmt":"2022-12-15T13:52:27","guid":{"rendered":"https:\/\/editionslightmotiv.com\/?post_type=product&#038;p=3437"},"modified":"2024-08-12T17:44:27","modified_gmt":"2024-08-12T15:44:27","slug":"inland-voyage-avec-tirage","status":"publish","type":"product","link":"https:\/\/editionslightmotiv.com\/en\/product\/inland-voyage-avec-tirage\/","title":{"rendered":"INLAND VOYAGE avec tirage"},"content":{"rendered":"<div class=\"\">\n<div class=\"page\" title=\"Page 2\">\n<div class=\"layoutArea\">\n<div class=\"column\">\n<h2><em><strong>INLAND VOYAGE\u00a0<\/strong><\/em><\/h2>\n<h2><em><strong>Quentin Pruvost et Robert Louis Stevenson <\/strong><\/em><\/h2>\n<h2><em><strong>Afterwords : Herv\u00e9 Leroy et Jean-Philippe Mailliez<\/strong><\/em><\/h2>\n<p>&nbsp;<\/p>\n<p class=\"translation-block\"><strong><em>Inland Voyage<\/em><\/strong> is a work of openness, a quest into the unknown. It explores one of\nthe works of Scottish writer <strong>Robert Louis Stevenson<\/strong>, his short travelogue <em>An Inland Voyage<\/em> written in 1878, which recounts with humor and modernity the canoe journey of Stevenson and his friend Walter Grindlay Simpson on the rivers and canals of the Sambre and the Oise from Anvers to Pontoise.<\/p>\n<p>Les premie\u0300res pages du livre nous font glisser doucement au fil de l\u2019eau, jusqu\u2019a\u0300 entrer dans un monde en e\u0301quilibre entre le re\u0302ve et la re\u0301alite\u0301. Les images du photographe<strong> Quentin Pruvost<\/strong>, parti sur les traces de l\u2019e\u0301crivain, louvoient entre l\u2019ombre et la lumie\u0300re. Elles re\u0301ve\u0300lent <strong>des e\u0301le\u0301ments e\u0301tonnants, des illusions, des souvenirs de re\u0302ves passe\u0301s et d\u2019aventures possible<\/strong>s dans les paysages et les rencontres, dans la ve\u0301ge\u0301tation foisonnante, dans les constructions humaines le long des berges de la Sambre et de l\u2019Oise. Le lecteur est emporte\u0301 par le courant, charrie\u0301 par les songes, suspendu tel un funambule entre le tangible et l\u2019invisible.<\/p>\n<p class=\"translation-block\">In the middle of the book, dream time appears. The images of the rivers slide towards <strong>the tale<\/strong>. There are black and white photographs with silver strokes.<\/p>\n<p class=\"translation-block\">In the third part, the reader discovers <strong>mysterious apparitions and pareidolia<\/strong> captured by Quentin Pruvost, as if he rubbed shoulders with Stevenson's creative spirit between dreams and the physical world. At the end of such journey, the reader, more sensitive to the signs sent through dreams, will perhaps have changed a little...<\/p>\n<p>L\u2019ouvrage se termine par deux postfaces : l\u2019une signe\u0301e par l\u2019e\u0301crivain et journaliste<strong> Herve\u0301 Leroy<\/strong> noue un dialogue entre l\u2019oeil (photographique) et le verbe (litte\u0301raire), l\u2019autre signe\u0301e par le journaliste <strong>Jean-Philippe Mailliez<\/strong> nous emme\u0300ne au coeur de la vie aventureuse du conteur Stevenson.<\/p>\n<hr \/>\n<\/div>\n<h3><strong>Caract\u00e9ristiques techniques d&rsquo;<em>Inland Voyage<\/em><\/strong><\/h3>\n<ul>\n<li>Date de parution :<strong> 8 Novembre 2022<\/strong><\/li>\n<li class=\"p1\"><span class=\"s1\">Photographs : <strong>Quentin Pruvost<\/strong><\/span><\/li>\n<li class=\"p1\">Extraits de texte : <strong>Robert Louis Stevenson<\/strong><\/li>\n<li class=\"p1\">Postfaces : <strong>Herv\u00e9 Leroy et Jean-Philippe Mailliez<\/strong><\/li>\n<li class=\"p1\">Graphic Design : Arnaud Pavie, Quentin Pruvost et Eric Le Brun<\/li>\n<li class=\"p1\">Format : 21 x 27,5 cm &#8211; 128 pages- 65 photographies (55 en couleur, 10 en noir et blanc)<\/li>\n<li class=\"p1\">Bilingual version: french, english<\/li>\n<li class=\"p1\">English translation (afterwords): Harriet Thurgood<\/li>\n<li class=\"p1\">French translation (text excerpts): Laur\u00e8ne Becquart<\/li>\n<li class=\"p1\">Proofreading: Sandrine Harbonnier<\/li>\n<li class=\"p1\">Print run: 900 copies<\/li>\n<li class=\"p1\">Cover printed on Symbol Tatami Ivory 170gr and endpapers on Sirio Rough Royal Green 115gr<strong><br \/>\n<\/strong><\/li>\n<li class=\"p1\">Softcover sewn glued spine<\/li>\n<li class=\"p1\">CMYK photographs on Symbol Tatami Ivory 115gr and black and white photographs printed in silver pantone on Sirio Color Black 115gr<strong><br \/>\n<\/strong><\/li>\n<li class=\"p1\">Text excerpts on Sirio Color Black 115gr<strong><br \/>\n<\/strong><\/li>\n<li class=\"p1\">Afterwords on Munken Print White 115gr<strong><br \/>\n<\/strong><\/li>\n<li class=\"p1\"><strong>ISBN :<\/strong> 9791095118237<\/li>\n<li class=\"p1\">Prix public du livre seul :<strong> 39 \u20ac<\/strong><\/li>\n<\/ul>\n<p>&nbsp;<\/p>\n<hr \/>\n<\/div>\n<h3><strong>Tirage limit\u00e9 de Quentin Pruvost\u00a0<\/strong><\/h3>\n<div class=\"layoutArea\">\n<div class=\"product-short-description\">\n<p>Tirage limit\u00e9 au choix, num\u00e9rot\u00e9, sign\u00e9 par le photographe<\/p>\n<p><span style=\"color: #003300;\">5 choix possibles<\/span><\/p>\n<p><span style=\"color: #003300;\">Tirage limit\u00e9 \u00e0 10 exemplaires<\/span><\/p>\n<p><span style=\"color: #003300;\">Sur papier Hahnem\u00fchle Photo Rag Smooth 308gr cadr\u00e9 dans un format 20 x 27 cm<\/span><\/p>\n<p><strong>Prix du livre avec tirage : 150 euros\u00a0<\/strong><\/p>\n<p>&nbsp;<\/p>\n<hr \/>\n<\/div>\n<\/div>\n<\/div>\n<\/div>\n<h3><strong>Presse et coup de coeur <em>Inland Voyage<\/em><\/strong><\/h3>\n<p class=\"p1 translation-block\"><em><strong>Click to access the <a href=\"https:\/\/drive.google.com\/drive\/folders\/1IaujkB3fAynWp0sc_EJhF_zkT44yyXGP?usp=drive_link\" target=\"_blank\" rel=\"noopener\">press kit<\/a>.<\/strong><\/em><\/p>\n<p>Excerpts from newspapers articles and booksellers' comments<\/p>\n<blockquote>\n<p class=\"p1\"><span style=\"font-size: 80%;\">\u00ab French photographer Quentin Pruvost chose to explore the work of Scottish writer and traveler Robert Louis Stevenson (1850-1894). The latter made, at the age of 25, a canoe trip on the rivers of the North, from Antwerp to Pontoise, an experience that he will translate with humor and modernity in the book Inland Voyage. Accompanied by this story, the photographer begins his journey along the river and the canals of the Sambre to relive this initiatory journey.<\/span><\/p>\n<p class=\"p1\"><span style=\"font-size: 80%;\">The landscapes are also those of his childhood, thus awakening his own memories... From the first pages, we discover mysterious images where it is sometimes difficult to draw the dividing line between water and vegetation. The images confuse reality and illusion. The journey continues with a few portraits here and there that bring tangibility to those silent landscapes. \u00bb<\/span><\/p>\n<\/blockquote>\n<p style=\"text-align: right;\" class=\"translation-block\"><strong><span style=\"font-size: 80%\">Ericka Weidmann in <a href=\"https:\/\/www.reponsesphoto.fr\/votre-magazine\/reponses-photo-354-photo-de-rue-trouver-son-style-43593.html\" target=\"_blank\" rel=\"noopener\">R\u00e9ponses Photo<\/a><\/span><\/strong><\/p>\n<blockquote><p><span style=\"font-size: 80%;\">\u00ab\u00a0There\u2019s lots of rain and the pair get soaked to the skin, a dampness caught in the chill of Pruvost\u2019s fluvial illustrations, Stevenson\u2019s trunks of hedgerow elms are caught in all their unworldly glory. \u201cTrees are the most civil society.\u201d You can near smell the sweetness of Pruvost\u2019s forest photography.<\/span><\/p>\n<p><span style=\"font-size: 80%;\">As for the river we flow, looking at these shots, along with Arethusa and Cigarette, via a gentle pull of \u201cenchanting purity\u201d. One suspects Pruvost, like Stevenson, hates cynicism \u2013 both are unapologetically romantic. Their river workers, the poorer classes, are portrayed as being \u201cmuch more charitably disposed than their superiors in wealth.\u201d<\/span><\/p><\/blockquote>\n<p style=\"text-align: right;\" class=\"translation-block\"><span style=\"font-size: 80%\"><strong>John Quin in <a href=\"https:\/\/www.thenational.scot\/news\/23198150.inland-voyage-following-footsteps-robert-louis-stevenson\/\" target=\"_blank\" rel=\"noopener\">The National<\/a><\/strong><\/span><\/p>\n<blockquote><p><span style=\"font-size: 80%;\">Vegetation is mysterious, there is this feeling of presence, there is noise in silence.<\/span><\/p>\n<p><span style=\"font-size: 80%;\">The river could be called Mnemosyne.<\/span><\/p>\n<p class=\"has-text-align-justify\"><span style=\"font-size: 80%;\">Is it in Northern Europe or somewhere in Georgia, US ?<\/span><\/p>\n<p class=\"has-text-align-justify\"><span style=\"font-size: 80%;\">Appears a sailor, more likely a boatman, peaceful, focused on the landscape and his inner world.<\/span><\/p>\n<p class=\"has-text-align-justify\"><span style=\"font-size: 80%;\">The eyes navigate in the images, almost Tarkovskiesian ones but without the drama or the feeling of sacrifice specific to the Russian master.<\/span><\/p>\n<p class=\"has-text-align-justify\"><span style=\"font-size: 80%;\">There are certainly some monstrous industrial buildings, ancient human constructions laid down in the surroundings like scars, but everything passes, water flows, philosophy is the natural state of the shore walker.<\/span><\/p>\n<\/blockquote>\n<p style=\"text-align: right;\" class=\"translation-block\"><strong><span style=\"font-size: 80%\">Fabien Ribery in <a href=\"https:\/\/lintervalle.blog\/2022\/11\/07\/un-voyage-en-canoe-a-la-lisiere-des-songes-par-quentin-pruvost-photographe\/comment-page-1\/\" target=\"_blank\" rel=\"noopener\">L\u2019Intervalle<\/a><\/span><\/strong><\/p>\n<p>&nbsp;<\/p>\n<hr \/>\n<p class=\"translation-block\">There is a photographic, musical and theatrical performance reading around the <em>INLAND VOYAGE<\/em> project.<\/p>\n<p>The public follow the footsteps of Scottish writer Robert Louis Stevenson who canoed down the Sambre and Oise rivers...<\/p>\n<p>The screening of Quentin Pruvost's photographs reveals explorations and contemplative, mysterious, fantastic moments of the trip, while the rendering of Herv\u00e9 Leroy and Jean-Philippe Mailliez, actors-lecturers, adds Stevenson's whimsical and funny vision. The journey is punctuated by Timoth\u00e9e Couteau's two cellos\u2026<\/p>\n<p><img loading=\"lazy\" decoding=\"async\" class=\"alignnone wp-image-3744 size-large\" src=\"https:\/\/editionslightmotiv.com\/wp-content\/uploads\/2023\/07\/IMG_0332_LaCroix2023-600x800.png\" alt=\"portrait de Timoth\u00e9e Couteau pour le spectacle INLAND VOYAGE\" width=\"600\" height=\"800\" \/><\/p>\n<p>&nbsp;<\/p>","protected":false},"excerpt":{"rendered":"<p>INLAND VOYAGE\u00a0 Quentin Pruvost et Robert Louis Stevenson Postfaces : Herv\u00e9 Leroy et Jean-Philippe Mailliez &nbsp; Inland Voyage est un ouvrage d\u2019ouverture, de que\u0302te vers l\u2019inconnu. Il explore l\u2019oeuvre de l\u2019e\u0301crivain e\u0301cossais Robert Louis Stevenson, notamment son court re\u0301cit de voyage An Inland Voyage (Voyage sur les canaux du Nord), e\u0301crit en 1878, qui retrace<\/p>","protected":false},"featured_media":3343,"template":"","meta":[],"product_brand":[],"product_cat":[144],"product_tag":[833,838,747,746,840,839,72,836,234,791,829,828,781,210,831,841,830,235,696,697,739,273,835,837,825,824,827,832,826,274,814,792,226,834,225],"class_list":{"0":"post-3437","1":"product","2":"type-product","3":"status-publish","4":"has-post-thumbnail","6":"product_cat-livre-avec-tirage","7":"product_tag-canoe","8":"product_tag-dream","9":"product_tag-environment","10":"product_tag-environnement","11":"product_tag-fantastic","12":"product_tag-fantastique","13":"product_tag-herve-leroy","14":"product_tag-jean-philippe-mailliez","15":"product_tag-landscape","16":"product_tag-limited-print","17":"product_tag-literature","18":"product_tag-litterature","19":"product_tag-nature","20":"product_tag-nord","21":"product_tag-oise","22":"product_tag-pareidolie","23":"product_tag-pas-de-calais","24":"product_tag-paysage","25":"product_tag-photographie","26":"product_tag-photography","27":"product_tag-portrait","28":"product_tag-print","29":"product_tag-quentin-pruvost","30":"product_tag-reve","31":"product_tag-river","32":"product_tag-riviere","33":"product_tag-robert-louis-stevenson","34":"product_tag-sambre","35":"product_tag-stevenson","36":"product_tag-tirage","37":"product_tag-tirage-de-tete","38":"product_tag-tirage-limite","39":"product_tag-travel","40":"product_tag-travelogue","41":"product_tag-voyage","43":"first","44":"instock","45":"shipping-taxable","46":"purchasable","47":"product-type-variable"},"_links":{"self":[{"href":"https:\/\/editionslightmotiv.com\/en\/wp-json\/wp\/v2\/product\/3437","targetHints":{"allow":["GET"]}}],"collection":[{"href":"https:\/\/editionslightmotiv.com\/en\/wp-json\/wp\/v2\/product"}],"about":[{"href":"https:\/\/editionslightmotiv.com\/en\/wp-json\/wp\/v2\/types\/product"}],"wp:featuredmedia":[{"embeddable":true,"href":"https:\/\/editionslightmotiv.com\/en\/wp-json\/wp\/v2\/media\/3343"}],"wp:attachment":[{"href":"https:\/\/editionslightmotiv.com\/en\/wp-json\/wp\/v2\/media?parent=3437"}],"wp:term":[{"taxonomy":"product_brand","embeddable":true,"href":"https:\/\/editionslightmotiv.com\/en\/wp-json\/wp\/v2\/product_brand?post=3437"},{"taxonomy":"product_cat","embeddable":true,"href":"https:\/\/editionslightmotiv.com\/en\/wp-json\/wp\/v2\/product_cat?post=3437"},{"taxonomy":"product_tag","embeddable":true,"href":"https:\/\/editionslightmotiv.com\/en\/wp-json\/wp\/v2\/product_tag?post=3437"}],"curies":[{"name":"wp","href":"https:\/\/api.w.org\/{rel}","templated":true}]}}