{"id":3244,"date":"2022-05-31T16:57:46","date_gmt":"2022-05-31T14:57:46","guid":{"rendered":"https:\/\/editionslightmotiv.com\/?post_type=product&#038;p=3244"},"modified":"2025-12-02T15:13:16","modified_gmt":"2025-12-02T14:13:16","slug":"pan","status":"publish","type":"product","link":"https:\/\/editionslightmotiv.com\/en\/product\/pan\/","title":{"rendered":"PAN"},"content":{"rendered":"<h3><em><strong>PAN<br \/>\nPatrice Dion, Fabien Ribery<\/strong><\/em><\/h3>\n<p>Le livre <strong><em>PAN<\/em><\/strong> est d\u2019abord n\u00e9 dans un jardin durant l\u2019\u00e9t\u00e9 2020. Sur les feuilles des arbres qui l\u2019entourent, le catalpa, l\u2019amarante, le m\u00fbrier du Japon, la vigne&#8230; le photographe <a href=\"https:\/\/editionslightmotiv.com\/auteurs-photographes\/patrice-dion\/\" target=\"_blank\" rel=\"noopener\">Patrice Dion<\/a> \u00e9galement jardinier, r\u00e9v\u00e8le ses images gr\u00e2ce \u00e0 la seule action du soleil. Il appelle cela l&rsquo;h\u00e9lio-chlorophylle-type.<\/p>\n<p>Sans chimie, ni \u00e9lectricit\u00e9, il am\u00e9liore peu \u00e0 peu son proc\u00e9d\u00e9 et finit par obtenir une image pr\u00e9cise sur chaque feuille d\u2019arbre utilis\u00e9e en lieu d\u2019un papier photosensible. Cette d\u00e9marche fait \u00e9cho aux exp\u00e9rimentations photographiques de l\u2019anthotypie. D&rsquo;autres photographes contemporains s&rsquo;adonnent \u00e0 la m\u00eame technique comme l&rsquo;artiste japonaise Hiro Chiba et le photographe am\u00e9ricain d&rsquo;origine vietnamienne Binh Danh.<\/p>\n<p>L&rsquo;essence m\u00eame du livre <strong><em>PAN<\/em><\/strong> est de chercher \u00e0 cr\u00e9er une beaut\u00e9 harmonieuse, en faisant transpara\u00eetre la relation entre la fine feuille d\u2019arbre, support des photographies, et la feuille de papier choisie pour leur reproduction. Il s\u2019agit de retrouver avec la texture de cet objet-livre la m\u00eame sensation que nos doigts peuvent ressentir en touchant une feuille naturelle.<\/p>\n<p>Imprim\u00e9e sur un papier tr\u00e8s d\u00e9licat (<em>Pergamenata<\/em>) ou encore sur un papier textur\u00e9 (<em>Arena Natural<\/em>), chaque photographie suit les courbes et les nervures, attrapant ici et l\u00e0 un souvenir, une sensation, une rencontre que chaque feuille semble pr\u00e9server tendrement au creux de ses veines.<\/p>\n<p>Au fil des pages, une narration se d\u00e9couvre avec les personnages, les animaux et les figures abstraites des photographies dont certains d\u00e9tails sont isol\u00e9s et mis en relation avec d\u2019autres. Nous sommes alors plong\u00e9s dans une atmosph\u00e8re onirique et sensuelle, qui fait \u00e9cho \u00e0 la fragilit\u00e9 inh\u00e9rente de la nature, son essence \u00e9ph\u00e9m\u00e8re.<\/p>\n<p>Quelques mots d\u00e9coch\u00e9s par l\u2019auteur et cr\u00e9ateur du site <a href=\"https:\/\/lintervalle.blog\/\" target=\"_blank\" rel=\"noopener\"><em>L&rsquo;Intervalle<\/em><\/a>, Fabien Ribery, affleurent sur les pages qui se transforment sous les doigts en exp\u00e9rience sensorielle et intime.<\/p>\n<hr \/>\n<h3><strong>Caract\u00e9ristiques techniques<\/strong><\/h3>\n<ul>\n<li><span style=\"font-size: 90%;\">Date de parution : 18 ao\u00fbt 2022<\/span><\/li>\n<li><span style=\"font-size: 90%;\"><span class=\"s1\">Photographies et textes :\u00a0<\/span>Patrice Dion<\/span><\/li>\n<li><span style=\"font-size: 90%;\"><span class=\"s1\">Lignes po\u00e9tiques :\u00a0<\/span>Fabien Ribery<\/span><\/li>\n<li><span style=\"font-size: 90%;\"><span class=\"s1\">Design graphique :\u00a0<\/span>Nolwen Lauzanne<\/span><\/li>\n<li><span style=\"font-size: 90%;\">Format : 18 x 25,5 cm<\/span><\/li>\n<li><span style=\"font-size: 90%;\">96 pages<span class=\"Apple-converted-space\">\u00a0\u00a0<\/span>\u2013 43 photographies (couleur)<\/span><\/li>\n<li><span style=\"font-size: 90%;\">Edition en fran\u00e7ais<\/span><\/li>\n<li><span style=\"font-size: 90%;\">Couverture cartonn\u00e9e sur Fedrigoni Arena Rough Natural 120gr \u2013 dos carr\u00e9 coll\u00e9 cousu<\/span><\/li>\n<li><span style=\"font-size: 90%;\">64 pages sur Fedrigoni Arena Rough Natural 140gr et 32 pages sur Fedrigoni Pergamenata Natural 90gr<\/span><\/li>\n<li><span style=\"font-size: 90%;\">ISBN : 9791095118220<\/span><\/li>\n<li><span style=\"font-size: 90%;\">Prix public : 39 \u20ac<\/span><\/li>\n<\/ul>\n<hr \/>\n<h3><strong>Presse et coups de coeur<\/strong><\/h3>\n<blockquote><p><span style=\"font-size: 80%;\">\u00ab\u00a0[&#8230;] il faut fermer les yeux et sentir sous ses doigts la texture des pages de <strong><em>Pan<\/em><\/strong>. L&rsquo;ing\u00e9nieuse maison d&rsquo;\u00e9dition Light Motiv a imagin\u00e9 un ouvrage qui se d\u00e9couvre par le toucher. Trois types de papier ont \u00e9t\u00e9 utilis\u00e9s pour reproduire au plus pr\u00e8s la texture du v\u00e9g\u00e9tal et la transparence de certaines feuilles. Le livre, se transformant ainsi en arbre, marque sa d\u00e9f\u00e9rence \u00e0 la nature m\u00eame du papier. \u00bb<\/span><\/p><\/blockquote>\n<p style=\"text-align: right;\"><strong><span style=\"font-size: 80%;\">Alexandra Nawawi dans <a href=\"https:\/\/www.polkamagazine.com\/\" target=\"_blank\" rel=\"noopener\">Polka Magazine<\/a> (n\u00b058)<\/span><\/strong><\/p>\n<p><img loading=\"lazy\" decoding=\"async\" class=\"alignnone wp-image-3746 size-large\" src=\"https:\/\/editionslightmotiv.com\/wp-content\/uploads\/2023\/07\/POLKA_58_img_livre_Patrice_Dion-669x800.jpg\" alt=\"article sur PAN de Patrice Dion dans Polka Magazine n\u00b058\" width=\"669\" height=\"800\" \/><\/p>\n<blockquote><p><span style=\"font-size: 80%;\">\u00ab Patrice Dion, photographe et jardinier, a donn\u00e9 naissance \u00e0 <strong><em>Pan<\/em><\/strong> dans un jardin en 2020. Avec une technique photographique qu&rsquo;il a mise au point et gr\u00e2ce au seul effet des rayons du soleil, il parvient \u00e0 faire apparaitre ses photographies sur des feuilles d&rsquo;arbres.<\/span><br \/>\n<span style=\"font-size: 80%;\">Un travail magnifique et fascinant. \u00bb<\/span><\/p><\/blockquote>\n<p style=\"text-align: right;\"><span style=\"font-size: 80%;\"><strong>Caroline de la <a href=\"https:\/\/www.leslibraires.fr\/article\/20897224\/commentaires\/#81597\" target=\"_blank\" rel=\"noopener\">Librairie des Halles<\/a> (Niort)<\/strong><\/span><\/p>\n<blockquote><p><span style=\"font-size: 80%;\">\u00ab En 2020, Patrice Dion est confin\u00e9 chez lui, dans la r\u00e9gion de Toulouse, aupr\u00e8s des arbres qu&rsquo;il a plant\u00e9s sur son terrain vingt-cinq ans auparavant. Aguerri aux proc\u00e9d\u00e9s alternatifs, il tente l&rsquo;exp\u00e9rience sur des feuilles. Il d\u00e9couvre que fra\u00eechement coup\u00e9es et expos\u00e9es sous verre au soleil, celles-ci s&rsquo;\u00e9claircissent \u00e0 la lumi\u00e8re : il faut donc y apposer un contretype positif pour obtenir une image positive. [&#8230;] Cette m\u00e9thode est un art modeste, une exp\u00e9rience sensorielle qui interroge notre empreinte \u00e9cologique et ses cons\u00e9quences sur les g\u00e9n\u00e9rations futures. \u00bb<\/span><\/p><\/blockquote>\n<p style=\"text-align: right;\"><span style=\"font-size: 80%;\"><strong>Julien Bolle dans <a href=\"https:\/\/www.reponsesphoto.fr\/votre-magazine\/reponses-photo-353-portrait-noir-blanc-43045.html\" target=\"_blank\" rel=\"noopener\">R\u00e9ponses Photo<\/a> (n\u00b0353 &#8211; octobre 2022)<\/strong><\/span><\/p>\n<p><img loading=\"lazy\" decoding=\"async\" class=\"alignnone size-large wp-image-3747\" src=\"https:\/\/editionslightmotiv.com\/wp-content\/uploads\/2023\/07\/RepPhoto_sep2022_1_BD-1311x800.jpg\" alt=\"article sur PAN de Patrice Dion dans R\u00e9ponses Photo n\u00b0353 (octobre 2022)\" width=\"1020\" height=\"622\" \/><\/p>\n","protected":false},"excerpt":{"rendered":"<p>PAN Patrice Dion, Fabien Ribery Le livre PAN est d\u2019abord n\u00e9 dans un jardin durant l\u2019\u00e9t\u00e9 2020. Sur les feuilles des arbres qui l\u2019entourent, le catalpa, l\u2019amarante, le m\u00fbrier du Japon, la vigne&#8230; le photographe Patrice Dion \u00e9galement jardinier, r\u00e9v\u00e8le ses images gr\u00e2ce \u00e0 la seule action du soleil. Il appelle cela l&rsquo;h\u00e9lio-chlorophylle-type. Sans chimie,<\/p>","protected":false},"featured_media":3245,"template":"","meta":[],"product_brand":[],"product_cat":[135],"product_tag":[820,819,817,822,747,746,816,842,821,781,696,697,818,843],"class_list":{"0":"post-3244","1":"product","2":"type-product","3":"status-publish","4":"has-post-thumbnail","6":"product_cat-livre","7":"product_tag-anthotype","8":"product_tag-anthotypie","9":"product_tag-arbre","10":"product_tag-art","11":"product_tag-environment","12":"product_tag-environnement","13":"product_tag-feuille","14":"product_tag-helio-chlorophylle-type","15":"product_tag-leaf","16":"product_tag-nature","17":"product_tag-photographie","18":"product_tag-photography","19":"product_tag-tree","20":"product_tag-vegetal","22":"first","23":"instock","24":"shipping-taxable","25":"purchasable","26":"product-type-simple"},"_links":{"self":[{"href":"https:\/\/editionslightmotiv.com\/en\/wp-json\/wp\/v2\/product\/3244","targetHints":{"allow":["GET"]}}],"collection":[{"href":"https:\/\/editionslightmotiv.com\/en\/wp-json\/wp\/v2\/product"}],"about":[{"href":"https:\/\/editionslightmotiv.com\/en\/wp-json\/wp\/v2\/types\/product"}],"wp:featuredmedia":[{"embeddable":true,"href":"https:\/\/editionslightmotiv.com\/en\/wp-json\/wp\/v2\/media\/3245"}],"wp:attachment":[{"href":"https:\/\/editionslightmotiv.com\/en\/wp-json\/wp\/v2\/media?parent=3244"}],"wp:term":[{"taxonomy":"product_brand","embeddable":true,"href":"https:\/\/editionslightmotiv.com\/en\/wp-json\/wp\/v2\/product_brand?post=3244"},{"taxonomy":"product_cat","embeddable":true,"href":"https:\/\/editionslightmotiv.com\/en\/wp-json\/wp\/v2\/product_cat?post=3244"},{"taxonomy":"product_tag","embeddable":true,"href":"https:\/\/editionslightmotiv.com\/en\/wp-json\/wp\/v2\/product_tag?post=3244"}],"curies":[{"name":"wp","href":"https:\/\/api.w.org\/{rel}","templated":true}]}}