{"id":2828,"date":"2021-11-04T14:40:30","date_gmt":"2021-11-04T13:40:30","guid":{"rendered":"https:\/\/editionslightmotiv.com\/?post_type=product&#038;p=2828"},"modified":"2024-12-02T16:15:41","modified_gmt":"2024-12-02T15:15:41","slug":"tierra-magica-avec-tirage","status":"publish","type":"product","link":"https:\/\/editionslightmotiv.com\/en\/product\/tierra-magica-avec-tirage\/","title":{"rendered":"TIERRA M\u00c1GICA avec tirage"},"content":{"rendered":"<h3><em><strong>TIERRA M\u00c1GICA<\/strong><\/em><\/h3>\n<h3><em><strong>Yannick Cormier, Candice Moise<\/strong><\/em><\/h3>\n<p class=\"p1 translation-block\">As Light Motiv\u2019s third book about carnivals, <em>TIERRA M\u00c1GICA<\/em> deals with rituals and masquerades of northwestern Spain. Every year, sounds of bells come out of the mist surrounding villages to announce the end of winter. Cries and distant music can also be heard. As one\u2019s gets closer, one\u2019s begins to distinguish walking trees, fantastic birds and more disturbing figures. Those processions seem to come from far away, from the depths of time, from under the earth. French photographer <strong>Yannick Cormier<\/strong> transcribes the amazement that seizes us while facing those frightening and attractive characters.<\/p>\n<p class=\"p1\">The book rhythm alternates black and white photographs, made with a medium format film camera, of misty landscapes and sudden appearances. Those masquerades have survived centuries and wars with small shifts. They may be seen as the resurgence of an animist world preceding the Christian expansion. One could almost say that those costumes embody a pagan world, in opposition to the divine sky: all wild nuances are reinterpreted in the animal, vegetal or chimerical ornaments.<\/p>\n<p class=\"p1\">In the end, this is a parade of sensations that oscillate between dream and nightmare, with Yannick Cormier opening the ball.<\/p>\n<p class=\"p1\">Les photographies en noir et blanc argentiques sont accompagn\u00e9es du texte de <strong>Candice Moise<\/strong>, universitaire et sp\u00e9cialiste de l&rsquo;\u00e9tude des masques.<span class=\"Apple-converted-space\">\u00a0<\/span><\/p>\n<p>&nbsp;<\/p>\n<blockquote><p><span style=\"font-size: 80%;\"><em>\u00ab The masquerade affirms its right to be double: alive and dead at the same time. In the procession, there are masks, frozen faces, faces of death carried on living, jumping and acting bodies, and also animal remains, brought back to life on animated young people... Ambiguity appears in each silhouette, associating refined civility and dirty savagery, raw and delicate, white and black, all together, inseparable. Life and death: lively-death. \u00bb<\/em><\/span><\/p><\/blockquote>\n<p style=\"text-align: right;\"><span style=\"font-size: 80%;\">Text excerpt by Candice Moise<\/span><\/p>\n<p>&nbsp;<\/p>\n<p><em><strong>To know more, have a look at Yannick Cormier's interview by publisher Eric Le Brun about his works and the book:<\/strong><\/em><\/p>\n<div class=\"page\" title=\"Page 4\">\n<div class=\"section\">\n<div class=\"layoutArea\">\n<div class=\"column\">\n<p><iframe loading=\"lazy\" src=\"\/\/www.youtube.com\/embed\/D-bIUPZJxT4\" width=\"280\" height=\"157\" allowfullscreen=\"allowfullscreen\"><\/iframe><\/p>\n<hr \/>\n<h3><strong>Technical features<\/strong><\/h3>\n<ul>\n<li><span class=\"s1\">Photographs : <\/span>Yannick Cormier <span class=\"s1\">&#8211; Texte : <\/span>Candice Moise &#8211; Postface : <span style=\"font-size: 14.4px;\">Cristina Garci\u0301a Rodero<br \/>\n<\/span><\/li>\n<li>Format : 21 x 25,5 cm &#8211; 140 pages<span class=\"Apple-converted-space\">\u00a0 <\/span>&#8211; 61 photographies<\/li>\n<li>Bilingual edition: french, spanish<\/li>\n<li>Couverture reli\u00e9e, dos carr\u00e9 coll\u00e9 cousu<\/li>\n<li>Couverture sur papier Wibalin &#8211; Dorure \u00e0 chaud pour le titre<\/li>\n<li>Phtoographs printed on Symbol Tatami 135 gr<\/li>\n<li>Texte en pantone argent\u00e9 imprim\u00e9 sur Sirio Ultra Black<\/li>\n<li>Release date :<strong> 4 Novembre 2021<\/strong><\/li>\n<li>Isbn 9791095118206<\/li>\n<li>Prix public du livre seul : 35 \u20ac<\/li>\n<\/ul>\n<hr \/>\n<h3><strong>Tirage de t\u00eate limit\u00e9 de Yannick Cormier\u00a0<\/strong><\/h3>\n<p>Tirage limit\u00e9 au choix, num\u00e9rot\u00e9, sign\u00e9 par le photographe<br \/>\n4 mod\u00e8les (voir les visuels sur le produit)<br \/>\n10 exemplaires par mod\u00e8le<br \/>\nSur papier Hahnem\u00fchle Baryta 310 gr cadr\u00e9 dans un format 20 x 24 cm<\/p>\n<hr \/>\n<h3><strong>Exhibitions and events<\/strong><\/h3>\n<ul>\n<li class=\"translation-block\"><span style=\"font-size: 90%\"><strong>November 4 \u2013 December 23, 2021<\/strong>: photographic exhibition <em>TIERRA M\u00c1GICA <\/em>organized by the foundation <a href=\"https:\/\/ruins.fr\/index.php\/2021\/11\/08\/vernissage-tierra-magica\/\" target=\"_blank\" rel=\"noopener\">RUINS<\/a> in partnership with Light Motiv \u00e0 La Maison Demeure (59100 Roubaix)<\/span><\/li>\n<li class=\"translation-block\"><span style=\"font-size: 90%\"><strong>February 12 \u2013 May 22, 2022<\/strong>: <em>TIERRA M\u00c1GICA<\/em> photography exhibition at <a href=\"https:\/\/www .museeniepce.com\/index.php?\/exposition\/passees-2017\/Yannick-Cormier\" target=\"_blank\" rel=\"noopener\">Nic\u00e9phore Ni\u00e9pce Museum<\/a> (Chalon-sur-Sa\u00f4ne, 71100)<\/span><\/li>\n<li class=\"translation-block\"><span style=\"font-size: 90%\"><strong>February 25 \u2013 May 7, 2023<\/strong>: <em>TIERRA M\u00c1GICA<\/em> photography exhibition at <a href=\"http:\/\/center -photo-lectoure.fr\/tierra-magica\/\" target=\"_blank\" rel=\"noopener\">Art and Photography Center of Lectoure<\/a> (32700 Lectoure)<\/span><\/li>\n<\/ul>\n<hr \/>\n<h3><strong>Press and booksellers' comments<\/strong><\/h3>\n<p class=\"translation-block\"><span style=\"font-size: 80%;\">Cliquez ici pour t\u00e9l\u00e9charger <a href=\"https:\/\/editionslightmotiv.com\/wp-content\/uploads\/2023\/08\/Light-Motiv_Jungles_maquette.pdf\" target=\"_blank\" rel=\"noopener\">un extrait de la maquette<\/a>.<\/span><br>\r\n<span style=\"font-size: 80%;\">Cliquez ici pour t\u00e9l\u00e9charger <a href=\"https:\/\/editionslightmotiv.com\/wp-content\/uploads\/2023\/08\/DP_jungles_lightmotiv.pdf\" target=\"_blank\" rel=\"noopener\">le dossier de presse<\/a>.<\/span><\/p>\n<blockquote><p class=\"translation-block\"><span style=\"font-size: 80%\"><em>\u00ab <\/em>With this book, with this photographic work, Yannick Cormier offers us something very beautiful and poignant. <\/span><\/p>\n<p><span style=\"font-size: 80%;\">Those traditions which were able to resist wars, dictatorships, those moments when Human sees in Nature a friend, a force whose moods should be respected, are an authentic message.\u00a0<\/span><\/p>\n<p><span style=\"font-size: 80%;\">The planet lives without us, so what's the point of satisfying our bloated consumer egos?<\/span><\/p>\n<p><span style=\"font-size: 80%;\">Let's love her.<\/span><\/p>\n<p><span style=\"font-size: 80%;\">Let's respect her.<\/span><\/p>\n<p class=\"translation-block\"><span style=\"font-size: 80%\">And one day we too will be half-man, half-lichen, but also small gods of outer reaches. <em>\u201d<\/em><\/span><\/p><\/blockquote>\n<p style=\"text-align: right;\" class=\"translation-block\"><strong><span style=\"font-size: 80%\">Fr\u00e9d\u00e9ric Martin in <a href=\"https:\/\/www.5ruedu.fr\/2022\/05\/tierra-magica-yannick-cormier.html\" target=\"_blank\" rel=\"noopener\">5ruedu.fr<\/a><\/span><\/strong><\/p>\n<blockquote>\n<p class=\"has-text-align-justify translation-block\"><span style=\"font-size: 80%\"><em>\u201c<\/em>The impression is that of the emergence of a very ancient, pre-capitalist world, organizing ceremonies to celebrate the forces of nature and allow those of men to fully unfold their most fantastical visions.<\/span><\/p>\n<p class=\"has-text-align-justify\"><span style=\"font-size: 80%;\">They are strange processions of disturbing deities and unassimilable creatures.<\/span><\/p>\n<p class=\"has-text-align-justify translation-block\"><span style=\"font-size: 80%\">Alternating portraits of masked, made-up, metamorphosed humans and beautiful misty landscapes \u2013 magnificent prints by Romane Angelo -, <em>Tierra Magica<\/em> is a book very unexpected, in this pleasing, in our time so flat, so subject to the most mediocre calculations. <em>\u201d<\/em><\/span><\/p>\n<\/blockquote>\n<p style=\"text-align: right;\" class=\"translation-block\"><strong>Fabien Ribery on <a href=\"https:\/\/lintervalle.blog\/2023\/06\/13\/begaiement-explosante-fixe-par-maeva-benaiche-photographe\/\" target=\"_blank\" rel=\"noopener\">L\u2019Intervalle<\/a><\/strong><\/p>\n<\/div>\n<\/div>\n<\/div>\n<\/div>","protected":false},"excerpt":{"rendered":"<p>TIERRA M\u00c1GICA Yannick Cormier, Candice Moise Troisi\u00e8me ouvrage de la maison autour du carnaval, Tierra M\u00e1gica aborde les rituels et les mascarades du nord-ouest de l\u2019Espagne. Chaque ann\u00e9e, le son des cloches sort des brumes qui entourent les villages et tentent d\u2019annoncer la fin de l\u2019hiver, on entend aussi des cris et des musiques lointaines.<\/p>","protected":false},"featured_media":4351,"template":"","meta":[],"product_brand":[],"product_cat":[144],"product_tag":[775,773,774,78,208,779,747,746,744,782,195,764,765,778,776,781,780,770,768,769,197,742,772,766,767,771],"class_list":{"0":"post-2828","1":"product","2":"type-product","3":"status-publish","4":"has-post-thumbnail","6":"product_cat-livre-avec-tirage","7":"product_tag-argentique","8":"product_tag-black-and-white","9":"product_tag-black-and-white-photography","10":"product_tag-carnaval","11":"product_tag-carnival","12":"product_tag-costume","13":"product_tag-environment","14":"product_tag-environnement","15":"product_tag-espagne","16":"product_tag-film-photo","17":"product_tag-livre-photographique","18":"product_tag-mascarade","19":"product_tag-masquerade","20":"product_tag-medium-format","21":"product_tag-moyen-format","22":"product_tag-nature","23":"product_tag-outfit","24":"product_tag-pagan","25":"product_tag-paganisme","26":"product_tag-paien","27":"product_tag-photobook","28":"product_tag-photographie-noir-et-blanc","29":"product_tag-portugal","30":"product_tag-ritual","31":"product_tag-rituel","32":"product_tag-spain","34":"first","35":"instock","36":"shipping-taxable","37":"purchasable","38":"product-type-variable"},"_links":{"self":[{"href":"https:\/\/editionslightmotiv.com\/en\/wp-json\/wp\/v2\/product\/2828","targetHints":{"allow":["GET"]}}],"collection":[{"href":"https:\/\/editionslightmotiv.com\/en\/wp-json\/wp\/v2\/product"}],"about":[{"href":"https:\/\/editionslightmotiv.com\/en\/wp-json\/wp\/v2\/types\/product"}],"wp:featuredmedia":[{"embeddable":true,"href":"https:\/\/editionslightmotiv.com\/en\/wp-json\/wp\/v2\/media\/4351"}],"wp:attachment":[{"href":"https:\/\/editionslightmotiv.com\/en\/wp-json\/wp\/v2\/media?parent=2828"}],"wp:term":[{"taxonomy":"product_brand","embeddable":true,"href":"https:\/\/editionslightmotiv.com\/en\/wp-json\/wp\/v2\/product_brand?post=2828"},{"taxonomy":"product_cat","embeddable":true,"href":"https:\/\/editionslightmotiv.com\/en\/wp-json\/wp\/v2\/product_cat?post=2828"},{"taxonomy":"product_tag","embeddable":true,"href":"https:\/\/editionslightmotiv.com\/en\/wp-json\/wp\/v2\/product_tag?post=2828"}],"curies":[{"name":"wp","href":"https:\/\/api.w.org\/{rel}","templated":true}]}}