{"id":2589,"date":"2020-11-10T11:53:12","date_gmt":"2020-11-10T10:53:12","guid":{"rendered":"https:\/\/editionslightmotiv.com\/?post_type=product&#038;p=2589"},"modified":"2021-12-17T15:05:44","modified_gmt":"2021-12-17T14:05:44","slug":"isle-of-eigg-avec-tirage","status":"publish","type":"product","link":"https:\/\/editionslightmotiv.com\/en\/product\/isle-of-eigg-avec-tirage\/","title":{"rendered":"ISLE OF EIGG with limited print"},"content":{"rendered":"<p class=\"p1\">Parution : 10 Novembre 2020<br \/>\nPhotographies : Charles Delcourt<br \/>\nTexte : Camille Dressler<\/p>\n<p>Livre reli\u00e9, couverture tiss\u00e9e, dos carr\u00e9 coll\u00e9 cousu<br \/>\nFormat 21 x 25,5 cm &#8211; 160 pages<br \/>\nBilingual version: french, english<br \/>\nImpression quadrichromie sur papier Condat Matt Perigord 150 gr<br \/>\nVernis s\u00e9lectif sur les photographies<br \/>\nCouverture sur papier Wibalin Napura bamboo<br \/>\nDorure \u00e0 chaud pour le titre<br \/>\nTirage : 1 100 exemplaires<br \/>\n<span style=\"font-size: 14.4px;\">Isbn : 9791095118152<\/span><\/p>\n<p>Le livre&nbsp;<em>Isle of Eigg<\/em>&nbsp;+ un tirage&nbsp;<strong>au format du livre<\/strong>, sign\u00e9 et num\u00e9rot\u00e9. 2 tirages au choix, limit\u00e9s \u00e0 20 exemplaires, sur papier Hahnem\u00fchle Fine Art Baryta 310 gr<\/p>\n<p>&nbsp;<\/p>","protected":false},"excerpt":{"rendered":"<div class=\"\">\n<div class=\"translation-block\"><span class=\"\" style=\"font-size: small;\"><span class=\"\" style=\"font-family: Avenir-Book;\">Quand il d\u00e9barque sur Eigg en 2015,&nbsp;<b class=\"\">Charles Delcourt<\/b> ressent une forme de coup de foudre, comme un appel. A la fois pour les paysages magnifiques de cette \u00eele \u00e9cossaise mais aussi et surtout pour le mode de vie, rude et engag\u00e9 que d\u00e9veloppent les habitants devenus propri\u00e9taires de leur \u00eele en 1997.&nbsp;<\/span><span class=\"\">Au fur et \u00e0 mesure de ses s\u00e9jours r\u00e9guliers sur place, il d\u00e9couvre et documente leur fa\u00e7on d\u2019\u00eatre, assortie d\u2019un mod\u00e8le \u00e9nerg\u00e9tique original. L\u2019\u00eele d\u2019Eigg est maintenant&nbsp;<b class=\"\">en autonomie compl\u00e8te<\/b>&nbsp;gr\u00e2ce aux ressources durables (hydro\u00e9lectrique, \u00e9olien et solaire).<\/span><\/span><\/div>\n<div class=\"\"><span class=\"\" style=\"font-size: small;\">&nbsp;<\/span><\/div>\n<\/div>\n<div class=\"\"><span class=\"\" style=\"font-family: Avenir-Book; font-size: small;\"><b class=\"\"><i class=\"\"><span class=\"\" style=\"color: #77bb41;\">ISLE OF EIGG<\/span><\/i><\/b>&nbsp;by&nbsp;<b class=\"\">Charles Delcourt<\/b>&nbsp;sera disponible le 10 novembre en librairie.<\/span><\/div>\n<div class=\"\"><span class=\"\" style=\"font-family: Avenir-Book; font-size: small;\">&nbsp;<\/span><\/div>\n<div class=\"\"><span class=\"\" style=\"font-family: Avenir-Book; font-size: small;\"><b class=\"\"><i class=\"\"><span class=\"\" style=\"color: #77bb41;\">ISLE OF EIGG<\/span><\/i><\/b>&nbsp;est un livre photographique qui refl\u00e8te les sensations de Charles Delcourt. Soutenu par les habitants et particuli\u00e8rement par Camille Dressler, historienne et auteur du texte, cet ouvrage devient en quelque sorte le passeport des \u00eeliens vers le continent.<\/span><\/div>\n<div>&nbsp;<\/div>\n<div><a href=\"https:\/\/youtu.be\/44vJrsQ02Ls\" target=\"_blank\" rel=\"noopener noreferrer\">Vid\u00e9o de pr\u00e9sentation<\/a><\/div>\n<div>&nbsp;<\/div>","protected":false},"featured_media":2603,"template":"","meta":[],"product_brand":[],"product_cat":[144],"product_tag":[758,761,47,753,756,757,740,759,760,747,746,752,749,751,750,195,197,741,754,755],"class_list":{"0":"post-2589","1":"product","2":"type-product","3":"status-publish","4":"has-post-thumbnail","6":"product_cat-livre-avec-tirage","7":"product_tag-autonomie","8":"product_tag-autonomy","9":"product_tag-charles-delcourt","10":"product_tag-developpement-durable","11":"product_tag-ecologie","12":"product_tag-ecology","13":"product_tag-ecosse","14":"product_tag-energie","15":"product_tag-energy","16":"product_tag-environment","17":"product_tag-environnement","18":"product_tag-ile","19":"product_tag-island","20":"product_tag-islander","21":"product_tag-isle","22":"product_tag-livre-photographique","23":"product_tag-photobook","24":"product_tag-photobooks","25":"product_tag-sustainable-development","26":"product_tag-sustainable-resources","28":"first","29":"outofstock","30":"shipping-taxable","31":"purchasable","32":"product-type-variable"},"_links":{"self":[{"href":"https:\/\/editionslightmotiv.com\/en\/wp-json\/wp\/v2\/product\/2589","targetHints":{"allow":["GET"]}}],"collection":[{"href":"https:\/\/editionslightmotiv.com\/en\/wp-json\/wp\/v2\/product"}],"about":[{"href":"https:\/\/editionslightmotiv.com\/en\/wp-json\/wp\/v2\/types\/product"}],"wp:featuredmedia":[{"embeddable":true,"href":"https:\/\/editionslightmotiv.com\/en\/wp-json\/wp\/v2\/media\/2603"}],"wp:attachment":[{"href":"https:\/\/editionslightmotiv.com\/en\/wp-json\/wp\/v2\/media?parent=2589"}],"wp:term":[{"taxonomy":"product_brand","embeddable":true,"href":"https:\/\/editionslightmotiv.com\/en\/wp-json\/wp\/v2\/product_brand?post=2589"},{"taxonomy":"product_cat","embeddable":true,"href":"https:\/\/editionslightmotiv.com\/en\/wp-json\/wp\/v2\/product_cat?post=2589"},{"taxonomy":"product_tag","embeddable":true,"href":"https:\/\/editionslightmotiv.com\/en\/wp-json\/wp\/v2\/product_tag?post=2589"}],"curies":[{"name":"wp","href":"https:\/\/api.w.org\/{rel}","templated":true}]}}