{"id":2525,"date":"2020-11-10T16:54:20","date_gmt":"2020-11-10T15:54:20","guid":{"rendered":"https:\/\/editionslightmotiv.com\/?post_type=product&#038;p=2525"},"modified":"2024-01-17T15:42:24","modified_gmt":"2024-01-17T14:42:24","slug":"isle-of-eigg","status":"publish","type":"product","link":"https:\/\/editionslightmotiv.com\/en\/product\/isle-of-eigg\/","title":{"rendered":"ISLE OF EIGG"},"content":{"rendered":"<div class=\"\">\n<h3><em><strong>Isle of Eigg<br \/>\n<\/strong><strong>Charles Delcourt, Camille Dressler<\/strong><\/em><\/h3>\n<div class=\"\"><span class=\"\" style=\"font-size: 100%; font-family: helvetica, arial, sans-serif;\"><span class=\"\">Quand il d\u00e9barque sur Eigg en 2015,\u00a0<a href=\"https:\/\/editionslightmotiv.com\/en\/auteurs-photographes\/charles_delcourt\/\" target=\"_blank\" rel=\"noopener\"><b class=\"\">Charles Delcourt<\/b><\/a> ressent une forme de coup de foudre, comme un appel. A la fois pour les paysages magnifiques de cette \u00eele \u00e9cossaise mais aussi et surtout pour le mode de vie, rude et engag\u00e9 que d\u00e9veloppent les habitants devenus propri\u00e9taires de leur \u00eele en 1997.<\/span><\/span><\/div>\n<div><\/div>\n<div class=\"\"><span class=\"\" style=\"font-size: 100%; font-family: helvetica, arial, sans-serif;\"><span class=\"\">Au fur et \u00e0 mesure de ses s\u00e9jours r\u00e9guliers sur place, il d\u00e9couvre et documente leur fa\u00e7on d\u2019\u00eatre, assortie d\u2019un mod\u00e8le \u00e9nerg\u00e9tique original. <a href=\"http:\/\/isleofeigg.org\/\" target=\"_blank\" rel=\"noopener\">L\u2019\u00eele d\u2019Eigg<\/a> est maintenant\u00a0<b class=\"\">en autonomie compl\u00e8te<\/b>\u00a0gr\u00e2ce aux ressources durables (hydro\u00e9lectrique, \u00e9olien et solaire).<\/span><\/span><\/div>\n<\/div>\n<div class=\"\"><span class=\"\" style=\"font-family: helvetica, arial, sans-serif; font-size: 100%;\">\u00a0<\/span><\/div>\n<div class=\"\"><span class=\"\" style=\"font-family: helvetica, arial, sans-serif; font-size: 100%;\"><span style=\"color: #282828;\"><b class=\"\"><i class=\"\"><span class=\"\">ISLE OF EIGG<\/span><\/i><\/b><\/span> est un livre photographique qui refl\u00e8te les sensations de Charles Delcourt.<\/span><\/div>\n<div><\/div>\n<div class=\"\"><span class=\"\" style=\"font-family: helvetica, arial, sans-serif; font-size: 100%;\">Soutenu par les habitants et particuli\u00e8rement par <strong>Camille Dressler<\/strong>, historienne et auteur du texte, cet ouvrage devient en quelque sorte le passeport des \u00eeliens vers le continent.<\/span><\/div>\n<div><\/div>\n<blockquote>\n<div>\n<p><span style=\"font-size: 80%;\"><em>\u00ab Apr\u00e8s une journ\u00e9e en r\u00e9union ou devant l&rsquo;ordinateur, je vais m&rsquo;asseoir sur la terrasse de mon jardin : le spectacle des petits oiseaux qui viennent se nourrir chacun leur tour est un plaisir inlassable. Quoi qu&rsquo;il en soit, ils ne font pas attention \u00e0 moi. Dans le cama\u00efeu de vert sans fin qui caract\u00e9rise l&rsquo;\u00e9t\u00e9, mes yeux se d\u00e9lectent \u00e0 regarder les couleurs arbor\u00e9es, par les coquelicots, les lupins, les pivoines ou les soucis. A l&rsquo;horizon &#8211; quand elles ne disparaissent pas enti\u00e8rement sous les nuages &#8211; les montagnes de Ru\u00e9m offrent un d\u00e9cor spectaculaire et sans cesse renouvel\u00e9 o\u00f9, au fil des saisons, je peux suivre la progression du coucher du soleil d&rsquo;un sommet escarp\u00e9 \u00e0 l&rsquo;autre. Je ne peux vraiment pas m&rsquo;imaginer vivre ailleurs. \u00bb<\/em><\/span><\/p>\n<p>&nbsp;<\/p>\n<\/div>\n<div><span style=\"font-size: 80%;\"><em>Extrait du texte de Camille Dressler<\/em><\/span><\/div>\n<\/blockquote>\n<p><em><strong>Pour en savoir plus, allez \u00e9couter l&rsquo;entretien de Charles Delcourt autour de son travail photographique et du livre :<\/strong><\/em><\/p>\n<p><iframe loading=\"lazy\" title=\"Isle of Eigg de Charles Delcourt\" width=\"1020\" height=\"574\" src=\"https:\/\/www.youtube.com\/embed\/44vJrsQ02Ls?feature=oembed\" frameborder=\"0\" allow=\"accelerometer; autoplay; clipboard-write; encrypted-media; gyroscope; picture-in-picture; web-share\" allowfullscreen><\/iframe><\/p>\n<hr \/>\n<h3><strong>Technical features<\/strong><\/h3>\n<ul>\n<li class=\"p1\">Date de parution : 10 Novembre 2020<\/li>\n<li class=\"p1\">Photographies : Charles Delcourt<\/li>\n<li class=\"p1\">Texte : Camille Dressler<\/li>\n<li>Traduction : Michelle Ortuno &amp; Camille Dressler<\/li>\n<li>Design graphique : Olivia Garcia Comorera<\/li>\n<li>Bilingual version: french, english<\/li>\n<li>Format 21 x 25,5 cm &#8211; 160 pages<\/li>\n<li>Tirage : 1 100 exemplaires<\/li>\n<li>Livre reli\u00e9, couverture tiss\u00e9e, dos carr\u00e9 coll\u00e9 cousu<\/li>\n<li>Impression quadrichromie sur papier Condat Matt Perigord 150 gr<\/li>\n<li>Vernis s\u00e9lectif sur les photographies<\/li>\n<li>Couverture sur papier Wibalin Napura bamboo<\/li>\n<li>Dorure \u00e0 chaud pour le titre<\/li>\n<li><span style=\"font-size: 14.4px;\">ISBN : 9791095118152<\/span><\/li>\n<li>Prix public (TTC) : 36 \u20ac<\/li>\n<\/ul>\n<hr \/>\n<h3><strong>Exhibitions and events<\/strong><\/h3>\n<ul>\n<li>mars 2018 : <em>Isle of Eigg<\/em>, Exposition collective, <a href=\"https:\/\/www.mobilabo.com\/\" target=\"_blank\" rel=\"noopener\">Galerie Destin Sensible<\/a>, Mons<\/li>\n<li>juin 2018 : Laur\u00e9at fonds de soutien \u00e0 la cr\u00e9ation photographique du <a href=\"https:\/\/www.cnap.fr\/\" target=\"_blank\" rel=\"noopener\">CNAP<\/a> avec <em>Isle of Eigg<\/em><\/li>\n<li>septembre 2018 : <em>Isle of Eigg<\/em>, Festival ManifestO, Toulouse<\/li>\n<li>avril 2019: <em>Isle of Eigg<\/em>, <a href=\"http:\/\/www.itiphoto.com\/\" target=\"_blank\" rel=\"noopener\">Festival Itin\u00e9raires des photographes voyageurs<\/a>, Bordeaux<\/li>\n<li>juin &#8211; septembre 2019 : <em>Isle of Eigg<\/em>, Festival <a href=\"https:\/\/www.festivalphoto-lagacilly.com\/annees\/2023\" target=\"_blank\" rel=\"noopener\">LA GACILLY Photo<\/a>, LA Gacilly<\/li>\n<li>juillet &#8211; octobre 2019 : <em>Isle of Eigg<\/em>, Galerie FISHEYE, Arles<\/li>\n<li>juillet &#8211; septembre 2020 : <em>Isle of Eigg<\/em>, LA GACILLY Baden, Autriche<\/li>\n<li>mai 2020 : Livre Laur\u00e9at pour l&rsquo;aide \u00e0 l&rsquo;\u00e9dition du <a href=\"https:\/\/www.festivalphoto-lagacilly.com\/annees\/2023\" target=\"_blank\" rel=\"noopener\">CNAP<\/a> avec Isle of Eigg<\/li>\n<li>septembre &#8211; novembre : <em>Isle of Eigg<\/em>, <a href=\"https:\/\/www.la-chambre.org\/\" target=\"_blank\" rel=\"noopener\">La Chambre<\/a>, Strasbourg<\/li>\n<li>mars 2021 : Laur\u00e9at de la Bourse des <a href=\"https:\/\/www.amisdumuseealbertkahn.com\/adhesion-et-renouvellement-en-ligne\/\" target=\"_blank\" rel=\"noopener\">Amis du Mus\u00e9e Albert-Kahn<\/a> avec <em>Isle of Eigg<\/em><\/li>\n<li>mars &#8211; avril 2021 : <em>Isle of Eigg<\/em>, <a href=\"https:\/\/littlebiggalerie.com\/\" target=\"_blank\" rel=\"noopener\">Little Big Galerie<\/a>, Paris<\/li>\n<li>juin &#8211; octobre 2021 : <em>Isle of Eigg<\/em>, Mus\u00e9e Albert-Kahn, Boulogne-Billancourt<\/li>\n<li>d\u00e9cembre 2021 : <em>Isle of Eigg, <\/em><a href=\"https:\/\/troisiemesession.com\/\" target=\"_blank\" rel=\"noopener\">Troisi\u00e8me Session<\/a>, Hossegor<\/li>\n<li>juin &#8211; septembre 2022 : <em>Isle of Eigg<\/em>, Abbaye de l\u2019Epau, Le Mans<\/li>\n<li>octobre &#8211; novembre 2022 : <em>Isle of Eigg<\/em>, <a href=\"https:\/\/galerie-ancienne-poste.com\/expositions\/actuellement-a-la-galerie\/\" target=\"_blank\" rel=\"noopener\">Galerie de L\u2019Ancienne Poste<\/a>, Besan\u00e7on<\/li>\n<\/ul>\n<hr \/>\n<h3><strong>Press and booksellers' comments<\/strong><\/h3>\n<p><span style=\"font-size: 80%;\">Cliquez ici pour t\u00e9l\u00e9charger un <a href=\"https:\/\/editionslightmotiv.com\/wp-content\/uploads\/2024\/01\/IsleofEigg_maquette_extrait.pdf\" target=\"_blank\" rel=\"noopener\">extrait de la maquette<\/a>.<\/span><br \/>\n<span style=\"font-size: 80%;\">Cliquez ici pour t\u00e9l\u00e9charger le <a href=\"https:\/\/editionslightmotiv.com\/en\/eigg_presentation\/\" target=\"_blank\" rel=\"noopener\">dossier de presse<\/a>.<br \/>\nCliquez ici pour t\u00e9l\u00e9charger la <a href=\"https:\/\/editionslightmotiv.com\/en\/revuepresse_ioe\/\" target=\"_blank\" rel=\"noopener\">revue de presse<\/a>.<\/span><\/p>\n<p>&nbsp;<\/p>\n<table style=\"border-collapse: collapse; width: 100%;\">\n<tbody>\n<tr>\n<td style=\"width: 50%;\">\n<blockquote><p><span style=\"font-size: 80%;\"><em>\u00ab Architecte paysagiste de formation, le photographe fut imm\u00e9diatement saisi par la beaut\u00e9 de ces espaces de landes et de bruy\u00e8res pr\u00e9serv\u00e9s ; mais bien vite, son objectif visa un tout autre dessein : celui de mieux conna\u00eetre les \u00e2mes ayant \u00e9pous\u00e9 cette terre \u00e9cossaise d\u00e9pourvue de port durant des si\u00e8cles. (&#8230;)<\/em><\/span><\/p>\n<p><span style=\"font-size: 80%;\"><em>Les images de Charles montrent \u00e0 quel point ses habitants se sont pli\u00e9s aux r\u00e8gles de la nature, redoublant d&rsquo;efforts et d&rsquo;ing\u00e9niosit\u00e9, dans le respect et la reconnaissance de ce roc in\u00e9branlable. \u00bb<\/em><\/span><\/p><\/blockquote>\n<p style=\"text-align: right;\"><span style=\"font-size: 80%;\"><strong><a href=\"https:\/\/www.9lives-magazine.com\/80494\/2021\/11\/19\/coup-de-coeur-de-gerald-vidamment-sacres-pirates-les-entendez-vous\/\" target=\"_blank\" rel=\"noopener\">Comp\u00e9tence photo (repris sur 9lives)<\/a>, G\u00e9rald Vidamment, janvier\/f\u00e9vrier 2021<\/strong><\/span><\/p>\n<p>&nbsp;<\/td>\n<td style=\"width: 50%;\">\n<blockquote><p><span style=\"font-size: 80%;\"><em>\u00ab <\/em><em>Lorsqu\u2019il d\u00e9barque sur Eigg en 2015, Charles Delcourt tombe amoureux de ces paysages aust\u00e8res mais sublimes de cette \u00eele \u00e9cossaise mais admire surtout le mode de vie, rude mais engag\u00e9, que d\u00e9veloppent les habitants. Au rythme de ses s\u00e9jours, son livre devient le parcours progressif d\u2019acclimatation \u00e0 la nature de l\u2019\u00eele, se passionnant pour la vari\u00e9t\u00e9 des paysages et l\u2019engagement exceptionnel de ses habitants.<\/em><\/span> <span style=\"font-size: 80%;\"><em>\u00bb<\/em><\/span><\/p><\/blockquote>\n<p style=\"text-align: right;\"><span style=\"font-size: 80%;\"><strong><a href=\"https:\/\/www.picardiegazette.fr\/article\/regards-poetiques-et-joyau-baroque\" target=\"_blank\" rel=\"noopener\">La Gazette Nord-Pas-de-Calais<\/a>, Patrick Beaumont, d\u00e9cembre 2020<\/strong><\/span><\/p>\n<p>&nbsp;<\/td>\n<\/tr>\n<\/tbody>\n<\/table>\n<table style=\"border-collapse: collapse; width: 100%;\">\n<tbody>\n<tr>\n<td style=\"width: 50%;\">\n<blockquote><p><span style=\"font-size: 80%;\"><em>\u00ab &#8230; <\/em><em><span style=\"font-family: inherit;\">des paysages somptueux et une se\u0301re\u0301nite\u0301 qui semble s\u2019e\u0301loigner de la re\u0301alite\u0301. Il a rassemble\u0301 ses images dans cet ouvrage qui nous offre un instant de paix, mais nous laisse e\u0301galement entrevoir qu\u2019une issue est possible a\u0300 l\u2019heure d\u2019une menace climatique. <\/span><\/em><em>\u00bb<\/em><\/span><\/p><\/blockquote>\n<p style=\"text-align: right;\"><span style=\"font-size: 80%;\"><strong><a href=\"https:\/\/www.reponsesphoto.fr\/actualites\/reponses-photo-337-lumieres-urbaines-9031.html#item=1\" target=\"_blank\" rel=\"noopener\">R\u00e9ponses Photo<\/a>, Ericka Weidmann, mars 2021, n\u00b0337<\/strong><\/span><\/p>\n<p>&nbsp;<\/td>\n<td style=\"width: 50%;\">\n<blockquote><p><span style=\"font-size: 80%;\"><em>\u00ab <\/em><em><span style=\"font-family: inherit;\">Charles Delcourt sait capter les lumie\u0300res pour <\/span><span style=\"font-family: inherit;\">souligner la force, les couleurs et les traits de ce monde a\u0300 contre-courant, ses paysages comme sa centaine d\u2019Eiggers. Un grand souffle de voyage et de faire <\/span><span style=\"font-family: inherit;\">autrement a\u0300 recommander chaudement en cette fin de 2020. <\/span><\/em><em>\u00bb<\/em><\/span><\/p><\/blockquote>\n<p style=\"text-align: right;\"><span style=\"font-size: 11.52px;\"><b>La Voix du Nord, Temps Livre, D\u00e9cembre 2020<\/b><\/span><\/p>\n<\/td>\n<\/tr>\n<\/tbody>\n<\/table>\n<p>&nbsp;<\/p>","protected":false},"excerpt":{"rendered":"<p>Isle of Eigg Charles Delcourt, Camille Dressler Quand il d\u00e9barque sur Eigg en 2015,\u00a0Charles Delcourt ressent une forme de coup de foudre, comme un appel. A la fois pour les paysages magnifiques de cette \u00eele \u00e9cossaise mais aussi et surtout pour le mode de vie, rude et engag\u00e9 que d\u00e9veloppent les habitants devenus propri\u00e9taires de<\/p>","protected":false},"featured_media":2603,"template":"","meta":[],"product_brand":[],"product_cat":[135],"product_tag":[758,761,47,753,756,757,740,748,759,760,946,747,746,752,749,751,750,195,197,741,696,697,947,944,924,754,755,945],"class_list":{"0":"post-2525","1":"product","2":"type-product","3":"status-publish","4":"has-post-thumbnail","6":"product_cat-livre","7":"product_tag-autonomie","8":"product_tag-autonomy","9":"product_tag-charles-delcourt","10":"product_tag-developpement-durable","11":"product_tag-ecologie","12":"product_tag-ecology","13":"product_tag-ecosse","14":"product_tag-eigg","15":"product_tag-energie","16":"product_tag-energy","17":"product_tag-english","18":"product_tag-environment","19":"product_tag-environnement","20":"product_tag-ile","21":"product_tag-island","22":"product_tag-islander","23":"product_tag-isle","24":"product_tag-livre-photographique","25":"product_tag-photobook","26":"product_tag-photobooks","27":"product_tag-photographie","28":"product_tag-photography","29":"product_tag-royaume-uni","30":"product_tag-scotland","31":"product_tag-stock","32":"product_tag-sustainable-development","33":"product_tag-sustainable-resources","34":"product_tag-united-kingdom","36":"first","37":"outofstock","38":"shipping-taxable","39":"purchasable","40":"product-type-simple"},"_links":{"self":[{"href":"https:\/\/editionslightmotiv.com\/en\/wp-json\/wp\/v2\/product\/2525","targetHints":{"allow":["GET"]}}],"collection":[{"href":"https:\/\/editionslightmotiv.com\/en\/wp-json\/wp\/v2\/product"}],"about":[{"href":"https:\/\/editionslightmotiv.com\/en\/wp-json\/wp\/v2\/types\/product"}],"wp:featuredmedia":[{"embeddable":true,"href":"https:\/\/editionslightmotiv.com\/en\/wp-json\/wp\/v2\/media\/2603"}],"wp:attachment":[{"href":"https:\/\/editionslightmotiv.com\/en\/wp-json\/wp\/v2\/media?parent=2525"}],"wp:term":[{"taxonomy":"product_brand","embeddable":true,"href":"https:\/\/editionslightmotiv.com\/en\/wp-json\/wp\/v2\/product_brand?post=2525"},{"taxonomy":"product_cat","embeddable":true,"href":"https:\/\/editionslightmotiv.com\/en\/wp-json\/wp\/v2\/product_cat?post=2525"},{"taxonomy":"product_tag","embeddable":true,"href":"https:\/\/editionslightmotiv.com\/en\/wp-json\/wp\/v2\/product_tag?post=2525"}],"curies":[{"name":"wp","href":"https:\/\/api.w.org\/{rel}","templated":true}]}}