{"id":2439,"date":"2020-09-11T14:30:58","date_gmt":"2020-09-11T12:30:58","guid":{"rendered":"https:\/\/editionslightmotiv.com\/?post_type=product&#038;p=2439"},"modified":"2026-01-19T15:31:09","modified_gmt":"2026-01-19T14:31:09","slug":"dans-l-ombre","status":"publish","type":"product","link":"https:\/\/editionslightmotiv.com\/en\/product\/dans-l-ombre\/","title":{"rendered":"DANS L&rsquo;OMBRE"},"content":{"rendered":"<h2><em><strong>DANS L&rsquo;OMBRE\u00a0<\/strong><\/em><\/h2>\n<h2><em><strong>Fr\u00e9d\u00e9ric Cornu &amp; Pierre van Tieghem<\/strong><\/em><\/h2>\n<p><em>\u00ab\u00a0C&rsquo;est bien ce que recherche Cornu. Il entend nous emporter dans une pleine rencontre avec ces hommes et ces femmes, pass\u00e9 le premier moment de leur prise en consid\u00e9ration &#8211; qui en elle-m\u00eame est d\u00e9j\u00e0 une belle finalit\u00e9. Ces portraits ont des airs de photo d&rsquo;identit\u00e9. Or, dans une cabine de photomaton on ne sait o\u00f9 arr\u00eater son regard et les photos produites nous affectent souvent d&rsquo;un oeil absent qui abolit tout spectateur potentiel. En demandant aux mod\u00e8les de fixer l&rsquo;objectif Cornu cristallise le point de convergence de leur regard et du n\u00f4tre \u00e0 venir, il rend in\u00e9luctable la communication.\u00a0\u00bb <\/em>Pierre van Tieghem<\/p>\n<p>&nbsp;<\/p>\n<p>Fr\u00e9d\u00e9ric Cornu partage pendant un an et demi le quotidien d\u2019une association caritative d\u00e9di\u00e9e aux plus d\u00e9munis. Il campe un studio dans les locaux, installe sa chambre, ses \u00e9clairages et dresse, en noir et blanc, le portrait de tous ceux qui fr\u00e9quentent les lieux (b\u00e9n\u00e9ficiaires, travailleurs sociaux, b\u00e9n\u00e9voles) suivant le m\u00eame protocole. Drap\u00e9e dans un par\u00e9o noir qui ne laisse \u00e9chapper que la t\u00eate, chaque personne est photographi\u00e9e en plan rapproch\u00e9.<\/p>\n<p>&nbsp;<\/p>\n<p><em>\u00ab\u00a0Depuis tant d\u2019ann\u00e9es d\u00e9di\u00e9es au portrait, c\u2019est en pleine conscience et possession de toute cette immense probl\u00e9matique que Cornu en prend r\u00e9solument le contrepied et, tendu vers un unique objectif : c\u00e9l\u00e9brer le visage, d\u00e9cide de d\u00e9pouiller \u00e0 l\u2019extr\u00eame les images de Dans l\u2019ombre. Rien ne doit transpara\u00eetre de l\u2019ancrage social et rien ne doit nous extraire du visage. [&#8230;] Le visage est lib\u00e9r\u00e9. Mais nous, nous en sommes prisonniers. Impossible de nous en d\u00e9tacher car, pour \u00e9radiquer toute esquive, pour nous contraindre \u00e0 le prendre en consid\u00e9ration, il nous fait face. [&#8230;] Qu\u2019ils nous fixent ou qu\u2019ils se perdent dans le hors-champ, les yeux sont le catalyseur de l\u2019expression du visage. Plus encore : en eux-m\u00eames, par essence, se livre tout entier le mod\u00e8le, son intelligence, ses sentiments, les forces &#8211; bonnes ou mauvaises &#8211; qui l\u2019animent.\u00a0\u00bb<\/em> Pierre van Tieghem<\/p>\n<p>&nbsp;<\/p>\n<hr \/>\n<h3><strong>Caract\u00e9ristiques techniques<\/strong><\/h3>\n<ul>\n<li class=\"p1\">Parution : 11 septembre 2020<\/li>\n<li class=\"p1\">Format : 17,5 x 24,5 cm<\/li>\n<li class=\"p1\">Photographies : <span class=\"s1\">Fr\u00e9d\u00e9ric Cornu<\/span><\/li>\n<li class=\"p1\"><span class=\"s2\">Texte : \u00ab\u00a0Le grand livre des visages\u00a0\u00bb Pierre van Tieghem<\/span><\/li>\n<li class=\"p1\">Design graphique : <span class=\"s1\">Val\u00e9rie Dussart<\/span><\/li>\n<li class=\"p1\">96 pages<\/li>\n<li class=\"p1\">Couverture broch\u00e9e<\/li>\n<li class=\"p1\">ISBN : 9791095118190<\/li>\n<li class=\"p1\">Prix public : 19 \u20ac<\/li>\n<\/ul>\n<p>&nbsp;<\/p>\n<hr \/>\n<h3><strong>Expositions\u00a0<\/strong><\/h3>\n<ul>\n<li>12 juin : Rencontre-signature \u00e0 la librairie Entre les lignes (Chantilly)<\/li>\n<li><em>Dans l&rsquo;ombre<\/em> a \u00e9t\u00e9 pr\u00e9sent\u00e9e du 12 septembre au 24 octobre 2020 \u00e0 L\u2019espace 36, Saint-Omer (62500) et du 30 septembre au 7 novembre 2021 au Ch\u00e2teau de Lun\u00e9ville (54300)<\/li>\n<\/ul>\n<p>&nbsp;<\/p>\n<hr \/>\n<h3><strong>Interview de Fr\u00e9d\u00e9ric Cornu chez Light Motiv\u00a0<\/strong><\/h3>\n<p><iframe loading=\"lazy\" title=\"La Ligne d&#039;eau : Interview de Fre\u0301de\u0301ric Cornu\" width=\"1020\" height=\"574\" src=\"https:\/\/www.youtube.com\/embed\/Nt5763-E6P4?feature=oembed\" frameborder=\"0\" allow=\"accelerometer; autoplay; clipboard-write; encrypted-media; gyroscope; picture-in-picture; web-share\" referrerpolicy=\"strict-origin-when-cross-origin\" allowfullscreen><\/iframe><\/p>\n<p>&nbsp;<\/p>\n","protected":false},"excerpt":{"rendered":"<p>&nbsp;<\/p>\n<p class=\"p1\">","protected":false},"featured_media":2445,"template":"","meta":[],"product_brand":[],"product_cat":[135],"product_tag":[216,714,40,195,695,210,739],"class_list":{"0":"post-2439","1":"product","2":"type-product","3":"status-publish","4":"has-post-thumbnail","6":"product_cat-livre","7":"product_tag-documentary-photography","8":"product_tag-frederic-cornu","9":"product_tag-hauts-de-france","10":"product_tag-livre-photographique","11":"product_tag-nb","12":"product_tag-nord","13":"product_tag-portrait","15":"first","16":"instock","17":"shipping-taxable","18":"purchasable","19":"product-type-simple"},"_links":{"self":[{"href":"https:\/\/editionslightmotiv.com\/en\/wp-json\/wp\/v2\/product\/2439","targetHints":{"allow":["GET"]}}],"collection":[{"href":"https:\/\/editionslightmotiv.com\/en\/wp-json\/wp\/v2\/product"}],"about":[{"href":"https:\/\/editionslightmotiv.com\/en\/wp-json\/wp\/v2\/types\/product"}],"wp:featuredmedia":[{"embeddable":true,"href":"https:\/\/editionslightmotiv.com\/en\/wp-json\/wp\/v2\/media\/2445"}],"wp:attachment":[{"href":"https:\/\/editionslightmotiv.com\/en\/wp-json\/wp\/v2\/media?parent=2439"}],"wp:term":[{"taxonomy":"product_brand","embeddable":true,"href":"https:\/\/editionslightmotiv.com\/en\/wp-json\/wp\/v2\/product_brand?post=2439"},{"taxonomy":"product_cat","embeddable":true,"href":"https:\/\/editionslightmotiv.com\/en\/wp-json\/wp\/v2\/product_cat?post=2439"},{"taxonomy":"product_tag","embeddable":true,"href":"https:\/\/editionslightmotiv.com\/en\/wp-json\/wp\/v2\/product_tag?post=2439"}],"curies":[{"name":"wp","href":"https:\/\/api.w.org\/{rel}","templated":true}]}}