{"id":2425,"date":"2020-07-02T09:46:05","date_gmt":"2020-07-02T07:46:05","guid":{"rendered":"https:\/\/editionslightmotiv.com\/?post_type=product&#038;p=2425"},"modified":"2024-08-12T17:54:54","modified_gmt":"2024-08-12T15:54:54","slug":"les-enfermes-livre-avec-tirage","status":"publish","type":"product","link":"https:\/\/editionslightmotiv.com\/en\/product\/les-enfermes-livre-avec-tirage\/","title":{"rendered":"Les Enferm\u00e9s &#8211; Livre avec tirage"},"content":{"rendered":"<h2><em><strong>LES ENFERM\u00c9S\u00a0<\/strong><\/em><\/h2>\n<h2><em><strong>Jean-Christophe &amp; Adeline Hazan<\/strong><\/em><\/h2>\n<p><em>\u00ab\u00a0Bonjour, <\/em><\/p>\n<p><em>J&rsquo;aimerais que vous m&rsquo;aidiez. Sa fait 5 jour que\u00a0<\/em><\/p>\n<p><em>J&rsquo;ai \u00e9t\u00e9 incarc\u00e9r\u00e9e ; J&rsquo;ai apporter\u00a0<\/em><\/p>\n<p><em>des v\u00eatements que les policier\u00a0<\/em><\/p>\n<p><em>m&rsquo;ont dit de prendre quant ils sont venu me chercher \u00e0 mon domicile,\u00a0<\/em><\/p>\n<p><em>\u00e7a fait 5 jours + 3 jour de Garde\u00a0<\/em><\/p>\n<p><em>\u00e0 Vue que j&rsquo;ai pas pu me changer\u00a0<\/em><\/p>\n<p><em>d&rsquo;affaires? Je voulais vous dire\u00a0<\/em><\/p>\n<p><em>que je me sens tr\u00e8s sale avec une\u00a0<\/em><\/p>\n<p><em>odeur que m\u00eame mes codetenu sentent.\u00a0<\/em><\/p>\n<p><em>Sa me fais devenir un crade alors\u00a0<\/em><\/p>\n<p><em>que je suis pas comme sa. En libert\u00e9\u00a0<\/em><\/p>\n<p><em>je fesait attention \u00e0 mon hygiene\u00a0<\/em><\/p>\n<p><em>et la on m&rsquo;ont prive de \u00e7a, Merci<\/em><\/p>\n<p><em>de votre aide. Veuillez agr\u00e9er\u00a0<\/em><\/p>\n<p><em>mes salutations distingu\u00e9es.\u00a0\u00bb<\/em><\/p>\n<p><strong>Extrait de saisine adress\u00e9e au CGLPL par une personne incarc\u00e9r\u00e9e en maison d&rsquo;arr\u00eat apr\u00e8s une garde \u00e0 vue<\/strong><\/p>\n<p>&nbsp;<\/p>\n<p><em>\u00ab Acc\u00e9der ainsi aux lieux d\u2019enfermement, aussi longtemps que n\u00e9cessaire, sans restriction d\u2019acc\u00e8s, est une chance rare dans ma profession de photographe. Je me le r\u00e9p\u00e9tais sans cesse afin de rendre compte de ce que je voyais au plus pr\u00e8s, au plus juste, sans en rajouter ni en soustraire. [&#8230;] L\u2019immersion sensible dans la plupart de mes photographies n\u2019est pas due \u00e0 mon audace ou \u00e0 un engagement t\u00e9m\u00e9raire mais uniquement \u00e0 tout ce temps, invisible et patient, de rencontre avec les personnes qui deviennent les sujets de mes images.\u00a0<\/em><br \/>\n<span style=\"font-weight: 400;\"><em>Si l&rsquo;enfermement est malheureusement le principal moyen de punir, il n\u2019en reste pas moins le plus excluant. C\u2019est \u00e0 l\u2019\u00e9cart du monde que les personnes priv\u00e9es de libert\u00e9 poursuivent leur vie, rendant leur future r\u00e9insertion d\u2019autant plus d\u00e9licate. [&#8230;] Photographier ces personnes permet de les sortir de l\u2019invisibilit\u00e9 au monde ext\u00e9rieur, de tourner leur situation vers un ext\u00e9rieur salutaire, mettant ainsi en exergue leurs droits fondamentaux. \u00bb<\/em>\u00a0<\/span><\/p>\n<p style=\"text-align: right;\"><strong><a href=\"https:\/\/editionslightmotiv.com\/auteurs-photographes\/jean-christophe-hanche\/\" target=\"_blank\" rel=\"noopener noreferrer\">Jean-Christophe Hanch\u00e9<\/a><\/strong><\/p>\n<h2><em><strong>\u00a0<\/strong><\/em><\/h2>\n<p><em>\u00ab<\/em><em>\u2009<\/em><em>Cet ouvrage se veut \u00e0 la fois un vecteur d\u2019information et un levier pour l\u2019am\u00e9lioration de la situation des personnes priv\u00e9es de libert\u00e9. [&#8230;]<\/em><br \/>\n<em>A la lumi\u00e8re des images, des constats et des t\u00e9moignages qu\u2019il trouvera dans ce livre, j\u2019invite le lecteur \u00e0 se demander si les conditions d\u2019enfermement qu\u2019a connues la France au cours des dix derni\u00e8res ann\u00e9es pr\u00e9parent de mani\u00e8re pertinente un retour des \u00ab enferm\u00e9s \u00bb \u00e0 la libert\u00e9.<span class=\"s1\">\u2009<\/span>\u00bb\u2009<\/em><\/p>\n<p style=\"text-align: right;\"><strong>Adeline Hazan<\/strong><\/p>\n<p>&nbsp;<\/p>\n<p class=\"p1\"><em>Les Enferm\u00e9s<\/em> est un ouvrage qui entra\u00eene le lecteur sur l\u2019autre face de notre soci\u00e9t\u00e9. En prison, en h\u00f4pital psychiatrique, en centre de r\u00e9tention&#8230; Bas\u00e9 sur les observations photographiques de <a href=\"https:\/\/editionslightmotiv.com\/auteurs-photographes\/jean-christophe-hanche\/\" target=\"_blank\" rel=\"noopener noreferrer\">Jean-Christophe Hanch\u00e9<\/a>, photographe et contr\u00f4leur des lieux de privation de libert\u00e9, le livre est instructif, choquant et sinc\u00e8re sur les conditions de vie souvent indignes, rapport\u00e9es depuis ces lieux peu visibles.<\/p>\n<p class=\"p1\">L\u2019ensemble des images est corrobor\u00e9 r\u00e9guli\u00e8rement par des extraits terribles de lettres envoy\u00e9es par les d\u00e9tenus au CGLPL, et par des extraits argument\u00e9s de rapports de visite ou de recommandations en urgence \u00e9mises par le CGLPL. Se dessine ainsi un \u00abpaysage de l\u2019\u00e9cart\u00bb que le livre donne \u00e0 voir, la r\u00e9alit\u00e9 brute des lieux o\u00f9 vivent les enferm\u00e9s. Adeline Hazan, \u00e0 la t\u00eate du CGLPL, signe une pr\u00e9face engag\u00e9e, \u00e0 l\u2019image de l\u2019action courageuse qu\u2019elle y m\u00e8ne.<\/p>\n<hr \/>\n<h3><strong>Caract\u00e9ristiques techniques\u00a0<\/strong><\/h3>\n<ul>\n<li class=\"p1\">Parution : 2 Juillet 2020<\/li>\n<li class=\"p1\">Photographies : <a href=\"https:\/\/editionslightmotiv.com\/auteurs-photographes\/jean-christophe-hanche\/\" target=\"_blank\" rel=\"noopener noreferrer\">Jean-Christophe Hanch\u00e9<\/a><\/li>\n<li class=\"p1\">Texte : <a href=\"https:\/\/editionslightmotiv.com\/auteurs-photographes\/adeline-hazan\/\" target=\"_blank\" rel=\"noopener noreferrer\">Adeline Hazan<\/a><\/li>\n<li class=\"p1\"><span class=\"s1\">Design graphique : <\/span>Studio Agn\u00e8s Dahan avec Nolwen Lauzane<\/li>\n<li class=\"p1\">Format 19 x 26 cm<\/li>\n<li class=\"p1\">Couverture reli\u00e9e cartonn\u00e9e sur papier Wibalin avec cuvette pour photographie ins\u00e9r\u00e9e.<\/li>\n<li class=\"p1\">Impression sur Condat Perigord 150 gr<\/li>\n<li class=\"p1\">208 pages<\/li>\n<li class=\"p1\">ISBN : 9791095118183<\/li>\n<li class=\"p1\"><strong>Prix du livre sans tirage : 36 \u20ac<\/strong><\/li>\n<li class=\"p1\">Photographies de pr\u00e9sentation du livre : <b>Graphisme &amp; Photographie \u00a9 Agn\u00e8s Dahan Studio (<a href=\"http:\/\/agnesdahanstudio.com\/\" target=\"_blank\" rel=\"noopener noreferrer\">agnesdahanstudio.com<\/a>)\u00a0<\/b><\/li>\n<\/ul>\n<hr \/>\n<h3>Tirage limit\u00e9 de Jean-Christophe<\/h3>\n<p>Tirage limit\u00e9 au choix, num\u00e9rot\u00e9, sign\u00e9 par le photographe<\/p>\n<p>2 mod\u00e8les (voir les visuels sur le produit)<\/p>\n<p>5 exemplaires par mod\u00e8le<\/p>\n<p>Sur papier Hahnem\u00fchle Fine Art Baryta, 310 gr, au format 18 x 24 cm (marges comprises)<\/p>\n<p><strong>Prix livre avec tirage : 120 euros<\/strong><\/p>\n<hr \/>\n<h3><strong>Expositions\u00a0<\/strong><\/h3>\n<ul>\n<li style=\"font-weight: 400;\">20 septembre 2022 \u00e0 la m\u00e9diath\u00e8que jean Falala \u00e0 Reims : la rencontre s&rsquo;est articul\u00e9e autour d&rsquo;une pr\u00e9sentation par le photographe de son travail, d&rsquo;un moment d&rsquo;\u00e9changes avec le public et d&rsquo;une signature du livre<\/li>\n<\/ul>\n<hr \/>\n<h3><strong>Presse\u00a0<\/strong><\/h3>\n<p><a href=\"https:\/\/drive.google.com\/file\/d\/1EZShGzmMkKe3keYiNk6F0ttSVd5PBjL-\/view\" target=\"_blank\" rel=\"noopener\">T\u00e9l\u00e9charger dossier de presse\u00a0<\/a><\/p>\n<div>\n<div><a href=\"https:\/\/www.fisheyemagazine.fr\/rdv\/livre\/entre-quatre-murs\/\" target=\"_blank\" rel=\"noopener noreferrer\">Article Fisheye<\/a><br \/>\nInterview France Bleu Champagne-Ardenne <a href=\"https:\/\/www.francebleu.fr\/infos\/societe\/les-enfermes-jean-christophe-hanche-1592902898\" target=\"_blank\" rel=\"noopener noreferrer\">\u00ab\u00a0Il reste encore beaucoup \u00e0 faire sur les lieux de privation de libert\u00e9\u00a0\u00bb par Vianney Smiarowski<\/a><\/div>\n<\/div>\n<div><a href=\"https:\/\/www.cglpl.fr\/2020\/les-enfermes-un-livre-photographique-pour-donner-a-voir-realite-de-lenfermement\/\" target=\"_blank\" rel=\"noopener noreferrer\">Blog L&rsquo;intervalle<\/a><\/div>\n<hr \/>\n<h3><strong>Interview de Jean Christophe Hanch\u00e9 chez Light Motiv<\/strong><\/h3>\n<p><iframe loading=\"lazy\" title=\"Les Enferme\u0301s : Interview de Jean Christophe Hanche\u0301\" width=\"1020\" height=\"574\" src=\"https:\/\/www.youtube.com\/embed\/lDdrvmaT9O4?feature=oembed\" frameborder=\"0\" allow=\"accelerometer; autoplay; clipboard-write; encrypted-media; gyroscope; picture-in-picture; web-share\" referrerpolicy=\"strict-origin-when-cross-origin\" allowfullscreen><\/iframe><\/p>\n","protected":false},"excerpt":{"rendered":"<p>&nbsp;<\/p>\n<p>&nbsp;<\/p>","protected":false},"featured_media":2536,"template":"","meta":[],"product_brand":[],"product_cat":[144],"product_tag":[216,195],"class_list":{"0":"post-2425","1":"product","2":"type-product","3":"status-publish","4":"has-post-thumbnail","6":"product_cat-livre-avec-tirage","7":"product_tag-documentary-photography","8":"product_tag-livre-photographique","10":"first","11":"instock","12":"shipping-taxable","13":"purchasable","14":"product-type-variable"},"_links":{"self":[{"href":"https:\/\/editionslightmotiv.com\/en\/wp-json\/wp\/v2\/product\/2425","targetHints":{"allow":["GET"]}}],"collection":[{"href":"https:\/\/editionslightmotiv.com\/en\/wp-json\/wp\/v2\/product"}],"about":[{"href":"https:\/\/editionslightmotiv.com\/en\/wp-json\/wp\/v2\/types\/product"}],"wp:featuredmedia":[{"embeddable":true,"href":"https:\/\/editionslightmotiv.com\/en\/wp-json\/wp\/v2\/media\/2536"}],"wp:attachment":[{"href":"https:\/\/editionslightmotiv.com\/en\/wp-json\/wp\/v2\/media?parent=2425"}],"wp:term":[{"taxonomy":"product_brand","embeddable":true,"href":"https:\/\/editionslightmotiv.com\/en\/wp-json\/wp\/v2\/product_brand?post=2425"},{"taxonomy":"product_cat","embeddable":true,"href":"https:\/\/editionslightmotiv.com\/en\/wp-json\/wp\/v2\/product_cat?post=2425"},{"taxonomy":"product_tag","embeddable":true,"href":"https:\/\/editionslightmotiv.com\/en\/wp-json\/wp\/v2\/product_tag?post=2425"}],"curies":[{"name":"wp","href":"https:\/\/api.w.org\/{rel}","templated":true}]}}