{"id":2313,"date":"2020-09-12T10:28:34","date_gmt":"2020-09-12T08:28:34","guid":{"rendered":"https:\/\/editionslightmotiv.com\/?post_type=product&#038;p=2313"},"modified":"2024-08-12T17:52:52","modified_gmt":"2024-08-12T15:52:52","slug":"la-ligne-d-eau-livre-avec-tirage","status":"publish","type":"product","link":"https:\/\/editionslightmotiv.com\/en\/product\/la-ligne-d-eau-livre-avec-tirage\/","title":{"rendered":"LA LIGNE D&rsquo;EAU &#8211; Livre avec tirage"},"content":{"rendered":"<h2><em><strong>LA LIGNE D&rsquo;EAU<\/strong><\/em><\/h2>\n<h2><strong><em>Fr\u00e9d\u00e9ric Cornu &amp; Anne Lacoste\u00a0<\/em><\/strong><\/h2>\n<p><em>\u00ab\u00a0Ses images d\u00e9voilent surtout les reliefs cach\u00e9s de ces territoires du Pays de Santerre souvent caract\u00e9ris\u00e9s de \u00ab\u00a0non-lieux\u00a0\u00bb. Elles soulignent la richesse et la complexit\u00e9 de ces paysages, fa\u00e7onn\u00e9s par le temps et les usages, marqu\u00e9s par la ligne de front de la premi\u00e8re guerre guerre mondiale.\u00a0\u00bb<\/em><\/p>\n<p class=\"p1\"><i>La Ligne d\u2019eau <\/i>est publi\u00e9 en relation avec l\u2019exposition personnelle de l\u2019auteur \u00e0 <span class=\"s1\"><b><i>l\u2019Institut Pour la Photographie<\/i><\/b><\/span> du 10 septembre au 15 novembre 2020.<span class=\"Apple-converted-space\"><br \/>\n<\/span>La s\u00e9rie porte sur le projet de construction du Canal Seine-Nord qui suscite un questionnement sur les grands travaux d\u2019am\u00e9nagements \u00e0 travers le paysage du Nord de la France. Cet axe Nord-Seine, riche d\u2019histoire, ligne de front pendant la premi\u00e8re guerre mondiale, va tracer au coeur m\u00eame de ce territoire une nouvelle ligne d\u2019eau dont les enjeux seront autant culturels, \u00e9conomiques que g\u00e9ographiques. Dans l\u2019esprit des travaux photographiques commandit\u00e9s par l\u2019Observatoire Photographique du Paysage, Fr\u00e9d\u00e9ric Cornu parcourt les zones rurales concern\u00e9es par le trac\u00e9 du canal et fait un \u00e9tat des lieux qui permettra de mesurer ensuite les impacts paysagers.<\/p>\n<p class=\"p1\">Ce travail s\u2019inscrit dans cette nouvelle voie documentaire o\u00f9 s\u2019affirme un regard d\u2019auteur sensible aux empreintes de l\u2019activit\u00e9 humaine dans le paysage.<\/p>\n<hr \/>\n<h3><strong>Caract\u00e9ristiques techniques de <em>LA LIGNE D&rsquo;EAU<\/em><\/strong><\/h3>\n<ul>\n<li>Parution : 11 septembre 2020<\/li>\n<li>Format : 22 x 26 cm<\/li>\n<li>Photographs : <span class=\"s1\">Fr\u00e9d\u00e9ric Cornu<\/span><\/li>\n<li><span class=\"s2\">Pr\u00e9face : <\/span>Anne Lacoste<\/li>\n<li>Design graphique : <span class=\"s1\">Val\u00e9rie Dussart<\/span><\/li>\n<li>56 photographies<\/li>\n<li>96 pages sur papier Magno Natural 170 gr<\/li>\n<li>Couverture reli\u00e9e cartonn\u00e9e, pelliculage mat, dos carr\u00e9, tranchefile<\/li>\n<li>ISBN : 9791095118176<\/li>\n<li><strong>Prix du livre sans tirage : 32 \u20ac<\/strong><\/li>\n<\/ul>\n<hr \/>\n<h3><strong>Tirage de t\u00eate limit\u00e9 de Fr\u00e9d\u00e9ric Cornu <em>LA LIGNE D&rsquo;EAU<\/em><\/strong><\/h3>\n<p>Tirage limit\u00e9 au choix, num\u00e9rot\u00e9, sign\u00e9 par le photographe<\/p>\n<p>4 mod\u00e8les (voir les visuels sur le produit)<\/p>\n<p>5 exemplaires par mod\u00e8le<\/p>\n<p>Sur papier Hahnem\u00fchle Fine Art Baryta, 310 gr, au format 22 x 25 cm (marges comprises)<\/p>\n<p><strong>Prix du livre avec tirage : 100\u20ac<\/strong><\/p>\n<hr \/>\n<h3><strong>Expositions concernant <em>LA LIGNE D&rsquo;EAU<\/em><\/strong><\/h3>\n<ul>\n<li>12 juin : Rencontre-signature \u00e0 la librairie Entre les lignes (Chantilly)<\/li>\n<li>L\u2019exposition <i>La Ligne d\u2019eau<\/i> a \u00e9t\u00e9 pr\u00e9sent\u00e9e \u00e0 <a href=\"https:\/\/institut-photo.com\/\" target=\"_blank\" rel=\"noopener noreferrer\"><i>l\u2019Institut Pour la Photographie<\/i><\/a> (Lille) du 10 septembre au 15 novembre 2020<\/li>\n<\/ul>\n<hr \/>\n<h3><strong>Press<\/strong><\/h3>\n<p><a href=\"https:\/\/drive.google.com\/file\/d\/1kZH3j8tFrgAqGC-ZVE_5s7cMvdkBqcRD\/view\" target=\"_blank\" rel=\"noopener\">Download the press release in english\u00a0<\/a><\/p>\n<p>Extraits d&rsquo;articles en presse :<\/p>\n<blockquote><p><span style=\"font-size: 95%;\"><em>\u00ab\u00a0Les photographies de Fr\u00e9d\u00e9ric Cornu ne craignent pas le vide, cherchant l\u2019humain et ses traces, l\u00e0 o\u00f9 des regards press\u00e9s verraient des non-lieux, facilit\u00e9 intellectuelle cachant la richesse des interactions, des strates culturelles et temporelles d\u00e9pos\u00e9es dans un territoire donn\u00e9.\u00a0<\/em><em>Il y a quelquefois du saugrenu dans son regard, une salle des f\u00eates photographi\u00e9e plein cadre, comme un cyclope de briques assoupi sur la verte pelouse qui l\u2019accueille, une ferme reposant dans le lointain.\u00a0\u00bb<\/em><\/span><\/p><\/blockquote>\n<p>&nbsp;<\/p>\n<p style=\"text-align: right;\"><strong>Fabien Ribery<\/strong> <strong>sur<\/strong> <a href=\"https:\/\/lintervalle.blog\/2020\/07\/05\/canal-seine-nord-une-ligne-deau-par-frederic-cornu-photographe\/\" target=\"_blank\" rel=\"noopener\">l&rsquo;Intervalle<\/a><\/p>\n<p>&nbsp;<\/p>\n<blockquote><p><span style=\"font-size: 95%;\"><em>\u00ab\u00a0Et La Ligne d\u2019eau, dont on va parler maintenant, qui se pr\u00e9sente sous deux formes ; la forme \u00e9ditoriale, le livre que Laurent a entre les mains, aux \u00e9ditions Light Motiv, avec un \u00e9diteur, et le r\u00f4le de l\u2019\u00e9diteur est loin d\u2019\u00eatre n\u00e9gligeable dans une op\u00e9ration \u00e9ditoriale\u00a0; et puis la deuxi\u00e8me forme de d\u00e9monstration qui est l\u2019exposition que vous avez en partie l\u00e0 derri\u00e8re vous \u2013 enfin, une pi\u00e8ce derri\u00e8re vous, derri\u00e8re moi plut\u00f4t \u2013 et qui elle est con\u00e7ue par une commissaire d\u2019exposition, Anne Lacoste, la directrice de l\u2019Institut pour la photographie \u00e0 Lille, pour ne pas l\u2019oublier.<\/em><em>Et ce sont deux regards, j\u2019allais dire diff\u00e9rents, c\u2019est m\u00eame compl\u00e8tement diff\u00e9rent, sur le m\u00eame travail. Et \u00e7a montre bien l\u2019importance de quelque chose qui est bien souvent ignor\u00e9 par le photographe d\u00e9butant, et m\u00eame souvent par le photographe qui a d\u00e9j\u00e0 un peu de m\u00e9tier, qui est le r\u00f4le fondamental et primordial de ce que l\u2019on appelle l\u2019\u00e9diting.\u00a0\u00bb<\/em><\/span><\/p><\/blockquote>\n<p>&nbsp;<\/p>\n<p style=\"text-align: right;\"><strong>Extrait d&rsquo;un entretien de Laurent Breillat \u00e0 destination de Fr\u00e9d\u00e9ric Cornu sur<\/strong> <a href=\"https:\/\/apprendre-la-photo.fr\/des-portraits-et-plus-encore-avec-frederic-cornu-la-photo-aujourdhui-11\/\" target=\"_blank\" rel=\"noopener\">Apprendre la photo<\/a><\/p>\n<hr \/>\n<h3><strong>Interview de Fr\u00e9d\u00e9ric Cornu auteur de <em>LA LIGNE D&rsquo;EAU<\/em> chez Light Motiv\u00a0<\/strong><\/h3>\n<p><iframe loading=\"lazy\" title=\"La Ligne d&#039;eau : Interview de Fre\u0301de\u0301ric Cornu\" width=\"1020\" height=\"574\" src=\"https:\/\/www.youtube.com\/embed\/Nt5763-E6P4?feature=oembed\" frameborder=\"0\" allow=\"accelerometer; autoplay; clipboard-write; encrypted-media; gyroscope; picture-in-picture; web-share\" referrerpolicy=\"strict-origin-when-cross-origin\" allowfullscreen><\/iframe><\/p>\n<p>&nbsp;<\/p>","protected":false},"excerpt":{"rendered":"<p>LA LIGNE D&rsquo;EAU Fr\u00e9d\u00e9ric Cornu &amp; Anne Lacoste\u00a0 \u00ab\u00a0Ses images d\u00e9voilent surtout les reliefs cach\u00e9s de ces territoires du Pays de Santerre souvent caract\u00e9ris\u00e9s de \u00ab\u00a0non-lieux\u00a0\u00bb. Elles soulignent la richesse et la complexit\u00e9 de ces paysages, fa\u00e7onn\u00e9s par le temps et les usages, marqu\u00e9s par la ligne de front de la premi\u00e8re guerre guerre mondiale.\u00a0\u00bb<\/p>","protected":false},"featured_media":0,"template":"","meta":[],"product_brand":[],"product_cat":[144],"product_tag":[216,195],"class_list":{"0":"post-2313","1":"product","2":"type-product","3":"status-publish","5":"product_cat-livre-avec-tirage","6":"product_tag-documentary-photography","7":"product_tag-livre-photographique","9":"first","10":"instock","11":"shipping-taxable","12":"purchasable","13":"product-type-variable"},"_links":{"self":[{"href":"https:\/\/editionslightmotiv.com\/en\/wp-json\/wp\/v2\/product\/2313","targetHints":{"allow":["GET"]}}],"collection":[{"href":"https:\/\/editionslightmotiv.com\/en\/wp-json\/wp\/v2\/product"}],"about":[{"href":"https:\/\/editionslightmotiv.com\/en\/wp-json\/wp\/v2\/types\/product"}],"wp:attachment":[{"href":"https:\/\/editionslightmotiv.com\/en\/wp-json\/wp\/v2\/media?parent=2313"}],"wp:term":[{"taxonomy":"product_brand","embeddable":true,"href":"https:\/\/editionslightmotiv.com\/en\/wp-json\/wp\/v2\/product_brand?post=2313"},{"taxonomy":"product_cat","embeddable":true,"href":"https:\/\/editionslightmotiv.com\/en\/wp-json\/wp\/v2\/product_cat?post=2313"},{"taxonomy":"product_tag","embeddable":true,"href":"https:\/\/editionslightmotiv.com\/en\/wp-json\/wp\/v2\/product_tag?post=2313"}],"curies":[{"name":"wp","href":"https:\/\/api.w.org\/{rel}","templated":true}]}}