{"id":2190,"date":"2019-11-07T11:46:45","date_gmt":"2019-11-07T10:46:45","guid":{"rendered":"https:\/\/editionslightmotiv.com\/?post_type=product&#038;p=2190"},"modified":"2024-04-08T17:17:40","modified_gmt":"2024-04-08T15:17:40","slug":"eaux-sombres-tirage","status":"publish","type":"product","link":"https:\/\/editionslightmotiv.com\/en\/product\/eaux-sombres-tirage\/","title":{"rendered":"EAUX SOMBRES &#8211; Livre avec tirage"},"content":{"rendered":"<h2><em><strong>EAUX SOMBRES &#8211; Lire avec tirage<\/strong><\/em><\/h2>\n<h2><strong><em>Marc Bellini\u00a0<\/em><\/strong><\/h2>\n<p class=\"p1\"><i>Eaux sombres<\/i> by <span class=\"s1\"><b>Marc Bellini <\/b><\/span>est une exp\u00e9rience \u00e9tonnante issue du proc\u00e9d\u00e9 popularis\u00e9 par Man Ray : les rayogrammes. Marc Bellini collecte des algues sur les plages d\u2019arriv\u00e9e des migrants en M\u00e9diterran\u00e9e et en Atlantique, puis reproduit leurs formes \u00e9pur\u00e9es sous l\u2019agrandisseur. Naissent alors des illusions optiques, des r\u00e9miniscences&#8230;<\/p>\n<p>&nbsp;<\/p>\n<p class=\"p1\"><i>Chaque R\u00c9CIF est engag\u00e9, sign\u00e9 par l\u2019auteur. Chaque R\u00c9CIF fait 16 pages, il est con\u00e7u comme un bloc d\u2019encre, une balise pos\u00e9e sur le silence, sur l\u2018immense mer blanche. C\u2019est un r\u00e9cit photographique \u00e0 vivre comme une travers\u00e9e poignante, intime. Puis c\u2019est une invite \u00e0 garder cette pierre de m\u00e9moire, se d\u00e9tacher des regards convenus, et r\u00e9cif apr\u00e8s r\u00e9cif, saisir le courage et l\u2019audace des \u00eatres migrateurs.<span class=\"Apple-converted-space\">\u00a0 \u00a0<\/span><\/i><\/p>\n<p>&nbsp;<\/p>\n<hr \/>\n<h3><strong>Technical features\u00a0<\/strong><\/h3>\n<ul>\n<li>Photographe : Marc Bellini<\/li>\n<li>Format 35 x 50 cm<\/li>\n<li>Journal de 16 pages quadrichromie<\/li>\n<\/ul>\n<p><strong>Au choix : 2 tirages de t\u00eate 32,9 x 48,3 cm sur papier japonais textur\u00e9 washi 110 gr<br \/>\nTirages sign\u00e9s et limit\u00e9s \u00e0 10 exemplaires<\/strong><\/p>\n<ul>\n<li>ISBN : 9791095118145<\/li>\n<li>Parution : 7 Novembre 2019<\/li>\n<li>Prix public : 280\u20ac<\/li>\n<\/ul>\n<p>&nbsp;<\/p>\n<hr \/>\n<h3><strong>Press<\/strong><\/h3>\n<p><a href=\"https:\/\/www.marcbellini.com\/les-eaux-sombres\" target=\"_blank\" rel=\"noopener\">Article Marc Bellini<\/a><\/p>\n<p><a href=\"https:\/\/lintervalle.blog\/2020\/03\/18\/de-nouveaux-rivages-par-les-editions-photographiques-light-motiv\/\" target=\"_blank\" rel=\"noopener\">Article sur l&rsquo;Intervalle<\/a><\/p>\n<p><a href=\"https:\/\/www.lightmotiv.com\/live\/\" target=\"_blank\" rel=\"noopener\">Rediffusion Open Light #5 <em>Eaux sombres<\/em><\/a><\/p>","protected":false},"excerpt":{"rendered":"<p>EAUX SOMBRES &#8211; Lire avec tirage Marc Bellini\u00a0 Eaux sombres de Marc Bellini est une exp\u00e9rience \u00e9tonnante issue du proc\u00e9d\u00e9 popularis\u00e9 par Man Ray : les rayogrammes. Marc Bellini collecte des algues sur les plages d\u2019arriv\u00e9e des migrants en M\u00e9diterran\u00e9e et en Atlantique, puis reproduit leurs formes \u00e9pur\u00e9es sous l\u2019agrandisseur. Naissent alors des illusions optiques,<\/p>","protected":false},"featured_media":2189,"template":"","meta":[],"product_brand":[],"product_cat":[144],"product_tag":[216,195],"class_list":{"0":"post-2190","1":"product","2":"type-product","3":"status-publish","4":"has-post-thumbnail","6":"product_cat-livre-avec-tirage","7":"product_tag-documentary-photography","8":"product_tag-livre-photographique","10":"first","11":"instock","12":"shipping-taxable","13":"purchasable","14":"product-type-variable"},"_links":{"self":[{"href":"https:\/\/editionslightmotiv.com\/en\/wp-json\/wp\/v2\/product\/2190","targetHints":{"allow":["GET"]}}],"collection":[{"href":"https:\/\/editionslightmotiv.com\/en\/wp-json\/wp\/v2\/product"}],"about":[{"href":"https:\/\/editionslightmotiv.com\/en\/wp-json\/wp\/v2\/types\/product"}],"wp:featuredmedia":[{"embeddable":true,"href":"https:\/\/editionslightmotiv.com\/en\/wp-json\/wp\/v2\/media\/2189"}],"wp:attachment":[{"href":"https:\/\/editionslightmotiv.com\/en\/wp-json\/wp\/v2\/media?parent=2190"}],"wp:term":[{"taxonomy":"product_brand","embeddable":true,"href":"https:\/\/editionslightmotiv.com\/en\/wp-json\/wp\/v2\/product_brand?post=2190"},{"taxonomy":"product_cat","embeddable":true,"href":"https:\/\/editionslightmotiv.com\/en\/wp-json\/wp\/v2\/product_cat?post=2190"},{"taxonomy":"product_tag","embeddable":true,"href":"https:\/\/editionslightmotiv.com\/en\/wp-json\/wp\/v2\/product_tag?post=2190"}],"curies":[{"name":"wp","href":"https:\/\/api.w.org\/{rel}","templated":true}]}}