{"id":2131,"date":"2019-05-14T11:09:32","date_gmt":"2019-05-14T09:09:32","guid":{"rendered":"https:\/\/editionslightmotiv.com\/?post_type=product&#038;p=2131"},"modified":"2025-01-20T15:39:18","modified_gmt":"2025-01-20T14:39:18","slug":"le-monde-dapres-livre-avec-tirage","status":"publish","type":"product","link":"https:\/\/editionslightmotiv.com\/en\/product\/le-monde-dapres-livre-avec-tirage\/","title":{"rendered":"LE MONDE D&rsquo;APR\u00c8S &#8211; Livre avec tirage"},"content":{"rendered":"<h3><em><strong>LE MONDE D&rsquo;APR\u00c8S\u00a0<\/strong><\/em><\/h3>\n<h3><em><strong>Thierry Girard<\/strong><\/em><\/h3>\n<p class=\"p1\"><a href=\"https:\/\/editionslightmotiv.com\/en\/auteurs-photographes\/thierry-girard\/\" target=\"_blank\" rel=\"noopener noreferrer\">THIERRY GIRARD<\/a> est un photographe qui s\u2019inscrit dans \u00ab l\u2019\u00e9paisseur du paysage \u00bb.<\/p>\n<p class=\"p1\">En 1978, il aborde les territoires du Nord et du Pas-de-Calais comme un artiste-arpenteur au hasard de ses rencontres et de ses intuitions. Il poursuivra cette aventure plusieurs ann\u00e9es de suite, aimant\u00e9 par ce qu\u2019il d\u00e9couvre et transmet de la vie quotidienne et du monde ouvrier.<br \/>\nEn 2017 et 2018, Thierry Girard d\u00e9cide de revenir sur ses traces dans le bassin minier du Nord et du Pas-de-Calais, comme un retour \u00e0 l\u2019origine de son travail photographique.<\/p>\n<p class=\"p1\"><em>Le Monde d\u2019apr\u00e8s<\/em> entrem\u00eale ces visions d\u2019un territoire boulevers\u00e9, saisi \u00e0 presque quarante ans d\u2019\u00e9cart par le m\u00eame homme, photographe tourn\u00e9 vers le \u00ab vif du monde \u00bb qui a lui-m\u00eame \u00e9volu\u00e9 dans sa mani\u00e8re d\u2019\u00eatre l\u00e0 et dans ce qu\u2019il nomme, comme un artisan, la fa\u00e7on du regard. Le livre est construit sur l\u2019assemblage de ces deux lignes de forces (Noir et blanc au Leica dans les ann\u00e9es 80, couleur en moyen format num\u00e9rique maintenant) fusionn\u00e9es en un seul bloc, qui transcrit le regard singulier pos\u00e9 sur le monde par Thierry Girard.<\/p>\n<p>&nbsp;<\/p>\n<hr \/>\n<h3><strong>Technical features\u00a0<\/strong><\/h3>\n<ul>\n<li>Format 25 x 30 cm<\/li>\n<li>210 photographies (110 N.B, 100 couleur)<\/li>\n<li>Livre de 240 pages dont :<br \/>\n232 pages sur papier Condat P\u00e9rigord<br \/>\n8 pages sur papier Savile Row Camel<\/li>\n<li>Photographies et textes : <strong>Thierry Girard<\/strong><\/li>\n<li>Conception graphique : Studio Agn\u00e8s Dahan, avec Nolwen Lauzanne<\/li>\n<li>Couverture reli\u00e9e cartonn\u00e9e, papier textur\u00e9 Savile Row Dark Grey, photographies en cuvette<\/li>\n<li>Dos rond, tranchefile<\/li>\n<li>ISBN : 9791095118107<\/li>\n<li>Parution : 14 Mai 2019<\/li>\n<li><strong>Prix du livre sans tirage : 39 \u20ac<\/strong><\/li>\n<\/ul>\n<hr \/>\n<h3><strong>Tirage limit\u00e9 de Thierry Girard\u00a0<\/strong><\/h3>\n<p>Tirage limit\u00e9 au choix, num\u00e9rot\u00e9, sign\u00e9 par le photographe<br \/>\n2 mod\u00e8les (voir visuels sur le produit)<br \/>\nTirage n\u00b0 1 : photographie couleur<br \/>\nTirage n\u00b0 2 : photographie n&amp;b<br \/>\n10 exemplaires par mod\u00e8le<br \/>\nSur papier Hahnem\u00fchle Fine Art Baryta, 310 gr, au format 24 x 29 cm<\/p>\n<p><strong>Prix du livre avec tirage : 180 euros<\/strong><\/p>\n<hr \/>\n<h3><strong>Exhibitions<\/strong><\/h3>\n<ul>\n<li>19 Septembre 2019 : Caf\u00e9 Photo \u00e0 Roubaix &#8211; 18h30\n<p class=\"p6\">Thierry Girard est revenu en 2017-2018 sur ses premi\u00e8res traces photographiques au d\u00e9but des ann\u00e9es 80 dans l\u2019ancien bassin minier. Le temps est pass\u00e9, le territoire a chang\u00e9, il ne reste plus de l\u2019exploitation mini\u00e8re que des vestiges. Et le regard sensible et curieux d\u2019un photographe qui nous parle de ce qu\u2019il appelle \u00ab\u2009Le Monde d\u2019apr\u00e8s\u2009\u00bb.<\/p>\n<p class=\"p6\">Rencontre avec l\u2019\u00e9diteur et l\u2019auteur anim\u00e9e par <span class=\"s1\"><i>Florence Traull\u00e9<\/i><\/span>, journaliste.<\/p>\n<\/li>\n<li>20 Septembre 2019 : Librairie Meura \u00e0 Lille &#8211; 19h\n<p class=\"p6\">Quand Fanny Chiarello, autrice publi\u00e9e notamment chez L\u2019Olivier, dialogue avec Thierry Girard. Tous les deux connaissent particuli\u00e8rement bien le bassin minier et la transformation de ce territoire.<\/p>\n<p class=\"p6\">Quelle est la port\u00e9e ou la magie des lieux ? Comment les paysages absorbent-ils le temps qui passe ?<\/p>\n<\/li>\n<li>21 Septembre 2019 : Rentr\u00e9e litt\u00e9raire \u00e0 Bruay-la-Buissi\u00e8re &#8211; 18h\n<p class=\"p6\">Dans le cadre de l\u2019\u00e9v\u00e8nement Odyss\u00e9e programm\u00e9 par Euralens, les \u00e9ditions Light Motiv ont \u00e9t\u00e9 invit\u00e9es \u00e0 pr\u00e9senter <i>Le Monde d\u2019apr\u00e8s <\/i>de Thierry Girard.<\/p>\n<p class=\"p6\">Durant l\u2019apr\u00e8s-midi le photographe a \u00e9t\u00e9 \u00e9galement pr\u00e9sent au sein de son exposition, <i>Le Monde d\u2019apr\u00e8s<\/i>, pr\u00e9sent\u00e9e dans la Maison de l\u2019Ing\u00e9nieur \u00e0 la Cit\u00e9 des Electriciens jusqu\u2019au 20 d\u00e9cembre 2019.<\/p>\n<\/li>\n<li>22 Septembre 2019 : Melting&rsquo;Pol \u00e0 Lens &#8211; 12h\n<p class=\"p6\">Banquet polonais alternatif organis\u00e9 par Mine de Culture.<\/p>\n<p class=\"p6\">Les \u00e9ditions Light Motiv ont tenu un stand en pr\u00e9sence de Thierry Girard.<\/p>\n<\/li>\n<\/ul>\n<p>&nbsp;<\/p>\n<hr \/>\n<h3><strong>Press<\/strong><\/h3>\n<p><a href=\"https:\/\/drive.google.com\/file\/d\/1C3EnBU19MonkPsd3j7agN4modwjK7SH7\/view?usp=sharing\" target=\"_blank\" rel=\"noopener\">Download the press release in english<\/a><\/p>\n<p><a href=\"https:\/\/parmotsetparimages.com\/2019\/07\/22\/le-monde-dapres-de-thierry-girard-editions-light-motiv-2019\/\" target=\"_blank\" rel=\"noopener\">Article PAR MOTS ET PAR IMAGES<\/a><\/p>\n<p>&nbsp;<\/p>","protected":false},"excerpt":{"rendered":"<p>LE MONDE D&rsquo;APR\u00c8S\u00a0 Thierry Girard THIERRY GIRARD est un photographe qui s\u2019inscrit dans \u00ab l\u2019\u00e9paisseur du paysage \u00bb. En 1978, il aborde les territoires du Nord et du Pas-de-Calais comme un artiste-arpenteur au hasard de ses rencontres et de ses intuitions. Il poursuivra cette aventure plusieurs ann\u00e9es de suite, aimant\u00e9 par ce qu\u2019il d\u00e9couvre et<\/p>","protected":false},"featured_media":1926,"template":"","meta":[],"product_brand":[],"product_cat":[144],"product_tag":[48,695,235,197,697,656],"class_list":{"0":"post-2131","1":"product","2":"type-product","3":"status-publish","4":"has-post-thumbnail","6":"product_cat-livre-avec-tirage","7":"product_tag-bassin-minier","8":"product_tag-nb","9":"product_tag-paysage","10":"product_tag-photobook","11":"product_tag-photography","12":"product_tag-thierry-girard","14":"first","15":"instock","16":"shipping-taxable","17":"purchasable","18":"product-type-variable"},"_links":{"self":[{"href":"https:\/\/editionslightmotiv.com\/en\/wp-json\/wp\/v2\/product\/2131","targetHints":{"allow":["GET"]}}],"collection":[{"href":"https:\/\/editionslightmotiv.com\/en\/wp-json\/wp\/v2\/product"}],"about":[{"href":"https:\/\/editionslightmotiv.com\/en\/wp-json\/wp\/v2\/types\/product"}],"wp:featuredmedia":[{"embeddable":true,"href":"https:\/\/editionslightmotiv.com\/en\/wp-json\/wp\/v2\/media\/1926"}],"wp:attachment":[{"href":"https:\/\/editionslightmotiv.com\/en\/wp-json\/wp\/v2\/media?parent=2131"}],"wp:term":[{"taxonomy":"product_brand","embeddable":true,"href":"https:\/\/editionslightmotiv.com\/en\/wp-json\/wp\/v2\/product_brand?post=2131"},{"taxonomy":"product_cat","embeddable":true,"href":"https:\/\/editionslightmotiv.com\/en\/wp-json\/wp\/v2\/product_cat?post=2131"},{"taxonomy":"product_tag","embeddable":true,"href":"https:\/\/editionslightmotiv.com\/en\/wp-json\/wp\/v2\/product_tag?post=2131"}],"curies":[{"name":"wp","href":"https:\/\/api.w.org\/{rel}","templated":true}]}}