{"id":2059,"date":"2019-09-24T11:45:32","date_gmt":"2019-09-24T09:45:32","guid":{"rendered":"https:\/\/editionslightmotiv.com\/?post_type=product&#038;p=2059"},"modified":"2024-08-12T17:56:18","modified_gmt":"2024-08-12T15:56:18","slug":"kasimir-zgorecki","status":"publish","type":"product","link":"https:\/\/editionslightmotiv.com\/en\/product\/kasimir-zgorecki\/","title":{"rendered":"KASIMIR ZGORECKI"},"content":{"rendered":"<h3><em><strong>KASIMIR ZGORECKI<\/strong><\/em><\/h3>\n<h3><em><strong>Kasimir Zgorecki, Marie Lavandier &amp; Fr\u00e9d\u00e9ric Lefever\u00a0<\/strong><\/em><\/h3>\n<p>\u00ab\u00a0Le travail de Kasimir Zgorecki s&rsquo;inscrit dans l&rsquo;histoire de mani\u00e8re plurielle. L&rsquo;histoire de la photographie, bien s\u00fbr, avec la multiplication des studios de photographie dans l&rsquo;entre-deux-guerres et du mode de prise de vues qui va de pair &#8211; en int\u00e9rieur, aux poses prolong\u00e9es et \u00e0 la mise en sc\u00e8ne aussi soign\u00e9e qu&rsquo;artificielle.\u00a0\u00bb<\/p>\n<p style=\"text-align: right;\"><strong>Marie Lavandier <em>Directrice du Mus\u00e9e du Louvre-Lens<\/em><\/strong><\/p>\n<p>&nbsp;<\/p>\n<p class=\"p1\">L\u2019int\u00e9r\u00eat de ce livre est de porter l\u2019accent sur un photographe singulier, contemporain de la grande vague d\u2019immigration polonaise dans les ann\u00e9es 1920 et 1930. Kasimir Zgorecki arrive dans le bassin minier du Pas de Calais en 1922 \u00e0 l\u2019\u00e2ge de 18 ans. En 1924, apr\u00e8s avoir \u00e9prouv\u00e9 sa technique photographique en autoportrait, il prend la rel\u00e8ve du studio photographique de son beau-fr\u00e8re et entame une activit\u00e9 florissante aupr\u00e8s de ses compatriotes.<\/p>\n<p class=\"p1\">Il sera \u00e0 la fois le t\u00e9moin des traditions maintenues en France par la communaut\u00e9 polonaise mais aussi leur messager au sens o\u00f9 ces photographies donneront des nouvelles des expatri\u00e9s aux familles rest\u00e9es en Pologne. Parmi les diff\u00e9rentes images expos\u00e9es \u00e0 partir du 25 septembre au Louvre-Lens figurent les deux s\u00e9ries les plus renomm\u00e9es de l\u2019auteur : les devantures des boutiques polonaises r\u00e9parties sur les communes du bassin minier entre Sallaumines et H\u00e9nin-Beaumont, et surtout la s\u00e9rie c\u00e9l\u00e8bre et stup\u00e9fiante des enfants morts, photographi\u00e9s comme s\u2019ils dormaient, pour conserver un doux souvenir de leur existence.<\/p>\n<p class=\"p1\">La notori\u00e9t\u00e9 grandissante de Kasimir Zgorecki est li\u00e9e \u00e0 la d\u00e9couverte d\u2019un ensemble de pr\u00e8s de 4 000 clich\u00e9s sur plaques de verre par le photographe Fr\u00e9d\u00e9ric Lefever dans les ann\u00e9es 1990.<\/p>\n<p>&nbsp;<\/p>\n<hr \/>\n<h3><strong>Technical features\u00a0<\/strong><\/h3>\n<ul>\n<li><span style=\"font-size: 14.4px;\">Format 17 x 24 cm<\/span><\/li>\n<li><span style=\"color: #555555; font-size: 14.4px;\">Livre de 64 pages bichromie sur papier Condat P\u00e9rigord<\/span><\/li>\n<li><strong style=\"color: #555555; font-size: 14.4px;\">Co-\u00e9dition : Louvre-Lens<\/strong><\/li>\n<li><span style=\"color: #555555; font-size: 14.4px;\">64 photographies : <\/span><strong style=\"color: #555555; font-size: 14.4px;\">Kasimir Zgorecki<\/strong><\/li>\n<li><strong style=\"color: #555555; font-size: 14.4px;\">Pr\u00e9face : Marie Lavandier, Introduction : Fr\u00e9d\u00e9ric Lefever \u00a0 \u00a0 \u00a0 \u00a0 \u00a0 \u00a0 \u00a0 \u00a0 \u00a0 \u00a0 \u00a0 \u00a0 \u00a0 \u00a0 \u00a0 \u00a0 \u00a0 \u00a0 \u00a0 \u00a0 \u00a0 \u00a0 \u00a0 \u00a0 \u00a0 \u00a0 \u00a0 \u00a0 \u00a0 \u00a0 \u00a0 \u00a0 \u00a0 \u00a0 \u00a0 \u00a0 \u00a0 \u00a0 \u00a0 \u00a0 \u00a0 \u00a0 \u00a0 \u00a0 \u00a0 \u00a0 \u00a0 \u00a0 \u00a0 \u00a0 \u00a0 \u00a0 \u00a0 \u00a0 \u00a0 \u00a0 \u00a0 \u00a0 \u00a0 \u00a0 \u00a0 \u00a0 \u00a0 \u00a0 \u00a0 \u00a0 \u00a0 \u00a0 \u00a0 \u00a0 \u00a0 \u00a0 \u00a0 \u00a0 \u00a0 \u00a0 \u00a0 \u00a0 \u00a0 \u00a0 \u00a0 \u00a0 \u00a0<\/strong><\/li>\n<li><span style=\"color: #555555; font-size: 14.4px;\">Couverture reli\u00e9e cartonn\u00e9e avec dos carr\u00e9 \/ tranchefile<\/span><\/li>\n<li><span style=\"color: #555555; font-size: 14.4px;\">ISBN : 9791095118121<\/span><\/li>\n<li><span style=\"color: #555555; font-size: 14.4px;\">Parution : 24 Septembre 2019<\/span><\/li>\n<li><span style=\"color: #555555; font-size: 14.4px;\">Prix public : 23\u20ac<\/span><\/li>\n<\/ul>\n<p>&nbsp;<\/p>\n<hr \/>\n<h3><strong>Exhibitions<\/strong><\/h3>\n<ul>\n<li>25 septembre 2019 au 30 mars 2020 : exposition <em>Photographier la Petite Pologne<\/em> au Pavillon de verre du\u00a0Mus\u00e9e du Louvre-Lens<\/li>\n<\/ul>\n<p>&nbsp;<\/p>\n<hr \/>\n<h3><strong>Press<\/strong><\/h3>\n<p><a href=\"https:\/\/drive.google.com\/file\/d\/1PiUc8TOZXVXPw7r9dmgK_uGSQh0loAaM\/view?usp=sharing\" target=\"_blank\" rel=\"noopener\">Download the press release in english<\/a><\/p>\n<p>Livre-catalogue de l\u2019exposition <span class=\"s1\"><b><i>Photographier la Petite Pologne<\/i><\/b><\/span> pr\u00e9sent\u00e9e au <a href=\"https:\/\/www.louvrelens.fr\/exhibition\/casimir-zgorecki\/\" target=\"_blank\" rel=\"noopener noreferrer\">Pavillon de verre du mus\u00e9e du Louvre-Lens du 25 septembre 2019 au 30 mars 2020<\/a>.<\/p>","protected":false},"excerpt":{"rendered":"<p>KASIMIR ZGORECKI Kasimir Zgorecki, Marie Lavandier &amp; Fr\u00e9d\u00e9ric Lefever\u00a0 \u00ab\u00a0Le travail de Kasimir Zgorecki s&rsquo;inscrit dans l&rsquo;histoire de mani\u00e8re plurielle. L&rsquo;histoire de la photographie, bien s\u00fbr, avec la multiplication des studios de photographie dans l&rsquo;entre-deux-guerres et du mode de prise de vues qui va de pair &#8211; en int\u00e9rieur, aux poses prolong\u00e9es et \u00e0 la<\/p>","protected":false},"featured_media":2091,"template":"","meta":[],"product_brand":[],"product_cat":[135],"product_tag":[48,216,40,683,195,684,679,680,657,210,278,235,211,682,681,658],"class_list":{"0":"post-2059","1":"product","2":"type-product","3":"status-publish","4":"has-post-thumbnail","6":"product_cat-livre","7":"product_tag-bassin-minier","8":"product_tag-documentary-photography","9":"product_tag-hauts-de-france","10":"product_tag-kasimir-zgorecki","11":"product_tag-livre-photographique","12":"product_tag-louvre-lens","13":"product_tag-mine","14":"product_tag-mineur","15":"product_tag-monde-ouvrier","16":"product_tag-nord","17":"product_tag-nord-livre-photographique","18":"product_tag-paysage","19":"product_tag-photographie-documentaire","20":"product_tag-pologne","21":"product_tag-polonais","22":"product_tag-vie-quotidienne","24":"first","25":"instock","26":"shipping-taxable","27":"purchasable","28":"product-type-simple"},"_links":{"self":[{"href":"https:\/\/editionslightmotiv.com\/en\/wp-json\/wp\/v2\/product\/2059","targetHints":{"allow":["GET"]}}],"collection":[{"href":"https:\/\/editionslightmotiv.com\/en\/wp-json\/wp\/v2\/product"}],"about":[{"href":"https:\/\/editionslightmotiv.com\/en\/wp-json\/wp\/v2\/types\/product"}],"wp:featuredmedia":[{"embeddable":true,"href":"https:\/\/editionslightmotiv.com\/en\/wp-json\/wp\/v2\/media\/2091"}],"wp:attachment":[{"href":"https:\/\/editionslightmotiv.com\/en\/wp-json\/wp\/v2\/media?parent=2059"}],"wp:term":[{"taxonomy":"product_brand","embeddable":true,"href":"https:\/\/editionslightmotiv.com\/en\/wp-json\/wp\/v2\/product_brand?post=2059"},{"taxonomy":"product_cat","embeddable":true,"href":"https:\/\/editionslightmotiv.com\/en\/wp-json\/wp\/v2\/product_cat?post=2059"},{"taxonomy":"product_tag","embeddable":true,"href":"https:\/\/editionslightmotiv.com\/en\/wp-json\/wp\/v2\/product_tag?post=2059"}],"curies":[{"name":"wp","href":"https:\/\/api.w.org\/{rel}","templated":true}]}}