{"id":1649,"date":"2011-06-05T15:24:45","date_gmt":"2011-06-05T13:24:45","guid":{"rendered":"https:\/\/editionslightmotiv.com\/?post_type=product&#038;p=1649"},"modified":"2022-12-22T15:24:04","modified_gmt":"2022-12-22T14:24:04","slug":"inventaire-avec-tirage","status":"publish","type":"product","link":"https:\/\/editionslightmotiv.com\/en\/product\/inventaire-avec-tirage\/","title":{"rendered":"INVENTAIRE &#8211; Livre avec tirage"},"content":{"rendered":"<p class=\"p1\">Photographies : Arno PAUL<br \/>\nTexte : Philippe CLAUDEL<br \/>\nLivre de 100 pages, format 25,5\u2009x\u200923\u2009cm.<br \/>\nHardcover, bind, square spine<br \/>\n88 pages sur papier Magno Satin. 12 pages sur papier Old Mill.<br \/>\n<b>Edition bilingue<\/b> (Fran\u00e7ais, Anglais).<br \/>\nISBN : 9782953790894<br \/>\nPublic price: 36 \u20ac<br \/>\nParution : 17 ao\u00fbt 2015<\/p>\n<p><strong>Au choix : 2 tirages limit\u00e9s<br \/>\nTirage limit\u00e9 num\u00e9rot\u00e9, format 23x28cm, sur papier Hahnem\u00fchle Baryta 310 gr<br \/>\nLes tirages sont les 2 photos apr\u00e8s l&rsquo;image de couverture dan la galerie photo.<\/strong><\/p>","protected":false},"excerpt":{"rendered":"<p>Ouvrez les portes d\u2019une salle ferm\u00e9e au public et d\u00e9couvrez les r\u00e9serves du Mus\u00e9um d\u2019Histoire Naturelle de Nancy.<br \/>\nChaque photographie d\u2019Arno Paul, en exploration dans ces r\u00e9serves, prend la dimension d\u2019une \u00e9nigme, d\u2019un songe \u00e9quivoque. Nous y voyons des sc\u00e8nes insens\u00e9es, un vautour fauve d\u00e9ploy\u00e9 au ras du sol, un babouin doguera emball\u00e9 dans sa cape en plastique, une gazelle stopp\u00e9e le nez au mur&#8230;<br \/>\nEntre inventaire mus\u00e9al et inventaire \u00e0 la Pr\u00e9vert, le geste d\u2019Arno Paul fait \u00e9trangement \u00e9cho au regard de l\u2019homme sur les autres \u00eatre vivants.<\/p>\n<p>Arno Paul est co-fondateur de [\u2009Collimateurs\u2009], collectif de photographes de la r\u00e9gion nanc\u00e9ienne. Il travaille r\u00e9guli\u00e8rement avec la presse et r\u00e9alise de nombreux portraits d\u2019artistes.<br \/>\nPhilippe Claudel est romancier et cin\u00e9aste. En 2012, il int\u00e8gre l\u2019Acad\u00e9mie Goncourt. Ses principaux romans sont traduits dans une quarantaine de langues.<\/p>\n","protected":false},"featured_media":853,"template":"","meta":[],"product_brand":[],"product_cat":[144],"product_tag":[229,228,31,264,195,32,33,197,273,34,230,274],"class_list":{"0":"post-1649","1":"product","2":"type-product","3":"status-publish","4":"has-post-thumbnail","6":"product_cat-livre-avec-tirage","7":"product_tag-animals","8":"product_tag-animaux","9":"product_tag-arno-paul","10":"product_tag-livre-photo","11":"product_tag-livre-photographique","12":"product_tag-musee-dhistoire-naturelle","13":"product_tag-philippe-claudel","14":"product_tag-photobook","15":"product_tag-print","16":"product_tag-taxidermie","17":"product_tag-taxidermy","18":"product_tag-tirage","20":"first","21":"outofstock","22":"shipping-taxable","23":"purchasable","24":"product-type-variable"},"_links":{"self":[{"href":"https:\/\/editionslightmotiv.com\/en\/wp-json\/wp\/v2\/product\/1649","targetHints":{"allow":["GET"]}}],"collection":[{"href":"https:\/\/editionslightmotiv.com\/en\/wp-json\/wp\/v2\/product"}],"about":[{"href":"https:\/\/editionslightmotiv.com\/en\/wp-json\/wp\/v2\/types\/product"}],"wp:featuredmedia":[{"embeddable":true,"href":"https:\/\/editionslightmotiv.com\/en\/wp-json\/wp\/v2\/media\/853"}],"wp:attachment":[{"href":"https:\/\/editionslightmotiv.com\/en\/wp-json\/wp\/v2\/media?parent=1649"}],"wp:term":[{"taxonomy":"product_brand","embeddable":true,"href":"https:\/\/editionslightmotiv.com\/en\/wp-json\/wp\/v2\/product_brand?post=1649"},{"taxonomy":"product_cat","embeddable":true,"href":"https:\/\/editionslightmotiv.com\/en\/wp-json\/wp\/v2\/product_cat?post=1649"},{"taxonomy":"product_tag","embeddable":true,"href":"https:\/\/editionslightmotiv.com\/en\/wp-json\/wp\/v2\/product_tag?post=1649"}],"curies":[{"name":"wp","href":"https:\/\/api.w.org\/{rel}","templated":true}]}}