{"id":1597,"date":"2014-10-09T12:34:00","date_gmt":"2014-10-09T10:34:00","guid":{"rendered":"https:\/\/editionslightmotiv.com\/?post_type=product&#038;p=1597"},"modified":"2024-04-18T15:16:55","modified_gmt":"2024-04-18T13:16:55","slug":"face-nord-avec-tirage","status":"publish","type":"product","link":"https:\/\/editionslightmotiv.com\/en\/product\/face-nord-avec-tirage\/","title":{"rendered":"FACE NORD with limited print"},"content":{"rendered":"<h3><b><i>FACE NORD<\/i><\/b><\/h3>\n<h3><em><strong>Charles Delcourt &amp; Andre\u00cf Kourkov\u00a0<\/strong><\/em><\/h3>\n<p><a href=\"https:\/\/fr.calameo.com\/read\/001358984b1958c70514d\" target=\"_blank\" rel=\"noopener\">Read the book online<\/a><\/p>\n<p>Face Nord. De terril en terril, Charles Delcourt navigue \u00e0 vue, prenant le temps de la d\u00e9couverte, aiguill\u00e9 par sa formation de paysagiste. Il cr\u00e9e des images dr\u00f4les, \u00e9mouvantes, en sympathie avec les personnes rencontr\u00e9es.<\/p>\n<p>Andre\u00ef Kourkov \u00e9crit trois r\u00e9cits in\u00e9dits qui prolongent les images, animent les personnages. Charles et Andre\u00ef, escaladeurs du r\u00e9el, sont reli\u00e9s aux habitants du bassin minier par un trait sp\u00e9cifique, un sens de l\u2019humour solidaire qui franchit toutes les fronti\u00e8res.<\/p>\n<p>Architecte paysagiste de formation, Charles Delcourt utilise le d\u00e9calage, allie les couleurs, joue avec nos certitudes raisonn\u00e9es, d\u00e9sar\u00e7onne par les clins d\u2019oeil apparaissant dans sa photographie&#8230;<\/p>\n<p>Ecrivain ukrainien de langue russe, Andre\u00ef Kourkov d\u00e9bute sa carri\u00e8re litt\u00e9raire pendant son service militaire alors qu\u2019il est gardien de prison \u00e0 Odessa. Son premier roman,\u00a0\u00a0Le pingouin, suivi de Les pingouins n\u2019ont jamais froid, remporte un succ\u00e8s international.<\/p>\n<p>&nbsp;<\/p>\n<hr \/>\n<h3><strong>Technical features\u00a0<\/strong><\/h3>\n<ul>\n<li>Photographies : Charles DELCOURT<\/li>\n<li>Textes : Andre\u00ef KOURKOV<\/li>\n<li>Livre de 112 pages, format 25 x 30 cm<\/li>\n<li>Couverture reli\u00e9e, dos carr\u00e9 coll\u00e9 cousu<\/li>\n<li>88 pages quadrichromie sur papier Magno Satin 170 gr certifi\u00e9 FSC<\/li>\n<li>24 pages sur papier Old Mill 130 gr<\/li>\n<li><strong>Edition trilingue (Fran\u00e7ais, Anglais, Russe)<\/strong><\/li>\n<li>ISBN : 9782953790870<\/li>\n<li>Parution : octobre 2014<\/li>\n<li><strong>Prix du livre sans tirage : 35 \u20ac<\/strong><\/li>\n<\/ul>\n<hr \/>\n<h3><strong>Tirage limit\u00e9 du photographe Charles Delcourt\u00a0<\/strong><\/h3>\n<p>Tirage limit\u00e9 au choix, num\u00e9rot\u00e9, sign\u00e9 par la photographe<br \/>\nSur papier Hahnem\u00fchle Baryta, au format 24x29cm<br \/>\nLe tirage est l&rsquo;image apr\u00e8s la couverture dans la galerie photo.<\/p>\n<p><strong>Prix livre avec tirage : 90 euros<\/strong><strong><br \/>\n<\/strong><\/p>\n<hr \/>\n<h3><strong>Press\u00a0<\/strong><\/h3>\n<p><a href=\"http:\/\/www.ca-drache.fr\/chti-coup-dcoeur\/nord-de-calais-regard-de-charles-delcourt\/\" target=\"_blank\" rel=\"noopener\">Lire l&rsquo;article sur Ca drache<\/a><br \/>\n<a href=\"http:\/\/www.slate.fr\/grand-format\/photos-terrils-delcourt\" target=\"_blank\" rel=\"noopener\">Lire l&rsquo;article sur Slate<\/a><\/p>\n<h3><strong>FACE NORD avec Libfly et La Voie des Ind\u00e9s<\/strong><\/h3>\n<p><iframe loading=\"lazy\" src=\"\/\/www.youtube.com\/embed\/ngF6UJf432E\" width=\"560\" height=\"314\" allowfullscreen=\"allowfullscreen\"><\/iframe><\/p>","protected":false},"excerpt":{"rendered":"<p>FACE NORD Charles Delcourt &amp; Andre\u00cf Kourkov\u00a0 Consulter le livre en ligne Face Nord. De terril en terril, Charles Delcourt navigue \u00e0 vue, prenant le temps de la d\u00e9couverte, aiguill\u00e9 par sa formation de paysagiste. Il cr\u00e9e des images dr\u00f4les, \u00e9mouvantes, en sympathie avec les personnes rencontr\u00e9es. Andre\u00ef Kourkov \u00e9crit trois r\u00e9cits in\u00e9dits qui prolongent<\/p>","protected":false},"featured_media":858,"template":"","meta":[],"product_brand":[],"product_cat":[144],"product_tag":[46,48,237,47,236,216,40,232,234,195,210,233,235,197,211,273,42,274],"class_list":{"0":"post-1597","1":"product","2":"type-product","3":"status-publish","4":"has-post-thumbnail","6":"product_cat-livre-avec-tirage","7":"product_tag-andrei-kourkov","8":"product_tag-bassin-minier","9":"product_tag-charbon","10":"product_tag-charles-delcourt","11":"product_tag-coal-mining","12":"product_tag-documentary-photography","13":"product_tag-hauts-de-france","14":"product_tag-heaps","15":"product_tag-landscape","16":"product_tag-livre-photographique","17":"product_tag-nord","18":"product_tag-north","19":"product_tag-paysage","20":"product_tag-photobook","21":"product_tag-photographie-documentaire","22":"product_tag-print","23":"product_tag-terrils","24":"product_tag-tirage","26":"first","27":"instock","28":"shipping-taxable","29":"purchasable","30":"product-type-simple"},"_links":{"self":[{"href":"https:\/\/editionslightmotiv.com\/en\/wp-json\/wp\/v2\/product\/1597","targetHints":{"allow":["GET"]}}],"collection":[{"href":"https:\/\/editionslightmotiv.com\/en\/wp-json\/wp\/v2\/product"}],"about":[{"href":"https:\/\/editionslightmotiv.com\/en\/wp-json\/wp\/v2\/types\/product"}],"wp:featuredmedia":[{"embeddable":true,"href":"https:\/\/editionslightmotiv.com\/en\/wp-json\/wp\/v2\/media\/858"}],"wp:attachment":[{"href":"https:\/\/editionslightmotiv.com\/en\/wp-json\/wp\/v2\/media?parent=1597"}],"wp:term":[{"taxonomy":"product_brand","embeddable":true,"href":"https:\/\/editionslightmotiv.com\/en\/wp-json\/wp\/v2\/product_brand?post=1597"},{"taxonomy":"product_cat","embeddable":true,"href":"https:\/\/editionslightmotiv.com\/en\/wp-json\/wp\/v2\/product_cat?post=1597"},{"taxonomy":"product_tag","embeddable":true,"href":"https:\/\/editionslightmotiv.com\/en\/wp-json\/wp\/v2\/product_tag?post=1597"}],"curies":[{"name":"wp","href":"https:\/\/api.w.org\/{rel}","templated":true}]}}