{"id":1518,"date":"2018-11-27T07:40:21","date_gmt":"2018-11-27T06:40:21","guid":{"rendered":"https:\/\/editionslightmotiv.com\/?post_type=product&#038;p=1518"},"modified":"2024-08-12T18:03:43","modified_gmt":"2024-08-12T16:03:43","slug":"quand-vient-le-carnaval","status":"publish","type":"product","link":"https:\/\/editionslightmotiv.com\/en\/product\/quand-vient-le-carnaval\/","title":{"rendered":"QUAND VIENT LE CARNAVAL"},"content":{"rendered":"<h3><em><strong>QUAND VIENT LE CARNAVAL\u00a0<\/strong><\/em><\/h3>\n<h3><em><strong>Pierre Volot &amp; Marie Genel, Pascal Dessaint &amp; Ludovic Bertin<\/strong><\/em><\/h3>\n<p class=\"p1\">Le carnaval de Dunkerque est un \u00e9v\u00e8nement unique en France. Chaque ann\u00e9e, les masquelours (personnes costum\u00e9es) envahissent \u00e0 dates fixes les rues de Dunkerque et d&rsquo;autres communes voisines. Dans une ambiance d\u00e9brid\u00e9e, toujours joyeuse, les bandes se forment et se d\u00e9forment au rythme de la musique.<\/p>\n<p class=\"p1\">Les quatre auteurs de cet ouvrage nous font partager cette p\u00e9riode hors du temps, de f\u00eate intense et de l\u00e2cher prise.<\/p>\n<p class=\"p1\">Les images de <span class=\"s1\"><b>Marie Genel <\/b><\/span>et <span class=\"s1\"><b>Pierre Volot <\/b><\/span>sont dr\u00f4les, l\u00e9g\u00e8res, surr\u00e9alistes. Elles nous parlent d&rsquo;un moment, d&rsquo;un endroit du monde o\u00f9 l&rsquo;individu est plus autonome, plus libre, plus heureux. Singulier et fondu dans le collectif.<\/p>\n<p class=\"p2\">La pr\u00e9face de <span class=\"s1\"><b>Pascal Dessaint <\/b><\/span>et le texte de <span class=\"s1\"><b>Ludovic Bertin <\/b><\/span>posent des mots sur cette fa\u00e7on de traverser le carnaval qui semblait jusque maintenant indicible, si intimement li\u00e9e au simple fait d&rsquo;\u00eatre dunkerquois.<\/p>\n<p>&nbsp;<\/p>\n<hr \/>\n<h3><em><strong>Technical features\u00a0<\/strong><\/em><\/h3>\n<p>Format 25 x 30 cm<br \/>\nLivre de 128 pages<br \/>\nPhotographs : <strong>Pierre VOLOT<\/strong> et <strong>Marie GENEL<\/strong><br \/>\nPr\u00e9face : <strong>Pascal DESSAINT<\/strong> &#8211; Texte : <strong>Ludovic BERTIN<\/strong><br \/>\nImpression sur papier Volume Artic White 150 gr<br \/>\nCouverture reli\u00e9e cartonn\u00e9e<br \/>\nDos carr\u00e9 cousu, tranchefile<br \/>\nTexte en fran\u00e7ais<br \/>\nISBN : 9791095118091<br \/>\nParution : 27 novembre 2018<br \/>\nPrix public : 29,50 \u20ac<\/p>\n<p>&nbsp;<\/p>\n<hr \/>\n<h3><strong>Exhibitions\u00a0<\/strong><\/h3>\n<p>Sorties, rencontres et \u00e9v\u00e9nements autour de <strong><em>Quand vient le carnaval<\/em> <\/strong>:<\/p>\n<ul>\n<li>30 novembre 2018 : sortie et pr\u00e9sentation du livre au <strong>Furet du Nord \u00e0 Lille<\/strong> (15 Place Charles De Gaulle 59800 Lille) en pr\u00e9sence des auteurs et de l&rsquo;\u00e9diteur<\/li>\n<li>1er d\u00e9cembre 2018 : sortie et pr\u00e9sentation du livre \u00e0 <strong>la Librairie Dunkerque<\/strong> (33 rue Emmery 59140 Dunkerque) en pr\u00e9sence des auteurs et de l&rsquo;\u00e9diteur<\/li>\n<\/ul>\n<p>&nbsp;<\/p>\n<hr \/>\n<h3><strong>Press\u00a0<\/strong><\/h3>\n<p><a href=\"https:\/\/editionslightmotiv.com\/wp-content\/uploads\/2018\/10\/DP_carnaval.pdf\" target=\"_blank\" rel=\"noopener\">Download the press release in english<\/a><\/p>\n<p><a href=\"https:\/\/www.lavoixdunord.fr\/446969\/article\/2018-09-11\/quand-vient-le-carnaval-un-autre-regard-signe-pierre-volot-et-marie-genel\" target=\"_blank\" rel=\"noopener\">Article LA VOIX DU NORD<\/a><\/p>\n<hr \/>\n<h3><strong>Quand Vient le carnaval en vid\u00e9o<\/strong><\/h3>\n<p><iframe loading=\"lazy\" title=\"Quand Vient le carnaval\" width=\"1020\" height=\"574\" src=\"https:\/\/www.youtube.com\/embed\/6bE1mVnYFaA?feature=oembed\" frameborder=\"0\" allow=\"accelerometer; autoplay; clipboard-write; encrypted-media; gyroscope; picture-in-picture; web-share\" referrerpolicy=\"strict-origin-when-cross-origin\" allowfullscreen><\/iframe><\/p>\n<p>&nbsp;<\/p>\n<h3><strong>Les photographes parlent de leurs images<\/strong><\/h3>\n<p><iframe loading=\"lazy\" title=\"QUAND VIENT LE CARNAVAL - Marie et Pierre parlent de leurs images\" width=\"1020\" height=\"574\" src=\"https:\/\/www.youtube.com\/embed\/HnKa_wKc38U?feature=oembed\" frameborder=\"0\" allow=\"accelerometer; autoplay; clipboard-write; encrypted-media; gyroscope; picture-in-picture; web-share\" referrerpolicy=\"strict-origin-when-cross-origin\" allowfullscreen><\/iframe><\/p>","protected":false},"excerpt":{"rendered":"<p>QUAND VIENT LE CARNAVAL\u00a0 Pierre Volot &amp; Marie Genel, Pascal Dessaint &amp; Ludovic Bertin Le carnaval de Dunkerque est un \u00e9v\u00e8nement unique en France. Chaque ann\u00e9e, les masquelours (personnes costum\u00e9es) envahissent \u00e0 dates fixes les rues de Dunkerque et d&rsquo;autres communes voisines. Dans une ambiance d\u00e9brid\u00e9e, toujours joyeuse, les bandes se forment et se d\u00e9forment<\/p>","protected":false},"featured_media":1571,"template":"","meta":[],"product_brand":[],"product_cat":[135],"product_tag":[78,196,208,216,57,40,195,215,212,210,214,197,211,213],"class_list":{"0":"post-1518","1":"product","2":"type-product","3":"status-publish","4":"has-post-thumbnail","6":"product_cat-livre","7":"product_tag-carnaval","8":"product_tag-carnaval-de-dunkerque","9":"product_tag-carnival","10":"product_tag-documentary-photography","11":"product_tag-dunkerque","12":"product_tag-hauts-de-france","13":"product_tag-livre-photographique","14":"product_tag-ludovic-bertin","15":"product_tag-marie-genel","16":"product_tag-nord","17":"product_tag-pascal-dessaint","18":"product_tag-photobook","19":"product_tag-photographie-documentaire","20":"product_tag-pierre-volot","22":"first","23":"instock","24":"shipping-taxable","25":"purchasable","26":"product-type-simple"},"_links":{"self":[{"href":"https:\/\/editionslightmotiv.com\/en\/wp-json\/wp\/v2\/product\/1518","targetHints":{"allow":["GET"]}}],"collection":[{"href":"https:\/\/editionslightmotiv.com\/en\/wp-json\/wp\/v2\/product"}],"about":[{"href":"https:\/\/editionslightmotiv.com\/en\/wp-json\/wp\/v2\/types\/product"}],"wp:featuredmedia":[{"embeddable":true,"href":"https:\/\/editionslightmotiv.com\/en\/wp-json\/wp\/v2\/media\/1571"}],"wp:attachment":[{"href":"https:\/\/editionslightmotiv.com\/en\/wp-json\/wp\/v2\/media?parent=1518"}],"wp:term":[{"taxonomy":"product_brand","embeddable":true,"href":"https:\/\/editionslightmotiv.com\/en\/wp-json\/wp\/v2\/product_brand?post=1518"},{"taxonomy":"product_cat","embeddable":true,"href":"https:\/\/editionslightmotiv.com\/en\/wp-json\/wp\/v2\/product_cat?post=1518"},{"taxonomy":"product_tag","embeddable":true,"href":"https:\/\/editionslightmotiv.com\/en\/wp-json\/wp\/v2\/product_tag?post=1518"}],"curies":[{"name":"wp","href":"https:\/\/api.w.org\/{rel}","templated":true}]}}