{"id":150,"date":"2017-06-12T10:33:43","date_gmt":"2017-06-12T08:33:43","guid":{"rendered":"http:\/\/editionslightmotiv.apps-1and1.net\/?post_type=product&#038;p=150"},"modified":"2024-04-09T15:18:05","modified_gmt":"2024-04-09T13:18:05","slug":"pour-une-poignee-de-degres","status":"publish","type":"product","link":"https:\/\/editionslightmotiv.com\/en\/product\/pour-une-poignee-de-degres\/","title":{"rendered":"POUR UNE POIGN\u00c9E DE DEGR\u00c9S"},"content":{"rendered":"<h3><em><strong>POUR UNE POIGN\u00c9E DE DEGR\u00c9S<\/strong><\/em><\/h3>\n<h3><em><strong>Klara Beck, Antoine Bruy, Cyrus Cornut, Charles Delcourt, Tim Franco, Lek Kiatsirikajorn, Olivia Lavergne, Simon Norfolk, Nyani Quarmyne, S\u00e9bastien Tixier ainsi que Marie Desplechin &amp; Thierry Salomon\u00a0<\/strong><\/em><\/h3>\n<p><a href=\"https:\/\/fr.calameo.com\/read\/001358984a03b2b56cec6\" target=\"_blank\" rel=\"noopener\">Read the book online<\/a><\/p>\n<p class=\"p1\">Le livre\u00a0<em><b>POUR UNE POIGN\u00c9E DE DEGR\u00c9S <\/b><\/em>d\u00e9rive directement d\u2019une exp\u00e9rience originale men\u00e9e \u00e0 l\u2019occasion de la COP21. Dans un premier temps, c\u2019est une exposition photographique collective sur le r\u00e9chauffement climatique initi\u00e9e par la\u00a0<b>MRES<\/b>\u00a0et\u00a0<b>LIGHT MOTIV<\/b>.<\/p>\n<p class=\"p1\">La recherche iconographique a \u00e9t\u00e9 men\u00e9e par\u00a0<b>Eric Le Brun<\/b>\u00a0aupr\u00e8s de photographes renomm\u00e9s \u00e0 l\u2019\u00e9tranger pour leurs \u0153uvres li\u00e9es \u00e0 la transformation du paysage naturel ou urbain (<b>Simon Norfolk<\/b>,\u00a0<b>Lek Kiatsirikajorn<\/b>,\u00a0<b>Tim Franco<\/b>,\u00a0<b>Nyani Quarmyne<\/b>) mais \u00e9galement aupr\u00e8s de jeunes photographes fran\u00e7ais explorant des territoires incertains ou des br\u00e8ches utopiques (<b>Cyrus Cornut<\/b>,\u00a0<b>Olivia Lavergne<\/b>,\u00a0<b>S\u00e9bastien Tixier<\/b>,\u00a0<b>Antoine Bruy<\/b>,\u00a0<b>Klara Beck<\/b>,\u00a0<b>Charles Delcourt<\/b>).<\/p>\n<p class=\"p1\">Le public est ainsi invit\u00e9 \u00e0 participer en proposant ses propres photographies comme r\u00e9ponse visuelle sur le site\u00a0<a href=\"http:\/\/degres.photos\/photos\/charles-delcourt\/\" target=\"_blank\" rel=\"noopener\">degres.photos<\/a>.<br \/>\nL\u2019exposition, augment\u00e9e de 400 photographies du public, a \u00e9t\u00e9 pr\u00e9sent\u00e9e \u00e0 Lille, Nantes et Dunkerque.<br \/>\nToute cette mati\u00e8re collect\u00e9e durant un an donne maintenant naissance au livre qui poursuit la dynamique enclench\u00e9e sur internet et au cours de l\u2019exposition itin\u00e9rante.<\/p>\n<p class=\"p1\">Au milieu du livre appara\u00eet la nouvelle \u00ab\u00a0Aux enfants\u00a0\u00bb \u00e9crite par\u00a0<b>Marie Desplechin<\/b>, qui invite \u00e0 reconsid\u00e9rer ce qui compte pour chacun d\u2019entre nous, \u00e0 prendre la mesure du d\u00e9fi climatique, et \u00e0 se retrousser les manches pour y faire face.<br \/>\n\u00ab Chers amis de sept \u00e0 dix-sept ans, chers amis, ce discours s\u2019adresse aux enfants et aux adolescents, \u00e0 eux d\u2019abord, et m\u00eame \u00e0 eux seulement. Apr\u00e8s tout, la plupart des gens qui prennent les d\u00e9cisions aujourd\u2019hui seront morts ou dans un sale \u00e9tat quand les cons\u00e9quences du changement climatique se feront sentir. Je veux dire : quand \u00e7a va chauffer pour de bon. Les vieux ont fait de bonnes choses, l\u2019imprimerie, les droits de l\u2019homme, le v\u00e9lo, les vaccins, le cin\u00e9ma, la contraception, l\u2019Internet, bravo, tr\u00e8s bien. Mais compte tenu de l\u2019\u00e9tat dans lequel ils vont laisser la plan\u00e8te en partant, ils devraient \u00e9valuer courageusement ce qu\u2019ils ont fait, pas fait, et ce qu\u2019ils ont laiss\u00e9 faire. Ils devraient faire preuve d\u2019un peu de modestie. Parce que franchement, il n\u2019y a pas de quoi se vanter. Personnellement, je ne serais pas choqu\u00e9e qu\u2019on accorde demain le droit de vote \u00e0 des enfants de sept ans. Ce sont eux qui vont boire la tasse. \u00bb<em>*texte \u00e9crit \u00e0 la demande de la Maison des \u00e9crivains et de la litt\u00e9rature, dans le cadre du Parlement sensible. Commande de Sylvie Gouttebaron, directrice de la MEL, \u00e0 30 \u00e9crivains sur le th\u00e8me du climat. L&rsquo;ensemble des textes a \u00e9t\u00e9 publi\u00e9 sous le titre Du souffle dans les mots aux \u00e9ditions Arthaud, en novembre 2015, \u00e0 l&rsquo;occasion de la COP21.<\/em><\/p>\n<p class=\"p1\"><b>Pour une poign\u00e9e de degr\u00e9s propose un dialogue en images entre artistes et citoyens<\/b>, pour figurer les enjeux du changement climatique : ses causes profondes, ses multiples impacts, notre capacit\u00e9 \u00e0 affronter ce d\u00e9fi commun.<br \/>\nL\u2019ouvrage nous interroge sur le rapport entre l\u2019humain et la nature, sur notre fa\u00e7on d\u2019habiter le monde.<\/p>\n<p>&nbsp;<\/p>\n<hr \/>\n<h3><strong>Technical features\u00a0<\/strong><\/h3>\n<ul>\n<li>Texte : Marie DESPLECHIN<\/li>\n<li>Postface : Thierry SALOMON<\/li>\n<li>Photographies : Klara Beck, Antoine Bruy, Cyrus Cornut, Charles Delcourt, Tim Franco, Lek Kiatsirikajorn, Olivia Lavergne, Simon Norfolk, Nyani Quarmyne, S\u00e9bastien Tixier<\/li>\n<li>Livre de 112 pages<\/li>\n<li>Dimensions : 21 X 20 cm<\/li>\n<li>Couverture reli\u00e9e cartonn\u00e9e<\/li>\n<li>Dos carr\u00e9 coll\u00e9, tranchefile<\/li>\n<li>Imprim\u00e9 sur papier FSC Volume Arctic White 150 gr<\/li>\n<li>ISBN : 9791095118046<\/li>\n<li>Parution : juin 2017<\/li>\n<li>Prix public : 28\u20ac<\/li>\n<\/ul>\n<p>&nbsp;<\/p>\n<hr \/>\n<h3><strong>Expositions et actualit\u00e9s\u00a0<\/strong><\/h3>\n<p>Il est toujours possible de proposer ses photographies sur <a href=\"http:\/\/degres.photos\" target=\"_blank\" rel=\"noopener\">degres.photos<\/a><\/p>\n<p>Exposition \u00ab\u00a0Pour une poign\u00e9e de degr\u00e9s\u00a0\u00bb en version magn\u00e9tique accessible \u00e0 <a href=\"https:\/\/www.facebook.com\/ateliermediacarvin\/\" target=\"_blank\" rel=\"noopener\">L&rsquo;ATELIER MEDIA \u00e0 Carvin<\/a><\/p>\n<p>&nbsp;<\/p>\n<hr \/>\n<h3><strong>Press<\/strong><\/h3>\n<p><a href=\"http:\/\/www.cerdd.org\/Actualites\/Changement-climatique\/Exposition-Pour-une-poignee-de-degres\" target=\"_blank\" rel=\"noopener\">Lire l&rsquo;article sur le CERDD<\/a><br \/>\n<a href=\"https:\/\/www.lense.fr\/news\/poignee-de-degres\/\" target=\"_blank\" rel=\"noopener\">Lire l&rsquo;article sur Lense<\/a><br \/>\n<a href=\"http:\/\/www.lavoixdunord.fr\/182567\/article\/2017-06-24\/pour-une-poignee-de-degres-apres-l-expo-un-livre-poetique-et-engage\" target=\"_blank\" rel=\"noopener\">Lire l&rsquo;article sur la Voix du Nord<\/a><\/p>","protected":false},"excerpt":{"rendered":"<p>POUR UNE POIGN\u00c9E DE DEGR\u00c9S Klara Beck, Antoine Bruy, Cyrus Cornut, Charles Delcourt, Tim Franco, Lek Kiatsirikajorn, Olivia Lavergne, Simon Norfolk, Nyani Quarmyne, S\u00e9bastien Tixier ainsi que Marie Desplechin &amp; Thierry Salomon\u00a0 Consulter le livre en ligne Le livre\u00a0POUR UNE POIGN\u00c9E DE DEGR\u00c9S d\u00e9rive directement d\u2019une exp\u00e9rience originale men\u00e9e \u00e0 l\u2019occasion de la COP21. Dans<\/p>","protected":false},"featured_media":151,"template":"","meta":[],"product_brand":[],"product_cat":[135],"product_tag":[47,221,81,218,223,195,84,82,220,197,222,219,83],"class_list":{"0":"post-150","1":"product","2":"type-product","3":"status-publish","4":"has-post-thumbnail","6":"product_cat-livre","7":"product_tag-charles-delcourt","8":"product_tag-citizen-involvement","9":"product_tag-climat","10":"product_tag-climate-change","11":"product_tag-collective-project","12":"product_tag-livre-photographique","13":"product_tag-marie-desplechin","14":"product_tag-mres","15":"product_tag-participation-citoyenne","16":"product_tag-photobook","17":"product_tag-photographie-engagee","18":"product_tag-projet-collectif","19":"product_tag-rechauffement-climatique","21":"first","22":"instock","23":"shipping-taxable","24":"purchasable","25":"product-type-simple"},"_links":{"self":[{"href":"https:\/\/editionslightmotiv.com\/en\/wp-json\/wp\/v2\/product\/150","targetHints":{"allow":["GET"]}}],"collection":[{"href":"https:\/\/editionslightmotiv.com\/en\/wp-json\/wp\/v2\/product"}],"about":[{"href":"https:\/\/editionslightmotiv.com\/en\/wp-json\/wp\/v2\/types\/product"}],"wp:featuredmedia":[{"embeddable":true,"href":"https:\/\/editionslightmotiv.com\/en\/wp-json\/wp\/v2\/media\/151"}],"wp:attachment":[{"href":"https:\/\/editionslightmotiv.com\/en\/wp-json\/wp\/v2\/media?parent=150"}],"wp:term":[{"taxonomy":"product_brand","embeddable":true,"href":"https:\/\/editionslightmotiv.com\/en\/wp-json\/wp\/v2\/product_brand?post=150"},{"taxonomy":"product_cat","embeddable":true,"href":"https:\/\/editionslightmotiv.com\/en\/wp-json\/wp\/v2\/product_cat?post=150"},{"taxonomy":"product_tag","embeddable":true,"href":"https:\/\/editionslightmotiv.com\/en\/wp-json\/wp\/v2\/product_tag?post=150"}],"curies":[{"name":"wp","href":"https:\/\/api.w.org\/{rel}","templated":true}]}}