{"id":986,"date":"2018-08-29T13:24:20","date_gmt":"2018-08-29T13:24:20","guid":{"rendered":"https:\/\/editionslightmotiv.com\/?page_id=986"},"modified":"2018-10-09T16:14:42","modified_gmt":"2018-10-09T16:14:42","slug":"expositions","status":"publish","type":"page","link":"https:\/\/editionslightmotiv.com\/en\/expositions\/","title":{"rendered":"Exhibitions"},"content":{"rendered":"<div class=\"img has-hover x md-x lg-x y md-y lg-y\" id=\"image_953105328\">\n\t\t\t\t\t\t\t\t<div class=\"img-inner dark\" >\n\t\t\t<img loading=\"lazy\" decoding=\"async\" width=\"1020\" height=\"680\" src=\"https:\/\/editionslightmotiv.com\/wp-content\/uploads\/2015\/08\/mericourt01-copie.jpg\" class=\"attachment-large size-large\" alt=\"\" srcset=\"https:\/\/editionslightmotiv.com\/wp-content\/uploads\/2015\/08\/mericourt01-copie.jpg 1063w, https:\/\/editionslightmotiv.com\/wp-content\/uploads\/2015\/08\/mericourt01-copie-900x600.jpg 900w, https:\/\/editionslightmotiv.com\/wp-content\/uploads\/2015\/08\/mericourt01-copie-600x400.jpg 600w, https:\/\/editionslightmotiv.com\/wp-content\/uploads\/2015\/08\/mericourt01-copie-768x512.jpg 768w, https:\/\/editionslightmotiv.com\/wp-content\/uploads\/2015\/08\/mericourt01-copie-510x340.jpg 510w\" sizes=\"auto, (max-width: 1020px) 100vw, 1020px\" \/>\t\t\t\t\t\t\n\t\t\t\t\t<\/div>\n\t\t\t\t\t\t\t\t\n<style>\n#image_953105328 {\n  width: 100%;\n}\n<\/style>\n\t<\/div>\n\t\n<h3>Exhibitions<\/h3>\n<p>At Light Motiv, we are more than just photobook publishers : we seek to fully support editorial projects of photographers and artists and take their works further through exhibitions, workshops, debates, readings...<\/p>\n<p class=\"p1\">We have been working on a demanding selection for ten years through contemporary photographic production. The chosen authors affirm their presence in the world through photography, an unequaled sensitive instrument.<\/p>\n<p class=\"p1 translation-block\">For the last few years, the world of photography has experienced a new editorial breath, encouraged by an outstanding and improving printing quality and a growing enthusiasm for the still image among wider audiences. Light Motiv offers you to rent many photographic exhibitions based on its publications. Mainly targeting media libraries, those exhibitions can adapt to most places as well as give an artistic show accessible to a diverse audience, not always familiar with the still image.<\/p>\n<p class=\"p1 translation-block\">Each show attempts to give multiple complementary ways of presenting photographic worksthat can adjust to the target audience through, for example, conferences, workshops, debates, talks...<\/p>\n<p class=\"p1 translation-block\">Upon request Light Motiv may help la to educate participants and media libraries staff on themes and tools used with the chosen exhibition so they can welcome the public with full expertise and knowledge.<\/p>\n<div class=\"row\"  id=\"row-783880266\">\n\n\t<div id=\"col-1878406449\" class=\"col medium-7 small-12 large-7\"  >\n\t\t\t\t<div class=\"col-inner\"  >\n\t\t\t\n\t\t\t\n\t<div class=\"img has-hover x md-x lg-x y md-y lg-y\" id=\"image_1380538489\">\n\t\t\t\t\t\t\t\t<div class=\"img-inner dark\" >\n\t\t\t\t\t\t\t\t\t\n\t\t\t\t\t<\/div>\n\t\t\t\t\t\t\t\t\n<style>\n#image_1380538489 {\n  width: 100%;\n}\n<\/style>\n\t<\/div>\n\t\n\t\t<\/div>\n\t\t\t\t\t<\/div>\n\n\t\n\n\t<div id=\"col-1283802026\" class=\"col medium-5 small-12 large-5\"  >\n\t\t\t\t<div class=\"col-inner\"  >\n\t\t\t\n\t\t\t\n<p style=\"text-align: left;\" class=\"translation-block\">If you are interested, you can receive our exhibitions catalogue or ask for more information about prices, logistics, organisations of events... Feel free to contact us by email at <a href=\"mailto:edition@lightmotiv.com\" target=\"_blank\" rel=\"noopener\">edition@lightmotiv.com<\/a> or <a href=\"mailto:laurene@lightmotiv.com\" target=\"_blank\" rel=\"noopener\">laurene@lightmotiv.com<\/a> or by phone at +33 (0) 3 20 06 90 98.<\/p>\n\t\t<\/div>\n\t\t\t\t\t<\/div>\n\n\t\n<\/div>","protected":false},"excerpt":{"rendered":"<p>Les expositions Plus qu&rsquo;une simple maison d&rsquo;\u00e9dition, Light Motiv cherche \u00e0 accompagner les projets \u00e9ditoriaux des photographes et artistes et \u00e0 porter plus loin la publication des ouvrages par des expositions, des ateliers, des d\u00e9bats, des lectures, etc. Les Editions r\u00e9alisent depuis dix ans une s\u00e9lection exigeante \u00e0 travers la production photographique contemporaine. Les auteurs<\/p>","protected":false},"author":1,"featured_media":0,"parent":0,"menu_order":0,"comment_status":"closed","ping_status":"closed","template":"","meta":{"footnotes":""},"class_list":["post-986","page","type-page","status-publish","hentry"],"_links":{"self":[{"href":"https:\/\/editionslightmotiv.com\/en\/wp-json\/wp\/v2\/pages\/986","targetHints":{"allow":["GET"]}}],"collection":[{"href":"https:\/\/editionslightmotiv.com\/en\/wp-json\/wp\/v2\/pages"}],"about":[{"href":"https:\/\/editionslightmotiv.com\/en\/wp-json\/wp\/v2\/types\/page"}],"author":[{"embeddable":true,"href":"https:\/\/editionslightmotiv.com\/en\/wp-json\/wp\/v2\/users\/1"}],"replies":[{"embeddable":true,"href":"https:\/\/editionslightmotiv.com\/en\/wp-json\/wp\/v2\/comments?post=986"}],"version-history":[{"count":20,"href":"https:\/\/editionslightmotiv.com\/en\/wp-json\/wp\/v2\/pages\/986\/revisions"}],"predecessor-version":[{"id":1614,"href":"https:\/\/editionslightmotiv.com\/en\/wp-json\/wp\/v2\/pages\/986\/revisions\/1614"}],"wp:attachment":[{"href":"https:\/\/editionslightmotiv.com\/en\/wp-json\/wp\/v2\/media?parent=986"}],"curies":[{"name":"wp","href":"https:\/\/api.w.org\/{rel}","templated":true}]}}