{"id":945,"date":"2018-08-24T14:37:13","date_gmt":"2018-08-24T14:37:13","guid":{"rendered":"http:\/\/editionslightmotiv.com\/?page_id=945"},"modified":"2026-02-11T12:35:31","modified_gmt":"2026-02-11T11:35:31","slug":"delphine_lermite","status":"publish","type":"page","link":"https:\/\/editionslightmotiv.com\/en\/auteurs-photographes\/delphine_lermite\/","title":{"rendered":"Delphine Lermite"},"content":{"rendered":"<a href=\"https:\/\/editionslightmotiv.com\/en\/auteurs-photographes\/\" class=\"button primary is-link\" >\n\t\t<span>Back<\/span>\n\t<\/a>\n\n\n<p style=\"text-align: center;\"><img loading=\"lazy\" decoding=\"async\" class=\"alignnone  wp-image-5292\" src=\"https:\/\/editionslightmotiv.com\/wp-content\/uploads\/2026\/02\/Lermite_Photo-534x800.jpg\" alt=\"\" width=\"359\" height=\"538\" srcset=\"https:\/\/editionslightmotiv.com\/wp-content\/uploads\/2026\/02\/Lermite_Photo-534x800.jpg 534w, https:\/\/editionslightmotiv.com\/wp-content\/uploads\/2026\/02\/Lermite_Photo-187x280.jpg 187w, https:\/\/editionslightmotiv.com\/wp-content\/uploads\/2026\/02\/Lermite_Photo-768x1152.jpg 768w, https:\/\/editionslightmotiv.com\/wp-content\/uploads\/2026\/02\/Lermite_Photo-8x12.jpg 8w, https:\/\/editionslightmotiv.com\/wp-content\/uploads\/2026\/02\/Lermite_Photo-900x1350.jpg 900w, https:\/\/editionslightmotiv.com\/wp-content\/uploads\/2026\/02\/Lermite_Photo.jpg 977w\" sizes=\"auto, (max-width: 359px) 100vw, 359px\" \/><br \/><span style=\"font-size: 75%;\">\u00a9 Delphine Lermite<\/span><\/p>\n<p style=\"text-align: center;\"><strong><span style=\"font-size: 170%; color: #282828;\">Delphine Lermite<\/span><br \/><\/strong><\/p>\n<p style=\"text-align: center;\">Delphine Lermite transcrit l&rsquo;action en cours, une construction, un processus cr\u00e9atif ou un mouvement. Son \u00e9criture photographique tente de capter la fa\u00e7on \u00e9trange dont le temps, l&rsquo;espace et le mouvement s&rsquo;imbriquent parfois ensemble.<\/p>\n<p style=\"text-align: center;\">Delphine s&rsquo;est sp\u00e9cialis\u00e9e dans la photo d&rsquo;architecture. Son travail d\u00e9voile les lieux et les actions sous un jour nouveau. Elle incarne un regard qui revitalise un d\u00e9cor que l&rsquo;on croyait banal, oubli\u00e9, o\u00f9 tout simplement que l&rsquo;on n&rsquo;avait pas encore d\u00e9couvert. Les s\u00e9ries qu&rsquo;elle propose t\u00e9moignent d&rsquo;un grand sens de l&rsquo;observation. \u00ab Le monde n&rsquo;existe pas tant qu&rsquo;on ne l&rsquo;interpr\u00e8te pas \u00bb.<\/p>\n<p style=\"text-align: center;\">Son site internet : <a href=\"http:\/\/delphinelermite.com\/\" target=\"_blank\" rel=\"noopener\">http:\/\/delphinelermite.com\/<\/a><\/p>\n<p style=\"text-align: center;\">Son Instagram : https:\/\/www.instagram.com\/delphine_lermite\/?hl=fr<\/p>\n<h2 style=\"text-align: center;\">Ses livres aux Editions Light Motiv<\/h2>\n\t\n  \n    <div class=\"row large-columns-6 medium-columns-3 small-columns-2 row-small slider row-slider slider-nav-simple slider-nav-push\"  data-flickity-options='{&quot;imagesLoaded&quot;: true, &quot;groupCells&quot;: &quot;100%&quot;, &quot;dragThreshold&quot; : 5, &quot;cellAlign&quot;: &quot;left&quot;,&quot;wrapAround&quot;: true,&quot;prevNextButtons&quot;: true,&quot;percentPosition&quot;: true,&quot;pageDots&quot;: false, &quot;rightToLeft&quot;: false, &quot;autoPlay&quot; : false}' >\n\n  \n\t     <div class=\"product-small col has-hover out-of-stock product type-product post-82 status-publish first outofstock product_cat-livre product_tag-city product_tag-delphine-lermite product_tag-eric-le-brun product_tag-hauts-de-france product_tag-herve-leroy product_tag-jean-pierre-duplan product_tag-livre-photo product_tag-livre-photographique product_tag-nord product_tag-north product_tag-passages-en-ville product_tag-photobook product_tag-saint-amand-les-eaux product_tag-town product_tag-ville has-post-thumbnail shipping-taxable purchasable product-type-simple\">\n\t<div class=\"col-inner\">\n\t\n<div class=\"badge-container absolute left top z-1\">\n\n<\/div>\n\t<div class=\"product-small box\">\n\t\t<div class=\"box-image\">\n\t\t\t<div class=\"image-zoom-fade\">\n\t\t\t\t<a href=\"https:\/\/editionslightmotiv.com\/en\/product\/saint-amand-les-eaux-lelan-des-reves\/\">\n\t\t\t\t\t<img loading=\"lazy\" decoding=\"async\" width=\"600\" height=\"720\" src=\"https:\/\/editionslightmotiv.com\/wp-content\/uploads\/2018\/08\/stamand_site-600x720.jpg\" class=\"attachment-woocommerce_thumbnail size-woocommerce_thumbnail\" alt=\"SAINT-AMAND, l&#039;\u00e9lan des r\u00eaves\" \/>\t\t\t\t<\/a>\n\t\t\t<\/div>\n\t\t\t<div class=\"image-tools is-small top right show-on-hover\">\n\t\t\t\t\t\t\t<\/div>\n\t\t\t<div class=\"image-tools is-small hide-for-small bottom left show-on-hover\">\n\t\t\t\t\t\t\t<\/div>\n\t\t\t<div class=\"image-tools grid-tools text-center hide-for-small bottom hover-slide-in show-on-hover\">\n\t\t\t\t<a href=\"https:\/\/editionslightmotiv.com\/en\/product\/saint-amand-les-eaux-lelan-des-reves\/\" aria-describedby=\"woocommerce_loop_add_to_cart_link_describedby_82\" data-quantity=\"1\" class=\"add-to-cart-grid no-padding is-transparent product_type_simple\" data-product_id=\"82\" data-product_sku=\"\" aria-label=\"Read more about \u201cSAINT-AMAND, l&#039;\u00e9lan des r\u00eaves\u201d\" rel=\"nofollow\" data-success_message=\"\" data-no-translation-aria-label=\"\"><div class=\"cart-icon tooltip is-small\" title=\"Read more\" data-no-translation-title=\"\"><strong>+<\/strong><\/div><\/a>\t<span id=\"woocommerce_loop_add_to_cart_link_describedby_82\" class=\"screen-reader-text\">\n\t\t\t<\/span>\n<a href=\"#quick-view\" class=\"quick-view\" role=\"button\" data-prod=\"82\" aria-haspopup=\"dialog\" aria-expanded=\"false\" data-flatsome-role-button>Quick View<\/a>\t\t\t<\/div>\n\t\t\t<div class=\"out-of-stock-label\" data-no-translation=\"\" data-trp-gettext=\"\">OUT OF STOCK<\/div>\t\t<\/div>\n\n\t\t<div class=\"box-text box-text-products text-center grid-style-2\">\n\t\t\t<div class=\"title-wrapper\"><p class=\"name product-title woocommerce-loop-product__title\"><a href=\"https:\/\/editionslightmotiv.com\/en\/product\/saint-amand-les-eaux-lelan-des-reves\/\" class=\"woocommerce-LoopProduct-link woocommerce-loop-product__link\">SAINT-AMAND, l&rsquo;\u00e9lan des r\u00eaves<\/a><\/p><\/div><div class=\"price-wrapper\">\n\t<span class=\"price\"><span class=\"woocommerce-Price-amount amount\"><bdi>32,00<span class=\"woocommerce-Price-currencySymbol\">&euro;<\/span><\/bdi><\/span><\/span>\n<\/div>\t\t<\/div>\n\t<\/div>\n\t\t<\/div>\n<\/div><\/div>","protected":false},"excerpt":{"rendered":"","protected":false},"author":1,"featured_media":0,"parent":43,"menu_order":0,"comment_status":"closed","ping_status":"closed","template":"","meta":{"footnotes":""},"class_list":["post-945","page","type-page","status-publish","hentry"],"_links":{"self":[{"href":"https:\/\/editionslightmotiv.com\/en\/wp-json\/wp\/v2\/pages\/945","targetHints":{"allow":["GET"]}}],"collection":[{"href":"https:\/\/editionslightmotiv.com\/en\/wp-json\/wp\/v2\/pages"}],"about":[{"href":"https:\/\/editionslightmotiv.com\/en\/wp-json\/wp\/v2\/types\/page"}],"author":[{"embeddable":true,"href":"https:\/\/editionslightmotiv.com\/en\/wp-json\/wp\/v2\/users\/1"}],"replies":[{"embeddable":true,"href":"https:\/\/editionslightmotiv.com\/en\/wp-json\/wp\/v2\/comments?post=945"}],"version-history":[{"count":8,"href":"https:\/\/editionslightmotiv.com\/en\/wp-json\/wp\/v2\/pages\/945\/revisions"}],"predecessor-version":[{"id":5296,"href":"https:\/\/editionslightmotiv.com\/en\/wp-json\/wp\/v2\/pages\/945\/revisions\/5296"}],"up":[{"embeddable":true,"href":"https:\/\/editionslightmotiv.com\/en\/wp-json\/wp\/v2\/pages\/43"}],"wp:attachment":[{"href":"https:\/\/editionslightmotiv.com\/en\/wp-json\/wp\/v2\/media?parent=945"}],"curies":[{"name":"wp","href":"https:\/\/api.w.org\/{rel}","templated":true}]}}