{"id":932,"date":"2018-08-24T14:25:41","date_gmt":"2018-08-24T14:25:41","guid":{"rendered":"http:\/\/editionslightmotiv.com\/?page_id=932"},"modified":"2026-02-10T16:44:21","modified_gmt":"2026-02-10T15:44:21","slug":"anouar_benmalek","status":"publish","type":"page","link":"https:\/\/editionslightmotiv.com\/en\/auteurs-photographes\/anouar_benmalek\/","title":{"rendered":"Anouar Benmalek"},"content":{"rendered":"<a href=\"https:\/\/editionslightmotiv.com\/en\/auteurs-photographes\/\" class=\"button primary is-link\" >\n\t\t<span>Back<\/span>\n\t<\/a>\n\n\n<p style=\"text-align: center;\"><img loading=\"lazy\" decoding=\"async\" class=\"size-large wp-image-4567 aligncenter\" src=\"https:\/\/editionslightmotiv.com\/wp-content\/uploads\/2025\/02\/anouar03-533x800.jpg\" alt=\"\" width=\"533\" height=\"800\" srcset=\"https:\/\/editionslightmotiv.com\/wp-content\/uploads\/2025\/02\/anouar03-533x800.jpg 533w, https:\/\/editionslightmotiv.com\/wp-content\/uploads\/2025\/02\/anouar03-267x400.jpg 267w, https:\/\/editionslightmotiv.com\/wp-content\/uploads\/2025\/02\/anouar03-768x1152.jpg 768w, https:\/\/editionslightmotiv.com\/wp-content\/uploads\/2025\/02\/anouar03-1024x1536.jpg 1024w, https:\/\/editionslightmotiv.com\/wp-content\/uploads\/2025\/02\/anouar03-1365x2048.jpg 1365w, https:\/\/editionslightmotiv.com\/wp-content\/uploads\/2025\/02\/anouar03-8x12.jpg 8w, https:\/\/editionslightmotiv.com\/wp-content\/uploads\/2025\/02\/anouar03-900x1350.jpg 900w, https:\/\/editionslightmotiv.com\/wp-content\/uploads\/2025\/02\/anouar03-scaled.jpg 1707w\" sizes=\"auto, (max-width: 533px) 100vw, 533px\" \/><span style=\"font-size: 75%;\">\u00a9 Eric Le Brun<\/span><\/p>\n<p style=\"text-align: center;\"><span style=\"color: #282828; font-size: 170%;\"><strong>Anouar Benmalek<br \/><\/strong><\/span>Anouar Benmalek est \u00e9crivain et po\u00e8te alg\u00e9rien d&rsquo;expression fran\u00e7aise. Ses romans et r\u00e9cits sont traduits dans plus de dix langues. Il a obtenu de nombreux prix litt\u00e9raires, en particulier pour <em>Les amants d\u00e9sunis<\/em> (Ed. Calmann-L\u00e9vy, 1998) et <em>L&rsquo;enfant du peuple ancien<\/em> (Ed. Pauvert, 2000). Il signe amicalement la pr\u00e9face d&rsquo;<em>Un lion derri\u00e8re la vitre<\/em> et confie quelques po\u00e8mes \u00e0 Emmanuelle Bunel qui figurent dans le CD joint \u00e0 ce livre.<\/p>\n\t\n  \n    <div class=\"row large-columns-6 medium-columns-3 small-columns-2 row-small slider row-slider slider-nav-simple slider-nav-push\"  data-flickity-options='{&quot;imagesLoaded&quot;: true, &quot;groupCells&quot;: &quot;100%&quot;, &quot;dragThreshold&quot; : 5, &quot;cellAlign&quot;: &quot;left&quot;,&quot;wrapAround&quot;: true,&quot;prevNextButtons&quot;: true,&quot;percentPosition&quot;: true,&quot;pageDots&quot;: false, &quot;rightToLeft&quot;: false, &quot;autoPlay&quot; : false}' >\n\n  \n\t     <div class=\"product-small col has-hover product type-product post-462 status-publish first instock product_cat-livre product_tag-anouar-benmalek product_tag-chants product_tag-documentary-photography product_tag-emmanuelle-bunel product_tag-eric-le-brun product_tag-livre-photographique product_tag-mediterranean product_tag-mediterranee product_tag-photobook product_tag-photographie-documentaire product_tag-travel product_tag-voyage has-post-thumbnail shipping-taxable purchasable product-type-simple\">\n\t<div class=\"col-inner\">\n\t\n<div class=\"badge-container absolute left top z-1\">\n\n<\/div>\n\t<div class=\"product-small box\">\n\t\t<div class=\"box-image\">\n\t\t\t<div class=\"image-zoom-fade\">\n\t\t\t\t<a href=\"https:\/\/editionslightmotiv.com\/en\/product\/un-lion-derriere-la-vitre-livre-seul\/\">\n\t\t\t\t\t<img loading=\"lazy\" decoding=\"async\" width=\"600\" height=\"720\" src=\"https:\/\/editionslightmotiv.com\/wp-content\/uploads\/2018\/08\/lion_site-600x720.jpg\" class=\"attachment-woocommerce_thumbnail size-woocommerce_thumbnail\" alt=\"Visuel de couverture du livre UN LION DERRI\u00c8RE LA VITRE avec les photographies et textes d&#039;Eric Le Brun et une pr\u00e9face d&#039;Anouar Ben Malek, paru en 2013. Sur 6 villes de la M\u00e9diterran\u00e9e et leur culture, en noir et blanc.\" \/>\t\t\t\t<\/a>\n\t\t\t<\/div>\n\t\t\t<div class=\"image-tools is-small top right show-on-hover\">\n\t\t\t\t\t\t\t<\/div>\n\t\t\t<div class=\"image-tools is-small hide-for-small bottom left show-on-hover\">\n\t\t\t\t\t\t\t<\/div>\n\t\t\t<div class=\"image-tools grid-tools text-center hide-for-small bottom hover-slide-in show-on-hover\">\n\t\t\t\t<a href=\"\/en\/wp-json\/wp\/v2\/pages\/932?add-to-cart=462\" aria-describedby=\"woocommerce_loop_add_to_cart_link_describedby_462\" data-quantity=\"1\" class=\"add-to-cart-grid no-padding is-transparent product_type_simple add_to_cart_button ajax_add_to_cart\" data-product_id=\"462\" data-product_sku=\"\" aria-label=\"Add to basket: \u201cUN LION DERRI\u00c8RE LA VITRE\u201d\" rel=\"nofollow\" data-success_message=\"\u201cUN LION DERRI\u00c8RE LA VITRE\u201d has been added to your cart\" role=\"button\" data-no-translation-aria-label=\"\" data-no-translation-data-success_message=\"\"><div class=\"cart-icon tooltip is-small\" title=\"Add to cart\" data-no-translation-title=\"\"><strong>+<\/strong><\/div><\/a>\t<span id=\"woocommerce_loop_add_to_cart_link_describedby_462\" class=\"screen-reader-text\">\n\t\t\t<\/span>\n<a href=\"#quick-view\" class=\"quick-view\" role=\"button\" data-prod=\"462\" aria-haspopup=\"dialog\" aria-expanded=\"false\" data-flatsome-role-button>Quick View<\/a>\t\t\t<\/div>\n\t\t\t\t\t<\/div>\n\n\t\t<div class=\"box-text box-text-products text-center grid-style-2\">\n\t\t\t<div class=\"title-wrapper\"><p class=\"name product-title woocommerce-loop-product__title\"><a href=\"https:\/\/editionslightmotiv.com\/en\/product\/un-lion-derriere-la-vitre-livre-seul\/\" class=\"woocommerce-LoopProduct-link woocommerce-loop-product__link\">UN LION DERRI\u00c8RE LA VITRE<\/a><\/p><\/div><div class=\"price-wrapper\">\n\t<span class=\"price\"><span class=\"woocommerce-Price-amount amount\"><bdi>38,00<span class=\"woocommerce-Price-currencySymbol\">&euro;<\/span><\/bdi><\/span><\/span>\n<\/div>\t\t<\/div>\n\t<\/div>\n\t\t<\/div>\n<\/div><div class=\"product-small col has-hover product type-product post-50 status-publish instock product_cat-livre-avec-tirage product_tag-anouar-benmalek product_tag-chants product_tag-documentary-photography product_tag-emmanuelle-bunel product_tag-eric-le-brun product_tag-livre-photographique product_tag-mediterranean product_tag-mediterranee product_tag-photobook product_tag-photographie-documentaire product_tag-print product_tag-tirage product_tag-travel product_tag-voyage has-post-thumbnail shipping-taxable purchasable product-type-simple\">\n\t<div class=\"col-inner\">\n\t\n<div class=\"badge-container absolute left top z-1\">\n\n<\/div>\n\t<div class=\"product-small box\">\n\t\t<div class=\"box-image\">\n\t\t\t<div class=\"image-zoom-fade\">\n\t\t\t\t<a href=\"https:\/\/editionslightmotiv.com\/en\/product\/un-lion-derriere-la-vitre-avec-tirage\/\">\n\t\t\t\t\t<img loading=\"lazy\" decoding=\"async\" width=\"600\" height=\"720\" src=\"https:\/\/editionslightmotiv.com\/wp-content\/uploads\/2018\/08\/lion_site-600x720.jpg\" class=\"attachment-woocommerce_thumbnail size-woocommerce_thumbnail\" alt=\"Visuel de couverture du livre UN LION DERRI\u00c8RE LA VITRE avec les photographies et textes d&#039;Eric Le Brun et une pr\u00e9face d&#039;Anouar Ben Malek, paru en 2013. Sur 6 villes de la M\u00e9diterran\u00e9e et leur culture, en noir et blanc.\" \/>\t\t\t\t<\/a>\n\t\t\t<\/div>\n\t\t\t<div class=\"image-tools is-small top right show-on-hover\">\n\t\t\t\t\t\t\t<\/div>\n\t\t\t<div class=\"image-tools is-small hide-for-small bottom left show-on-hover\">\n\t\t\t\t\t\t\t<\/div>\n\t\t\t<div class=\"image-tools grid-tools text-center hide-for-small bottom hover-slide-in show-on-hover\">\n\t\t\t\t<a href=\"\/en\/wp-json\/wp\/v2\/pages\/932?add-to-cart=50\" aria-describedby=\"woocommerce_loop_add_to_cart_link_describedby_50\" data-quantity=\"1\" class=\"add-to-cart-grid no-padding is-transparent product_type_simple add_to_cart_button ajax_add_to_cart\" data-product_id=\"50\" data-product_sku=\"\" aria-label=\"Add to basket: \u201cUn lion derri\u00e8re la vitre - Livre avec tirage\u201d\" rel=\"nofollow\" data-success_message=\"\u201cUn lion derri\u00e8re la vitre - Livre avec tirage\u201d has been added to your cart\" role=\"button\" data-no-translation-aria-label=\"\" data-no-translation-data-success_message=\"\"><div class=\"cart-icon tooltip is-small\" title=\"Add to cart\" data-no-translation-title=\"\"><strong>+<\/strong><\/div><\/a>\t<span id=\"woocommerce_loop_add_to_cart_link_describedby_50\" class=\"screen-reader-text\">\n\t\t\t<\/span>\n<a href=\"#quick-view\" class=\"quick-view\" role=\"button\" data-prod=\"50\" aria-haspopup=\"dialog\" aria-expanded=\"false\" data-flatsome-role-button>Quick View<\/a>\t\t\t<\/div>\n\t\t\t\t\t<\/div>\n\n\t\t<div class=\"box-text box-text-products text-center grid-style-2\">\n\t\t\t<div class=\"title-wrapper\"><p class=\"name product-title woocommerce-loop-product__title\"><a href=\"https:\/\/editionslightmotiv.com\/en\/product\/un-lion-derriere-la-vitre-avec-tirage\/\" class=\"woocommerce-LoopProduct-link woocommerce-loop-product__link\">Un lion derri\u00e8re la vitre &#8211; Livre avec tirage<\/a><\/p><\/div><div class=\"price-wrapper\">\n\t<span class=\"price\"><span class=\"woocommerce-Price-amount amount\"><bdi>90,00<span class=\"woocommerce-Price-currencySymbol\">&euro;<\/span><\/bdi><\/span><\/span>\n<\/div>\t\t<\/div>\n\t<\/div>\n\t\t<\/div>\n<\/div><\/div>","protected":false},"excerpt":{"rendered":"","protected":false},"author":1,"featured_media":0,"parent":43,"menu_order":0,"comment_status":"closed","ping_status":"closed","template":"","meta":{"footnotes":""},"class_list":["post-932","page","type-page","status-publish","hentry"],"_links":{"self":[{"href":"https:\/\/editionslightmotiv.com\/en\/wp-json\/wp\/v2\/pages\/932","targetHints":{"allow":["GET"]}}],"collection":[{"href":"https:\/\/editionslightmotiv.com\/en\/wp-json\/wp\/v2\/pages"}],"about":[{"href":"https:\/\/editionslightmotiv.com\/en\/wp-json\/wp\/v2\/types\/page"}],"author":[{"embeddable":true,"href":"https:\/\/editionslightmotiv.com\/en\/wp-json\/wp\/v2\/users\/1"}],"replies":[{"embeddable":true,"href":"https:\/\/editionslightmotiv.com\/en\/wp-json\/wp\/v2\/comments?post=932"}],"version-history":[{"count":6,"href":"https:\/\/editionslightmotiv.com\/en\/wp-json\/wp\/v2\/pages\/932\/revisions"}],"predecessor-version":[{"id":5201,"href":"https:\/\/editionslightmotiv.com\/en\/wp-json\/wp\/v2\/pages\/932\/revisions\/5201"}],"up":[{"embeddable":true,"href":"https:\/\/editionslightmotiv.com\/en\/wp-json\/wp\/v2\/pages\/43"}],"wp:attachment":[{"href":"https:\/\/editionslightmotiv.com\/en\/wp-json\/wp\/v2\/media?parent=932"}],"curies":[{"name":"wp","href":"https:\/\/api.w.org\/{rel}","templated":true}]}}