{"id":925,"date":"2018-08-24T14:21:26","date_gmt":"2018-08-24T14:21:26","guid":{"rendered":"http:\/\/editionslightmotiv.com\/?page_id=925"},"modified":"2026-02-10T17:03:10","modified_gmt":"2026-02-10T16:03:10","slug":"sandrine_cnudde","status":"publish","type":"page","link":"https:\/\/editionslightmotiv.com\/en\/auteurs-photographes\/sandrine_cnudde\/","title":{"rendered":"Sandrine Cnudde"},"content":{"rendered":"<a href=\"https:\/\/editionslightmotiv.com\/en\/auteurs-photographes\/\" class=\"button primary is-link\" >\n\t\t<span>Back<\/span>\n\t<\/a>\n\n\n<p style=\"text-align: center;\"><img loading=\"lazy\" decoding=\"async\" class=\"aligncenter wp-image-4535 size-medium\" src=\"https:\/\/editionslightmotiv.com\/wp-content\/uploads\/2025\/02\/Portrait_SandrineCnudde-400x400.jpg\" alt=\"Portrait de Sandrine Cnudde (par Mike Schuijt), photographe et po\u00e9tesse du livre DANS LA GUEULE DU CIEL publi\u00e9 aux Editions Light Motiv\" width=\"400\" height=\"400\" srcset=\"https:\/\/editionslightmotiv.com\/wp-content\/uploads\/2025\/02\/Portrait_SandrineCnudde-400x400.jpg 400w, https:\/\/editionslightmotiv.com\/wp-content\/uploads\/2025\/02\/Portrait_SandrineCnudde-280x280.jpg 280w, https:\/\/editionslightmotiv.com\/wp-content\/uploads\/2025\/02\/Portrait_SandrineCnudde-12x12.jpg 12w, https:\/\/editionslightmotiv.com\/wp-content\/uploads\/2025\/02\/Portrait_SandrineCnudde-100x100.jpg 100w, https:\/\/editionslightmotiv.com\/wp-content\/uploads\/2025\/02\/Portrait_SandrineCnudde.jpg 705w\" sizes=\"auto, (max-width: 400px) 100vw, 400px\" \/><em><span style=\"font-size: 75%;\">\u00a9 Mike Schuijt<\/span><\/em><\/p>\n<p style=\"text-align: center;\"><span style=\"font-size: 170%; color: #282828;\"><strong>Sandrine Cnudde<\/strong><\/span><\/p>\n<p style=\"text-align: center;\">Sandrine Cnudde est\u00a0<strong>randonneuse, po\u00e8te et photographe<\/strong>. Elle vit \u00e0 Uz\u00e8s.<br \/>Depuis 2006 elle exprime sa nature nomade en partant seule et \u00e0 pied en Ecosse, aux Pays-Bas, en Norv\u00e8ge ou encore au Groenland, passant par la Corr\u00e8ze, la Loz\u00e8re et les Pyr\u00e9n\u00e9es. Les hautes latitudes et l\u2019altitude l\u2019attirent. Chaque voyage est motiv\u00e9 par un questionnement et un lieu.<br \/>Son \u00e9criture, bas\u00e9e sur la liaison homme\/paysage\/animal, retrace la vision d\u2019un monde en mouvement et ouvre sur le voyage int\u00e9rieur.<br \/>Elle participe \u00e0 de nombreuses lectures publiques, ajoutant une dimension sonore \u00e0 son travail.<\/p>\n<p style=\"text-align: center;\">Elle est la fondatrice de la \u00ab\u00a0revue mol\u00e9culaire qui m\u00e9lange photographie et po\u00e9sie\u00a0\u00bb, <a href=\"https:\/\/revue-vinaigrette.blogspot.com\/p\/la-revue.html\" target=\"_blank\" rel=\"noopener\">Vinaigrette<\/a>, qui demande \u00e0 des photographes de composer des po\u00e8mes \u00e0 partir d&rsquo;une de leurs images, et aux po\u00e8tes.ses de prendre une photographie \u00e0 partir d&rsquo;un de leurs textes. La revue est bimestrielle, envoy\u00e9e par la poste (abonnement \u00e0 l&rsquo;ann\u00e9e).<\/p>\n<p style=\"text-align: center;\"><strong>Autres publications :<\/strong><\/p>\n<p style=\"text-align: center;\"><em>Habiter l&rsquo;aube<\/em> (Tarabuste editions, 2016)<\/p>\n<p style=\"text-align: center;\"><em>Patience des fauves<\/em> (Er\u00e8s, 2017)<\/p>\n<p style=\"text-align: center;\"><em>La constellation de la sandale<\/em> (Lanskine editions, 2023)<\/p>\n<p style=\"text-align: center;\">Son Instagram : <a href=\"https:\/\/www.instagram.com\/sandrinecnudde\/\" target=\"_blank\" rel=\"noopener\">https:\/\/www.instagram.com\/sandrinecnudde\/<\/a><\/p>\n<h2 style=\"text-align: center;\">Ses livres aux Editions Light Motiv<\/h2>\n\t\n  \n    <div class=\"row large-columns-6 medium-columns-3 small-columns-2 row-small slider row-slider slider-nav-simple slider-nav-push\"  data-flickity-options='{&quot;imagesLoaded&quot;: true, &quot;groupCells&quot;: &quot;100%&quot;, &quot;dragThreshold&quot; : 5, &quot;cellAlign&quot;: &quot;left&quot;,&quot;wrapAround&quot;: true,&quot;prevNextButtons&quot;: true,&quot;percentPosition&quot;: true,&quot;pageDots&quot;: false, &quot;rightToLeft&quot;: false, &quot;autoPlay&quot; : false}' >\n\n  \n\t     <div class=\"product-small col has-hover product type-product post-540 status-publish first instock product_cat-livre product_tag-ammassalik product_tag-groenland product_tag-inuit product_tag-livre-photographique product_tag-photobook product_tag-poesie product_tag-poetry product_tag-randonnee product_tag-sandrine-cnudde product_tag-tasiilaq has-post-thumbnail shipping-taxable purchasable product-type-simple\">\n\t<div class=\"col-inner\">\n\t\n<div class=\"badge-container absolute left top z-1\">\n\n<\/div>\n\t<div class=\"product-small box\">\n\t\t<div class=\"box-image\">\n\t\t\t<div class=\"image-zoom-fade\">\n\t\t\t\t<a href=\"https:\/\/editionslightmotiv.com\/en\/product\/dans-la-gueule-du-ciel\/\">\n\t\t\t\t\t<img loading=\"lazy\" decoding=\"async\" width=\"600\" height=\"720\" src=\"https:\/\/editionslightmotiv.com\/wp-content\/uploads\/2018\/08\/dgdc_site-600x720.jpg\" class=\"attachment-woocommerce_thumbnail size-woocommerce_thumbnail\" alt=\"Couverture du livre photographique et po\u00e9tique DANS LA GUEULE DU CIEL de Sandrine Cnudde paru aux Editions Light Motiv en 2018\" \/>\t\t\t\t<\/a>\n\t\t\t<\/div>\n\t\t\t<div class=\"image-tools is-small top right show-on-hover\">\n\t\t\t\t\t\t\t<\/div>\n\t\t\t<div class=\"image-tools is-small hide-for-small bottom left show-on-hover\">\n\t\t\t\t\t\t\t<\/div>\n\t\t\t<div class=\"image-tools grid-tools text-center hide-for-small bottom hover-slide-in show-on-hover\">\n\t\t\t\t<a href=\"\/en\/wp-json\/wp\/v2\/pages\/925?add-to-cart=540\" aria-describedby=\"woocommerce_loop_add_to_cart_link_describedby_540\" data-quantity=\"1\" class=\"add-to-cart-grid no-padding is-transparent product_type_simple add_to_cart_button ajax_add_to_cart\" data-product_id=\"540\" data-product_sku=\"\" aria-label=\"Add to basket: \u201cDANS LA GUEULE DU CIEL\u201d\" rel=\"nofollow\" data-success_message=\"\u201cDANS LA GUEULE DU CIEL\u201d has been added to your cart\" role=\"button\" data-no-translation-aria-label=\"\" data-no-translation-data-success_message=\"\"><div class=\"cart-icon tooltip is-small\" title=\"Add to cart\" data-no-translation-title=\"\"><strong>+<\/strong><\/div><\/a>\t<span id=\"woocommerce_loop_add_to_cart_link_describedby_540\" class=\"screen-reader-text\">\n\t\t\t<\/span>\n<a href=\"#quick-view\" class=\"quick-view\" role=\"button\" data-prod=\"540\" aria-haspopup=\"dialog\" aria-expanded=\"false\" data-flatsome-role-button>Quick View<\/a>\t\t\t<\/div>\n\t\t\t\t\t<\/div>\n\n\t\t<div class=\"box-text box-text-products text-center grid-style-2\">\n\t\t\t<div class=\"title-wrapper\"><p class=\"name product-title woocommerce-loop-product__title\"><a href=\"https:\/\/editionslightmotiv.com\/en\/product\/dans-la-gueule-du-ciel\/\" class=\"woocommerce-LoopProduct-link woocommerce-loop-product__link\">DANS LA GUEULE DU CIEL<\/a><\/p><\/div><div class=\"price-wrapper\">\n\t<span class=\"price\"><span class=\"woocommerce-Price-amount amount\"><bdi>32,00<span class=\"woocommerce-Price-currencySymbol\">&euro;<\/span><\/bdi><\/span><\/span>\n<\/div>\t\t<\/div>\n\t<\/div>\n\t\t<\/div>\n<\/div><\/div>","protected":false},"excerpt":{"rendered":"","protected":false},"author":1,"featured_media":0,"parent":43,"menu_order":0,"comment_status":"closed","ping_status":"closed","template":"","meta":{"footnotes":""},"class_list":["post-925","page","type-page","status-publish","hentry"],"_links":{"self":[{"href":"https:\/\/editionslightmotiv.com\/en\/wp-json\/wp\/v2\/pages\/925","targetHints":{"allow":["GET"]}}],"collection":[{"href":"https:\/\/editionslightmotiv.com\/en\/wp-json\/wp\/v2\/pages"}],"about":[{"href":"https:\/\/editionslightmotiv.com\/en\/wp-json\/wp\/v2\/types\/page"}],"author":[{"embeddable":true,"href":"https:\/\/editionslightmotiv.com\/en\/wp-json\/wp\/v2\/users\/1"}],"replies":[{"embeddable":true,"href":"https:\/\/editionslightmotiv.com\/en\/wp-json\/wp\/v2\/comments?post=925"}],"version-history":[{"count":9,"href":"https:\/\/editionslightmotiv.com\/en\/wp-json\/wp\/v2\/pages\/925\/revisions"}],"predecessor-version":[{"id":5208,"href":"https:\/\/editionslightmotiv.com\/en\/wp-json\/wp\/v2\/pages\/925\/revisions\/5208"}],"up":[{"embeddable":true,"href":"https:\/\/editionslightmotiv.com\/en\/wp-json\/wp\/v2\/pages\/43"}],"wp:attachment":[{"href":"https:\/\/editionslightmotiv.com\/en\/wp-json\/wp\/v2\/media?parent=925"}],"curies":[{"name":"wp","href":"https:\/\/api.w.org\/{rel}","templated":true}]}}