{"id":921,"date":"2018-08-24T14:20:01","date_gmt":"2018-08-24T14:20:01","guid":{"rendered":"http:\/\/editionslightmotiv.com\/?page_id=921"},"modified":"2026-02-13T09:49:01","modified_gmt":"2026-02-13T08:49:01","slug":"dominique_fabre","status":"publish","type":"page","link":"https:\/\/editionslightmotiv.com\/en\/auteurs-photographes\/dominique_fabre\/","title":{"rendered":"Dominique Fabre"},"content":{"rendered":"<a href=\"https:\/\/editionslightmotiv.com\/en\/auteurs-photographes\/\" class=\"button primary is-link\" >\n\t\t<span>Back<\/span>\n\t<\/a>\n\n\n<p style=\"text-align: center;\"><img loading=\"lazy\" decoding=\"async\" class=\"alignnone  wp-image-5335\" src=\"https:\/\/editionslightmotiv.com\/wp-content\/uploads\/2026\/02\/dominique-fabre_non-DR.jpg\" alt=\"\" width=\"484\" height=\"322\" srcset=\"https:\/\/editionslightmotiv.com\/wp-content\/uploads\/2026\/02\/dominique-fabre_non-DR.jpg 1024w, https:\/\/editionslightmotiv.com\/wp-content\/uploads\/2026\/02\/dominique-fabre_non-DR-280x187.jpg 280w, https:\/\/editionslightmotiv.com\/wp-content\/uploads\/2026\/02\/dominique-fabre_non-DR-768x512.jpg 768w, https:\/\/editionslightmotiv.com\/wp-content\/uploads\/2026\/02\/dominique-fabre_non-DR-18x12.jpg 18w, https:\/\/editionslightmotiv.com\/wp-content\/uploads\/2026\/02\/dominique-fabre_non-DR-900x600.jpg 900w\" sizes=\"auto, (max-width: 484px) 100vw, 484px\" \/><\/p>\n<p style=\"text-align: center;\"><span style=\"font-size: 75%;\">\u00a9 Julien Falsimagne<\/span><\/p>\n<p style=\"text-align: center;\"><span style=\"color: #282828; font-size: 170%;\"><strong>Dominique Fabre<\/strong><\/span><\/p>\n<p style=\"text-align: center;\">N\u00e9 en 1960 \u00e0 Paris. Son premier ouvrage est \u00e9dit\u00e9 par Maurice Nadeau, <em>Moi aussi un jour j\u2019irai loin<\/em> (1998). Dominique Fabre s\u2019int\u00e9resse particuli\u00e8rement aux h\u00e9ros anonymes, aux gens du quotidien, qu\u2019il place au coeur de ses ouvrages.<\/p>\n<p style=\"text-align: center;\">En 2015, il a re\u00e7u le <strong>Prix de l&rsquo;Acad\u00e9mie fran\u00e7aise Maurice Genevoix<\/strong> pour l&rsquo;inspiration de son oeuvre. Il a publi\u00e9 une vingtaine de romans et nouvelles, notamment :<\/p>\n<p style=\"text-align: center;\"><em>Les Soir\u00e9es chez Mathilde<\/em> (L\u2019Olivier, 2017),<\/p>\n<p style=\"text-align: center;\"><em>Photos vol\u00e9es<\/em> (L\u2019Olivier, 2014) : s\u00e9lectionn\u00e9 pour le Prix Renaudot<\/p>\n<p style=\"text-align: center;\"><em>J&rsquo;aimerais revoir Callaghan<\/em> (Fayard, 2010) : Prix Printemps du roman<\/p>\n\t\n  \n    <div class=\"row large-columns-6 medium-columns-3 small-columns-2 row-small slider row-slider slider-nav-simple slider-nav-push\"  data-flickity-options='{&quot;imagesLoaded&quot;: true, &quot;groupCells&quot;: &quot;100%&quot;, &quot;dragThreshold&quot; : 5, &quot;cellAlign&quot;: &quot;left&quot;,&quot;wrapAround&quot;: true,&quot;prevNextButtons&quot;: true,&quot;percentPosition&quot;: true,&quot;pageDots&quot;: false, &quot;rightToLeft&quot;: false, &quot;autoPlay&quot; : false}' >\n\n  \n\t     <div class=\"product-small col has-hover product type-product post-538 status-publish first instock product_cat-livre product_tag-charles-delcourt product_tag-documentary-photography product_tag-dominique-fabre product_tag-livre-photographique product_tag-paris product_tag-petite-ceinture product_tag-photobook product_tag-photographie-documentaire product_tag-train has-post-thumbnail shipping-taxable purchasable product-type-simple\">\n\t<div class=\"col-inner\">\n\t\n<div class=\"badge-container absolute left top z-1\">\n\n<\/div>\n\t<div class=\"product-small box\">\n\t\t<div class=\"box-image\">\n\t\t\t<div class=\"image-zoom-fade\">\n\t\t\t\t<a href=\"https:\/\/editionslightmotiv.com\/en\/product\/le-grand-detour-charles-delcourt\/\">\n\t\t\t\t\t<img loading=\"lazy\" decoding=\"async\" width=\"600\" height=\"720\" src=\"https:\/\/editionslightmotiv.com\/wp-content\/uploads\/2018\/08\/detour_site-scaled-600x720.jpg\" class=\"attachment-woocommerce_thumbnail size-woocommerce_thumbnail\" alt=\"LE GRAND D\u00c9TOUR\" \/>\t\t\t\t<\/a>\n\t\t\t<\/div>\n\t\t\t<div class=\"image-tools is-small top right show-on-hover\">\n\t\t\t\t\t\t\t<\/div>\n\t\t\t<div class=\"image-tools is-small hide-for-small bottom left show-on-hover\">\n\t\t\t\t\t\t\t<\/div>\n\t\t\t<div class=\"image-tools grid-tools text-center hide-for-small bottom hover-slide-in show-on-hover\">\n\t\t\t\t<a href=\"\/en\/wp-json\/wp\/v2\/pages\/921?add-to-cart=538\" aria-describedby=\"woocommerce_loop_add_to_cart_link_describedby_538\" data-quantity=\"1\" class=\"add-to-cart-grid no-padding is-transparent product_type_simple add_to_cart_button ajax_add_to_cart\" data-product_id=\"538\" data-product_sku=\"\" aria-label=\"Add to basket: \u201cLE GRAND D\u00c9TOUR\u201d\" rel=\"nofollow\" data-success_message=\"\u201cLE GRAND D\u00c9TOUR\u201d has been added to your cart\" role=\"button\" data-no-translation-aria-label=\"\" data-no-translation-data-success_message=\"\"><div class=\"cart-icon tooltip is-small\" title=\"Add to cart\" data-no-translation-title=\"\"><strong>+<\/strong><\/div><\/a>\t<span id=\"woocommerce_loop_add_to_cart_link_describedby_538\" class=\"screen-reader-text\">\n\t\t\t<\/span>\n<a href=\"#quick-view\" class=\"quick-view\" role=\"button\" data-prod=\"538\" aria-haspopup=\"dialog\" aria-expanded=\"false\" data-flatsome-role-button>Quick View<\/a>\t\t\t<\/div>\n\t\t\t\t\t<\/div>\n\n\t\t<div class=\"box-text box-text-products text-center grid-style-2\">\n\t\t\t<div class=\"title-wrapper\"><p class=\"name product-title woocommerce-loop-product__title\"><a href=\"https:\/\/editionslightmotiv.com\/en\/product\/le-grand-detour-charles-delcourt\/\" class=\"woocommerce-LoopProduct-link woocommerce-loop-product__link\">LE GRAND D\u00c9TOUR<\/a><\/p><\/div><div class=\"price-wrapper\">\n\t<span class=\"price\"><span class=\"woocommerce-Price-amount amount\"><bdi>32,00<span class=\"woocommerce-Price-currencySymbol\">&euro;<\/span><\/bdi><\/span><\/span>\n<\/div>\t\t<\/div>\n\t<\/div>\n\t\t<\/div>\n<\/div><\/div>","protected":false},"excerpt":{"rendered":"","protected":false},"author":1,"featured_media":0,"parent":43,"menu_order":0,"comment_status":"closed","ping_status":"closed","template":"","meta":{"footnotes":""},"class_list":["post-921","page","type-page","status-publish","hentry"],"_links":{"self":[{"href":"https:\/\/editionslightmotiv.com\/en\/wp-json\/wp\/v2\/pages\/921","targetHints":{"allow":["GET"]}}],"collection":[{"href":"https:\/\/editionslightmotiv.com\/en\/wp-json\/wp\/v2\/pages"}],"about":[{"href":"https:\/\/editionslightmotiv.com\/en\/wp-json\/wp\/v2\/types\/page"}],"author":[{"embeddable":true,"href":"https:\/\/editionslightmotiv.com\/en\/wp-json\/wp\/v2\/users\/1"}],"replies":[{"embeddable":true,"href":"https:\/\/editionslightmotiv.com\/en\/wp-json\/wp\/v2\/comments?post=921"}],"version-history":[{"count":7,"href":"https:\/\/editionslightmotiv.com\/en\/wp-json\/wp\/v2\/pages\/921\/revisions"}],"predecessor-version":[{"id":5336,"href":"https:\/\/editionslightmotiv.com\/en\/wp-json\/wp\/v2\/pages\/921\/revisions\/5336"}],"up":[{"embeddable":true,"href":"https:\/\/editionslightmotiv.com\/en\/wp-json\/wp\/v2\/pages\/43"}],"wp:attachment":[{"href":"https:\/\/editionslightmotiv.com\/en\/wp-json\/wp\/v2\/media?parent=921"}],"curies":[{"name":"wp","href":"https:\/\/api.w.org\/{rel}","templated":true}]}}